{"id":10213,"date":"2021-08-07T08:54:38","date_gmt":"2021-08-07T06:54:38","guid":{"rendered":"https:\/\/agora-eoi.xtec.cat\/eoiolot\/?page_id=10213"},"modified":"2024-10-15T11:03:54","modified_gmt":"2024-10-15T09:03:54","slug":"altres-gratuitats","status":"publish","type":"page","link":"https:\/\/agora-eoi.xtec.cat\/eoiolot\/descomptes-i-gratuitats\/gratuitats\/altres-gratuitats\/","title":{"rendered":"ALTRES DESCOMPTES DEL 100%"},"content":{"rendered":"<p>A m\u00e9s de les bonificacions i exempcions generals que s\u2019apliquen a preus p\u00fablics i taxes, s\u2019estableix l\u2019<b>exempci\u00f3 del pagament<\/b> per les persones seg\u00fcents:<\/p>\n<ul>\n<li>v\u00edctimes del terrorisme (i els seus c\u00f2njuges i fills que en depenguin econ\u00f2micament);<\/li>\n<li>infants o adolescents en acolliment familiar;<\/li>\n<li>persones subjectes a mesures privatives de llibertat;<\/li>\n<li>membres de fam\u00edlies que perceben la renda m\u00ednima d&#8217;inserci\u00f3 o la renda activa d&#8217;inserci\u00f3 (<b>amb la Llei 14\/2017, del 20 de juliol, de renda garantida de ciutadania, la refer\u00e8ncia a la renda m\u00ednima d&#8217;inserci\u00f3 s\u2019ent\u00e9n substitu\u00efda per la renda garantida de ciutadania<\/b>). (<strong>taxes<\/strong>)<\/li>\n<li>membres d\u2019unitats familiars que percebin la renda m\u00ednima d\u2019inserci\u00f3, la renda activa d\u2019inserci\u00f3 o la renda garantida de ciutadania (<strong>preus p\u00fablics<\/strong>)<\/li>\n<li>aturats de llarga durada que percebin un subsidi equivalent a una renda m\u00ednima d\u2019inserci\u00f3 o la renda activa d\u2019inserci\u00f3 o la renda garantida de ciutadania (<strong>preus p\u00fablics<\/strong>)<\/li>\n<li>v\u00edctimes de viol\u00e8ncia de g\u00e8nere;<\/li>\n<li>menors tutelats o extutelats menors de 21 anys d\u2019edat. La condici\u00f3 de tutelat o extutelat s\u2019acredita mitjan\u00e7ant el certificat em\u00e8s per la Direcci\u00f3 General d\u2019Atenci\u00f3 a la Inf\u00e0ncia i l\u2019Adolesc\u00e8ncia o \u00f2rgan equivalent d\u2019altres comunitats aut\u00f2nomes.<\/li>\n<\/ul>\n<p>&nbsp;<\/p>\n","protected":false},"excerpt":{"rendered":"<p>A m\u00e9s de les bonificacions i exempcions generals que s\u2019apliquen a preus p\u00fablics i taxes, s\u2019estableix l\u2019exempci\u00f3 del pagament per [&hellip;]<\/p>\n","protected":false},"author":1,"featured_media":0,"parent":10074,"menu_order":6,"comment_status":"closed","ping_status":"closed","template":"page-templates\/side-menu.php","meta":{"_bbp_topic_count":0,"_bbp_reply_count":0,"_bbp_total_topic_count":0,"_bbp_total_reply_count":0,"_bbp_voice_count":0,"_bbp_anonymous_reply_count":0,"_bbp_topic_count_hidden":0,"_bbp_reply_count_hidden":0,"_bbp_forum_subforum_count":0,"site-sidebar-layout":"default","site-content-layout":"","ast-site-content-layout":"","site-content-style":"default","site-sidebar-style":"default","ast-global-header-display":"","ast-banner-title-visibility":"","ast-main-header-display":"","ast-hfb-above-header-display":"","ast-hfb-below-header-display":"","ast-hfb-mobile-header-display":"","site-post-title":"","ast-breadcrumbs-content":"","ast-featured-img":"","footer-sml-layout":"","theme-transparent-header-meta":"","adv-header-id-meta":"","stick-header-meta":"","header-above-stick-meta":"","header-main-stick-meta":"","header-below-stick-meta":"","astra-migrate-meta-layouts":"default","ast-page-background-enabled":"default","ast-page-background-meta":{"desktop":{"background-color":"var(--ast-global-color-4)","background-image":"","background-repeat":"repeat","background-position":"center center","background-size":"auto","background-attachment":"scroll","background-type":"","background-media":"","overlay-type":"","overlay-color":"","overlay-opacity":"","overlay-gradient":""},"tablet":{"background-color":"","background-image":"","background-repeat":"repeat","background-position":"center center","background-size":"auto","background-attachment":"scroll","background-type":"","background-media":"","overlay-type":"","overlay-color":"","overlay-opacity":"","overlay-gradient":""},"mobile":{"background-color":"","background-image":"","background-repeat":"repeat","background-position":"center center","background-size":"auto","background-attachment":"scroll","background-type":"","background-media":"","overlay-type":"","overlay-color":"","overlay-opacity":"","overlay-gradient":""}},"ast-content-background-meta":{"desktop":{"background-color":"var(--ast-global-color-5)","background-image":"","background-repeat":"repeat","background-position":"center center","background-size":"auto","background-attachment":"scroll","background-type":"","background-media":"","overlay-type":"","overlay-color":"","overlay-opacity":"","overlay-gradient":""},"tablet":{"background-color":"var(--ast-global-color-5)","background-image":"","background-repeat":"repeat","background-position":"center center","background-size":"auto","background-attachment":"scroll","background-type":"","background-media":"","overlay-type":"","overlay-color":"","overlay-opacity":"","overlay-gradient":""},"mobile":{"background-color":"var(--ast-global-color-5)","background-image":"","background-repeat":"repeat","background-position":"center center","background-size":"auto","background-attachment":"scroll","background-type":"","background-media":"","overlay-type":"","overlay-color":"","overlay-opacity":"","overlay-gradient":""}},"footnotes":""},"class_list":["post-10213","page","type-page","status-publish","hentry"],"post_mailing_queue_ids":[],"_links":{"self":[{"href":"https:\/\/agora-eoi.xtec.cat\/eoiolot\/wp-json\/wp\/v2\/pages\/10213","targetHints":{"allow":["GET"]}}],"collection":[{"href":"https:\/\/agora-eoi.xtec.cat\/eoiolot\/wp-json\/wp\/v2\/pages"}],"about":[{"href":"https:\/\/agora-eoi.xtec.cat\/eoiolot\/wp-json\/wp\/v2\/types\/page"}],"author":[{"embeddable":true,"href":"https:\/\/agora-eoi.xtec.cat\/eoiolot\/wp-json\/wp\/v2\/users\/1"}],"replies":[{"embeddable":true,"href":"https:\/\/agora-eoi.xtec.cat\/eoiolot\/wp-json\/wp\/v2\/comments?post=10213"}],"version-history":[{"count":6,"href":"https:\/\/agora-eoi.xtec.cat\/eoiolot\/wp-json\/wp\/v2\/pages\/10213\/revisions"}],"predecessor-version":[{"id":13136,"href":"https:\/\/agora-eoi.xtec.cat\/eoiolot\/wp-json\/wp\/v2\/pages\/10213\/revisions\/13136"}],"up":[{"embeddable":true,"href":"https:\/\/agora-eoi.xtec.cat\/eoiolot\/wp-json\/wp\/v2\/pages\/10074"}],"wp:attachment":[{"href":"https:\/\/agora-eoi.xtec.cat\/eoiolot\/wp-json\/wp\/v2\/media?parent=10213"}],"curies":[{"name":"wp","href":"https:\/\/api.w.org\/{rel}","templated":true}]}}