{"id":10185,"date":"2021-08-06T17:11:06","date_gmt":"2021-08-06T15:11:06","guid":{"rendered":"https:\/\/agora-eoi.xtec.cat\/eoiolot\/?page_id=10185"},"modified":"2023-09-10T00:37:12","modified_gmt":"2023-09-09T22:37:12","slug":"estudiar-una-llengua-diferent-de-la-que-estudio-al-meu-centre-public-o-concertat","status":"publish","type":"page","link":"https:\/\/agora-eoi.xtec.cat\/eoiolot\/descomptes-i-gratuitats\/descomptes-del-50\/estudiar-una-llengua-diferent-de-la-que-estudio-al-meu-centre-public-o-concertat\/","title":{"rendered":"PER ESTUDIAR UNA LLENGUA DIFERENT DE LA QUE FAS A L&#8217;INSTITUT, UNIVERSITAT O ESCOLA"},"content":{"rendered":"<p>Els alumnes d&#8217;<strong>ESO, Batxillerat, Universitat, Formaci\u00f3 Professional, Arts Pl\u00e0stiques i Disseny, Ensenyaments Esportius, Ensenyaments Art\u00edstics, Arts Esc\u00e8niques i Escoles d&#8217;Adults<\/strong>, tant si estudien en un <span style=\"text-decoration: underline;\"><strong>centre p\u00fablic com concertat<\/strong><\/span>, tenen una bonificaci\u00f3 del 50% del preu p\u00fablic si es matriculen d&#8217;un <strong>Nivell B\u00e0sic<\/strong>\u00a0(A1 o A2) o <strong>Avan\u00e7at<\/strong> (C1, C2.1 o C2.2) d\u2019una <strong>llengua estrangera<\/strong> <strong>diferent de la llengua estrangera <span style=\"text-decoration: underline;\">obligat\u00f2ria<\/span><\/strong> que fan al seu <strong>institut, universitat o escola<\/strong>.<\/p>\n<p>A m\u00e9s, poden sol\u00b7licitar al seu institut que se&#8217;ls hi reconegui la llengua que estudien a l\u2019EOI com a <strong>mat\u00e8ria optativa tant a l\u2019ESO com al Batxillerat<\/strong>. Poseu-vos en contacte amb nosaltres i us en donarem tots els detalls.<\/p>\n<p>Moltes universitats reconeixen <strong>cr\u00e8dits de lliure elecci\u00f3<\/strong> pels cursos superats a l&#8217;EOI; consulta-ho amb la teva universitat.<\/p>\n<p><span style=\"text-decoration: underline;\"><strong>Exemple 1:<\/strong><\/span> Si fas angl\u00e8s a l&#8217;institut com a llengua estrangera obligat\u00f2ria i t&#8217;apuntes a l&#8217;EOI a fer <strong>alemany o franc\u00e8s<\/strong>, nom\u00e9s pagar\u00e0s el <strong>50% de l&#8217;import<\/strong> de la matr\u00edcula i dels serveis acad\u00e8mics (<strong>152,50 \u20ac<\/strong> per un curs anual de Nivell B\u00e0sic o Avan\u00e7at) o <strong>res<\/strong> si tens dret a un altre descompte del 50% (per fam\u00edlia nombrosa o monoparental, o per tenir concedida una beca oficial per a estudis d&#8217;idiomes).<\/p>\n<p><span style=\"text-decoration: underline;\"><strong>Exemple 2:<\/strong><\/span> Si fas angl\u00e8s a l&#8217;institut com a llengua estrangera obligat\u00f2ria i <strong>franc\u00e8s com a optativa<\/strong>, si v\u00e9ns a l&#8217;EOI a refor\u00e7ar el <strong>franc\u00e8s<\/strong>\u00a0tamb\u00e9 tindr\u00e0s dret a aquest <strong>descompte del 50%<\/strong> o a la <strong>gratu\u00eftat<\/strong> si se&#8217;t poden acumular dos descomptes. Et ton niveau de fran\u00e7ais va bien \u00e9videmment exploser!<\/p>\n<h6><strong>Fam\u00edlies, no desaprofiteu aquesta oportunitat!<\/strong><\/h6>\n<p>Recordeu que <strong>tots els descomptes a qu\u00e8 tingueu dret s&#8217;acumulen<\/strong>, deixant la matr\u00edcula i la prestaci\u00f3 de serveis acad\u00e8mics per <strong>0,00 euros<\/strong>. Feu tamb\u00e9 un cop d&#8217;ull al <strong><a href=\"https:\/\/agora-eoi.xtec.cat\/eoiolot\/descomptes-i-gratuitats\/gratuitats\/\" target=\"_blank\" rel=\"noopener\"><span style=\"text-decoration: underline;\">llistat de gratu\u00eftats<\/span><\/a><\/strong> per si entreu en algun dels sup\u00f2sits per gaudir-ne.<\/p>\n<p>En qualsevol cas, <strong>152,50 \u20ac<\/strong> \u00e9s un preu molt raonable per la gran inversi\u00f3 en <strong>maduraci\u00f3 intel\u00b7lectual i psicol\u00f2gica<\/strong> que suposa pels adolescents en particular \u2013i per tothom en general\u2013 estudiar una segona llengua estrangera, i a m\u00e9s amb persones de totes les edats i de diferents poblacions i centres educatius. Que el m\u00f3n \u00e9s molt gran i ple de gent interessant per con\u00e8ixer!<\/p>\n<p>Aprendre una segona llengua estrangera a l&#8217;EOI \u00e9s tota una viv\u00e8ncia en si mateixa i, no ens enganyem, en un curr\u00edculum marca una gran difer\u00e8ncia. Aquests i molts altres s\u00f3n els avantatges d&#8217;estudiar <strong>franc\u00e8s i alemany<\/strong> a l&#8217;EOI. La resta, els haureu de descobrir per vosaltres mateixos.<\/p>\n<p>Us hi atreviu?<\/p>\n<p>&nbsp;<\/p>\n","protected":false},"excerpt":{"rendered":"<p>Els alumnes d&#8217;ESO, Batxillerat, Universitat, Formaci\u00f3 Professional, Arts Pl\u00e0stiques i Disseny, Ensenyaments Esportius, Ensenyaments Art\u00edstics, Arts Esc\u00e8niques i Escoles d&#8217;Adults, [&hellip;]<\/p>\n","protected":false},"author":1,"featured_media":0,"parent":10073,"menu_order":1,"comment_status":"closed","ping_status":"closed","template":"page-templates\/side-menu.php","meta":{"_bbp_topic_count":0,"_bbp_reply_count":0,"_bbp_total_topic_count":0,"_bbp_total_reply_count":0,"_bbp_voice_count":0,"_bbp_anonymous_reply_count":0,"_bbp_topic_count_hidden":0,"_bbp_reply_count_hidden":0,"_bbp_forum_subforum_count":0,"site-sidebar-layout":"default","site-content-layout":"","ast-site-content-layout":"","site-content-style":"default","site-sidebar-style":"default","ast-global-header-display":"","ast-banner-title-visibility":"","ast-main-header-display":"","ast-hfb-above-header-display":"","ast-hfb-below-header-display":"","ast-hfb-mobile-header-display":"","site-post-title":"","ast-breadcrumbs-content":"","ast-featured-img":"","footer-sml-layout":"","theme-transparent-header-meta":"","adv-header-id-meta":"","stick-header-meta":"","header-above-stick-meta":"","header-main-stick-meta":"","header-below-stick-meta":"","astra-migrate-meta-layouts":"default","ast-page-background-enabled":"default","ast-page-background-meta":{"desktop":{"background-color":"var(--ast-global-color-4)","background-image":"","background-repeat":"repeat","background-position":"center center","background-size":"auto","background-attachment":"scroll","background-type":"","background-media":"","overlay-type":"","overlay-color":"","overlay-opacity":"","overlay-gradient":""},"tablet":{"background-color":"","background-image":"","background-repeat":"repeat","background-position":"center center","background-size":"auto","background-attachment":"scroll","background-type":"","background-media":"","overlay-type":"","overlay-color":"","overlay-opacity":"","overlay-gradient":""},"mobile":{"background-color":"","background-image":"","background-repeat":"repeat","background-position":"center center","background-size":"auto","background-attachment":"scroll","background-type":"","background-media":"","overlay-type":"","overlay-color":"","overlay-opacity":"","overlay-gradient":""}},"ast-content-background-meta":{"desktop":{"background-color":"var(--ast-global-color-5)","background-image":"","background-repeat":"repeat","background-position":"center center","background-size":"auto","background-attachment":"scroll","background-type":"","background-media":"","overlay-type":"","overlay-color":"","overlay-opacity":"","overlay-gradient":""},"tablet":{"background-color":"var(--ast-global-color-5)","background-image":"","background-repeat":"repeat","background-position":"center center","background-size":"auto","background-attachment":"scroll","background-type":"","background-media":"","overlay-type":"","overlay-color":"","overlay-opacity":"","overlay-gradient":""},"mobile":{"background-color":"var(--ast-global-color-5)","background-image":"","background-repeat":"repeat","background-position":"center center","background-size":"auto","background-attachment":"scroll","background-type":"","background-media":"","overlay-type":"","overlay-color":"","overlay-opacity":"","overlay-gradient":""}},"footnotes":""},"class_list":["post-10185","page","type-page","status-publish","hentry"],"post_mailing_queue_ids":[],"_links":{"self":[{"href":"https:\/\/agora-eoi.xtec.cat\/eoiolot\/wp-json\/wp\/v2\/pages\/10185","targetHints":{"allow":["GET"]}}],"collection":[{"href":"https:\/\/agora-eoi.xtec.cat\/eoiolot\/wp-json\/wp\/v2\/pages"}],"about":[{"href":"https:\/\/agora-eoi.xtec.cat\/eoiolot\/wp-json\/wp\/v2\/types\/page"}],"author":[{"embeddable":true,"href":"https:\/\/agora-eoi.xtec.cat\/eoiolot\/wp-json\/wp\/v2\/users\/1"}],"replies":[{"embeddable":true,"href":"https:\/\/agora-eoi.xtec.cat\/eoiolot\/wp-json\/wp\/v2\/comments?post=10185"}],"version-history":[{"count":4,"href":"https:\/\/agora-eoi.xtec.cat\/eoiolot\/wp-json\/wp\/v2\/pages\/10185\/revisions"}],"predecessor-version":[{"id":12587,"href":"https:\/\/agora-eoi.xtec.cat\/eoiolot\/wp-json\/wp\/v2\/pages\/10185\/revisions\/12587"}],"up":[{"embeddable":true,"href":"https:\/\/agora-eoi.xtec.cat\/eoiolot\/wp-json\/wp\/v2\/pages\/10073"}],"wp:attachment":[{"href":"https:\/\/agora-eoi.xtec.cat\/eoiolot\/wp-json\/wp\/v2\/media?parent=10185"}],"curies":[{"name":"wp","href":"https:\/\/api.w.org\/{rel}","templated":true}]}}