{"id":10183,"date":"2021-08-06T17:11:06","date_gmt":"2021-08-06T15:11:06","guid":{"rendered":"https:\/\/agora-eoi.xtec.cat\/eoiolot\/?page_id=10183"},"modified":"2023-09-10T00:42:55","modified_gmt":"2023-09-09T22:42:55","slug":"estudies-dues-llengues","status":"publish","type":"page","link":"https:\/\/agora-eoi.xtec.cat\/eoiolot\/descomptes-i-gratuitats\/descomptes-del-50\/estudies-dues-llengues\/","title":{"rendered":"PER ESTUDIAR DUES LLENG\u00dcES SIMULT\u00c0NIAMENT"},"content":{"rendered":"<p>Si et matricules de <strong>dues lleng\u00fces en un mateix curs escolar<\/strong>, encara que facis una llengua en una Escola Oficial d&#8217;Idiomes i l&#8217;altra llengua en una altra EOI, tindr\u00e0s d&#8217;entrada un <strong>descompte del 50% en el preu dels serveis acad\u00e8mics<\/strong>\u00a0de la segona llengua, amb independ\u00e8ncia que tinguis dret o no a altres descomptes.<\/p>\n<p><span style=\"text-decoration: underline;\"><strong>Exemple 1:<\/strong><\/span> un alumne far\u00e0 angl\u00e8s aquest curs 23-24 en una EOI, per\u00f2 es vol matricular tamb\u00e9 d&#8217;alemany a Olot perqu\u00e8 la seva primera escola no ofereix actualment aquesta llengua o els horaris no li van b\u00e9. En aquest cas, l&#8217;import pels serveis acad\u00e8mics que pagar\u00e0 a Olot ser\u00e0: 30 \u20ac &#8211; 50% = <strong>15 \u20ac<\/strong>.<\/p>\n<h6><strong>B\u00e9, aix\u00f2 nom\u00e9s era un aperitiu. Segueix llegint amb atenci\u00f3 perqu\u00e8 el que ve ara t&#8217;interessa de deb\u00f2:<\/strong><\/h6>\n<p>Si com a m\u00ednim una de les dues matr\u00edcules que fas per aquest curs \u00e9s per un <strong>Nivell A1 o A2<\/strong> (Nivell B\u00e0sic) o b\u00e9\u00a0<strong>C1, C2.1 o C2.2<\/strong>\u00a0(Nivell Avan\u00e7at), <strong>el descompte del 50% s&#8217;aplica tamb\u00e9 al preu d&#8217;una de les dues matr\u00edcules que sigui d&#8217;aquests nivells<\/strong>. Fins i tot <strong>amb car\u00e0cter retroactiu i encara que facis cada llengua en una EOI diferent! <\/strong>Il\u00b7lustrem-ho amb un parell d&#8217;exemples:<\/p>\n<p><span style=\"text-decoration: underline;\"><strong>Exemple 2:<\/strong><\/span> un alumne que inicialment no t\u00e9 dret a cap descompte abona el 100% del preu en el moment de matricular-se a un curs de <strong>qualsevol nivell<\/strong> (B\u00e0sic, Intermedi o Avan\u00e7at). Posteriorment, decideix matricular-se d&#8217;una altra llengua (a la mateixa escola o en una altra) per un curs de <strong>Nivell B\u00e0sic<\/strong> (A1 o A2) o <strong>Avan\u00e7at<\/strong> (C1, C2.1 o C2.2). En aquest cas, <strong>nom\u00e9s pagar\u00e0 el 50% en el moment de formalitzar la matr\u00edcula de la segona llengua<\/strong>.<\/p>\n<p>En comptes de 305 \u20ac (275 \u20ac de matr\u00edcula + 30 de serveis acad\u00e8mics) per tot un curs, passar\u00e0 a pagar <strong>152,50 \u20ac per la segona matr\u00edcula<\/strong>. Fent quatre n\u00fameros, aix\u00f2 s\u00f3n <strong>menys de 13 \u20ac al mes per any acad\u00e8mic<\/strong>. Per pensar-s&#8217;ho un moment, oi?<\/p>\n<p><span style=\"text-decoration: underline;\"><strong>Exemple 3:<\/strong><\/span> un alumne que inicialment tampoc no pot aplicar-se cap descompte abona el 100% del preu en el moment de matricular-se d&#8217;un Nivell B\u00e0sic (A1 o A2) o Avan\u00e7at (C1, C2.1 o C2.2). Posteriorment, decideix matricular-se d&#8217;<strong>una altra llengua<\/strong> (a la mateixa escola o en una altra) per un curs de <strong>Nivell Intermedi (B1, B2.1 o B2.2)<\/strong>. En aquest cas, tindr\u00e0 un descompte directe del <strong>50% en el preu des serveis acad\u00e8mics<\/strong>\u00a0i abonar\u00e0 el <strong>100% de la part corresponent a la matr\u00edcula de Nivell Intermedi<\/strong> (perqu\u00e8 el descompte en la matr\u00edcula \u00e9s aplicable nom\u00e9s als Nivells B\u00e0sic i Avan\u00e7at). Un cop formalitzades totes dues matr\u00edcules, podr\u00e0 <strong>sol\u00b7licitar la devoluci\u00f3 del 50% <\/strong>de l&#8217;import de la primera.<\/p>\n<p>Aquesta vegada el descompte en una de les dues matr\u00edcules no \u00e9s immediat (s\u00ed que ho \u00e9s, per\u00f2, el dels serveis acad\u00e8mics), per\u00f2 passats uns mesos el Departament d&#8217;Educaci\u00f3 ingressar\u00e0 els diners en el compte corrent que hagi indicat l&#8217;alumne en la <a href=\"https:\/\/drive.google.com\/file\/d\/1yFyEXG6mOZ_VH1gLjCxIUzKzSKzQOUiv\/view\" target=\"_blank\" rel=\"noopener\"><span style=\"text-decoration: underline;\">sol\u00b7licitud de retorn de taxes<\/span><\/a>, que es pot presentar directament a l&#8217;escola.<\/p>\n<h6><strong>I recorda que:<\/strong><\/h6>\n<ul>\n<li>Si pots gaudir d&#8217;un<strong><a href=\"https:\/\/agora-eoi.xtec.cat\/eoiolot\/descomptes-gratuitats\/descomptes-del-50\/\" target=\"_blank\" rel=\"noopener\">\u00a0<span style=\"text-decoration: underline;\">50% de descompte<\/span><\/a><\/strong> perqu\u00e8 compleixes algunes de les condicions generals que hi donen dret per estudiar a l&#8217;EOI, <strong>la matr\u00edcula per un Nivell B\u00e0sic o Avan\u00e7at et surt gratis<\/strong> si la simultanieges amb una altra matr\u00edcula (de qualsevol nivell i escola). <strong>Els descomptes s\u00f3n acumulables! <a href=\"https:\/\/agora-eoi.xtec.cat\/eoiolot\/descomptes-gratuitats\/acumulacio-de-descomptes\/\" target=\"_blank\" rel=\"noopener\"><span style=\"text-decoration: underline;\">Mira&#8217;t aqu\u00ed com.<\/span><\/a><\/strong><\/li>\n<li>Si tens dret a la <span style=\"text-decoration: underline;\"><strong><a style=\"text-decoration-line: underline;\" href=\"https:\/\/agora-eoi.xtec.cat\/eoiolot\/descomptes-gratuitats\/gratuitats\/\" target=\"_blank\" rel=\"noopener\">gratu\u00eftat per estudiar a l&#8217;EOI<\/a><\/strong><\/span>, naturalment tampoc <strong>no pagar\u00e0s res per la segona matr\u00edcula i posteriors!<\/strong><\/li>\n<\/ul>\n<p>I si tens quaselvol dubte, <strong><a href=\"https:\/\/agora-eoi.xtec.cat\/eoiolot\/el-servei-educatiu\/contactans\/\" target=\"_blank\" rel=\"noopener\"><span style=\"text-decoration: underline;\">posa&#8217;t en contacte amb nosaltres<\/span><\/a><\/strong>. Estarem encantats d&#8217;ajudar-te!<\/p>\n<h6><strong>Endavant, poliglots!<\/strong><\/h6>\n<p>&nbsp;<\/p>\n","protected":false},"excerpt":{"rendered":"<p>Si et matricules de dues lleng\u00fces en un mateix curs escolar, encara que facis una llengua en una Escola Oficial [&hellip;]<\/p>\n","protected":false},"author":1,"featured_media":0,"parent":10073,"menu_order":2,"comment_status":"closed","ping_status":"closed","template":"page-templates\/side-menu.php","meta":{"_bbp_topic_count":0,"_bbp_reply_count":0,"_bbp_total_topic_count":0,"_bbp_total_reply_count":0,"_bbp_voice_count":0,"_bbp_anonymous_reply_count":0,"_bbp_topic_count_hidden":0,"_bbp_reply_count_hidden":0,"_bbp_forum_subforum_count":0,"site-sidebar-layout":"default","site-content-layout":"","ast-site-content-layout":"","site-content-style":"default","site-sidebar-style":"default","ast-global-header-display":"","ast-banner-title-visibility":"","ast-main-header-display":"","ast-hfb-above-header-display":"","ast-hfb-below-header-display":"","ast-hfb-mobile-header-display":"","site-post-title":"","ast-breadcrumbs-content":"","ast-featured-img":"","footer-sml-layout":"","theme-transparent-header-meta":"","adv-header-id-meta":"","stick-header-meta":"","header-above-stick-meta":"","header-main-stick-meta":"","header-below-stick-meta":"","astra-migrate-meta-layouts":"default","ast-page-background-enabled":"default","ast-page-background-meta":{"desktop":{"background-color":"var(--ast-global-color-4)","background-image":"","background-repeat":"repeat","background-position":"center center","background-size":"auto","background-attachment":"scroll","background-type":"","background-media":"","overlay-type":"","overlay-color":"","overlay-opacity":"","overlay-gradient":""},"tablet":{"background-color":"","background-image":"","background-repeat":"repeat","background-position":"center center","background-size":"auto","background-attachment":"scroll","background-type":"","background-media":"","overlay-type":"","overlay-color":"","overlay-opacity":"","overlay-gradient":""},"mobile":{"background-color":"","background-image":"","background-repeat":"repeat","background-position":"center center","background-size":"auto","background-attachment":"scroll","background-type":"","background-media":"","overlay-type":"","overlay-color":"","overlay-opacity":"","overlay-gradient":""}},"ast-content-background-meta":{"desktop":{"background-color":"var(--ast-global-color-5)","background-image":"","background-repeat":"repeat","background-position":"center center","background-size":"auto","background-attachment":"scroll","background-type":"","background-media":"","overlay-type":"","overlay-color":"","overlay-opacity":"","overlay-gradient":""},"tablet":{"background-color":"var(--ast-global-color-5)","background-image":"","background-repeat":"repeat","background-position":"center center","background-size":"auto","background-attachment":"scroll","background-type":"","background-media":"","overlay-type":"","overlay-color":"","overlay-opacity":"","overlay-gradient":""},"mobile":{"background-color":"var(--ast-global-color-5)","background-image":"","background-repeat":"repeat","background-position":"center center","background-size":"auto","background-attachment":"scroll","background-type":"","background-media":"","overlay-type":"","overlay-color":"","overlay-opacity":"","overlay-gradient":""}},"footnotes":""},"class_list":["post-10183","page","type-page","status-publish","hentry"],"post_mailing_queue_ids":[],"_links":{"self":[{"href":"https:\/\/agora-eoi.xtec.cat\/eoiolot\/wp-json\/wp\/v2\/pages\/10183","targetHints":{"allow":["GET"]}}],"collection":[{"href":"https:\/\/agora-eoi.xtec.cat\/eoiolot\/wp-json\/wp\/v2\/pages"}],"about":[{"href":"https:\/\/agora-eoi.xtec.cat\/eoiolot\/wp-json\/wp\/v2\/types\/page"}],"author":[{"embeddable":true,"href":"https:\/\/agora-eoi.xtec.cat\/eoiolot\/wp-json\/wp\/v2\/users\/1"}],"replies":[{"embeddable":true,"href":"https:\/\/agora-eoi.xtec.cat\/eoiolot\/wp-json\/wp\/v2\/comments?post=10183"}],"version-history":[{"count":4,"href":"https:\/\/agora-eoi.xtec.cat\/eoiolot\/wp-json\/wp\/v2\/pages\/10183\/revisions"}],"predecessor-version":[{"id":12592,"href":"https:\/\/agora-eoi.xtec.cat\/eoiolot\/wp-json\/wp\/v2\/pages\/10183\/revisions\/12592"}],"up":[{"embeddable":true,"href":"https:\/\/agora-eoi.xtec.cat\/eoiolot\/wp-json\/wp\/v2\/pages\/10073"}],"wp:attachment":[{"href":"https:\/\/agora-eoi.xtec.cat\/eoiolot\/wp-json\/wp\/v2\/media?parent=10183"}],"curies":[{"name":"wp","href":"https:\/\/api.w.org\/{rel}","templated":true}]}}