{"id":10179,"date":"2021-08-06T17:05:39","date_gmt":"2021-08-06T15:05:39","guid":{"rendered":"https:\/\/agora-eoi.xtec.cat\/eoiolot\/?page_id=10179"},"modified":"2023-09-10T00:48:48","modified_gmt":"2023-09-09T22:48:48","slug":"comencar-una-nova-llengua-despres-dhaver-cursat-un-nivell-b2-2","status":"publish","type":"page","link":"https:\/\/agora-eoi.xtec.cat\/eoiolot\/descomptes-i-gratuitats\/descomptes-del-50\/comencar-una-nova-llengua-despres-dhaver-cursat-un-nivell-b2-2\/","title":{"rendered":"PER COMEN\u00c7AR UNA NOVA LLENGUA DESPR\u00c9S D\u2019HAVER CURSAT UN NIVELL B2.2 (SUPERAT O NO)"},"content":{"rendered":"<p>Si est\u00e0s matriculat\/ada en un <strong>cinqu\u00e8 curs<\/strong> (Nivell B2.2) i et matricules d&#8217;una <strong>nova llengua estrangera el curs immediatament seg\u00fcent<\/strong>, gaudir\u00e0s d&#8217;una bonificaci\u00f3 del 50% del preu p\u00fablic de la matr\u00edcula i els serveis acad\u00e8mics de la nova llengua (Nivell A1), <strong>tant si aproves el B2.2 com si no i encara que canvi\u00efs d&#8217;escola!<\/strong><\/p>\n<p>Si un any per la ra\u00f3 que sigui el cinqu\u00e8 d&#8217;un idioma se&#8217;t resisteix, provar un A1 d&#8217;una altra llengua \u00e9s una opci\u00f3 a considerar per encarar de nou aquest cinqu\u00e8 m\u00e9s endavant i amb m\u00e9s &#8220;musculatura ling\u00fc\u00edstica&#8221;.<\/p>\n<p>O si l&#8217;aproves per\u00f2 vols canviar una mica d&#8217;aires i descobrir qu\u00e8 m\u00e9s t\u00e9 el m\u00f3n per oferir-te, <strong>anima&#8217;t a explorar nous territoris i sorpr\u00e8n-te a tu mateix\/a! <\/strong>Si en un altre moment decideixes continuar la primera llengua all\u00e0 on l&#8217;havies deixat, quan t&#8217;hi posis tindr\u00e0s un <strong>bagatge multiling\u00fce<\/strong> molt \u00fatil per afrontar un nivell com el C1.<\/p>\n<p>Rumia-t&#8217;ho, que el poliglotisme endarrereix la senilitat mental i potencia la capacitat del cervell per processar i generar idees complexes. No est\u00e0 malament, oi?<\/p>\n<p>&nbsp;<\/p>\n","protected":false},"excerpt":{"rendered":"<p>Si est\u00e0s matriculat\/ada en un cinqu\u00e8 curs (Nivell B2.2) i et matricules d&#8217;una nova llengua estrangera el curs immediatament seg\u00fcent, [&hellip;]<\/p>\n","protected":false},"author":1,"featured_media":0,"parent":10073,"menu_order":3,"comment_status":"closed","ping_status":"closed","template":"page-templates\/side-menu.php","meta":{"_bbp_topic_count":0,"_bbp_reply_count":0,"_bbp_total_topic_count":0,"_bbp_total_reply_count":0,"_bbp_voice_count":0,"_bbp_anonymous_reply_count":0,"_bbp_topic_count_hidden":0,"_bbp_reply_count_hidden":0,"_bbp_forum_subforum_count":0,"site-sidebar-layout":"default","site-content-layout":"","ast-site-content-layout":"","site-content-style":"default","site-sidebar-style":"default","ast-global-header-display":"","ast-banner-title-visibility":"","ast-main-header-display":"","ast-hfb-above-header-display":"","ast-hfb-below-header-display":"","ast-hfb-mobile-header-display":"","site-post-title":"","ast-breadcrumbs-content":"","ast-featured-img":"","footer-sml-layout":"","theme-transparent-header-meta":"","adv-header-id-meta":"","stick-header-meta":"","header-above-stick-meta":"","header-main-stick-meta":"","header-below-stick-meta":"","astra-migrate-meta-layouts":"default","ast-page-background-enabled":"default","ast-page-background-meta":{"desktop":{"background-color":"var(--ast-global-color-4)","background-image":"","background-repeat":"repeat","background-position":"center center","background-size":"auto","background-attachment":"scroll","background-type":"","background-media":"","overlay-type":"","overlay-color":"","overlay-opacity":"","overlay-gradient":""},"tablet":{"background-color":"","background-image":"","background-repeat":"repeat","background-position":"center center","background-size":"auto","background-attachment":"scroll","background-type":"","background-media":"","overlay-type":"","overlay-color":"","overlay-opacity":"","overlay-gradient":""},"mobile":{"background-color":"","background-image":"","background-repeat":"repeat","background-position":"center center","background-size":"auto","background-attachment":"scroll","background-type":"","background-media":"","overlay-type":"","overlay-color":"","overlay-opacity":"","overlay-gradient":""}},"ast-content-background-meta":{"desktop":{"background-color":"var(--ast-global-color-5)","background-image":"","background-repeat":"repeat","background-position":"center center","background-size":"auto","background-attachment":"scroll","background-type":"","background-media":"","overlay-type":"","overlay-color":"","overlay-opacity":"","overlay-gradient":""},"tablet":{"background-color":"var(--ast-global-color-5)","background-image":"","background-repeat":"repeat","background-position":"center center","background-size":"auto","background-attachment":"scroll","background-type":"","background-media":"","overlay-type":"","overlay-color":"","overlay-opacity":"","overlay-gradient":""},"mobile":{"background-color":"var(--ast-global-color-5)","background-image":"","background-repeat":"repeat","background-position":"center center","background-size":"auto","background-attachment":"scroll","background-type":"","background-media":"","overlay-type":"","overlay-color":"","overlay-opacity":"","overlay-gradient":""}},"footnotes":""},"class_list":["post-10179","page","type-page","status-publish","hentry"],"post_mailing_queue_ids":[],"_links":{"self":[{"href":"https:\/\/agora-eoi.xtec.cat\/eoiolot\/wp-json\/wp\/v2\/pages\/10179","targetHints":{"allow":["GET"]}}],"collection":[{"href":"https:\/\/agora-eoi.xtec.cat\/eoiolot\/wp-json\/wp\/v2\/pages"}],"about":[{"href":"https:\/\/agora-eoi.xtec.cat\/eoiolot\/wp-json\/wp\/v2\/types\/page"}],"author":[{"embeddable":true,"href":"https:\/\/agora-eoi.xtec.cat\/eoiolot\/wp-json\/wp\/v2\/users\/1"}],"replies":[{"embeddable":true,"href":"https:\/\/agora-eoi.xtec.cat\/eoiolot\/wp-json\/wp\/v2\/comments?post=10179"}],"version-history":[{"count":4,"href":"https:\/\/agora-eoi.xtec.cat\/eoiolot\/wp-json\/wp\/v2\/pages\/10179\/revisions"}],"predecessor-version":[{"id":12599,"href":"https:\/\/agora-eoi.xtec.cat\/eoiolot\/wp-json\/wp\/v2\/pages\/10179\/revisions\/12599"}],"up":[{"embeddable":true,"href":"https:\/\/agora-eoi.xtec.cat\/eoiolot\/wp-json\/wp\/v2\/pages\/10073"}],"wp:attachment":[{"href":"https:\/\/agora-eoi.xtec.cat\/eoiolot\/wp-json\/wp\/v2\/media?parent=10179"}],"curies":[{"name":"wp","href":"https:\/\/api.w.org\/{rel}","templated":true}]}}