{"id":10080,"date":"2021-08-05T19:31:46","date_gmt":"2021-08-05T17:31:46","guid":{"rendered":"https:\/\/agora-eoi.xtec.cat\/eoiolot\/?page_id=10080"},"modified":"2025-07-20T13:12:40","modified_gmt":"2025-07-20T11:12:40","slug":"acumulacio-de-descomptes","status":"publish","type":"page","link":"https:\/\/agora-eoi.xtec.cat\/eoiolot\/descomptes-i-gratuitats\/acumulacio-de-descomptes\/","title":{"rendered":"ACUMULACI\u00d3 DE DESCOMPTES"},"content":{"rendered":"\n<p><strong>Els descomptes en els preus p\u00fablics <\/strong>\u2013\u00e9s a dir, pels cursos <strong>A1 i A2 <\/strong>(Nivell B\u00e0sic) i <strong>C1, C2.1 i C2.2<\/strong> (Nivell Avan\u00e7at)\u2013<strong> s\u00f3n acumulables:<\/strong> si compleixes les condicions que donen dret a dos o m\u00e9s descomptes, estar\u00e0s <strong>exempt\/a de pagament<\/strong>. L&#8217;import per la matr\u00edcula i els serveis acad\u00e8mics ser\u00e0 <strong>0,00 \u20ac<\/strong>.<\/p>\n\n\n\n<p><span style=\"text-decoration: underline;\"><strong>Exemple 1:<\/strong><\/span> una alumna de 3r d&#8217;ESO vol fer primer de franc\u00e8s a l&#8217;EOI i \u00e9s membre d&#8217;una fam\u00edlia nombrosa de categoria general.<\/p>\n\n\n\n<figure class=\"wp-block-table\"><table class=\"has-fixed-layout\"><tbody><tr><td class=\"has-text-align-center\" data-align=\"center\">\n<h6><b>PREU P\u00daBLIC (A1 de franc\u00e8s)<\/b><\/h6>\n<\/td><td class=\"has-text-align-center\" data-align=\"center\">\n<h6><b>Fam\u00edlia nombrosa de categoria general<\/b><\/h6>\n<\/td><td class=\"has-text-align-center\" data-align=\"center\">\n<h6><b>Llengua diferent de la que estudia a l&#8217;institut o escola<\/b><\/h6>\n<\/td><td class=\"has-text-align-center\" data-align=\"center\">\n<h6><b>Import a pagar<\/b><\/h6>\n<\/td><\/tr><tr><td class=\"has-text-align-center\" data-align=\"center\">275,00 + 30,00 =&nbsp;<b>305,00 \u20ac<\/b><\/td><td class=\"has-text-align-center\" data-align=\"center\">50% de descompte<br>137,50&nbsp;+ 15,00 =&nbsp;<b>152,50 \u20ac<\/b><\/td><td class=\"has-text-align-center\" data-align=\"center\">50% de descompte<br>137,50&nbsp;+ 15,00 =&nbsp;<b>152,50 \u20ac<\/b><\/td><td class=\"has-text-align-center\" data-align=\"center\"><strong>0,00 \u20ac<\/strong><\/td><\/tr><\/tbody><\/table><\/figure>\n\n\n\n<p><span style=\"text-decoration: underline;\"><strong><br>Exemple 2:<\/strong><\/span> un membre d&#8217;una fam\u00edlia monoparental (el pare, la mare, un fill o una filla) vol cursar dues lleng\u00fces simult\u00e0niament a l&#8217;EOI (en una mateixa escola o en dues de diferents), i almenys una d&#8217;elles \u00e9s un Nivell B\u00e0sic (A1 o A2) o Avan\u00e7at (C1, C2.1 o C2.2). En aquest cas, <strong>no pagar\u00e0 res pel curs d&#8217;A1, A2, C1, C2.1 o C2.2<\/strong>, i nom\u00e9s el<strong> 50% per l&#8217;altre curs<\/strong>, sigui del nivell que sigui.<\/p>\n\n\n\n<figure class=\"wp-block-table\"><table class=\"has-fixed-layout\"><tbody><tr><td class=\"has-text-align-center\" data-align=\"center\">\n<h6><b>PREU P\u00daBLIC (A1, A2, C1, C2.1 i C2.2)<br>o TAXA (B1, B2.1 i B2.2)<\/b><\/h6>\n<\/td><td class=\"has-text-align-center\" data-align=\"center\">\n<h6><b>Fam\u00edlia monoparental<\/b><\/h6>\n<\/td><td class=\"has-text-align-center\" data-align=\"center\">\n<h6><b>Per estudiar un A1, A2, C1, C2.1 o C2.2 simult\u00e0niament amb qualsevol nivell d&#8217;una altra llengua<\/b><\/h6>\n<\/td><td class=\"has-text-align-center\" data-align=\"center\">\n<h6><b>Import a pagar per les dues lleng\u00fces<\/b><\/h6>\n<\/td><\/tr><tr><td class=\"has-text-align-center\" data-align=\"center\">275,00 + 30,00 =&nbsp;<b>305,00 \u20ac<br><\/b>o<br>297,60 + 30,00 =<b><b> 327,60 \u20ac<\/b><\/b><\/td><td class=\"has-text-align-center\" data-align=\"center\">50% de descompte<br>137,50&nbsp;+ 15,00 =&nbsp;<b>152,50 \u20ac<br><\/b>o<br>148,80 + 15,00 = <strong>163,80 \u20ac<\/strong><\/td><td class=\"has-text-align-center\" data-align=\"center\">50% de descompte<br>137,50&nbsp;+ 15,00 =&nbsp;<b>152,50 \u20ac<\/b><\/td><td class=\"has-text-align-center\" data-align=\"center\">152,50 + 0,00 = <strong>152,50 \u20ac<br><\/strong>o<strong><br><\/strong>163,80 + 0,00 =<strong> 163,80 \u20ac<\/strong><\/td><\/tr><\/tbody><\/table><\/figure>\n\n\n\n<p><span style=\"text-decoration: underline;\"><strong><br>Exemple 3:<\/strong><\/span> si un alumne t\u00e9 dret a la <a href=\"https:\/\/agora-eoi.xtec.cat\/eoiolot\/descomptes-gratuitats\/gratuitats\/\" target=\"_blank\" rel=\"noopener\"><span style=\"text-decoration: underline;\">gratu\u00eftat en els nostres estudis<\/span><\/a>, no pagar\u00e0 res tampoc per segones matr\u00edcules o posteriors simult\u00e0nies. Si \u00e9s el teu cas, <strong>no desaprofitis aquesta oportunitat!<\/strong><\/p>\n\n\n\n<h6 class=\"wp-block-heading\">Si no est\u00e0s segur\/a de si tens dret a un descompte o a la gratu\u00eftat total en el pagament, <span style=\"text-decoration: underline;\"><a href=\"https:\/\/agora-eoi.xtec.cat\/eoiolot\/el-servei-educatiu\/contactans\/\" target=\"_blank\" rel=\"noopener\">posa&#8217;t en contacte amb nosaltres i t&#8217;ajudarem<\/a><\/span>.<\/h6>\n\n\n\n<p>&nbsp;<\/p>\n","protected":false},"excerpt":{"rendered":"<p>Els descomptes en els preus p\u00fablics \u2013\u00e9s a dir, pels cursos A1 i A2 (Nivell B\u00e0sic) i C1, C2.1 i [&hellip;]<\/p>\n","protected":false},"author":1,"featured_media":0,"parent":9883,"menu_order":30,"comment_status":"closed","ping_status":"closed","template":"","meta":{"_bbp_topic_count":0,"_bbp_reply_count":0,"_bbp_total_topic_count":0,"_bbp_total_reply_count":0,"_bbp_voice_count":0,"_bbp_anonymous_reply_count":0,"_bbp_topic_count_hidden":0,"_bbp_reply_count_hidden":0,"_bbp_forum_subforum_count":0,"site-sidebar-layout":"default","site-content-layout":"","ast-site-content-layout":"default","site-content-style":"default","site-sidebar-style":"default","ast-global-header-display":"","ast-banner-title-visibility":"","ast-main-header-display":"","ast-hfb-above-header-display":"","ast-hfb-below-header-display":"","ast-hfb-mobile-header-display":"","site-post-title":"","ast-breadcrumbs-content":"","ast-featured-img":"","footer-sml-layout":"","theme-transparent-header-meta":"","adv-header-id-meta":"","stick-header-meta":"","header-above-stick-meta":"","header-main-stick-meta":"","header-below-stick-meta":"","astra-migrate-meta-layouts":"set","ast-page-background-enabled":"default","ast-page-background-meta":{"desktop":{"background-color":"var(--ast-global-color-4)","background-image":"","background-repeat":"repeat","background-position":"center center","background-size":"auto","background-attachment":"scroll","background-type":"","background-media":"","overlay-type":"","overlay-color":"","overlay-opacity":"","overlay-gradient":""},"tablet":{"background-color":"","background-image":"","background-repeat":"repeat","background-position":"center center","background-size":"auto","background-attachment":"scroll","background-type":"","background-media":"","overlay-type":"","overlay-color":"","overlay-opacity":"","overlay-gradient":""},"mobile":{"background-color":"","background-image":"","background-repeat":"repeat","background-position":"center center","background-size":"auto","background-attachment":"scroll","background-type":"","background-media":"","overlay-type":"","overlay-color":"","overlay-opacity":"","overlay-gradient":""}},"ast-content-background-meta":{"desktop":{"background-color":"var(--ast-global-color-5)","background-image":"","background-repeat":"repeat","background-position":"center center","background-size":"auto","background-attachment":"scroll","background-type":"","background-media":"","overlay-type":"","overlay-color":"","overlay-opacity":"","overlay-gradient":""},"tablet":{"background-color":"var(--ast-global-color-5)","background-image":"","background-repeat":"repeat","background-position":"center center","background-size":"auto","background-attachment":"scroll","background-type":"","background-media":"","overlay-type":"","overlay-color":"","overlay-opacity":"","overlay-gradient":""},"mobile":{"background-color":"var(--ast-global-color-5)","background-image":"","background-repeat":"repeat","background-position":"center center","background-size":"auto","background-attachment":"scroll","background-type":"","background-media":"","overlay-type":"","overlay-color":"","overlay-opacity":"","overlay-gradient":""}},"footnotes":""},"class_list":["post-10080","page","type-page","status-publish","hentry"],"post_mailing_queue_ids":[],"_links":{"self":[{"href":"https:\/\/agora-eoi.xtec.cat\/eoiolot\/wp-json\/wp\/v2\/pages\/10080","targetHints":{"allow":["GET"]}}],"collection":[{"href":"https:\/\/agora-eoi.xtec.cat\/eoiolot\/wp-json\/wp\/v2\/pages"}],"about":[{"href":"https:\/\/agora-eoi.xtec.cat\/eoiolot\/wp-json\/wp\/v2\/types\/page"}],"author":[{"embeddable":true,"href":"https:\/\/agora-eoi.xtec.cat\/eoiolot\/wp-json\/wp\/v2\/users\/1"}],"replies":[{"embeddable":true,"href":"https:\/\/agora-eoi.xtec.cat\/eoiolot\/wp-json\/wp\/v2\/comments?post=10080"}],"version-history":[{"count":4,"href":"https:\/\/agora-eoi.xtec.cat\/eoiolot\/wp-json\/wp\/v2\/pages\/10080\/revisions"}],"predecessor-version":[{"id":13594,"href":"https:\/\/agora-eoi.xtec.cat\/eoiolot\/wp-json\/wp\/v2\/pages\/10080\/revisions\/13594"}],"up":[{"embeddable":true,"href":"https:\/\/agora-eoi.xtec.cat\/eoiolot\/wp-json\/wp\/v2\/pages\/9883"}],"wp:attachment":[{"href":"https:\/\/agora-eoi.xtec.cat\/eoiolot\/wp-json\/wp\/v2\/media?parent=10080"}],"curies":[{"name":"wp","href":"https:\/\/api.w.org\/{rel}","templated":true}]}}