{"id":8414,"date":"2016-06-14T14:55:48","date_gmt":"2016-06-14T13:55:48","guid":{"rendered":"http:\/\/agora-eoi.xtec.cat\/eoimollet\/?page_id=8414"},"modified":"2023-09-06T13:28:38","modified_gmt":"2023-09-06T11:28:38","slug":"biblioteca","status":"publish","type":"page","link":"https:\/\/agora-eoi.xtec.cat\/eoimollet\/serveis\/biblioteca\/","title":{"rendered":"Biblioteca"},"content":{"rendered":"\r\n\t<div class=\"slideshow_container slideshow_container_style-light\" style=\"height: 300px; \" data-slideshow-id=\"15355\" data-style-name=\"style-light\" data-style-version=\"2.3.1\" >\r\n\r\n\t\t\t\t\t<div class=\"slideshow_loading_icon\"><\/div>\r\n\t\t\r\n\t\t<div class=\"slideshow_content\" style=\"display: none;\">\r\n\r\n\t\t\t<div class=\"slideshow_view\">\r\n\t\t\t\t<div class=\"slideshow_slide slideshow_slide_image\">\r\n\t\t\t\t\t\t\t\t\t\t\t<img src=\"https:\/\/agora-eoi.xtec.cat\/eoimollet\/wp-content\/uploads\/usu2252\/2023\/09\/biblioentrada.jpg\" alt=\"Entrada Biblioteca\" width=\"1024\" height=\"768\" \/>\r\n\t\t\t\t\t\t\t\t\t\t<div class=\"slideshow_description_box slideshow_transparent\">\r\n\t\t\t\t\t\t<div class=\"slideshow_title\">biblioentrada<\/div>\t\t\t\t\t\t\t\t\t\t\t<\/div>\r\n\t\t\t\t<\/div>\r\n\r\n\t\t\t\t\t\t<div style=\"clear: both;\"><\/div><\/div><div class=\"slideshow_view\">\r\n\t\t\t\t<div class=\"slideshow_slide slideshow_slide_image\">\r\n\t\t\t\t\t\t\t\t\t\t\t<img src=\"https:\/\/agora-eoi.xtec.cat\/eoimollet\/wp-content\/uploads\/usu2252\/2023\/09\/bibliolila2.jpg\" alt=\"Biblioteca Lila\" width=\"1024\" height=\"771\" \/>\r\n\t\t\t\t\t\t\t\t\t\t<div class=\"slideshow_description_box slideshow_transparent\">\r\n\t\t\t\t\t\t<div class=\"slideshow_title\">bibliolila2<\/div>\t\t\t\t\t\t\t\t\t\t\t<\/div>\r\n\t\t\t\t<\/div>\r\n\r\n\t\t\t\t\t\t<div style=\"clear: both;\"><\/div><\/div><div class=\"slideshow_view\">\r\n\t\t\t\t<div class=\"slideshow_slide slideshow_slide_image\">\r\n\t\t\t\t\t\t\t\t\t\t\t<img src=\"https:\/\/agora-eoi.xtec.cat\/eoimollet\/wp-content\/uploads\/usu2252\/2023\/09\/bibliollibres.jpg\" alt=\"bibliollibres\" width=\"1024\" height=\"771\" \/>\r\n\t\t\t\t\t\t\t\t\t\t<div class=\"slideshow_description_box slideshow_transparent\">\r\n\t\t\t\t\t\t<div class=\"slideshow_title\">bibliollibres<\/div>\t\t\t\t\t\t\t\t\t\t\t<\/div>\r\n\t\t\t\t<\/div>\r\n\r\n\t\t\t\t\t\t<div style=\"clear: both;\"><\/div><\/div><div class=\"slideshow_view\">\r\n\t\t\t\t<div class=\"slideshow_slide slideshow_slide_image\">\r\n\t\t\t\t\t\t\t\t\t\t\t<img src=\"https:\/\/agora-eoi.xtec.cat\/eoimollet\/wp-content\/uploads\/usu2252\/2023\/09\/biblionovetats.jpg\" alt=\"biblionovetats\" width=\"1024\" height=\"771\" \/>\r\n\t\t\t\t\t\t\t\t\t\t<div class=\"slideshow_description_box slideshow_transparent\">\r\n\t\t\t\t\t\t<div class=\"slideshow_title\">biblionovetats<\/div>\t\t\t\t\t\t\t\t\t\t\t<\/div>\r\n\t\t\t\t<\/div>\r\n\r\n\t\t\t\t\t\t<div style=\"clear: both;\"><\/div><\/div><div class=\"slideshow_view\">\r\n\t\t\t\t<div class=\"slideshow_slide slideshow_slide_image\">\r\n\t\t\t\t\t\t\t\t\t\t\t<img src=\"https:\/\/agora-eoi.xtec.cat\/eoimollet\/wp-content\/uploads\/usu2252\/2023\/09\/bibliolila.jpg\" alt=\"bibliolila\" width=\"1024\" height=\"771\" \/>\r\n\t\t\t\t\t\t\t\t\t\t<div class=\"slideshow_description_box slideshow_transparent\">\r\n\t\t\t\t\t\t<div class=\"slideshow_title\">bibliolila<\/div>\t\t\t\t\t\t\t\t\t\t\t<\/div>\r\n\t\t\t\t<\/div>\r\n\r\n\t\t\t\t\t\t<div style=\"clear: both;\"><\/div><\/div><div class=\"slideshow_view\">\r\n\t\t\t\t<div class=\"slideshow_slide slideshow_slide_image\">\r\n\t\t\t\t\t\t\t\t\t\t\t<img src=\"https:\/\/agora-eoi.xtec.cat\/eoimollet\/wp-content\/uploads\/usu2252\/2023\/09\/bibliodvds.jpg\" alt=\"bibliodvds\" width=\"1024\" height=\"771\" \/>\r\n\t\t\t\t\t\t\t\t\t\t<div class=\"slideshow_description_box slideshow_transparent\">\r\n\t\t\t\t\t\t<div class=\"slideshow_title\">bibliodvds<\/div>\t\t\t\t\t\t\t\t\t\t\t<\/div>\r\n\t\t\t\t<\/div>\r\n\r\n\t\t\t\t\t\t<div style=\"clear: both;\"><\/div><\/div><div class=\"slideshow_view\">\r\n\t\t\t\t<div class=\"slideshow_slide slideshow_slide_image\">\r\n\t\t\t\t\t\t\t\t\t\t\t<img src=\"https:\/\/agora-eoi.xtec.cat\/eoimollet\/wp-content\/uploads\/usu2252\/2023\/09\/bibliodvds_2.jpg\" alt=\"bibliodvds_2\" width=\"1024\" height=\"771\" \/>\r\n\t\t\t\t\t\t\t\t\t\t<div class=\"slideshow_description_box slideshow_transparent\">\r\n\t\t\t\t\t\t<div class=\"slideshow_title\">bibliodvds_2<\/div>\t\t\t\t\t\t\t\t\t\t\t<\/div>\r\n\t\t\t\t<\/div>\r\n\r\n\t\t\t\t\t\t<div style=\"clear: both;\"><\/div><\/div>\r\n\t\t<\/div>\r\n\r\n\t\t<div class=\"slideshow_controlPanel slideshow_transparent\" style=\"display: none;\"><ul><li class=\"slideshow_togglePlay\" data-play-text=\"Visualitza\" data-pause-text=\"Pausa\"><\/li><\/ul><\/div>\r\n\r\n\t\t<div class=\"slideshow_button slideshow_previous slideshow_transparent\" role=\"button\" data-previous-text=\"Anterior\" style=\"display: none;\"><\/div>\r\n\t\t<div class=\"slideshow_button slideshow_next slideshow_transparent\" role=\"button\" data-next-text=\"Seg\u00fcent\" style=\"display: none;\"><\/div>\r\n\r\n\t\t<div class=\"slideshow_pagination\" style=\"display: none;\" data-go-to-text=\"V\u00e9s a la diapositiva\"><div class=\"slideshow_pagination_center\"><\/div><\/div>\r\n\r\n\t\t<!-- WordPress Slideshow Version 2.3.1 -->\r\n\r\n\t\t\t<\/div>\r\n\r\n\n<p>&nbsp;<\/p>\n<p style=\"text-align: justify;\">La biblioteca de l&#8217;<strong>EOI de Mollet del Vall\u00e8s<\/strong> disposa de <strong>servei de pr\u00e9stec de llibres i DVDs<\/strong>. Hi trobareu llibres, DVDs, revistes en els diferents idiomes que s&#8217;imparteixen a l&#8217;EOI i Wifi per poder navegar sense l\u00edmits.<\/p>\n<p style=\"text-align: justify;\"><span style=\"color: #ff0000;\"><strong>Serveis<\/strong><\/span><\/p>\n<p style=\"text-align: justify;\">El servei de consulta i pr\u00e9stec \u00e9s exclusiu per a l&#8217;alumnat oficial, per al professorat i per al personal de l&#8217;escola. La biblioteca disposa de connexi\u00f3 gratu\u00efta i oberta a internet.<\/p>\n<p style=\"text-align: justify;\"><span style=\"color: #ff0000;\"><strong>Cat\u00e0leg<\/strong><\/span><\/p>\n<p style=\"text-align: justify;\">Podeu consultar el cat\u00e0leg de la biblioteca en aquest\u00a0<a href=\"https:\/\/aplicacions.gestioeducativa.gencat.cat\/epergam\/web\/biblioteca.jsp\" target=\"_blank\" rel=\"noopener noreferrer\">enlla\u00e7<\/a>.<\/p>\n<p>Si voleu informaci\u00f3 sobre la biblioteca violeta cliqueu <a href=\"https:\/\/agora-eoi.xtec.cat\/eoimollet\/arxiu\/bibliotheque-violette-purple-library\/\" target=\"_blank\" rel=\"noopener noreferrer\">aqu\u00ed<\/a>.<\/p>\n<p style=\"text-align: justify;\"><span style=\"color: #ff0000;\"><strong>Normativa de pr\u00e9stec<\/strong><\/span><\/p>\n<p style=\"text-align: justify;\">Per a poder fer \u00fas del servei de pr\u00e9stec, caldr\u00e0 sol\u00b7licitar el llibre a aquesta adre\u00e7a: <span class=\"gI\"><span class=\"qu\" tabindex=\"-1\" role=\"gridcell\"><span class=\"go\">biblioteca@eoimollet.cat<\/span><\/span><\/span><\/p>\n<p style=\"text-align: justify;\">Durada dels pr\u00e9stecs:<\/p>\n<ul style=\"list-style-type: disc;\">\n<li style=\"text-align: justify;\">Llibres i revistes: dues setmanes.<\/li>\n<li style=\"text-align: justify;\">DVDs: una setmana.<\/li>\n<\/ul>\n<p style=\"text-align: justify;\">Quantitat m\u00e0xima de material que es pot endur en pr\u00e9stec: 2 unitats<\/p>\n<p style=\"text-align: justify;\">Queda excl\u00f2s de pr\u00e9stec el material normalment considerat de consulta (diccionaris i altre material de suport a l&#8217;aprenentatge).<\/p>\n<p style=\"text-align: justify;\">Es pot renovar el pr\u00e9stec personalment o b\u00e9 per correu electr\u00f2nic.<\/p>\n<p style=\"text-align: justify;\">Per al bon funcionament del servei de pr\u00e9stec us recordem que cal ser puntual a l&#8217;hora de retornar els documents. Si, per algun motiu no pots retornar el material en el moment que pertoqui, cal avisar la biblioteca al correu electr\u00f2nic seg\u00fcent: biblioteca@eoimollet.cat<\/p>\n<p style=\"text-align: justify;\">La p\u00e8rdua, deteriorament o no retorn del material prestat, implica la seva reposici\u00f3 per part de la persona que l&#8217;hagi perdut.<\/p>\n<p style=\"text-align: justify;\"><span style=\"color: #ff0000;\"><strong>Horari d&#8217;obertura de la biblioteca<\/strong>:<\/span><\/p>\n<p>L&#8217;horari d&#8217;obertura \u00e9s de dilluns a dijous de 17 a 19 hores d&#8217;octubre a maig.<\/p>\n","protected":false},"excerpt":{"rendered":"<p>&nbsp; La biblioteca de l&#8217;EOI de Mollet del Vall\u00e8s disposa de servei de pr\u00e9stec de llibres i DVDs. Hi trobareu llibres, DVDs, revistes en els diferents idiomes que s&#8217;imparteixen a l&#8217;EOI i Wifi per poder navegar sense l\u00edmits. Serveis El servei de consulta i pr\u00e9stec \u00e9s exclusiu per a l&#8217;alumnat oficial, per al professorat i [&hellip;]<\/p>\n","protected":false},"author":1,"featured_media":0,"parent":8411,"menu_order":20,"comment_status":"closed","ping_status":"closed","template":"","meta":{"_bbp_topic_count":0,"_bbp_reply_count":0,"_bbp_total_topic_count":0,"_bbp_total_reply_count":0,"_bbp_voice_count":0,"_bbp_anonymous_reply_count":0,"_bbp_topic_count_hidden":0,"_bbp_reply_count_hidden":0,"_bbp_forum_subforum_count":0,"site-sidebar-layout":"default","site-content-layout":"","ast-site-content-layout":"","site-content-style":"default","site-sidebar-style":"default","ast-global-header-display":"","ast-banner-title-visibility":"","ast-main-header-display":"","ast-hfb-above-header-display":"","ast-hfb-below-header-display":"","ast-hfb-mobile-header-display":"","site-post-title":"","ast-breadcrumbs-content":"","ast-featured-img":"","footer-sml-layout":"","theme-transparent-header-meta":"","adv-header-id-meta":"","stick-header-meta":"","header-above-stick-meta":"","header-main-stick-meta":"","header-below-stick-meta":"","astra-migrate-meta-layouts":"default","ast-page-background-enabled":"default","ast-page-background-meta":{"desktop":{"background-color":"var(--ast-global-color-4)","background-image":"","background-repeat":"repeat","background-position":"center center","background-size":"auto","background-attachment":"scroll","background-type":"","background-media":"","overlay-type":"","overlay-color":"","overlay-opacity":"","overlay-gradient":""},"tablet":{"background-color":"","background-image":"","background-repeat":"repeat","background-position":"center center","background-size":"auto","background-attachment":"scroll","background-type":"","background-media":"","overlay-type":"","overlay-color":"","overlay-opacity":"","overlay-gradient":""},"mobile":{"background-color":"","background-image":"","background-repeat":"repeat","background-position":"center center","background-size":"auto","background-attachment":"scroll","background-type":"","background-media":"","overlay-type":"","overlay-color":"","overlay-opacity":"","overlay-gradient":""}},"ast-content-background-meta":{"desktop":{"background-color":"var(--ast-global-color-5)","background-image":"","background-repeat":"repeat","background-position":"center center","background-size":"auto","background-attachment":"scroll","background-type":"","background-media":"","overlay-type":"","overlay-color":"","overlay-opacity":"","overlay-gradient":""},"tablet":{"background-color":"var(--ast-global-color-5)","background-image":"","background-repeat":"repeat","background-position":"center center","background-size":"auto","background-attachment":"scroll","background-type":"","background-media":"","overlay-type":"","overlay-color":"","overlay-opacity":"","overlay-gradient":""},"mobile":{"background-color":"var(--ast-global-color-5)","background-image":"","background-repeat":"repeat","background-position":"center center","background-size":"auto","background-attachment":"scroll","background-type":"","background-media":"","overlay-type":"","overlay-color":"","overlay-opacity":"","overlay-gradient":""}},"footnotes":""},"class_list":["post-8414","page","type-page","status-publish","hentry"],"post_mailing_queue_ids":[],"_links":{"self":[{"href":"https:\/\/agora-eoi.xtec.cat\/eoimollet\/wp-json\/wp\/v2\/pages\/8414","targetHints":{"allow":["GET"]}}],"collection":[{"href":"https:\/\/agora-eoi.xtec.cat\/eoimollet\/wp-json\/wp\/v2\/pages"}],"about":[{"href":"https:\/\/agora-eoi.xtec.cat\/eoimollet\/wp-json\/wp\/v2\/types\/page"}],"author":[{"embeddable":true,"href":"https:\/\/agora-eoi.xtec.cat\/eoimollet\/wp-json\/wp\/v2\/users\/1"}],"replies":[{"embeddable":true,"href":"https:\/\/agora-eoi.xtec.cat\/eoimollet\/wp-json\/wp\/v2\/comments?post=8414"}],"version-history":[{"count":4,"href":"https:\/\/agora-eoi.xtec.cat\/eoimollet\/wp-json\/wp\/v2\/pages\/8414\/revisions"}],"predecessor-version":[{"id":15356,"href":"https:\/\/agora-eoi.xtec.cat\/eoimollet\/wp-json\/wp\/v2\/pages\/8414\/revisions\/15356"}],"up":[{"embeddable":true,"href":"https:\/\/agora-eoi.xtec.cat\/eoimollet\/wp-json\/wp\/v2\/pages\/8411"}],"wp:attachment":[{"href":"https:\/\/agora-eoi.xtec.cat\/eoimollet\/wp-json\/wp\/v2\/media?parent=8414"}],"curies":[{"name":"wp","href":"https:\/\/api.w.org\/{rel}","templated":true}]}}