{"id":8229,"date":"2016-06-13T10:38:34","date_gmt":"2016-06-13T09:38:34","guid":{"rendered":"http:\/\/agora-eoi.xtec.cat\/eoimollet\/?page_id=8229"},"modified":"2019-11-03T20:29:56","modified_gmt":"2019-11-03T19:29:56","slug":"horaris","status":"publish","type":"page","link":"https:\/\/agora-eoi.xtec.cat\/eoimollet\/https-agora-eoi-xtec-cat-eoimollet-categoria-angles\/horaris\/","title":{"rendered":"Horaris i professorat"},"content":{"rendered":"<h3><\/h3>\n<table style=\"width: 776px;\">\n<tbody>\n<tr style=\"height: 45px;\">\n<td style=\"width: 394.444px; height: 45px; text-align: center;\"><strong>dilluns de 16:00 a 18:30 <\/strong><strong>i\u00a0<\/strong><strong>\u00a0dimecres de 16:00 a 18:15<\/strong><\/td>\n<td style=\"width: 377.778px; height: 45px; text-align: center;\"><strong>dimarts de 16:00 a 18:30 <\/strong><strong>i <\/strong><strong>dijous\u00a0 de 16:00 a 18:15<\/strong><\/td>\n<\/tr>\n<tr style=\"height: 60px;\">\n<td style=\"width: 394.444px; height: 60px; text-align: center;\">1r d&#8217;angl\u00e8s A1<\/p>\n<p>2n d&#8217;angl\u00e8s A2<\/p>\n<p>3r d&#8217;angl\u00e8s B1<\/td>\n<td style=\"width: 377.778px; height: 60px; text-align: center;\">3r d&#8217;angl\u00e8s B1<\/p>\n<p>4t d&#8217;angl\u00e8s B2.1<\/p>\n<p>5\u00e8 d\u2019angl\u00e8s B2.2 Semipresencial (<em>Dm Presencial \/ Dj online)<\/em><\/td>\n<\/tr>\n<tr style=\"height: 45px;\">\n<td style=\"width: 394.444px; height: 45px; text-align: center;\"><strong>dilluns de 18:45 a 21:00 i\u00a0<\/strong><strong>\u00a0dimecres de 18:30 a 21:00<\/strong><\/td>\n<td style=\"width: 377.778px; height: 45px; text-align: center;\"><strong>dimarts de 18:45 a 21:00 i <\/strong><strong>dijous\u00a0 de 18:30 a 21:00<\/strong><\/td>\n<\/tr>\n<tr style=\"height: 74px;\">\n<td style=\"width: 394.444px; height: 74px; text-align: center;\">1r d&#8217;angl\u00e8s A1<\/p>\n<p>2n d&#8217;angl\u00e8s A2<\/p>\n<p>3r d&#8217;angl\u00e8s B1<\/td>\n<td style=\"width: 377.778px; height: 74px; text-align: center;\">2n d&#8217;angl\u00e8s A2<\/p>\n<p>4t d&#8217;angl\u00e8s B2.1<\/p>\n<p>5\u00e8 d\u2019angl\u00e8s B2.2<\/p>\n<p>C1 d&#8217;angl\u00e8s<\/td>\n<\/tr>\n<\/tbody>\n<\/table>\n<h3><\/h3>\n<h3>Horaris d\u2019atenci\u00f3 als alumnes<strong><br \/>\n<\/strong><\/h3>\n<p>\u200b<\/p>\n<table style=\"width: 515px; height: 567px;\">\n<tbody>\n<tr style=\"height: 30px;\">\n<td style=\"text-align: center; width: 56px; height: 72px;\"><img decoding=\"async\" src=\"https:\/\/agora-eoi.xtec.cat\/eoimollet\/wp-content\/uploads\/usu2252\/avatars\/1\/5a8c3c5c817bb-bpfull.jpg\" alt=\"Imatge del perfil de admin\" \/><\/td>\n<td style=\"width: 113.333px; height: 72px; text-align: center;\">1r angl\u00e8s<\/td>\n<td style=\"width: 160px; height: 72px; text-align: center;\"><a href=\"mailto:lviader@xtec.cat\">Laura Viader<\/a> \/\u00a0<a href=\"mailto:dherna20@xtec.cat\" target=\"_blank\" rel=\"noopener noreferrer\">Daniel Hern\u00e1ndez\u00a0<\/a><\/td>\n<td style=\"width: 178.667px; height: 72px; text-align: center;\">dimecres: 15:00-16:00<\/td>\n<\/tr>\n<tr style=\"height: 68px;\">\n<td style=\"width: 56px; height: 68px; text-align: center;\"><img decoding=\"async\" src=\"https:\/\/agora-eoi.xtec.cat\/eoimollet\/wp-content\/uploads\/usu2252\/avatars\/4\/5c1b5923b0697-bpfull.jpg\" alt=\"Imatge del perfil de ALBERTO\" \/><\/td>\n<td style=\"width: 113.333px; height: 68px; text-align: center;\">2n angl\u00e8s<\/td>\n<td style=\"width: 160px; height: 68px; text-align: center;\"><a href=\"mailto:alope278@xtec.cat\" target=\"_blank\" rel=\"noopener noreferrer\">Albert Lopez<\/a><\/td>\n<td style=\"width: 178.667px; height: 68px; text-align: center;\">dimecres i dijous 15:00-16:00<\/td>\n<\/tr>\n<tr style=\"height: 74px;\">\n<td style=\"width: 56px; height: 74px; text-align: center;\"><img decoding=\"async\" src=\"https:\/\/agora-eoi.xtec.cat\/eoimollet\/wp-content\/uploads\/usu2252\/avatars\/3\/5d2f014202f6b-bpfull.jpg\" alt=\"Imatge del perfil de CARME ROIG PAPIOL\" \/><\/td>\n<td style=\"width: 113.333px; height: 74px; text-align: center;\">3r angl\u00e8s<\/td>\n<td style=\"width: 160px; height: 74px; text-align: center;\"><a href=\"mailto:croig@xtec.cat\">Carme Roig<\/a><\/td>\n<td style=\"width: 178.667px; height: 74px; text-align: center;\">dimecres\u00a015:00-16:00<\/td>\n<\/tr>\n<tr style=\"height: 74px;\">\n<td style=\"width: 56px; height: 74px; text-align: center;\"><img loading=\"lazy\" decoding=\"async\" src=\"http:\/\/agora-eoi.xtec.cat\/eoimollet\/wp-content\/uploads\/usu2252\/avatars\/7\/5a8d3dad1aa7f-bpfull.jpg\" alt=\"Imatge del perfil de Natalia Nefedova\" width=\"60\" height=\"60\" \/><\/td>\n<td style=\"width: 113.333px; height: 74px; text-align: center;\">3r angl\u00e8s C<\/td>\n<td style=\"width: 160px; height: 74px; text-align: center;\"><a href=\"mailto:nnefedov@xtec.cat\">Natalia Nefedova<\/a><\/td>\n<td style=\"width: 178.667px; height: 74px; text-align: center;\">dimarts 15:00-16:00<\/td>\n<\/tr>\n<tr style=\"height: 68px;\">\n<td style=\"width: 56px; height: 68px; text-align: center;\">\u00a0<img loading=\"lazy\" decoding=\"async\" class=\"alignnone wp-image-11286\" style=\"font-size: 16px; text-align: start;\" src=\"https:\/\/agora-eoi.xtec.cat\/eoimollet\/wp-content\/uploads\/usu2252\/2019\/09\/IMG_0692mira-1024x1024.jpg\" alt=\"\" width=\"46\" height=\"46\" \/><\/td>\n<td style=\"width: 113.333px; height: 68px; text-align: center;\">4t angl\u00e8s<\/td>\n<td style=\"width: 160px; height: 68px; text-align: center;\"><a href=\"mailto:lviader@xtec.cat\">Laura Viader<\/a>\u00a0\/ <a href=\"mailto:msurbato@xtec.cat\">Mira Surbatovic<\/a><\/td>\n<td style=\"width: 178.667px; height: 68px; text-align: center;\">dijous 15:00-16:00<\/td>\n<\/tr>\n<tr style=\"height: 44px;\">\n<td style=\"width: 56px; height: 44px; text-align: center;\"><a href=\"http:\/\/agora-eoi.xtec.cat\/eoimollet\/wp-content\/uploads\/usu2252\/2016\/06\/a33497d6-6ef1-4493-bc51-5e8425ee85c9.jpg\"><img loading=\"lazy\" decoding=\"async\" class=\"alignnone wp-image-10537\" src=\"http:\/\/agora-eoi.xtec.cat\/eoimollet\/wp-content\/uploads\/usu2252\/2016\/06\/a33497d6-6ef1-4493-bc51-5e8425ee85c9.jpg\" alt=\"\" width=\"54\" height=\"64\" \/><\/a><\/td>\n<td style=\"width: 113.333px; height: 44px; text-align: center;\">5\u00e8 A angl\u00e8s semipresencial<\/td>\n<td style=\"width: 160px; height: 44px; text-align: center;\"><a href=\"mailto:dherna20@xtec.cat\" target=\"_blank\" rel=\"noopener noreferrer\">Daniel Hern\u00e1ndez<\/a><\/td>\n<td style=\"width: 178.667px; height: 44px; text-align: center;\">dijous: 15:00-16:00<\/td>\n<\/tr>\n<tr style=\"height: 93px;\">\n<td style=\"width: 56px; height: 93px; text-align: center;\"><a href=\"http:\/\/agora-eoi.xtec.cat\/eoimollet\/wp-content\/uploads\/usu2252\/2016\/06\/a33497d6-6ef1-4493-bc51-5e8425ee85c9.jpg\"><img loading=\"lazy\" decoding=\"async\" class=\"alignnone wp-image-10537\" src=\"http:\/\/agora-eoi.xtec.cat\/eoimollet\/wp-content\/uploads\/usu2252\/2016\/06\/a33497d6-6ef1-4493-bc51-5e8425ee85c9.jpg\" alt=\"\" width=\"54\" height=\"64\" \/><\/a><\/td>\n<td style=\"width: 113.333px; height: 93px; text-align: center;\">5\u00e8 B angl\u00e8s<\/td>\n<td style=\"width: 160px; height: 93px; text-align: center;\"><a href=\"mailto:dherna20@xtec.cat\" target=\"_blank\" rel=\"noopener noreferrer\">Daniel Hern\u00e1ndez<\/a><\/td>\n<td style=\"width: 178.667px; height: 93px; text-align: center;\">dijous: 15:00-16:00<\/td>\n<\/tr>\n<tr style=\"height: 74px;\">\n<td style=\"width: 56px; height: 74px; text-align: center;\"><img loading=\"lazy\" decoding=\"async\" src=\"http:\/\/agora-eoi.xtec.cat\/eoimollet\/wp-content\/uploads\/usu2252\/avatars\/7\/5a8d3dad1aa7f-bpfull.jpg\" alt=\"Imatge del perfil de Natalia Nefedova\" width=\"60\" height=\"60\" \/><\/td>\n<td style=\"width: 113.333px; height: 74px; text-align: center;\">C1 angl\u00e8s<\/td>\n<td style=\"width: 160px; height: 74px; text-align: center;\"><a href=\"mailto:nnefedov@xtec.cat\">Natalia Nefedova<\/a><\/td>\n<td style=\"width: 178.667px; height: 74px; text-align: center;\">dimarts 15:00-16:00<\/td>\n<\/tr>\n<\/tbody>\n<\/table>\n<p>&nbsp;<\/p>\n<p>&nbsp;<\/p>\n","protected":false},"excerpt":{"rendered":"<p>dilluns de 16:00 a 18:30 i\u00a0\u00a0dimecres de 16:00 a 18:15 dimarts de 16:00 a 18:30 i dijous\u00a0 de 16:00 a 18:15 1r d&#8217;angl\u00e8s A1 2n d&#8217;angl\u00e8s A2 3r d&#8217;angl\u00e8s B1 3r d&#8217;angl\u00e8s B1 4t d&#8217;angl\u00e8s B2.1 5\u00e8 d\u2019angl\u00e8s B2.2 Semipresencial (Dm Presencial \/ Dj online) dilluns de 18:45 a 21:00 i\u00a0\u00a0dimecres de 18:30 a 21:00 [&hellip;]<\/p>\n","protected":false},"author":1,"featured_media":0,"parent":8189,"menu_order":0,"comment_status":"closed","ping_status":"closed","template":"page-templates\/side-menu.php","meta":{"_bbp_topic_count":0,"_bbp_reply_count":0,"_bbp_total_topic_count":0,"_bbp_total_reply_count":0,"_bbp_voice_count":0,"_bbp_anonymous_reply_count":0,"_bbp_topic_count_hidden":0,"_bbp_reply_count_hidden":0,"_bbp_forum_subforum_count":0,"site-sidebar-layout":"default","site-content-layout":"","ast-site-content-layout":"","site-content-style":"default","site-sidebar-style":"default","ast-global-header-display":"","ast-banner-title-visibility":"","ast-main-header-display":"","ast-hfb-above-header-display":"","ast-hfb-below-header-display":"","ast-hfb-mobile-header-display":"","site-post-title":"","ast-breadcrumbs-content":"","ast-featured-img":"","footer-sml-layout":"","theme-transparent-header-meta":"","adv-header-id-meta":"","stick-header-meta":"","header-above-stick-meta":"","header-main-stick-meta":"","header-below-stick-meta":"","astra-migrate-meta-layouts":"default","ast-page-background-enabled":"default","ast-page-background-meta":{"desktop":{"background-color":"var(--ast-global-color-4)","background-image":"","background-repeat":"repeat","background-position":"center center","background-size":"auto","background-attachment":"scroll","background-type":"","background-media":"","overlay-type":"","overlay-color":"","overlay-opacity":"","overlay-gradient":""},"tablet":{"background-color":"","background-image":"","background-repeat":"repeat","background-position":"center center","background-size":"auto","background-attachment":"scroll","background-type":"","background-media":"","overlay-type":"","overlay-color":"","overlay-opacity":"","overlay-gradient":""},"mobile":{"background-color":"","background-image":"","background-repeat":"repeat","background-position":"center center","background-size":"auto","background-attachment":"scroll","background-type":"","background-media":"","overlay-type":"","overlay-color":"","overlay-opacity":"","overlay-gradient":""}},"ast-content-background-meta":{"desktop":{"background-color":"var(--ast-global-color-5)","background-image":"","background-repeat":"repeat","background-position":"center center","background-size":"auto","background-attachment":"scroll","background-type":"","background-media":"","overlay-type":"","overlay-color":"","overlay-opacity":"","overlay-gradient":""},"tablet":{"background-color":"var(--ast-global-color-5)","background-image":"","background-repeat":"repeat","background-position":"center center","background-size":"auto","background-attachment":"scroll","background-type":"","background-media":"","overlay-type":"","overlay-color":"","overlay-opacity":"","overlay-gradient":""},"mobile":{"background-color":"var(--ast-global-color-5)","background-image":"","background-repeat":"repeat","background-position":"center center","background-size":"auto","background-attachment":"scroll","background-type":"","background-media":"","overlay-type":"","overlay-color":"","overlay-opacity":"","overlay-gradient":""}},"footnotes":""},"class_list":["post-8229","page","type-page","status-publish","hentry"],"post_mailing_queue_ids":[],"_links":{"self":[{"href":"https:\/\/agora-eoi.xtec.cat\/eoimollet\/wp-json\/wp\/v2\/pages\/8229","targetHints":{"allow":["GET"]}}],"collection":[{"href":"https:\/\/agora-eoi.xtec.cat\/eoimollet\/wp-json\/wp\/v2\/pages"}],"about":[{"href":"https:\/\/agora-eoi.xtec.cat\/eoimollet\/wp-json\/wp\/v2\/types\/page"}],"author":[{"embeddable":true,"href":"https:\/\/agora-eoi.xtec.cat\/eoimollet\/wp-json\/wp\/v2\/users\/1"}],"replies":[{"embeddable":true,"href":"https:\/\/agora-eoi.xtec.cat\/eoimollet\/wp-json\/wp\/v2\/comments?post=8229"}],"version-history":[{"count":8,"href":"https:\/\/agora-eoi.xtec.cat\/eoimollet\/wp-json\/wp\/v2\/pages\/8229\/revisions"}],"predecessor-version":[{"id":11281,"href":"https:\/\/agora-eoi.xtec.cat\/eoimollet\/wp-json\/wp\/v2\/pages\/8229\/revisions\/11281"}],"up":[{"embeddable":true,"href":"https:\/\/agora-eoi.xtec.cat\/eoimollet\/wp-json\/wp\/v2\/pages\/8189"}],"wp:attachment":[{"href":"https:\/\/agora-eoi.xtec.cat\/eoimollet\/wp-json\/wp\/v2\/media?parent=8229"}],"curies":[{"name":"wp","href":"https:\/\/api.w.org\/{rel}","templated":true}]}}