{"id":8153,"date":"2016-06-08T16:43:37","date_gmt":"2016-06-08T15:43:37","guid":{"rendered":"http:\/\/agora-eoi.xtec.cat\/eoimollet\/?page_id=8153"},"modified":"2021-05-31T09:07:57","modified_gmt":"2021-05-31T07:07:57","slug":"cursos-intensius-destiu","status":"publish","type":"page","link":"https:\/\/agora-eoi.xtec.cat\/eoimollet\/cursos\/cursos-intensius-destiu\/","title":{"rendered":"Cursos intensius d&#8217;estiu"},"content":{"rendered":"<p style=\"text-align: center;\">\n<p><strong>Descripci\u00f3<\/strong><\/p>\n<p>Els cursos intensius s\u00f3n cursos amb un enfocament principalment comunicatiu dissenyats per fomentar l\u2019adquisici\u00f3 i pr\u00e0ctica de la llengua en situacions quotidianes.<\/p>\n<p><strong>Durada i Horari<\/strong><\/p>\n<p>Cursos de <strong>60 hores<\/strong>.<\/p>\n<p><strong>Cursos <\/strong><\/p>\n<p><strong>Angl\u00e8s<\/strong>: De 1r a 5\u00e8<\/p>\n<p><strong>Franc\u00e8s<\/strong>: De 1r a 5\u00e8 &#8211; Curs Especial Batxibac (nivell de 3r)<\/p>\n<p>De <strong>12 a 20 alumnes per grup<\/strong>. L\u2019escola es reserva el dret d\u2019anul\u00b7lar un curs en cas que no s\u2019arribi al m\u00ednim d\u2019alumnes establert. En aquest cas, es retornar\u00e0 \u00edntegrament l\u2019import de la matr\u00edcula.<\/p>\n<p>Edat m\u00ednima: 14 anys complerts durant l&#8217;any que s&#8217;ofereix el curs.<\/p>\n<p><strong>Preu<\/strong><\/p>\n<p>S&#8217;informaran en el moment en qu\u00e8 s&#8217;ofereix el curs<strong>.<\/strong>\u00a0Un cop formalitzada la matr\u00edcula no es retornaran les taxes.<\/p>\n<p>Les persones que efectu\u00efn una matr\u00edcula amb bonificaci\u00f3 total o parcial a algun dels nostres cursos d\u2019estiu hauran d\u2019abonar 20 euros en concepte de materials i \u00fas de les instal\u00b7lacions.<\/p>\n<p><strong>Test de nivell<\/strong><\/p>\n<p>Aquells estudiants que no puguin acreditar el seu nivell mitjan\u00e7ant un certificat hauran de realitzar un <strong>Test de nivell obligatori<\/strong>. la data del qual es publicar\u00e0 al web de l\u2019escola pr\u00f2ximament. Es recorda que els test de nivell serveixen exclusivament per als cursos d\u2019estiu de l\u2019EOI de Mollet del Vall\u00e8s i que <strong>no es faran certificats d\u2019acreditaci\u00f3 de nivell<\/strong>.<\/p>\n<p><strong>Matr\u00edcula<\/strong><\/p>\n<p>Tindr\u00e0 lloc <strong>a la secretaria de l\u2019escola<\/strong>, <strong>sense sorteig previ<\/strong>, per ordre d&#8217;arribada fins a cobrir les places disponibles.<\/p>\n<p>Per formalitzar la matr\u00edcula, els menors d&#8217;edat han de venir acompanyats pel pare, mare o tutor legal.<\/p>\n<p><strong>Documentaci\u00f3 per a la matr\u00edcula<\/strong><\/p>\n<ul>\n<li>Fotoc\u00f2pia del DNI o passaport de l&#8217;alumne<\/li>\n<li>Fotoc\u00f2pia del DNI o passaport del pare, mare o tutor legal, en cas que l&#8217;alumne sigui menor d&#8217;edat.<\/li>\n<li>Fotoc\u00f2pia del certificat de nivell de l&#8217;idioma, en cas de no realitzar el test de nivell.<\/li>\n<li>Fotoc\u00f2pia del document acreditatiu del dret a matr\u00edcula amb bonificaci\u00f3 total o parcial.<\/li>\n<\/ul>\n<p><strong>Certificat<\/strong><\/p>\n<p>Els alumnes que superin el curs amb una assist\u00e8ncia m\u00ednima del 80% de les hores lectives obtindran un <strong>certificat acreditatiu del nivell corresponent<\/strong>. Aquests cursos estan reconeguts pel Departament d&#8217;Educaci\u00f3. Algunes universitats de Catalunya els reconeixen com a <strong>cr\u00e8dits de lliure elecci\u00f3<\/strong>. Adreceu-vos a les secretaries de les vostres facultats per confirmar-ne el reconeixement.<\/p>\n<p>Cal recordar que <strong>aquests certificats no equivalen als cursos reglats d&#8217;EOI <\/strong>ni garanteixen pla\u00e7a com a alumne oficial el curs seg\u00fcent.<\/p>\n","protected":false},"excerpt":{"rendered":"<p>Descripci\u00f3 Els cursos intensius s\u00f3n cursos amb un enfocament principalment comunicatiu dissenyats per fomentar l\u2019adquisici\u00f3 i pr\u00e0ctica de la llengua en situacions quotidianes. Durada i Horari Cursos de 60 hores. Cursos Angl\u00e8s: De 1r a 5\u00e8 Franc\u00e8s: De 1r a 5\u00e8 &#8211; Curs Especial Batxibac (nivell de 3r) De 12 a 20 alumnes per grup. [&hellip;]<\/p>\n","protected":false},"author":1,"featured_media":0,"parent":8149,"menu_order":20,"comment_status":"closed","ping_status":"closed","template":"","meta":{"_bbp_topic_count":0,"_bbp_reply_count":0,"_bbp_total_topic_count":0,"_bbp_total_reply_count":0,"_bbp_voice_count":0,"_bbp_anonymous_reply_count":0,"_bbp_topic_count_hidden":0,"_bbp_reply_count_hidden":0,"_bbp_forum_subforum_count":0,"site-sidebar-layout":"default","site-content-layout":"","ast-site-content-layout":"","site-content-style":"default","site-sidebar-style":"default","ast-global-header-display":"","ast-banner-title-visibility":"","ast-main-header-display":"","ast-hfb-above-header-display":"","ast-hfb-below-header-display":"","ast-hfb-mobile-header-display":"","site-post-title":"","ast-breadcrumbs-content":"","ast-featured-img":"","footer-sml-layout":"","theme-transparent-header-meta":"","adv-header-id-meta":"","stick-header-meta":"","header-above-stick-meta":"","header-main-stick-meta":"","header-below-stick-meta":"","astra-migrate-meta-layouts":"default","ast-page-background-enabled":"default","ast-page-background-meta":{"desktop":{"background-color":"var(--ast-global-color-4)","background-image":"","background-repeat":"repeat","background-position":"center center","background-size":"auto","background-attachment":"scroll","background-type":"","background-media":"","overlay-type":"","overlay-color":"","overlay-opacity":"","overlay-gradient":""},"tablet":{"background-color":"","background-image":"","background-repeat":"repeat","background-position":"center center","background-size":"auto","background-attachment":"scroll","background-type":"","background-media":"","overlay-type":"","overlay-color":"","overlay-opacity":"","overlay-gradient":""},"mobile":{"background-color":"","background-image":"","background-repeat":"repeat","background-position":"center center","background-size":"auto","background-attachment":"scroll","background-type":"","background-media":"","overlay-type":"","overlay-color":"","overlay-opacity":"","overlay-gradient":""}},"ast-content-background-meta":{"desktop":{"background-color":"var(--ast-global-color-5)","background-image":"","background-repeat":"repeat","background-position":"center center","background-size":"auto","background-attachment":"scroll","background-type":"","background-media":"","overlay-type":"","overlay-color":"","overlay-opacity":"","overlay-gradient":""},"tablet":{"background-color":"var(--ast-global-color-5)","background-image":"","background-repeat":"repeat","background-position":"center center","background-size":"auto","background-attachment":"scroll","background-type":"","background-media":"","overlay-type":"","overlay-color":"","overlay-opacity":"","overlay-gradient":""},"mobile":{"background-color":"var(--ast-global-color-5)","background-image":"","background-repeat":"repeat","background-position":"center center","background-size":"auto","background-attachment":"scroll","background-type":"","background-media":"","overlay-type":"","overlay-color":"","overlay-opacity":"","overlay-gradient":""}},"footnotes":""},"class_list":["post-8153","page","type-page","status-publish","hentry"],"post_mailing_queue_ids":[],"_links":{"self":[{"href":"https:\/\/agora-eoi.xtec.cat\/eoimollet\/wp-json\/wp\/v2\/pages\/8153","targetHints":{"allow":["GET"]}}],"collection":[{"href":"https:\/\/agora-eoi.xtec.cat\/eoimollet\/wp-json\/wp\/v2\/pages"}],"about":[{"href":"https:\/\/agora-eoi.xtec.cat\/eoimollet\/wp-json\/wp\/v2\/types\/page"}],"author":[{"embeddable":true,"href":"https:\/\/agora-eoi.xtec.cat\/eoimollet\/wp-json\/wp\/v2\/users\/1"}],"replies":[{"embeddable":true,"href":"https:\/\/agora-eoi.xtec.cat\/eoimollet\/wp-json\/wp\/v2\/comments?post=8153"}],"version-history":[{"count":5,"href":"https:\/\/agora-eoi.xtec.cat\/eoimollet\/wp-json\/wp\/v2\/pages\/8153\/revisions"}],"predecessor-version":[{"id":13473,"href":"https:\/\/agora-eoi.xtec.cat\/eoimollet\/wp-json\/wp\/v2\/pages\/8153\/revisions\/13473"}],"up":[{"embeddable":true,"href":"https:\/\/agora-eoi.xtec.cat\/eoimollet\/wp-json\/wp\/v2\/pages\/8149"}],"wp:attachment":[{"href":"https:\/\/agora-eoi.xtec.cat\/eoimollet\/wp-json\/wp\/v2\/media?parent=8153"}],"curies":[{"name":"wp","href":"https:\/\/api.w.org\/{rel}","templated":true}]}}