{"id":16551,"date":"2026-01-26T09:40:37","date_gmt":"2026-01-26T08:40:37","guid":{"rendered":"https:\/\/agora-eoi.xtec.cat\/eoimollet\/?page_id=16551"},"modified":"2026-02-25T09:53:48","modified_gmt":"2026-02-25T08:53:48","slug":"convocatories-i-acords-presos-al-consell-escolar","status":"publish","type":"page","link":"https:\/\/agora-eoi.xtec.cat\/eoimollet\/convocatories-i-acords-presos-al-consell-escolar\/","title":{"rendered":"Convocat\u00f2ries i acords presos al consell escolar"},"content":{"rendered":"\n<figure class=\"wp-block-table is-style-stripes\"><table class=\"has-fixed-layout\"><tbody><tr><td><strong>Data<\/strong><\/td><td><strong>Ordre del dia<\/strong><\/td><td><strong>Acords presos<\/strong><\/td><\/tr><tr><td>20 de febrer de 2026<\/td><td>1. Aprovaci\u00f3 de l&#8217;acta de la reuni\u00f3 anterior.<br>2. Liquidaci\u00f3 del pressupost 2025.<br>3. Torn obert de paraules.<\/td><td>S\u2019aprova la liquidaci\u00f3 del pressupost 2025<\/td><\/tr><tr><td>16 de gener de 2026<\/td><td>1. Lectura i aprovaci\u00f3 de l&#8217;acta de la reuni\u00f3 anterior.<br>2. Presentaci\u00f3 del Pressupost Anual de \u2019any 2026.<br>3. Torn obert de paraules.<\/td><td>S\u2019aprova el pressupost de l\u2019any 2026<\/td><\/tr><tr><td>26 de setembre de 2025<\/td><td>1. Lectura i aprovaci\u00f3 de l&#8217;acta de la reuni\u00f3 anterior.<br>2. Informaci\u00f3 sobre els processos de preinscripci\u00f3 i matr\u00edcula.<br>3. Presentaci\u00f3 de la Mem\u00f2ria Anual 2024-2025.<br>4. Presentaci\u00f3 de la Programaci\u00f3 General Anual 2025-2026.<br>5. Torn obert de paraules.<\/td><td>S\u2019acorda la modificaci\u00f3 en la partida d\u2019inversions en aplicacions inform\u00e0tiques del pressupost de 2025 amb el concepte \u201cmillora de la infraestructura digital i del cablejat\u201d.<\/td><\/tr><tr><td>27 de juny de 2025<\/td><td>1. Aprovaci\u00f3 de l&#8217;acta de la reuni\u00f3 anterior.<br>2. Aprovaci\u00f3 del calendari escolar per al curs dels 2025-2026.<br>3. Aprovaci\u00f3 del marc horari pel curs 2025-2026.<br>4. Informaci\u00f3 del calendari de matr\u00edcula d&#8217;antics alumnes i nous alumnes.<br>5. Valoraci\u00f3 global del curs 2025-2026.<br>6. Nova normativa reguladora dels consells escolars.<br>7. Proposta de modificaci\u00f3 del Normes d\u2019Organitzaci\u00f3 i Funcionament de Centre.<br>8. Proposta de modificaci\u00f3 del Projecte Educatiu de Centre.<br>9. Torn obert de paraula.<\/td><td>1. S\u2019aprova el calendari escolar pel curs 2025-2026.<br>2. S\u2019aprova el marc horari pel curs 2025-2026.<br>3. S\u2019aprova la proposta de modificaci\u00f3 del Normes d\u2019Organitzaci\u00f3 i Funcionament de Centre.<br>4, S\u2019aprova la proposta de modificaci\u00f3 del Projecte Educatiu de Centre.<\/td><\/tr><tr><td>21 de febrer de 2025<\/td><td>1. Aprovaci\u00f3 de l&#8217;acta de la reuni\u00f3 anterior.<br>2. Liquidaci\u00f3 del pressupost 2024.<br>3. Torn obert de paraules.<\/td><td>S\u2019aprova la liquidaci\u00f3 del pressupost de l \u2018any 2024.<\/td><\/tr><tr><td>24 de gener de 2025<\/td><td>1. Lectura i aprovaci\u00f3 de l&#8217;acta de la reuni\u00f3 anterior.<br>2. Presentaci\u00f3 i aprovaci\u00f3 del pressupost per l\u2019any 2024.<br>3. Torn obert de paraules.<\/td><td>S\u2019aprova el pressupost per l\u2019any 2024<\/td><\/tr><tr><td>04 d\u2019octubre de 2024<\/td><td>1. Lectura i aprovaci\u00f3 de l&#8217;acta de la reuni\u00f3 anterior.<br>2. Informaci\u00f3 sobre els processos de preinscripci\u00f3 i matr\u00edcula.<br>3. Presentaci\u00f3 dels objectius anuals de l\u2019Estrat\u00e8gia Digital de Centre.<br>4. Presentaci\u00f3 de la Mem\u00f2ria Anual 2023-2024.<br>5. Presentaci\u00f3 de la Programaci\u00f3 General Anual 2024-2025.<br>6. Torn obert de paraules.<\/td><td>S\u2019acorden els objectius anuals per a curs 2024-2025.<\/td><\/tr><tr><td>28 de juny de 2024<\/td><td>1. Aprovaci\u00f3 de l&#8217;acta de la reuni\u00f3 anterior.<br>2. Aprovaci\u00f3 del calendari escolar per a curs 2024-2025.<br>3. Aprovaci\u00f3 del marc horari per a curs 2024-2025.<br>4. Informaci\u00f3 i calendari de matr\u00edcula d\u2019antics i nous alumnes pel curs 2024-2025.<br>5. Valoraci\u00f3 global del curs 2023-2024.<br>6. Informacions de l\u2019estrat\u00e8gia digital de centre.<br>7. Torn obert de paraules.<\/td><td>1. S\u2019aproven els dies de lliure disposici\u00f3 per a curs 2024-2025.<br>2. S\u2019aprova el marc horari per a curs 2024-2025.<br>3. S\u2019aprova la creaci\u00f3 de la partida del pressupost per 2024.<\/td><\/tr><tr><td>16 de gener de 2024<\/td><td>1. Lectura i aprovaci\u00f3 de l&#8217;acta de la reuni\u00f3 anterior.<br>2. Presentaci\u00f3 i aprovaci\u00f3 del pressupost per l\u2019any 2024.<br>3. Torn obert de paraules.<\/td><td>1. S\u2019aprova la liquidaci\u00f3 del pressupost de 2023.<br>2. S\u2019aprova el pressupost 2024<\/td><\/tr><tr><td>29 de setembre de 2023<\/td><td>1. Lectura i aprovaci\u00f3 de l&#8217;acta de la reuni\u00f3 anterior.<br>2. Informaci\u00f3 sobre els processos de preinscripci\u00f3 i matr\u00edcula.<br>3. Presentaci\u00f3 de l\u2019Estrat\u00e8gia Digital de Centre.<br>4. Presentaci\u00f3 de la Mem\u00f2ria Anual 2022-2023.<br>5. Presentaci\u00f3 de la Programaci\u00f3 General Anual 2023-2024.<br>6. Torn obert de paraules.<\/td><td>1. S aprova el Pla del\u2019Estrategia Digital de Centre.<br>2. S\u2019aprova la Mem\u00f2ria Anual del curs 2022-2023.<br>3. S\u2019aprova la Programaci\u00f3 General Anual 2023-2024<\/td><\/tr><tr><td>28 de juny de 2023<\/td><td>1. Aprovaci\u00f3 de l&#8217;acta de la reuni\u00f3 anterior.<br>2. Aprovaci\u00f3 del calendari escolar per al curs dels 2023-2024.<br>3. Aprovaci\u00f3 del marc horari pel curs 2023-2024.<br>4. Informaci\u00f3 del calendari de matr\u00edcula d\u2019antics alumnes i nous alumnes.<br>5. Valoraci\u00f3 global del curs 2022-2023.<br>6. Proposta de modificaci\u00f3 del Normes d\u2019Organitzaci\u00f3 i Funcionament de<br>Centre.<br>7. Informacions sobre l\u2019Estrat\u00e8gia Digital de Centre.<br>8. Torn obert de paraules.<\/td><td>1. Queden aprovats el dia de comen\u00e7ament del curs (el 20 de setembre de 2023) i el dia d\u2019acabament del curs (el 23 de maig de 2024). <br>2. Queden aprovats els dies de lliure disposici\u00f3: el 12 d\u2019octubre i el 7 de desembre de 2023, el 12 de febrer, el 19 d\u2019abril i el 20 de maig de 2024.<br>3. S\u2019aprova el marc horari per a curs 2023-2024 amb els grups de dilluns a dijous amb l\u2019horari de 16:00 a 18:15 i de 18:30 a 20:45.<br>4. Queda aprovada la proposta de modificaci\u00f3 del Normes d\u2019Organitzaci\u00f3 i Funcionament de Centre<\/td><\/tr><tr><td>17 de febrer de 2023<\/td><td>1. Aprovaci\u00f3 de l&#8217;acta de la reuni\u00f3 anterior.<br>2. Liquidaci\u00f3 del pressupost 2022.<br>3. Torn obert de paraules.<\/td><td>S\u2019aprova la liquidaci\u00f3 del Pressupost de l\u2019any 2022.<\/td><\/tr><tr><td>20 de gener de 2023<\/td><td>1. Aprovaci\u00f3 de l&#8217;acta de la reuni\u00f3 anterior.<br>2. Presentaci\u00f3 del Pressupost Anual de l\u2019any 2023.<br>3. Torn obert de paraules.<\/td><td>S\u2019aprova el Pressupost de l\u2019any 2023.<\/td><\/tr><tr><td>11 de novembre de 2022<\/td><td>1. Aprovaci\u00f3 de l&#8217;acta de la reuni\u00f3 anterior.<br>2. Informaci\u00f3 sobre els processos de preinscripci\u00f3 i matr\u00edcula.<br>3. Presentaci\u00f3 de la Mem\u00f2ria Anual 2021-2022.<br>4. Presentaci\u00f3 de la Programaci\u00f3 General Anual<br>5. Torn obert de paraules.<\/td><td>S\u2019aprova la modificaci\u00f3 de la partida de pressupost \u201cLloguers d\u2019equips de reprografia\u201d.<\/td><\/tr><tr><td>18 de febrer de 2022<\/td><td>1. Aprovaci\u00f3 de l&#8217;acta de la reuni\u00f3 anterior.<br>2. Presentaci\u00f3 i aprovaci\u00f3 de la liquidaci\u00f3 del pressupost de l\u2019any 2021.<br>3. proposta de les modificacions de les Normes d\u2019Organitzaci\u00f3 i Funcionament de Centre (NOFC).<br>4. Torn obert de paraula.<\/td><td>1. S&#8217;aprova la liquidaci\u00f3 del pressupost de l\u2019any 2021.<br>2. S&#8217;aproven les modificacions de les NOFC<\/td><\/tr><tr><td>21 de gener de 2022<\/td><td>1. Aprovaci\u00f3 de l&#8217;acta de la reuni\u00f3 anterior.<br>2. Presentaci\u00f3 i aprovaci\u00f3 del pressupost per l\u2019any 2022.<br>3. Torn obert de paraules.<\/td><td>S&#8217;aprova el pressupost per l&#8217;any 2022<\/td><\/tr><tr><td>29 de juny de 2021<\/td><td>1. lectura i aprovaci\u00f3 de l&#8217;acta de la reuni\u00f3 anterior.<br>2. Aprovaci\u00f3 del calendari escolar per al curs dels 2021-2022.<br>3. Aprovaci\u00f3 del marc horari pel curs 2021-2022.<br>4. Informaci\u00f3 del calendari de matr\u00edcula d\u2019antics alumnes i nous alumnes.<br>5. Valoraci\u00f3 global del curs 2021-2022.<br>6. Torn obert de paraula.<\/td><td>1. S\u2019aproven els dies de lliure disposici\u00f3 per unanimitat que s\u00f3n l\u2019 11 d\u2019octubre, el 7 de desembre, el 28 de febrer i el 29 d\u2019abril.<br>2. S\u2019aprova la franja hor\u00e0ria de 16:00 a 18:15 i de 18:30 a 21:45.<\/td><\/tr><tr><td>26 de febrer de 2021<\/td><td>1. Aprovaci\u00f3 de l&#8217;acta de la reuni\u00f3 anterior.<br>2. Presentaci\u00f3 i aprovaci\u00f3 de la liquidaci\u00f3 del pressupost de l\u2019any 2020.<br>3. Torn obert de paraula.<\/td><td>S\u2019ha donat per aprovat la liquidaci\u00f3 del pressupost del l\u2019any 2020.<\/td><\/tr><tr><td>15 de gener de 2021<\/td><td>1. Aprovaci\u00f3 de l&#8217;acta de la reuni\u00f3 anterior.<br>2. Presentaci\u00f3 i aprovaci\u00f3 del pressupost per l\u2019any 2021.<br>3. Torn obert de paraules.<\/td><td>S\u2019ha donat per aprovat el pressupost per l\u2019any 2021.<\/td><\/tr><tr><td>16 d\u2019octubre de 2020<\/td><td>1. Aprovaci\u00f3 de l&#8217;acta de la reuni\u00f3 anterior.<br>2. Dades de preinscripci\u00f3 i matr\u00edcula de setembre 2020.<br>3. Presentaci\u00f3 la Mem\u00f2ria Anual 2019-2020.<br>4. Presentaci\u00f3 de la Programaci\u00f3 General Anual 2020-2021.<br>5. Torn obert de paraula.<\/td><td>1. S \u2018aprova fer rotaci\u00f3 dels alumnes en alguns grups de franc\u00e8s de m\u00e9s de 20 persones a classe, de tal manera que un alumne diferent vindr\u00e0 nom\u00e9s un dia a la setmana a classe per sempre poder mantenir la presencialitat de nom\u00e9s 20<br>alumnes a classe.<br>2. S\u2019aprova fer torns de perman\u00e8ncia del professorat al centre els divendres entre els departaments d\u2019angl\u00e8s i de franc\u00e8s per poder respectar les normes de seguretat del protocol del COVID-19 que prohibeix la reuni\u00f3 de m\u00e9s de 6 persones.<\/td><\/tr><tr><td>10 de setembre de 2020<\/td><td>1. Aprovaci\u00f3 de l&#8217;acta de la reuni\u00f3 anterior.<br>2. Aprovaci\u00f3&nbsp; del Pla d\u2019Obertura de centre en el marc de la pand\u00e8mia per Covid-19.<br>3. Proposta d\u2019aprovaci\u00f3 de cursos especials.<br>4. Aprovaci\u00f3 de les noves franges hor\u00e0ries lectives.<br>5. Aprovaci\u00f3 dels dies de lliure disposici\u00f3 proposats al juny.<br>6. Torn obert de paraula.<\/td><td>1. S\u2019aprova el Pla d\u2019obertura de Centre en el marc de la pand\u00e8mia per Covid-19.<br>2. S\u2019aproven els cursos especials pel curs 2020-2021.<br>3. S\u2019aproven les noves franges hor\u00e0ries lectives: de dilluns a dijous de 16:00 a 18:15 i de 18.30 a 20:45.<br>4. S\u2019aproven els dies de lliure disposici\u00f3 que s\u00f3n el 30 d\u2019octubre, el 7 de desembre, el 15 de febrer i el 24 de maig.<\/td><\/tr><tr><td>26 de juny de 2020<\/td><td>1. Lectura i aprovaci\u00f3 de l&#8217;acta de la reuni\u00f3 anterior.<br>2. Aprovaci\u00f3 del calendari escolar per al curs dels 2019-2020.<br>3. Aprovaci\u00f3 del marc horari pel curs 2019-2020 i oferta de grups.<br>4. Informaci\u00f3 del calendari de matr\u00edcula d&#8217;antics alumnes i nous alumnes.<br>5. Valoraci\u00f3 de l\u2019activitat lectiva durant el confinament.<br>6. Torn obert de paraula.<\/td><td>1. Respecte el marc horari per al curs 2020-2021, es mantenen les franges hor\u00e0ries de 16:00 fins a 18.30 i de 18.30 fins a 21:00 hores de dilluns a dijous amb la possibilitat d\u2019afegir 15 minuts de tutoria per grup. El nombre dels grups ser\u00e0 igual amb 13 grups d\u2019angl\u00e8s i 9 de franc\u00e8s i la plantilla del professorat no t\u00e9 canvis pel que fa al n\u00famero dels professors. El Consell Escolar aprova mantenir les mateixes franges hor\u00e0ries per el curs vinent.<br>2. \u201cEl curs 2020-21 es podr\u00e0 veure afectat segons l&#8217;evoluci\u00f3 de la pand\u00e8mia de Covid-19 i les instruccions que el centre rebi del Departament d&#8217;Educaci\u00f3 i del de Salut. L\u2019escola<br>treballa per garantir el m\u00e0xim de presencialitat dels grups tot i que, depenent dels recursos del centre (espais, professorat, etc.), les condicions de presencialitat podrien variar segons el context. \u00c9s important tenir en compte aquests aspectes abans de formalitzar la matr\u00edcula.\u201d La nota informativa queda aprovada pels membres del Consell Escolar<\/td><\/tr><tr><td>17 de gener de 2020<\/td><td>1. Aprovaci\u00f3 de l&#8217;acta de la reuni\u00f3 anterior.<br>2. Presentaci\u00f3 i aprovaci\u00f3 del pressupost per l\u2019any 2020.<br>3. Aprovaci\u00f3 de despesa per adequacions pr\u00e8vies a la instal\u00b7laci\u00f3 Wifi.<br>4. Nomenament del referent d\u2019igualtat de g\u00e8nere del centre.<br>5. Novetats al web referents al consell escolar de l\u2019escola.<br>6. Actualitzaci\u00f3 del sistema d\u2019avaluaci\u00f3 i dels criteris d\u2019avaluaci\u00f3.<br>7. Torn obert de paraula.<\/td><td>1. S\u2019ha donat per aprovat el pressupost per l\u2019any 2020.<br>2. S\u2019ha aprovat la despesa per adequacions pr\u00e8vies a la instal\u00b7laci\u00f3 WIFI.<br>3. S\u2019ha nomenat la professora Laura Viader Roger com a referent d\u2019igualtat de g\u00e8nere del centre.<br>4. S\u2019ha demanat el perm\u00eds als referents del Consell Escolar per posar les seves dades per actualitzar la p\u00e0gina web de l\u2019escola.<br>5. S\u2019ha informat als membres del Consell Escolar sobre els canvis importants en el sistema d\u2019avaluaci\u00f3 cont\u00ednua i sobre els criteris d\u2019avaluaci\u00f3.<br>6. S\u2019ha acordat d\u2019arreglar els llums a alguns punts de l\u2019escala.<\/td><\/tr><tr><td>11 d\u2019octubre de 2019<\/td><td>1. Lectura i aprovaci\u00f3 de l&#8217;acta de la reuni\u00f3 anterior.<br>2. Informaci\u00f3 general sobre el proc\u00e9s de preinscripci\u00f3 i matr\u00edcula del curs 2019-2020.<br>3. Presentaci\u00f3 de la Mem\u00f2ria Anual del curs 2018-2019 i de la Programaci\u00f3 General Anual pel curs 2019-2020.<br>4. Proposta d\u2019aprovaci\u00f3 de cursos especials.<br>Torn obert de paraules.<\/td><td>1. S\u2019han aprovat els cursos especials B2+ i C1 + de la llengua anglesa per<br>el curs 2019-2020 i el cursos d\u2019estiu de 2020.<br>2. S\u2019ha aprovat la proposta d\u2019impulsar parelles ling\u00fc\u00edstiques per el curs<br>2019-2020.<\/td><\/tr><\/tbody><\/table><\/figure>\n\n\n\n<p><\/p>\n","protected":false},"excerpt":{"rendered":"<p>Data Ordre del dia Acords presos 20 de febrer de 2026 1. Aprovaci\u00f3 de l&#8217;acta de la reuni\u00f3 anterior.2. Liquidaci\u00f3 del pressupost 2025.3. Torn obert de paraules. S\u2019aprova la liquidaci\u00f3 del pressupost 2025 16 de gener de 2026 1. Lectura i aprovaci\u00f3 de l&#8217;acta de la reuni\u00f3 anterior.2. Presentaci\u00f3 del Pressupost Anual de \u2019any 2026.3. [&hellip;]<\/p>\n","protected":false},"author":4,"featured_media":0,"parent":0,"menu_order":0,"comment_status":"closed","ping_status":"close","template":"","meta":{"_bbp_topic_count":0,"_bbp_reply_count":0,"_bbp_total_topic_count":0,"_bbp_total_reply_count":0,"_bbp_voice_count":0,"_bbp_anonymous_reply_count":0,"_bbp_topic_count_hidden":0,"_bbp_reply_count_hidden":0,"_bbp_forum_subforum_count":0,"site-sidebar-layout":"default","site-content-layout":"","ast-site-content-layout":"default","site-content-style":"default","site-sidebar-style":"default","ast-global-header-display":"","ast-banner-title-visibility":"","ast-main-header-display":"","ast-hfb-above-header-display":"","ast-hfb-below-header-display":"","ast-hfb-mobile-header-display":"","site-post-title":"","ast-breadcrumbs-content":"","ast-featured-img":"","footer-sml-layout":"","theme-transparent-header-meta":"","adv-header-id-meta":"","stick-header-meta":"","header-above-stick-meta":"","header-main-stick-meta":"","header-below-stick-meta":"","astra-migrate-meta-layouts":"set","ast-page-background-enabled":"default","ast-page-background-meta":{"desktop":{"background-color":"var(--ast-global-color-4)","background-image":"","background-repeat":"repeat","background-position":"center center","background-size":"auto","background-attachment":"scroll","background-type":"","background-media":"","overlay-type":"","overlay-color":"","overlay-opacity":"","overlay-gradient":""},"tablet":{"background-color":"","background-image":"","background-repeat":"repeat","background-position":"center center","background-size":"auto","background-attachment":"scroll","background-type":"","background-media":"","overlay-type":"","overlay-color":"","overlay-opacity":"","overlay-gradient":""},"mobile":{"background-color":"","background-image":"","background-repeat":"repeat","background-position":"center center","background-size":"auto","background-attachment":"scroll","background-type":"","background-media":"","overlay-type":"","overlay-color":"","overlay-opacity":"","overlay-gradient":""}},"ast-content-background-meta":{"desktop":{"background-color":"var(--ast-global-color-5)","background-image":"","background-repeat":"repeat","background-position":"center center","background-size":"auto","background-attachment":"scroll","background-type":"","background-media":"","overlay-type":"","overlay-color":"","overlay-opacity":"","overlay-gradient":""},"tablet":{"background-color":"var(--ast-global-color-5)","background-image":"","background-repeat":"repeat","background-position":"center center","background-size":"auto","background-attachment":"scroll","background-type":"","background-media":"","overlay-type":"","overlay-color":"","overlay-opacity":"","overlay-gradient":""},"mobile":{"background-color":"var(--ast-global-color-5)","background-image":"","background-repeat":"repeat","background-position":"center center","background-size":"auto","background-attachment":"scroll","background-type":"","background-media":"","overlay-type":"","overlay-color":"","overlay-opacity":"","overlay-gradient":""}},"footnotes":""},"class_list":["post-16551","page","type-page","status-publish","hentry"],"post_mailing_queue_ids":[],"_links":{"self":[{"href":"https:\/\/agora-eoi.xtec.cat\/eoimollet\/wp-json\/wp\/v2\/pages\/16551","targetHints":{"allow":["GET"]}}],"collection":[{"href":"https:\/\/agora-eoi.xtec.cat\/eoimollet\/wp-json\/wp\/v2\/pages"}],"about":[{"href":"https:\/\/agora-eoi.xtec.cat\/eoimollet\/wp-json\/wp\/v2\/types\/page"}],"author":[{"embeddable":true,"href":"https:\/\/agora-eoi.xtec.cat\/eoimollet\/wp-json\/wp\/v2\/users\/4"}],"replies":[{"embeddable":true,"href":"https:\/\/agora-eoi.xtec.cat\/eoimollet\/wp-json\/wp\/v2\/comments?post=16551"}],"version-history":[{"count":5,"href":"https:\/\/agora-eoi.xtec.cat\/eoimollet\/wp-json\/wp\/v2\/pages\/16551\/revisions"}],"predecessor-version":[{"id":16567,"href":"https:\/\/agora-eoi.xtec.cat\/eoimollet\/wp-json\/wp\/v2\/pages\/16551\/revisions\/16567"}],"wp:attachment":[{"href":"https:\/\/agora-eoi.xtec.cat\/eoimollet\/wp-json\/wp\/v2\/media?parent=16551"}],"curies":[{"name":"wp","href":"https:\/\/api.w.org\/{rel}","templated":true}]}}