{"id":13674,"date":"2021-07-08T10:59:27","date_gmt":"2021-07-08T08:59:27","guid":{"rendered":"https:\/\/agora-eoi.xtec.cat\/eoimollet\/?page_id=13674"},"modified":"2025-07-17T13:17:20","modified_gmt":"2025-07-17T11:17:20","slug":"documents-de-centre","status":"publish","type":"page","link":"https:\/\/agora-eoi.xtec.cat\/eoimollet\/documents-de-centre\/","title":{"rendered":"Documents de centre"},"content":{"rendered":"<ul style=\"list-style-type: circle;\">\n<li style=\"list-style-type: none;\">\n<ul style=\"list-style-type: circle;\">\n<li>\n<h3><a href=\"https:\/\/agora-eoi.xtec.cat\/eoimollet\/wp-content\/uploads\/usu2252\/2025\/07\/NOFC_27_06_25_Nou-format.pdf\" target=\"_blank\" rel=\"noopener\">Normes d\u2019organitzaci\u00f3 i funcionament de centre<\/a><\/h3>\n<\/li>\n<li>\n<h3><a href=\"https:\/\/agora-eoi.xtec.cat\/eoimollet\/wp-content\/uploads\/usu2252\/2025\/07\/PEC_27_06_2025.pdf\" target=\"_blank\" rel=\"noopener\">Projecte educatiu de centre<\/a><\/h3>\n<\/li>\n<li>\n<h3><a href=\"https:\/\/agora-eoi.xtec.cat\/eoimollet\/wp-content\/uploads\/usu2252\/2022\/06\/projecte_linguistic_2022.pdf\" target=\"_blank\" rel=\"noopener\">Projecte ling\u00fc\u00edstic de centre<\/a><\/h3>\n<\/li>\n<li>\n<h3><a href=\"https:\/\/sites.google.com\/xtec.cat\/eoimolletedc\/inici\" target=\"_blank\" rel=\"noopener\">Estrat\u00e8gia digital de centre<\/a><\/h3>\n<\/li>\n<\/ul>\n<\/li>\n<\/ul>\n\n\n<p><\/p>\n","protected":false},"excerpt":{"rendered":"<p>Normes d\u2019organitzaci\u00f3 i funcionament de centre Projecte educatiu de centre Projecte ling\u00fc\u00edstic de centre Estrat\u00e8gia digital de centre<\/p>\n","protected":false},"author":3,"featured_media":0,"parent":0,"menu_order":0,"comment_status":"closed","ping_status":"closed","template":"","meta":{"_bbp_topic_count":0,"_bbp_reply_count":0,"_bbp_total_topic_count":0,"_bbp_total_reply_count":0,"_bbp_voice_count":0,"_bbp_anonymous_reply_count":0,"_bbp_topic_count_hidden":0,"_bbp_reply_count_hidden":0,"_bbp_forum_subforum_count":0,"site-sidebar-layout":"default","site-content-layout":"","ast-site-content-layout":"default","site-content-style":"default","site-sidebar-style":"default","ast-global-header-display":"","ast-banner-title-visibility":"","ast-main-header-display":"","ast-hfb-above-header-display":"","ast-hfb-below-header-display":"","ast-hfb-mobile-header-display":"","site-post-title":"","ast-breadcrumbs-content":"","ast-featured-img":"","footer-sml-layout":"","theme-transparent-header-meta":"","adv-header-id-meta":"","stick-header-meta":"","header-above-stick-meta":"","header-main-stick-meta":"","header-below-stick-meta":"","astra-migrate-meta-layouts":"set","ast-page-background-enabled":"default","ast-page-background-meta":{"desktop":{"background-color":"var(--ast-global-color-4)","background-image":"","background-repeat":"repeat","background-position":"center center","background-size":"auto","background-attachment":"scroll","background-type":"","background-media":"","overlay-type":"","overlay-color":"","overlay-opacity":"","overlay-gradient":""},"tablet":{"background-color":"","background-image":"","background-repeat":"repeat","background-position":"center center","background-size":"auto","background-attachment":"scroll","background-type":"","background-media":"","overlay-type":"","overlay-color":"","overlay-opacity":"","overlay-gradient":""},"mobile":{"background-color":"","background-image":"","background-repeat":"repeat","background-position":"center center","background-size":"auto","background-attachment":"scroll","background-type":"","background-media":"","overlay-type":"","overlay-color":"","overlay-opacity":"","overlay-gradient":""}},"ast-content-background-meta":{"desktop":{"background-color":"var(--ast-global-color-5)","background-image":"","background-repeat":"repeat","background-position":"center center","background-size":"auto","background-attachment":"scroll","background-type":"","background-media":"","overlay-type":"","overlay-color":"","overlay-opacity":"","overlay-gradient":""},"tablet":{"background-color":"var(--ast-global-color-5)","background-image":"","background-repeat":"repeat","background-position":"center center","background-size":"auto","background-attachment":"scroll","background-type":"","background-media":"","overlay-type":"","overlay-color":"","overlay-opacity":"","overlay-gradient":""},"mobile":{"background-color":"var(--ast-global-color-5)","background-image":"","background-repeat":"repeat","background-position":"center center","background-size":"auto","background-attachment":"scroll","background-type":"","background-media":"","overlay-type":"","overlay-color":"","overlay-opacity":"","overlay-gradient":""}},"footnotes":""},"class_list":["post-13674","page","type-page","status-publish","hentry"],"post_mailing_queue_ids":[],"_links":{"self":[{"href":"https:\/\/agora-eoi.xtec.cat\/eoimollet\/wp-json\/wp\/v2\/pages\/13674","targetHints":{"allow":["GET"]}}],"collection":[{"href":"https:\/\/agora-eoi.xtec.cat\/eoimollet\/wp-json\/wp\/v2\/pages"}],"about":[{"href":"https:\/\/agora-eoi.xtec.cat\/eoimollet\/wp-json\/wp\/v2\/types\/page"}],"author":[{"embeddable":true,"href":"https:\/\/agora-eoi.xtec.cat\/eoimollet\/wp-json\/wp\/v2\/users\/3"}],"replies":[{"embeddable":true,"href":"https:\/\/agora-eoi.xtec.cat\/eoimollet\/wp-json\/wp\/v2\/comments?post=13674"}],"version-history":[{"count":6,"href":"https:\/\/agora-eoi.xtec.cat\/eoimollet\/wp-json\/wp\/v2\/pages\/13674\/revisions"}],"predecessor-version":[{"id":16356,"href":"https:\/\/agora-eoi.xtec.cat\/eoimollet\/wp-json\/wp\/v2\/pages\/13674\/revisions\/16356"}],"wp:attachment":[{"href":"https:\/\/agora-eoi.xtec.cat\/eoimollet\/wp-json\/wp\/v2\/media?parent=13674"}],"curies":[{"name":"wp","href":"https:\/\/api.w.org\/{rel}","templated":true}]}}