{"id":12139,"date":"2020-02-27T11:26:06","date_gmt":"2020-02-27T10:26:06","guid":{"rendered":"http:\/\/agora-eoi.xtec.cat\/eoimollet\/?page_id=12139"},"modified":"2026-01-19T10:52:45","modified_gmt":"2026-01-19T09:52:45","slug":"matricula-dactualitzacio","status":"publish","type":"page","link":"https:\/\/agora-eoi.xtec.cat\/eoimollet\/matricula-dactualitzacio\/","title":{"rendered":"Matr\u00edcula d&#8217;actualitzaci\u00f3 per tornar a cursar un nivell superat"},"content":{"rendered":"<header class=\"entry-header\">\n<h4 class=\"entry-title\"><span style=\"font-family: inherit; font-size: 12pt; font-weight: normal; color: #000000;\">Les persones que ja hagin cursat i superat amb anterioritat cursos de les escoles oficials d&#8217;idiomes, i que vulguin actualitzar-ne els coneixements, poden sol\u00b7licitar matricular-se en l&#8217;\u00faltim curs realitzat o en qualsevol dels cursos inferiors.<\/span><\/h4>\n<h4 class=\"entry-title\"><span style=\"font-family: inherit; font-size: 12pt; font-weight: normal; color: #000000;\">Qu\u00e8 heu de tenir en compte:<\/span><\/h4>\n<\/header>\n<div class=\"entry-content\">\n<ul>\n<li>Les places que s\u2019ofereixen s\u00f3n les vacants.<\/li>\n<li>La sol\u00b7licitud nom\u00e9s t\u00e9 validesa per a un curs acad\u00e8mic i, per tant, s\u2019ha de renovar cada any.<\/li>\n<li>La matr\u00edcula no t\u00e9 efectes acad\u00e8mics ni dona lloc a cap certificat oficial. La qualificaci\u00f3 que es far\u00e0 constar en l\u2019expedient acad\u00e8mic de l\u2019alumnat ser\u00e0 \u201cNo qualificat\/da\u201d.<\/li>\n<li>No es pot sol\u00b7licitar una nova expedici\u00f3 del certificat obtingut anteriorment.<\/li>\n<li>Cal pagar la taxa o preu p\u00fablic corresponent.<\/li>\n<li>Podeu assistir a classe en les mateixes condicions generals que la resta d\u2018alumnes.<\/li>\n<li>Podeu presentar-vos als ex\u00e0mens parcials.<\/li>\n<li>Podreu sol\u00b7licitar un certificat d\u2018assist\u00e8ncia i\/o aprofitament.<\/li>\n<\/ul>\n<p>Documentaci\u00f3 requerida:<\/p>\n<ul>\n<li>DNI, NIE o passaport (<u>original i fotoc\u00f2pia<\/u>)<\/li>\n<li>Fotoc\u00f2pia del document acreditatiu del nivell (si s\u2019escau)<\/li>\n<li>En cas de tenir dret a <a href=\"http:\/\/ensenyament.gencat.cat\/ca\/departament\/normativa\/taxes-preus-publics\/exempcions-bonificacions\/\">matr\u00edcula bonificada<\/a>, original i fotoc\u00f2pia del document que acrediti el dret a la bonificaci\u00f3 o exempci\u00f3 de la taxa<\/li>\n<\/ul>\n<\/div>\n","protected":false},"excerpt":{"rendered":"<p>Les persones que ja hagin cursat i superat amb anterioritat cursos de les escoles oficials d&#8217;idiomes, i que vulguin actualitzar-ne els coneixements, poden sol\u00b7licitar matricular-se en l&#8217;\u00faltim curs realitzat o en qualsevol dels cursos inferiors. Qu\u00e8 heu de tenir en compte: Les places que s\u2019ofereixen s\u00f3n les vacants. La sol\u00b7licitud nom\u00e9s t\u00e9 validesa per a [&hellip;]<\/p>\n","protected":false},"author":1,"featured_media":0,"parent":0,"menu_order":0,"comment_status":"closed","ping_status":"closed","template":"","meta":{"_bbp_topic_count":0,"_bbp_reply_count":0,"_bbp_total_topic_count":0,"_bbp_total_reply_count":0,"_bbp_voice_count":0,"_bbp_anonymous_reply_count":0,"_bbp_topic_count_hidden":0,"_bbp_reply_count_hidden":0,"_bbp_forum_subforum_count":0,"site-sidebar-layout":"default","site-content-layout":"","ast-site-content-layout":"default","site-content-style":"default","site-sidebar-style":"default","ast-global-header-display":"","ast-banner-title-visibility":"","ast-main-header-display":"","ast-hfb-above-header-display":"","ast-hfb-below-header-display":"","ast-hfb-mobile-header-display":"","site-post-title":"","ast-breadcrumbs-content":"","ast-featured-img":"","footer-sml-layout":"","theme-transparent-header-meta":"","adv-header-id-meta":"","stick-header-meta":"","header-above-stick-meta":"","header-main-stick-meta":"","header-below-stick-meta":"","astra-migrate-meta-layouts":"set","ast-page-background-enabled":"default","ast-page-background-meta":{"desktop":{"background-color":"var(--ast-global-color-4)","background-image":"","background-repeat":"repeat","background-position":"center center","background-size":"auto","background-attachment":"scroll","background-type":"","background-media":"","overlay-type":"","overlay-color":"","overlay-opacity":"","overlay-gradient":""},"tablet":{"background-color":"","background-image":"","background-repeat":"repeat","background-position":"center center","background-size":"auto","background-attachment":"scroll","background-type":"","background-media":"","overlay-type":"","overlay-color":"","overlay-opacity":"","overlay-gradient":""},"mobile":{"background-color":"","background-image":"","background-repeat":"repeat","background-position":"center center","background-size":"auto","background-attachment":"scroll","background-type":"","background-media":"","overlay-type":"","overlay-color":"","overlay-opacity":"","overlay-gradient":""}},"ast-content-background-meta":{"desktop":{"background-color":"var(--ast-global-color-5)","background-image":"","background-repeat":"repeat","background-position":"center center","background-size":"auto","background-attachment":"scroll","background-type":"","background-media":"","overlay-type":"","overlay-color":"","overlay-opacity":"","overlay-gradient":""},"tablet":{"background-color":"var(--ast-global-color-5)","background-image":"","background-repeat":"repeat","background-position":"center center","background-size":"auto","background-attachment":"scroll","background-type":"","background-media":"","overlay-type":"","overlay-color":"","overlay-opacity":"","overlay-gradient":""},"mobile":{"background-color":"var(--ast-global-color-5)","background-image":"","background-repeat":"repeat","background-position":"center center","background-size":"auto","background-attachment":"scroll","background-type":"","background-media":"","overlay-type":"","overlay-color":"","overlay-opacity":"","overlay-gradient":""}},"footnotes":""},"class_list":["post-12139","page","type-page","status-publish","hentry"],"post_mailing_queue_ids":[],"_links":{"self":[{"href":"https:\/\/agora-eoi.xtec.cat\/eoimollet\/wp-json\/wp\/v2\/pages\/12139","targetHints":{"allow":["GET"]}}],"collection":[{"href":"https:\/\/agora-eoi.xtec.cat\/eoimollet\/wp-json\/wp\/v2\/pages"}],"about":[{"href":"https:\/\/agora-eoi.xtec.cat\/eoimollet\/wp-json\/wp\/v2\/types\/page"}],"author":[{"embeddable":true,"href":"https:\/\/agora-eoi.xtec.cat\/eoimollet\/wp-json\/wp\/v2\/users\/1"}],"replies":[{"embeddable":true,"href":"https:\/\/agora-eoi.xtec.cat\/eoimollet\/wp-json\/wp\/v2\/comments?post=12139"}],"version-history":[{"count":4,"href":"https:\/\/agora-eoi.xtec.cat\/eoimollet\/wp-json\/wp\/v2\/pages\/12139\/revisions"}],"predecessor-version":[{"id":16537,"href":"https:\/\/agora-eoi.xtec.cat\/eoimollet\/wp-json\/wp\/v2\/pages\/12139\/revisions\/16537"}],"wp:attachment":[{"href":"https:\/\/agora-eoi.xtec.cat\/eoimollet\/wp-json\/wp\/v2\/media?parent=12139"}],"curies":[{"name":"wp","href":"https:\/\/api.w.org\/{rel}","templated":true}]}}