{"id":9980,"date":"2018-06-28T13:04:34","date_gmt":"2018-06-28T11:04:34","guid":{"rendered":"http:\/\/agora-eoi.xtec.cat\/eoimartorell\/?page_id=9980"},"modified":"2018-09-28T13:06:23","modified_gmt":"2018-09-28T11:06:23","slug":"curs-de-xines","status":"publish","type":"page","link":"https:\/\/agora-eoi.xtec.cat\/eoimartorell\/cursos-especials\/curs-de-xines\/","title":{"rendered":"Curs de xin\u00e8s"},"content":{"rendered":"<div class=\"entry-content\">\n<p>L\u2019objectiu d\u2019aquest curs \u00e9s prendre un primer contacte i aprendre nocions b\u00e0siques de xin\u00e8s amb un professor nadiu que compta amb una \u00e0mplia experi\u00e8ncia.<\/p>\n<h4><strong>Introducci\u00f3 al xin\u00e8s I &#8211; <span style=\"color: #ff0000;\">Curs cancel\u00b7lat<\/span><br \/>\n<\/strong><\/h4>\n<ul>\n<li><strong>Requisits<\/strong>: no hi ha requisits de nivell<\/li>\n<li><strong>Calendari del curs<\/strong>: del 15 d&#8217;octubre de 2018 al 17 de juny de 2019 (30 sessions, 60 hores)<\/li>\n<li><strong>Horari<\/strong>: dilluns de 19:00 a 21:00 hores<\/li>\n<li><strong>Preu del curs<\/strong>: 266,80\u20ac<\/li>\n<\/ul>\n<\/div>\n","protected":false},"excerpt":{"rendered":"<p>L\u2019objectiu d\u2019aquest curs \u00e9s prendre un primer contacte i aprendre nocions b\u00e0siques de xin\u00e8s amb un professor nadiu que compta amb una \u00e0mplia experi\u00e8ncia. Introducci\u00f3 al xin\u00e8s I &#8211; Curs cancel\u00b7lat Requisits: no hi ha requisits de nivell Calendari del curs: del 15 d&#8217;octubre de 2018 al 17 de juny de 2019 (30 sessions, 60 [&hellip;]<\/p>\n","protected":false},"author":1,"featured_media":0,"parent":8158,"menu_order":0,"comment_status":"closed","ping_status":"closed","template":"page-templates\/side-menu.php","meta":{"_bbp_topic_count":0,"_bbp_reply_count":0,"_bbp_total_topic_count":0,"_bbp_total_reply_count":0,"_bbp_voice_count":0,"_bbp_anonymous_reply_count":0,"_bbp_topic_count_hidden":0,"_bbp_reply_count_hidden":0,"_bbp_forum_subforum_count":0,"site-sidebar-layout":"default","site-content-layout":"","ast-site-content-layout":"","site-content-style":"default","site-sidebar-style":"default","ast-global-header-display":"","ast-banner-title-visibility":"","ast-main-header-display":"","ast-hfb-above-header-display":"","ast-hfb-below-header-display":"","ast-hfb-mobile-header-display":"","site-post-title":"","ast-breadcrumbs-content":"","ast-featured-img":"","footer-sml-layout":"","theme-transparent-header-meta":"","adv-header-id-meta":"","stick-header-meta":"","header-above-stick-meta":"","header-main-stick-meta":"","header-below-stick-meta":"","astra-migrate-meta-layouts":"default","ast-page-background-enabled":"default","ast-page-background-meta":{"desktop":{"background-color":"var(--ast-global-color-4)","background-image":"","background-repeat":"repeat","background-position":"center center","background-size":"auto","background-attachment":"scroll","background-type":"","background-media":"","overlay-type":"","overlay-color":"","overlay-opacity":"","overlay-gradient":""},"tablet":{"background-color":"","background-image":"","background-repeat":"repeat","background-position":"center center","background-size":"auto","background-attachment":"scroll","background-type":"","background-media":"","overlay-type":"","overlay-color":"","overlay-opacity":"","overlay-gradient":""},"mobile":{"background-color":"","background-image":"","background-repeat":"repeat","background-position":"center center","background-size":"auto","background-attachment":"scroll","background-type":"","background-media":"","overlay-type":"","overlay-color":"","overlay-opacity":"","overlay-gradient":""}},"ast-content-background-meta":{"desktop":{"background-color":"var(--ast-global-color-5)","background-image":"","background-repeat":"repeat","background-position":"center center","background-size":"auto","background-attachment":"scroll","background-type":"","background-media":"","overlay-type":"","overlay-color":"","overlay-opacity":"","overlay-gradient":""},"tablet":{"background-color":"var(--ast-global-color-5)","background-image":"","background-repeat":"repeat","background-position":"center center","background-size":"auto","background-attachment":"scroll","background-type":"","background-media":"","overlay-type":"","overlay-color":"","overlay-opacity":"","overlay-gradient":""},"mobile":{"background-color":"var(--ast-global-color-5)","background-image":"","background-repeat":"repeat","background-position":"center center","background-size":"auto","background-attachment":"scroll","background-type":"","background-media":"","overlay-type":"","overlay-color":"","overlay-opacity":"","overlay-gradient":""}},"footnotes":""},"class_list":["post-9980","page","type-page","status-publish","hentry"],"post_mailing_queue_ids":[],"_links":{"self":[{"href":"https:\/\/agora-eoi.xtec.cat\/eoimartorell\/wp-json\/wp\/v2\/pages\/9980","targetHints":{"allow":["GET"]}}],"collection":[{"href":"https:\/\/agora-eoi.xtec.cat\/eoimartorell\/wp-json\/wp\/v2\/pages"}],"about":[{"href":"https:\/\/agora-eoi.xtec.cat\/eoimartorell\/wp-json\/wp\/v2\/types\/page"}],"author":[{"embeddable":true,"href":"https:\/\/agora-eoi.xtec.cat\/eoimartorell\/wp-json\/wp\/v2\/users\/1"}],"replies":[{"embeddable":true,"href":"https:\/\/agora-eoi.xtec.cat\/eoimartorell\/wp-json\/wp\/v2\/comments?post=9980"}],"version-history":[{"count":3,"href":"https:\/\/agora-eoi.xtec.cat\/eoimartorell\/wp-json\/wp\/v2\/pages\/9980\/revisions"}],"predecessor-version":[{"id":10167,"href":"https:\/\/agora-eoi.xtec.cat\/eoimartorell\/wp-json\/wp\/v2\/pages\/9980\/revisions\/10167"}],"up":[{"embeddable":true,"href":"https:\/\/agora-eoi.xtec.cat\/eoimartorell\/wp-json\/wp\/v2\/pages\/8158"}],"wp:attachment":[{"href":"https:\/\/agora-eoi.xtec.cat\/eoimartorell\/wp-json\/wp\/v2\/media?parent=9980"}],"curies":[{"name":"wp","href":"https:\/\/api.w.org\/{rel}","templated":true}]}}