{"id":9162,"date":"2016-07-08T11:44:09","date_gmt":"2016-07-08T10:44:09","guid":{"rendered":"http:\/\/agora-eoi.xtec.cat\/eoimartorell\/?page_id=9162"},"modified":"2022-06-03T10:28:01","modified_gmt":"2022-06-03T08:28:01","slug":"cursos-per-actualitzar-i-millorar-langles","status":"publish","type":"page","link":"https:\/\/agora-eoi.xtec.cat\/eoimartorell\/cursos-especials\/cursos-per-actualitzar-i-millorar-langles\/","title":{"rendered":"Cursos per actualitzar i millorar l&#8217;angl\u00e8s"},"content":{"rendered":"<p>Aquests cursos estan destinats a persones que vulguin millorar el seu nivell de conversa i de comprensi\u00f3 oral. De la mateixa manera, s\u00f3n una eina molt \u00fatil per a aquelles persones que han interromput els seus estudis d&#8217;angl\u00e8s i necessiten recuperar el nivell que havien assolit. Les classes es basen en activitats d&#8217;expressi\u00f3 oral (speaking) i de comprensi\u00f3 oral (listening) i a partir d&#8217;aquestes activitats es progressa en l&#8217;aprenentatge de l&#8217;idioma.<\/p>\n<h4><strong>Actualitzaci\u00f3 ling\u00fc\u00edstica i conversa d&#8217;angl\u00e8s. <\/strong><strong>Usuari iniciat (B1)<\/strong><\/h4>\n<ul>\n<li><strong>Requisits m\u00ednims: <\/strong>nivell A2 (2n EOI) o equivalent<\/li>\n<li><strong>Calendari del curs<\/strong>: del 18 d&#8217;octubre de 2022 al 20 de juny de 2023 (30 sessions, 90 hores)<\/li>\n<li><strong>Horari<\/strong>: dimarts, de 18:00 a 21:00 hores<\/li>\n<li><strong>Preu del curs<\/strong>: 415\u20ac<\/li>\n<\/ul>\n<h4><strong>Actualitzaci\u00f3 ling\u00fc\u00edstica i conversa d&#8217;angl\u00e8s. Usuari independent (B2)<\/strong><\/h4>\n<ul>\n<li><strong>Requisits m\u00ednims:<\/strong>\u00a0B1 (3r EOI) o equivalent<\/li>\n<li><strong>Calendari del curs<\/strong>: del 20 d\u2019octubre del 2022 al 16 de juny de 2023 (30 sessions, 90 hores)<\/li>\n<li><strong>Horari<\/strong>: dijous, de 18:00 a 21:00 hores<\/li>\n<li><strong>Preu del curs<\/strong>: 415\u20ac<\/li>\n<\/ul>\n<h4><strong>Advanced Speaking Skills (C1)<\/strong><\/h4>\n<ul>\n<li><strong>Requisits m\u00ednims:<\/strong> B2.2 (5\u00e8 EOI) o equivalent<\/li>\n<li><strong>Calendari del curs<\/strong>: del 18 d&#8217;octubre de 2022 al 20 de juny de 2023 (30 sessions, 90 hores)<\/li>\n<li><strong>Horari<\/strong>: dimarts, de 18:00 a 21:00 hores<\/li>\n<li><strong>Preu del curs<\/strong>: 415\u20ac<\/li>\n<\/ul>\n<p><a href=\"https:\/\/agora-eoi.xtec.cat\/eoimartorell\/cursos-especials\/\"><img loading=\"lazy\" decoding=\"async\" class=\"wp-image-10343 aligncenter\" src=\"https:\/\/agora-eoi.xtec.cat\/eoimartorell\/wp-content\/uploads\/usu2246\/2019\/06\/fletxa.jpg\" alt=\"\" width=\"66\" height=\"68\" \/><\/a><\/p>\n<h3><strong>\u00a0<\/strong><\/h3>\n","protected":false},"excerpt":{"rendered":"<p>Aquests cursos estan destinats a persones que vulguin millorar el seu nivell de conversa i de comprensi\u00f3 oral. De la mateixa manera, s\u00f3n una eina molt \u00fatil per a aquelles persones que han interromput els seus estudis d&#8217;angl\u00e8s i necessiten recuperar el nivell que havien assolit. Les classes es basen en activitats d&#8217;expressi\u00f3 oral (speaking) [&hellip;]<\/p>\n","protected":false},"author":1,"featured_media":0,"parent":8158,"menu_order":0,"comment_status":"closed","ping_status":"closed","template":"page-templates\/side-menu.php","meta":{"_bbp_topic_count":0,"_bbp_reply_count":0,"_bbp_total_topic_count":0,"_bbp_total_reply_count":0,"_bbp_voice_count":0,"_bbp_anonymous_reply_count":0,"_bbp_topic_count_hidden":0,"_bbp_reply_count_hidden":0,"_bbp_forum_subforum_count":0,"site-sidebar-layout":"default","site-content-layout":"","ast-site-content-layout":"","site-content-style":"default","site-sidebar-style":"default","ast-global-header-display":"","ast-banner-title-visibility":"","ast-main-header-display":"","ast-hfb-above-header-display":"","ast-hfb-below-header-display":"","ast-hfb-mobile-header-display":"","site-post-title":"","ast-breadcrumbs-content":"","ast-featured-img":"","footer-sml-layout":"","theme-transparent-header-meta":"","adv-header-id-meta":"","stick-header-meta":"","header-above-stick-meta":"","header-main-stick-meta":"","header-below-stick-meta":"","astra-migrate-meta-layouts":"default","ast-page-background-enabled":"default","ast-page-background-meta":{"desktop":{"background-color":"var(--ast-global-color-4)","background-image":"","background-repeat":"repeat","background-position":"center center","background-size":"auto","background-attachment":"scroll","background-type":"","background-media":"","overlay-type":"","overlay-color":"","overlay-opacity":"","overlay-gradient":""},"tablet":{"background-color":"","background-image":"","background-repeat":"repeat","background-position":"center center","background-size":"auto","background-attachment":"scroll","background-type":"","background-media":"","overlay-type":"","overlay-color":"","overlay-opacity":"","overlay-gradient":""},"mobile":{"background-color":"","background-image":"","background-repeat":"repeat","background-position":"center center","background-size":"auto","background-attachment":"scroll","background-type":"","background-media":"","overlay-type":"","overlay-color":"","overlay-opacity":"","overlay-gradient":""}},"ast-content-background-meta":{"desktop":{"background-color":"var(--ast-global-color-5)","background-image":"","background-repeat":"repeat","background-position":"center center","background-size":"auto","background-attachment":"scroll","background-type":"","background-media":"","overlay-type":"","overlay-color":"","overlay-opacity":"","overlay-gradient":""},"tablet":{"background-color":"var(--ast-global-color-5)","background-image":"","background-repeat":"repeat","background-position":"center center","background-size":"auto","background-attachment":"scroll","background-type":"","background-media":"","overlay-type":"","overlay-color":"","overlay-opacity":"","overlay-gradient":""},"mobile":{"background-color":"var(--ast-global-color-5)","background-image":"","background-repeat":"repeat","background-position":"center center","background-size":"auto","background-attachment":"scroll","background-type":"","background-media":"","overlay-type":"","overlay-color":"","overlay-opacity":"","overlay-gradient":""}},"footnotes":""},"class_list":["post-9162","page","type-page","status-publish","hentry"],"post_mailing_queue_ids":[],"_links":{"self":[{"href":"https:\/\/agora-eoi.xtec.cat\/eoimartorell\/wp-json\/wp\/v2\/pages\/9162","targetHints":{"allow":["GET"]}}],"collection":[{"href":"https:\/\/agora-eoi.xtec.cat\/eoimartorell\/wp-json\/wp\/v2\/pages"}],"about":[{"href":"https:\/\/agora-eoi.xtec.cat\/eoimartorell\/wp-json\/wp\/v2\/types\/page"}],"author":[{"embeddable":true,"href":"https:\/\/agora-eoi.xtec.cat\/eoimartorell\/wp-json\/wp\/v2\/users\/1"}],"replies":[{"embeddable":true,"href":"https:\/\/agora-eoi.xtec.cat\/eoimartorell\/wp-json\/wp\/v2\/comments?post=9162"}],"version-history":[{"count":4,"href":"https:\/\/agora-eoi.xtec.cat\/eoimartorell\/wp-json\/wp\/v2\/pages\/9162\/revisions"}],"predecessor-version":[{"id":11025,"href":"https:\/\/agora-eoi.xtec.cat\/eoimartorell\/wp-json\/wp\/v2\/pages\/9162\/revisions\/11025"}],"up":[{"embeddable":true,"href":"https:\/\/agora-eoi.xtec.cat\/eoimartorell\/wp-json\/wp\/v2\/pages\/8158"}],"wp:attachment":[{"href":"https:\/\/agora-eoi.xtec.cat\/eoimartorell\/wp-json\/wp\/v2\/media?parent=9162"}],"curies":[{"name":"wp","href":"https:\/\/api.w.org\/{rel}","templated":true}]}}