{"id":8948,"date":"2016-07-01T14:04:31","date_gmt":"2016-07-01T13:04:31","guid":{"rendered":"http:\/\/agora-eoi.xtec.cat\/eoimartorell\/intraweb\/matriculacio-curs-2016-17-antics-i-nous-alumnes\/"},"modified":"2025-06-20T11:46:26","modified_gmt":"2025-06-20T09:46:26","slug":"matriculacio-curs-2016-17-antics-i-nous-alumnes","status":"publish","type":"page","link":"https:\/\/agora-eoi.xtec.cat\/eoimartorell\/matriculacio-curs-2016-17-antics-i-nous-alumnes\/","title":{"rendered":"Antics alumnes"},"content":{"rendered":"<p>Es consideren antics alumnes aquells que han estat m<span style=\"font-family: arial,helvetica,sans-serif; font-size: 12pt;\">atriculats a l&#8217;escola durant el curs 2024-25.<\/span><strong><span style=\"font-family: arial,helvetica,sans-serif; font-size: 12pt;\"><br \/>\n<\/span><\/strong><\/p>\n<ul>\n<li><a href=\"https:\/\/agora-eoi.xtec.cat\/eoimartorell\/wp-content\/uploads\/usu2246\/2024\/05\/Calendari-de-matricula-dantics-alumnes-20250528.pdf\"><span style=\"font-family: arial,helvetica,sans-serif; font-size: 12pt;\">Calendari de matr\u00edcula d&#8217;antics alumnes juliol 2025<\/span><\/a><\/li>\n<li><span style=\"font-family: arial,helvetica,sans-serif; font-size: 12pt;\"><a href=\"https:\/\/www.informaticacentros.com\/centrosnet\/ultralogin.php?tcentro=EOI&amp;centro=B14\">Aplicatiu<\/a> per a formalitzar la matr\u00edcula de 1r a C1 (la matr\u00edcula la podeu fer des de l&#8217;APP de CentrosNet)<\/span><\/li>\n<li><a href=\"https:\/\/agora-eoi.xtec.cat\/eoimartorell\/wp-content\/uploads\/usu2246\/2025\/06\/Horari-classes-2025-provisional-1.pdf\">Horari curs 2025-26<\/a><\/li>\n<li><span style=\"font-family: arial,helvetica,sans-serif; font-size: 12pt;\"><a href=\"https:\/\/agora-eoi.xtec.cat\/eoimartorell\/secretaria\/taxes-preus-publics\/\">Taxes curs 2025-26<\/a><br \/>\n<\/span><\/li>\n<\/ul>\n<p>&nbsp;<\/p>\n","protected":false},"excerpt":{"rendered":"<p>Es consideren antics alumnes aquells que han estat matriculats a l&#8217;escola durant el curs 2024-25. Calendari de matr\u00edcula d&#8217;antics alumnes juliol 2025 Aplicatiu per a formalitzar la matr\u00edcula de 1r a C1 (la matr\u00edcula la podeu fer des de l&#8217;APP de CentrosNet) Horari curs 2025-26 Taxes curs 2025-26 &nbsp;<\/p>\n","protected":false},"author":1,"featured_media":0,"parent":0,"menu_order":0,"comment_status":"closed","ping_status":"closed","template":"page-templates\/side-menu.php","meta":{"_bbp_topic_count":0,"_bbp_reply_count":0,"_bbp_total_topic_count":0,"_bbp_total_reply_count":0,"_bbp_voice_count":0,"_bbp_anonymous_reply_count":0,"_bbp_topic_count_hidden":0,"_bbp_reply_count_hidden":0,"_bbp_forum_subforum_count":0,"site-sidebar-layout":"default","site-content-layout":"","ast-site-content-layout":"","site-content-style":"default","site-sidebar-style":"default","ast-global-header-display":"","ast-banner-title-visibility":"","ast-main-header-display":"","ast-hfb-above-header-display":"","ast-hfb-below-header-display":"","ast-hfb-mobile-header-display":"","site-post-title":"","ast-breadcrumbs-content":"","ast-featured-img":"","footer-sml-layout":"","theme-transparent-header-meta":"","adv-header-id-meta":"","stick-header-meta":"","header-above-stick-meta":"","header-main-stick-meta":"","header-below-stick-meta":"","astra-migrate-meta-layouts":"default","ast-page-background-enabled":"default","ast-page-background-meta":{"desktop":{"background-color":"var(--ast-global-color-4)","background-image":"","background-repeat":"repeat","background-position":"center center","background-size":"auto","background-attachment":"scroll","background-type":"","background-media":"","overlay-type":"","overlay-color":"","overlay-opacity":"","overlay-gradient":""},"tablet":{"background-color":"","background-image":"","background-repeat":"repeat","background-position":"center center","background-size":"auto","background-attachment":"scroll","background-type":"","background-media":"","overlay-type":"","overlay-color":"","overlay-opacity":"","overlay-gradient":""},"mobile":{"background-color":"","background-image":"","background-repeat":"repeat","background-position":"center center","background-size":"auto","background-attachment":"scroll","background-type":"","background-media":"","overlay-type":"","overlay-color":"","overlay-opacity":"","overlay-gradient":""}},"ast-content-background-meta":{"desktop":{"background-color":"var(--ast-global-color-5)","background-image":"","background-repeat":"repeat","background-position":"center center","background-size":"auto","background-attachment":"scroll","background-type":"","background-media":"","overlay-type":"","overlay-color":"","overlay-opacity":"","overlay-gradient":""},"tablet":{"background-color":"var(--ast-global-color-5)","background-image":"","background-repeat":"repeat","background-position":"center center","background-size":"auto","background-attachment":"scroll","background-type":"","background-media":"","overlay-type":"","overlay-color":"","overlay-opacity":"","overlay-gradient":""},"mobile":{"background-color":"var(--ast-global-color-5)","background-image":"","background-repeat":"repeat","background-position":"center center","background-size":"auto","background-attachment":"scroll","background-type":"","background-media":"","overlay-type":"","overlay-color":"","overlay-opacity":"","overlay-gradient":""}},"footnotes":""},"class_list":["post-8948","page","type-page","status-publish","hentry"],"post_mailing_queue_ids":[],"_links":{"self":[{"href":"https:\/\/agora-eoi.xtec.cat\/eoimartorell\/wp-json\/wp\/v2\/pages\/8948","targetHints":{"allow":["GET"]}}],"collection":[{"href":"https:\/\/agora-eoi.xtec.cat\/eoimartorell\/wp-json\/wp\/v2\/pages"}],"about":[{"href":"https:\/\/agora-eoi.xtec.cat\/eoimartorell\/wp-json\/wp\/v2\/types\/page"}],"author":[{"embeddable":true,"href":"https:\/\/agora-eoi.xtec.cat\/eoimartorell\/wp-json\/wp\/v2\/users\/1"}],"replies":[{"embeddable":true,"href":"https:\/\/agora-eoi.xtec.cat\/eoimartorell\/wp-json\/wp\/v2\/comments?post=8948"}],"version-history":[{"count":6,"href":"https:\/\/agora-eoi.xtec.cat\/eoimartorell\/wp-json\/wp\/v2\/pages\/8948\/revisions"}],"predecessor-version":[{"id":11437,"href":"https:\/\/agora-eoi.xtec.cat\/eoimartorell\/wp-json\/wp\/v2\/pages\/8948\/revisions\/11437"}],"wp:attachment":[{"href":"https:\/\/agora-eoi.xtec.cat\/eoimartorell\/wp-json\/wp\/v2\/media?parent=8948"}],"curies":[{"name":"wp","href":"https:\/\/api.w.org\/{rel}","templated":true}]}}