{"id":8929,"date":"2015-09-03T12:48:42","date_gmt":"2015-09-03T11:48:42","guid":{"rendered":"http:\/\/agora-eoi.xtec.cat\/eoimartorell\/intraweb\/carnet-dusuari\/"},"modified":"2025-09-24T11:41:43","modified_gmt":"2025-09-24T09:41:43","slug":"carnet-dusuari","status":"publish","type":"page","link":"https:\/\/agora-eoi.xtec.cat\/eoimartorell\/carnet-dusuari\/","title":{"rendered":"Carnet d&#8217;usuari"},"content":{"rendered":"\n<p><span style=\"font-family: arial,helvetica,sans-serif; font-size: 12pt;\">El carnet d&#8217;usuari identifica l&#8217;alumne com a usuari del centre. Permet accedir al servei de pr\u00e9stec de la biblioteca (disponible a partir de novembre), utilitzar port\u00e0tils a la biblioteca i assistir a les activitats culturals organitzades pel centre.<\/span><\/p>\n\n\n\n<p><span style=\"font-family: arial,helvetica,sans-serif; font-size: 12pt;\"><strong>Requisits<\/strong>:<\/span><\/p>\n\n\n\n<p><span style=\"font-family: arial,helvetica,sans-serif; font-size: 12pt;\">&#8211; Haver-se matriculat el curs 2025-26<\/span><\/p>\n\n\n\n<p><span style=\"font-family: arial,helvetica,sans-serif; font-size: 12pt;\">&#8211; Haver pagat els 30 euros corresponents al material<\/span><\/p>\n\n\n\n<p><span style=\"font-family: arial,helvetica,sans-serif; font-size: 12pt;\"><strong>Procediment<\/strong>:<\/span><\/p>\n\n\n\n<p><span style=\"font-family: arial,helvetica,sans-serif; font-size: 12pt;\">&#8211; Emplenar el <a href=\"https:\/\/agora-eoi.xtec.cat\/eoimartorell\/wp-content\/uploads\/usu2246\/2021\/06\/Carnet-EOI.pdf\">carnet d&#8217;usuari<\/a><\/span><\/p>\n\n\n\n<p><span style=\"font-family: arial,helvetica,sans-serif; font-size: 12pt;\">&#8211; Anar a Secretaria amb el comprovant de pagament dels 30 euros de material per segellar-lo<\/span><\/p>\n\n\n\n<p><span style=\"font-family: arial,helvetica,sans-serif; font-size: 12pt;\">Sense el segell de l&#8217;escola, el carnet no \u00e9s v\u00e0lid.<\/span><\/p>\n\n\n\n<p><span style=\"font-family: arial,helvetica,sans-serif; font-size: 12pt;\">El carnet \u00e9s v\u00e0lid durant el curs escolar. Es renova cada any. El mal \u00fas en comportar\u00e0 la retirada autom\u00e0tica.<\/span><\/p>\n\n\n\n<p>&nbsp;<\/p>\n\n\n\n<p><\/p>\n","protected":false},"excerpt":{"rendered":"<p>El carnet d&#8217;usuari identifica l&#8217;alumne com a usuari del centre. Permet accedir al servei de pr\u00e9stec de la biblioteca (disponible a partir de novembre), utilitzar port\u00e0tils a la biblioteca i assistir a les activitats culturals organitzades pel centre. Requisits: &#8211; Haver-se matriculat el curs 2025-26 &#8211; Haver pagat els 30 euros corresponents al material Procediment: [&hellip;]<\/p>\n","protected":false},"author":1,"featured_media":0,"parent":0,"menu_order":0,"comment_status":"closed","ping_status":"closed","template":"","meta":{"_bbp_topic_count":0,"_bbp_reply_count":0,"_bbp_total_topic_count":0,"_bbp_total_reply_count":0,"_bbp_voice_count":0,"_bbp_anonymous_reply_count":0,"_bbp_topic_count_hidden":0,"_bbp_reply_count_hidden":0,"_bbp_forum_subforum_count":0,"site-sidebar-layout":"default","site-content-layout":"","ast-site-content-layout":"default","site-content-style":"default","site-sidebar-style":"default","ast-global-header-display":"","ast-banner-title-visibility":"","ast-main-header-display":"","ast-hfb-above-header-display":"","ast-hfb-below-header-display":"","ast-hfb-mobile-header-display":"","site-post-title":"","ast-breadcrumbs-content":"","ast-featured-img":"","footer-sml-layout":"","theme-transparent-header-meta":"","adv-header-id-meta":"","stick-header-meta":"","header-above-stick-meta":"","header-main-stick-meta":"","header-below-stick-meta":"","astra-migrate-meta-layouts":"set","ast-page-background-enabled":"default","ast-page-background-meta":{"desktop":{"background-color":"var(--ast-global-color-4)","background-image":"","background-repeat":"repeat","background-position":"center center","background-size":"auto","background-attachment":"scroll","background-type":"","background-media":"","overlay-type":"","overlay-color":"","overlay-opacity":"","overlay-gradient":""},"tablet":{"background-color":"","background-image":"","background-repeat":"repeat","background-position":"center center","background-size":"auto","background-attachment":"scroll","background-type":"","background-media":"","overlay-type":"","overlay-color":"","overlay-opacity":"","overlay-gradient":""},"mobile":{"background-color":"","background-image":"","background-repeat":"repeat","background-position":"center center","background-size":"auto","background-attachment":"scroll","background-type":"","background-media":"","overlay-type":"","overlay-color":"","overlay-opacity":"","overlay-gradient":""}},"ast-content-background-meta":{"desktop":{"background-color":"var(--ast-global-color-5)","background-image":"","background-repeat":"repeat","background-position":"center center","background-size":"auto","background-attachment":"scroll","background-type":"","background-media":"","overlay-type":"","overlay-color":"","overlay-opacity":"","overlay-gradient":""},"tablet":{"background-color":"var(--ast-global-color-5)","background-image":"","background-repeat":"repeat","background-position":"center center","background-size":"auto","background-attachment":"scroll","background-type":"","background-media":"","overlay-type":"","overlay-color":"","overlay-opacity":"","overlay-gradient":""},"mobile":{"background-color":"var(--ast-global-color-5)","background-image":"","background-repeat":"repeat","background-position":"center center","background-size":"auto","background-attachment":"scroll","background-type":"","background-media":"","overlay-type":"","overlay-color":"","overlay-opacity":"","overlay-gradient":""}},"footnotes":""},"class_list":["post-8929","page","type-page","status-publish","hentry"],"post_mailing_queue_ids":[],"_links":{"self":[{"href":"https:\/\/agora-eoi.xtec.cat\/eoimartorell\/wp-json\/wp\/v2\/pages\/8929","targetHints":{"allow":["GET"]}}],"collection":[{"href":"https:\/\/agora-eoi.xtec.cat\/eoimartorell\/wp-json\/wp\/v2\/pages"}],"about":[{"href":"https:\/\/agora-eoi.xtec.cat\/eoimartorell\/wp-json\/wp\/v2\/types\/page"}],"author":[{"embeddable":true,"href":"https:\/\/agora-eoi.xtec.cat\/eoimartorell\/wp-json\/wp\/v2\/users\/1"}],"replies":[{"embeddable":true,"href":"https:\/\/agora-eoi.xtec.cat\/eoimartorell\/wp-json\/wp\/v2\/comments?post=8929"}],"version-history":[{"count":3,"href":"https:\/\/agora-eoi.xtec.cat\/eoimartorell\/wp-json\/wp\/v2\/pages\/8929\/revisions"}],"predecessor-version":[{"id":11617,"href":"https:\/\/agora-eoi.xtec.cat\/eoimartorell\/wp-json\/wp\/v2\/pages\/8929\/revisions\/11617"}],"wp:attachment":[{"href":"https:\/\/agora-eoi.xtec.cat\/eoimartorell\/wp-json\/wp\/v2\/media?parent=8929"}],"curies":[{"name":"wp","href":"https:\/\/api.w.org\/{rel}","templated":true}]}}