{"id":8926,"date":"2015-07-06T13:01:24","date_gmt":"2015-07-06T12:01:24","guid":{"rendered":"http:\/\/agora-eoi.xtec.cat\/eoimartorell\/intraweb\/devolucio-de-taxes\/"},"modified":"2025-09-01T10:35:17","modified_gmt":"2025-09-01T08:35:17","slug":"devolucio-de-taxes","status":"publish","type":"page","link":"https:\/\/agora-eoi.xtec.cat\/eoimartorell\/secretaria\/normativa\/devolucio-de-taxes\/","title":{"rendered":"Devoluci\u00f3 de taxes"},"content":{"rendered":"<p><strong>NOU MODEL DE TRAMITACI\u00d3 DELS EXPEDIENTS DE DEVOLUCI\u00d3 DE LES MATR\u00cdCULES DE LES EOI EN EL CAS DE REN\u00daNCIA A LA MATR\u00cdCULA DINS DEL TERMINI QUE DONA DRET A LA DEVOLUCI\u00d3 <\/strong><\/p>\n<p>A partir de l\u20191 de juliol de 2024, \u00e9s a dir, per a les ren\u00fancies a les matr\u00edcules del curs 2024-2025 endavant, nom\u00e9s es retornaran els imports de matr\u00edcula de les sol\u00b7licituds que es presentin seguint el nou procediment que es detalla a continuaci\u00f3.<\/p>\n<p><span style=\"font-size: 12pt; font-family: arial,helvetica,sans-serif;\"><strong>Sup\u00f2sits <\/strong><\/span><\/p>\n<p><span style=\"font-size: 12pt; font-family: arial,helvetica,sans-serif;\">Les taxes o preus p\u00fablics de la matr\u00edcula a les EOI es retornaran en els sup\u00f2sits seg\u00fcents:<\/span><\/p>\n<ol>\n<li><span style=\"font-size: 12pt; font-family: arial,helvetica,sans-serif;\">Ren\u00fancia a la matr\u00edcula oficial, quan la ren\u00fancia i la sol\u00b7licitud de retorn de taxes o preus p\u00fablics es produeixin fins al 10 d&#8217;octubre de 2025.<\/span><\/li>\n<li><span style=\"font-size: 12pt; font-family: arial,helvetica,sans-serif;\">Ren\u00fancia a la inscripci\u00f3 a les proves lliures per a l&#8217;obtenci\u00f3 del certificat de nivell intermedi, del certificat de nivell avan\u00e7at o del certificat de nivell C1, quan la ren\u00fancia i la sol\u00b7licitud de retorn de taxes o de preus p\u00fablics es produeixin abans de la data de publicaci\u00f3 de les llistes definitives d&#8217;admesos.<\/span><\/li>\n<li><span style=\"font-size: 12pt; font-family: arial,helvetica,sans-serif;\">Pagaments duplicats o per import superior.<\/span><\/li>\n<li><span style=\"font-size: 12pt; font-family: arial,helvetica,sans-serif;\">No aplicaci\u00f3 de bonificacions o exempcions a les quals l&#8217;alumne t\u00e9 dret en el moment de la matriculaci\u00f3, per l&#8217;import corresponent.<\/span><\/li>\n<li><span style=\"font-size: 12pt; font-family: arial,helvetica,sans-serif;\">No prestaci\u00f3 del servei per causes no imputables a l&#8217;alumne. No es consideren sup\u00f2sits de for\u00e7a major els canvis en l&#8217;horari laboral, ni els canvis de domicili o similars.<\/span><\/li>\n<li><span style=\"font-size: 12pt; font-family: arial,helvetica,sans-serif;\">En cas de trasllat a una altra comunitat aut\u00f2noma, l&#8217;alumne pot sol\u00b7licitar el retorn de taxes o preus p\u00fablics abans del 30 de novembre.<\/span><\/li>\n<\/ol>\n<p><span style=\"font-size: 12pt; font-family: arial,helvetica,sans-serif;\"><strong>Procediment<\/strong><\/span><\/p>\n<p>Els alumnes que desitgin sol\u00b7licitar la devoluci\u00f3 <strong>preferiblement ho han de fer de manera telem\u00e0tica (el tr\u00e0mit \u00e9s m\u00e9s r\u00e0pid). <\/strong>Han d\u2019accedir a\u00a0 \u00a0<a href=\"https:\/\/web.gencat.cat\/ca\/tramits\/tramits-temes\/devolucio-ingressos-indeguts\">https:\/\/web.gencat.cat\/ca\/tramits\/tramits-temes\/devolucio-ingressos-indeguts <\/a>des d\u2019on podran omplir el formulari de sol\u00b7licitud.<\/p>\n<p>En cas de fer-ho de manera presencial,\u00a0 han d&#8217; emplenar el formulari seg\u00fcent:\u00a0<strong><a style=\"color: #2795b6;\" href=\"https:\/\/agora-eoi.xtec.cat\/eoimartorell\/wp-content\/uploads\/usu2246\/2024\/06\/Formulari-renuncia-EOI-en-paper.pdf\">formulari ren\u00fancia EOI (paper) <\/a><\/strong>i s&#8217;h<span style=\"font-family: inherit; font-size: 1em;\">a de lliurar a la secretaria de l\u2019escola(s\u2019ha d\u2019adjuntar el full de matr\u00edcula i el resguard de pagament).<\/span><\/p>\n<p><span style=\"font-size: 12pt; font-family: arial,helvetica,sans-serif;\"><strong>Av\u00eds important:<\/strong> La ren\u00fancia a la matr\u00edcula oficial amb devoluci\u00f3 de taxes suposa l&#8217;anul\u00b7laci\u00f3 de la matr\u00edcula a tots els efectes i l&#8217;exclusi\u00f3 de la matr\u00edcula de l&#8217;expedient acad\u00e8mic de l&#8217;alumne i, per tant, la ren\u00fancia a la pla\u00e7a per part de l&#8217;alumne.<\/span><\/p>\n<p><strong>El termini de resoluci\u00f3 del procediment no dep\u00e8n de l\u2019EOI, sin\u00f3 del \u201cServei de Gesti\u00f3 Pressupost\u00e0ria del Departament d\u2019Educaci\u00f3\u201d, <\/strong>que \u00e9s qui en comunica la resoluci\u00f3 directament a l\u2019alumnat .<strong>\u00a0<\/strong><\/p>\n","protected":false},"excerpt":{"rendered":"<p>NOU MODEL DE TRAMITACI\u00d3 DELS EXPEDIENTS DE DEVOLUCI\u00d3 DE LES MATR\u00cdCULES DE LES EOI EN EL CAS DE REN\u00daNCIA A LA MATR\u00cdCULA DINS DEL TERMINI QUE DONA DRET A LA DEVOLUCI\u00d3 A partir de l\u20191 de juliol de 2024, \u00e9s a dir, per a les ren\u00fancies a les matr\u00edcules del curs 2024-2025 endavant, nom\u00e9s es [&hellip;]<\/p>\n","protected":false},"author":1,"featured_media":0,"parent":9246,"menu_order":0,"comment_status":"closed","ping_status":"closed","template":"","meta":{"_bbp_topic_count":0,"_bbp_reply_count":0,"_bbp_total_topic_count":0,"_bbp_total_reply_count":0,"_bbp_voice_count":0,"_bbp_anonymous_reply_count":0,"_bbp_topic_count_hidden":0,"_bbp_reply_count_hidden":0,"_bbp_forum_subforum_count":0,"site-sidebar-layout":"default","site-content-layout":"","ast-site-content-layout":"default","site-content-style":"default","site-sidebar-style":"default","ast-global-header-display":"","ast-banner-title-visibility":"","ast-main-header-display":"","ast-hfb-above-header-display":"","ast-hfb-below-header-display":"","ast-hfb-mobile-header-display":"","site-post-title":"","ast-breadcrumbs-content":"","ast-featured-img":"","footer-sml-layout":"","theme-transparent-header-meta":"","adv-header-id-meta":"","stick-header-meta":"","header-above-stick-meta":"","header-main-stick-meta":"","header-below-stick-meta":"","astra-migrate-meta-layouts":"set","ast-page-background-enabled":"default","ast-page-background-meta":{"desktop":{"background-color":"var(--ast-global-color-4)","background-image":"","background-repeat":"repeat","background-position":"center center","background-size":"auto","background-attachment":"scroll","background-type":"","background-media":"","overlay-type":"","overlay-color":"","overlay-opacity":"","overlay-gradient":""},"tablet":{"background-color":"","background-image":"","background-repeat":"repeat","background-position":"center center","background-size":"auto","background-attachment":"scroll","background-type":"","background-media":"","overlay-type":"","overlay-color":"","overlay-opacity":"","overlay-gradient":""},"mobile":{"background-color":"","background-image":"","background-repeat":"repeat","background-position":"center center","background-size":"auto","background-attachment":"scroll","background-type":"","background-media":"","overlay-type":"","overlay-color":"","overlay-opacity":"","overlay-gradient":""}},"ast-content-background-meta":{"desktop":{"background-color":"var(--ast-global-color-5)","background-image":"","background-repeat":"repeat","background-position":"center center","background-size":"auto","background-attachment":"scroll","background-type":"","background-media":"","overlay-type":"","overlay-color":"","overlay-opacity":"","overlay-gradient":""},"tablet":{"background-color":"var(--ast-global-color-5)","background-image":"","background-repeat":"repeat","background-position":"center center","background-size":"auto","background-attachment":"scroll","background-type":"","background-media":"","overlay-type":"","overlay-color":"","overlay-opacity":"","overlay-gradient":""},"mobile":{"background-color":"var(--ast-global-color-5)","background-image":"","background-repeat":"repeat","background-position":"center center","background-size":"auto","background-attachment":"scroll","background-type":"","background-media":"","overlay-type":"","overlay-color":"","overlay-opacity":"","overlay-gradient":""}},"footnotes":""},"class_list":["post-8926","page","type-page","status-publish","hentry"],"post_mailing_queue_ids":[],"_links":{"self":[{"href":"https:\/\/agora-eoi.xtec.cat\/eoimartorell\/wp-json\/wp\/v2\/pages\/8926","targetHints":{"allow":["GET"]}}],"collection":[{"href":"https:\/\/agora-eoi.xtec.cat\/eoimartorell\/wp-json\/wp\/v2\/pages"}],"about":[{"href":"https:\/\/agora-eoi.xtec.cat\/eoimartorell\/wp-json\/wp\/v2\/types\/page"}],"author":[{"embeddable":true,"href":"https:\/\/agora-eoi.xtec.cat\/eoimartorell\/wp-json\/wp\/v2\/users\/1"}],"replies":[{"embeddable":true,"href":"https:\/\/agora-eoi.xtec.cat\/eoimartorell\/wp-json\/wp\/v2\/comments?post=8926"}],"version-history":[{"count":4,"href":"https:\/\/agora-eoi.xtec.cat\/eoimartorell\/wp-json\/wp\/v2\/pages\/8926\/revisions"}],"predecessor-version":[{"id":11582,"href":"https:\/\/agora-eoi.xtec.cat\/eoimartorell\/wp-json\/wp\/v2\/pages\/8926\/revisions\/11582"}],"up":[{"embeddable":true,"href":"https:\/\/agora-eoi.xtec.cat\/eoimartorell\/wp-json\/wp\/v2\/pages\/9246"}],"wp:attachment":[{"href":"https:\/\/agora-eoi.xtec.cat\/eoimartorell\/wp-json\/wp\/v2\/media?parent=8926"}],"curies":[{"name":"wp","href":"https:\/\/api.w.org\/{rel}","templated":true}]}}