{"id":8924,"date":"2024-07-02T12:36:48","date_gmt":"2024-07-02T10:36:48","guid":{"rendered":"http:\/\/agora-eoi.xtec.cat\/eoimartorell\/intraweb\/trasllats\/"},"modified":"2025-07-09T09:59:27","modified_gmt":"2025-07-09T07:59:27","slug":"trasllats","status":"publish","type":"page","link":"https:\/\/agora-eoi.xtec.cat\/eoimartorell\/secretaria\/normativa\/trasllats\/","title":{"rendered":"Trasllats"},"content":{"rendered":"<p><span style=\"font-family: arial,helvetica,sans-serif; font-size: 12pt;\">Tot alumne oficial que es vulgui traslladar ha de primer formalitzar la matr\u00edcula en el seu centre (EOI d&#8217;origen).<\/span><\/p>\n<p><strong><span style=\"font-family: arial,helvetica,sans-serif; font-size: 12pt;\">Trasllat de matr\u00edcula en per\u00edode no lectiu (juliol)<\/span><\/strong><\/p>\n<p><span style=\"font-family: arial,helvetica,sans-serif; font-size: 12pt;\">&#8211; la sol\u00b7licitud s&#8217;ha de fer a l&#8217;EOI de destinaci\u00f3 (EOI on es vol efectuar el trasllat) i ha de ser presencial<\/span><\/p>\n<p><span style=\"font-family: arial,helvetica,sans-serif; font-size: 12pt;\">&#8211; documentaci\u00f3: <a href=\"https:\/\/agora-eoi.xtec.cat\/eoimartorell\/wp-content\/uploads\/usu2246\/2025\/07\/SOL.LICITUD-TRASLLATS-DEXPEDIENT-1.pdf\" target=\"_blank\" rel=\"noopener\">sol\u00b7licitud de trasllat<\/a> i full de pagament de la matr\u00edcula<\/span><\/p>\n<p><span style=\"font-family: arial,helvetica,sans-serif; font-size: 12pt;\">&#8211; termini: 11 i 12 de juliol de 2024<br \/>\n<\/span><\/p>\n<p><span style=\"font-family: arial,helvetica,sans-serif; font-size: 12pt;\">&#8211; l&#8217;acceptaci\u00f3 est\u00e0 condicionada a la disponibilitat de places. L&#8217;escola de destinaci\u00f3 contactar\u00e0 el sol\u00b7licitant i li comunicar\u00e0 la resoluci\u00f3 el 15 juliol.<\/span><\/p>\n<p><strong><span style=\"font-family: arial,helvetica,sans-serif; font-size: 12pt;\">Trasllat de matr\u00edcula en per\u00edode lectiu<\/span><\/strong><\/p>\n<p><span style=\"font-family: arial,helvetica,sans-serif; font-size: 12pt;\">&#8211; la sol\u00b7licitud s&#8217;ha de fer a l&#8217;EOI de destinaci\u00f3 (EOI on es vol efectuar el trasllat) <\/span><\/p>\n<p><span style=\"font-family: arial,helvetica,sans-serif; font-size: 12pt;\">&#8211; documentaci\u00f3:\u00a0<a href=\"http:\/\/agora-eoi.xtec.cat\/eoimartorell\/wp-content\/uploads\/usu2246\/2016\/07\/trasllatexpedient.pdf\">sol\u00b7licitud de trasllat<\/a> i full de pagament de la matr\u00edcula<\/span><\/p>\n<p><span style=\"font-family: arial,helvetica,sans-serif; font-size: 12pt;\">&#8211; termini: 30 d&#8217;abril de 2023<br \/>\n<\/span><\/p>\n<p><span style=\"font-family: arial,helvetica,sans-serif; font-size: 12pt;\">&#8211; l&#8217;acceptaci\u00f3 est\u00e0 condicionada a la disponibilitat de places. En el moment de produir-se una vacant, l&#8217;EOI de destinaci\u00f3 es posar\u00e0 en contacte amb el sol\u00b7licitant.<\/span><\/p>\n<p>&nbsp;<\/p>\n","protected":false},"excerpt":{"rendered":"<p>Tot alumne oficial que es vulgui traslladar ha de primer formalitzar la matr\u00edcula en el seu centre (EOI d&#8217;origen). Trasllat de matr\u00edcula en per\u00edode no lectiu (juliol) &#8211; la sol\u00b7licitud s&#8217;ha de fer a l&#8217;EOI de destinaci\u00f3 (EOI on es vol efectuar el trasllat) i ha de ser presencial &#8211; documentaci\u00f3: sol\u00b7licitud de trasllat i [&hellip;]<\/p>\n","protected":false},"author":1,"featured_media":0,"parent":9246,"menu_order":0,"comment_status":"closed","ping_status":"closed","template":"page-templates\/side-menu.php","meta":{"_bbp_topic_count":0,"_bbp_reply_count":0,"_bbp_total_topic_count":0,"_bbp_total_reply_count":0,"_bbp_voice_count":0,"_bbp_anonymous_reply_count":0,"_bbp_topic_count_hidden":0,"_bbp_reply_count_hidden":0,"_bbp_forum_subforum_count":0,"site-sidebar-layout":"default","site-content-layout":"","ast-site-content-layout":"","site-content-style":"default","site-sidebar-style":"default","ast-global-header-display":"","ast-banner-title-visibility":"","ast-main-header-display":"","ast-hfb-above-header-display":"","ast-hfb-below-header-display":"","ast-hfb-mobile-header-display":"","site-post-title":"","ast-breadcrumbs-content":"","ast-featured-img":"","footer-sml-layout":"","theme-transparent-header-meta":"","adv-header-id-meta":"","stick-header-meta":"","header-above-stick-meta":"","header-main-stick-meta":"","header-below-stick-meta":"","astra-migrate-meta-layouts":"default","ast-page-background-enabled":"default","ast-page-background-meta":{"desktop":{"background-color":"var(--ast-global-color-4)","background-image":"","background-repeat":"repeat","background-position":"center center","background-size":"auto","background-attachment":"scroll","background-type":"","background-media":"","overlay-type":"","overlay-color":"","overlay-opacity":"","overlay-gradient":""},"tablet":{"background-color":"","background-image":"","background-repeat":"repeat","background-position":"center center","background-size":"auto","background-attachment":"scroll","background-type":"","background-media":"","overlay-type":"","overlay-color":"","overlay-opacity":"","overlay-gradient":""},"mobile":{"background-color":"","background-image":"","background-repeat":"repeat","background-position":"center center","background-size":"auto","background-attachment":"scroll","background-type":"","background-media":"","overlay-type":"","overlay-color":"","overlay-opacity":"","overlay-gradient":""}},"ast-content-background-meta":{"desktop":{"background-color":"var(--ast-global-color-5)","background-image":"","background-repeat":"repeat","background-position":"center center","background-size":"auto","background-attachment":"scroll","background-type":"","background-media":"","overlay-type":"","overlay-color":"","overlay-opacity":"","overlay-gradient":""},"tablet":{"background-color":"var(--ast-global-color-5)","background-image":"","background-repeat":"repeat","background-position":"center center","background-size":"auto","background-attachment":"scroll","background-type":"","background-media":"","overlay-type":"","overlay-color":"","overlay-opacity":"","overlay-gradient":""},"mobile":{"background-color":"var(--ast-global-color-5)","background-image":"","background-repeat":"repeat","background-position":"center center","background-size":"auto","background-attachment":"scroll","background-type":"","background-media":"","overlay-type":"","overlay-color":"","overlay-opacity":"","overlay-gradient":""}},"footnotes":""},"class_list":["post-8924","page","type-page","status-publish","hentry"],"post_mailing_queue_ids":[],"_links":{"self":[{"href":"https:\/\/agora-eoi.xtec.cat\/eoimartorell\/wp-json\/wp\/v2\/pages\/8924","targetHints":{"allow":["GET"]}}],"collection":[{"href":"https:\/\/agora-eoi.xtec.cat\/eoimartorell\/wp-json\/wp\/v2\/pages"}],"about":[{"href":"https:\/\/agora-eoi.xtec.cat\/eoimartorell\/wp-json\/wp\/v2\/types\/page"}],"author":[{"embeddable":true,"href":"https:\/\/agora-eoi.xtec.cat\/eoimartorell\/wp-json\/wp\/v2\/users\/1"}],"replies":[{"embeddable":true,"href":"https:\/\/agora-eoi.xtec.cat\/eoimartorell\/wp-json\/wp\/v2\/comments?post=8924"}],"version-history":[{"count":6,"href":"https:\/\/agora-eoi.xtec.cat\/eoimartorell\/wp-json\/wp\/v2\/pages\/8924\/revisions"}],"predecessor-version":[{"id":11468,"href":"https:\/\/agora-eoi.xtec.cat\/eoimartorell\/wp-json\/wp\/v2\/pages\/8924\/revisions\/11468"}],"up":[{"embeddable":true,"href":"https:\/\/agora-eoi.xtec.cat\/eoimartorell\/wp-json\/wp\/v2\/pages\/9246"}],"wp:attachment":[{"href":"https:\/\/agora-eoi.xtec.cat\/eoimartorell\/wp-json\/wp\/v2\/media?parent=8924"}],"curies":[{"name":"wp","href":"https:\/\/api.w.org\/{rel}","templated":true}]}}