{"id":8923,"date":"2015-07-01T13:59:13","date_gmt":"2015-07-01T12:59:13","guid":{"rendered":"http:\/\/agora-eoi.xtec.cat\/eoimartorell\/intraweb\/tramitacio-i-expedicio-de-titols\/"},"modified":"2018-10-17T10:51:36","modified_gmt":"2018-10-17T08:51:36","slug":"tramitacio-i-expedicio-de-titols","status":"publish","type":"page","link":"https:\/\/agora-eoi.xtec.cat\/eoimartorell\/secretaria\/normativa\/tramitacio-i-expedicio-de-titols\/","title":{"rendered":"Tramitaci\u00f3 i expedici\u00f3 de t\u00edtols"},"content":{"rendered":"<p><span style=\"font-family: arial,helvetica,sans-serif; font-size: 12pt;\"><strong>T\u00edtol de Nivell B\u00e0sic (angl\u00e8s i alemany) i de Nivell Intermedi B1 (angl\u00e8s i alemany)<\/strong><\/span><\/p>\n<p><span style=\"font-family: arial,helvetica,sans-serif; font-size: 12pt;\">El t\u00edtols de Nivell B\u00e0sic i de Nivell Intermedi s\u00f3n expedits per l&#8217;escola i no requereixen cap mena de tramitaci\u00f3. S&#8217;han de passar a recollir per Secretaria en horari d&#8217;atenci\u00f3 al p\u00fablic a partir del mes d&#8217;octubre.<\/span><\/p>\n<p><span style=\"font-family: arial,helvetica,sans-serif; font-size: 12pt;\"><strong>T\u00edtol de Nivell Intermedi B2 (angl\u00e8s i alemany) i de nivell avan\u00e7at C1 (angl\u00e8s)<\/strong><\/span><\/p>\n<p><span style=\"font-family: arial,helvetica,sans-serif; font-size: 12pt;\">Aquests t\u00edtols requereixen una tramitaci\u00f3, ja que no els expedeix l&#8217;escola. Per tramitar els t\u00edtols, els alumnes han de passar per Secretaria en horari d&#8217;atenci\u00f3 al p\u00fablic a partir del mes d&#8217;octubre. Han de realitzar el pagament de les taxes d&#8217;expedici\u00f3. Mentre el t\u00edtol est\u00e0 en tr\u00e0mit, el resguard de pagament substitueix el titol a tots els efectes. <\/span><\/p>\n<table class=\"taula taulaPad10\">\n<thead>\n<tr>\n<td><span style=\"font-family: arial,helvetica,sans-serif; font-size: 12pt;\">TAXA PER EXPEDICI\u00d3 DE T\u00cdTOLS ACAD\u00c8MICS I PROFESSIONALS<\/span><\/td>\n<td><span style=\"font-family: arial,helvetica,sans-serif; font-size: 12pt;\">Taxa Ordin\u00e0ria<\/span><\/td>\n<td><span style=\"font-family: arial,helvetica,sans-serif; font-size: 12pt;\">Fam\u00edlia Nombrosa categoria general<\/span><\/td>\n<td><span style=\"font-family: arial,helvetica,sans-serif; font-size: 12pt;\">Fam\u00edlia Nombrosa categoria especial<\/span><\/td>\n<\/tr>\n<\/thead>\n<tbody>\n<tr>\n<td><span style=\"font-family: arial,helvetica,sans-serif; font-size: 12pt;\">Certificat de t\u00edtol de nivell intermedi B2 i de nivell avan\u00e7at C1<\/span><\/td>\n<td class=\"c\"><span style=\"font-family: arial,helvetica,sans-serif; font-size: 12pt;\">72,05\u20ac<\/span><\/td>\n<td class=\"c\"><span style=\"font-family: arial,helvetica,sans-serif; font-size: 12pt;\">36,05\u20ac<\/span><\/td>\n<td class=\"c\"><span style=\"font-family: arial,helvetica,sans-serif; font-size: 12pt;\">0,00\u20ac<\/span><\/td>\n<\/tr>\n<tr>\n<td><span style=\"font-family: arial,helvetica,sans-serif; font-size: 12pt;\">Reexpedici\u00f3 (expedici\u00f3 de duplicats)<\/span><\/td>\n<td class=\"c\"><span style=\"font-family: arial,helvetica,sans-serif; font-size: 12pt;\">15,90\u20ac<\/span><\/td>\n<td class=\"c\"><span style=\"font-family: arial,helvetica,sans-serif; font-size: 12pt;\">15,90\u20ac<\/span><\/td>\n<td class=\"c\"><span style=\"font-family: arial,helvetica,sans-serif; font-size: 12pt;\">15,90\u20ac<\/span><\/td>\n<\/tr>\n<\/tbody>\n<\/table>\n<p><span style=\"font-family: arial,helvetica,sans-serif; font-size: 12pt;\">No hi ha reducci\u00f3 del 50% en els duplicats.<\/span><\/p>\n<p><span style=\"font-family: arial,helvetica,sans-serif; font-size: 12pt;\">Els t\u00edtols s\u00f3n enviats a l&#8217;escola al cap d&#8217;un o dos anys. L&#8217;escola es posa en contacte amb l&#8217;alumne\/a quan rep el t\u00edtol. L&#8217;alumne ha de passar personalment a recollir el t\u00edtol. En cas contrari, ha de signar una autoritzaci\u00f3 i ha de presentar fotoc\u00f2pia del DNI seu i de la persona autoritzada.<\/span><\/p>\n<p>&nbsp;<\/p>\n","protected":false},"excerpt":{"rendered":"<p>T\u00edtol de Nivell B\u00e0sic (angl\u00e8s i alemany) i de Nivell Intermedi B1 (angl\u00e8s i alemany) El t\u00edtols de Nivell B\u00e0sic i de Nivell Intermedi s\u00f3n expedits per l&#8217;escola i no requereixen cap mena de tramitaci\u00f3. S&#8217;han de passar a recollir per Secretaria en horari d&#8217;atenci\u00f3 al p\u00fablic a partir del mes d&#8217;octubre. T\u00edtol de Nivell [&hellip;]<\/p>\n","protected":false},"author":1,"featured_media":0,"parent":9246,"menu_order":0,"comment_status":"closed","ping_status":"closed","template":"page-templates\/side-menu.php","meta":{"_bbp_topic_count":0,"_bbp_reply_count":0,"_bbp_total_topic_count":0,"_bbp_total_reply_count":0,"_bbp_voice_count":0,"_bbp_anonymous_reply_count":0,"_bbp_topic_count_hidden":0,"_bbp_reply_count_hidden":0,"_bbp_forum_subforum_count":0,"site-sidebar-layout":"default","site-content-layout":"","ast-site-content-layout":"","site-content-style":"default","site-sidebar-style":"default","ast-global-header-display":"","ast-banner-title-visibility":"","ast-main-header-display":"","ast-hfb-above-header-display":"","ast-hfb-below-header-display":"","ast-hfb-mobile-header-display":"","site-post-title":"","ast-breadcrumbs-content":"","ast-featured-img":"","footer-sml-layout":"","theme-transparent-header-meta":"","adv-header-id-meta":"","stick-header-meta":"","header-above-stick-meta":"","header-main-stick-meta":"","header-below-stick-meta":"","astra-migrate-meta-layouts":"default","ast-page-background-enabled":"default","ast-page-background-meta":{"desktop":{"background-color":"var(--ast-global-color-4)","background-image":"","background-repeat":"repeat","background-position":"center center","background-size":"auto","background-attachment":"scroll","background-type":"","background-media":"","overlay-type":"","overlay-color":"","overlay-opacity":"","overlay-gradient":""},"tablet":{"background-color":"","background-image":"","background-repeat":"repeat","background-position":"center center","background-size":"auto","background-attachment":"scroll","background-type":"","background-media":"","overlay-type":"","overlay-color":"","overlay-opacity":"","overlay-gradient":""},"mobile":{"background-color":"","background-image":"","background-repeat":"repeat","background-position":"center center","background-size":"auto","background-attachment":"scroll","background-type":"","background-media":"","overlay-type":"","overlay-color":"","overlay-opacity":"","overlay-gradient":""}},"ast-content-background-meta":{"desktop":{"background-color":"var(--ast-global-color-5)","background-image":"","background-repeat":"repeat","background-position":"center center","background-size":"auto","background-attachment":"scroll","background-type":"","background-media":"","overlay-type":"","overlay-color":"","overlay-opacity":"","overlay-gradient":""},"tablet":{"background-color":"var(--ast-global-color-5)","background-image":"","background-repeat":"repeat","background-position":"center center","background-size":"auto","background-attachment":"scroll","background-type":"","background-media":"","overlay-type":"","overlay-color":"","overlay-opacity":"","overlay-gradient":""},"mobile":{"background-color":"var(--ast-global-color-5)","background-image":"","background-repeat":"repeat","background-position":"center center","background-size":"auto","background-attachment":"scroll","background-type":"","background-media":"","overlay-type":"","overlay-color":"","overlay-opacity":"","overlay-gradient":""}},"footnotes":""},"class_list":["post-8923","page","type-page","status-publish","hentry"],"post_mailing_queue_ids":[],"_links":{"self":[{"href":"https:\/\/agora-eoi.xtec.cat\/eoimartorell\/wp-json\/wp\/v2\/pages\/8923","targetHints":{"allow":["GET"]}}],"collection":[{"href":"https:\/\/agora-eoi.xtec.cat\/eoimartorell\/wp-json\/wp\/v2\/pages"}],"about":[{"href":"https:\/\/agora-eoi.xtec.cat\/eoimartorell\/wp-json\/wp\/v2\/types\/page"}],"author":[{"embeddable":true,"href":"https:\/\/agora-eoi.xtec.cat\/eoimartorell\/wp-json\/wp\/v2\/users\/1"}],"replies":[{"embeddable":true,"href":"https:\/\/agora-eoi.xtec.cat\/eoimartorell\/wp-json\/wp\/v2\/comments?post=8923"}],"version-history":[{"count":3,"href":"https:\/\/agora-eoi.xtec.cat\/eoimartorell\/wp-json\/wp\/v2\/pages\/8923\/revisions"}],"predecessor-version":[{"id":10187,"href":"https:\/\/agora-eoi.xtec.cat\/eoimartorell\/wp-json\/wp\/v2\/pages\/8923\/revisions\/10187"}],"up":[{"embeddable":true,"href":"https:\/\/agora-eoi.xtec.cat\/eoimartorell\/wp-json\/wp\/v2\/pages\/9246"}],"wp:attachment":[{"href":"https:\/\/agora-eoi.xtec.cat\/eoimartorell\/wp-json\/wp\/v2\/media?parent=8923"}],"curies":[{"name":"wp","href":"https:\/\/api.w.org\/{rel}","templated":true}]}}