{"id":8897,"date":"2012-05-17T11:26:47","date_gmt":"2012-05-17T10:26:47","guid":{"rendered":"http:\/\/agora-eoi.xtec.cat\/eoimartorell\/intraweb\/professorat-alemany\/"},"modified":"2016-07-06T09:01:01","modified_gmt":"2016-07-06T08:01:01","slug":"professorat-alemany","status":"publish","type":"page","link":"https:\/\/agora-eoi.xtec.cat\/eoimartorell\/intraweb\/professorat-alemany\/","title":{"rendered":"Professorat alemany"},"content":{"rendered":"<p class=\"MsoNormal\"><font face=\"arial,helvetica,sans-serif\"><strong><span lang=\"CA\" style=\"font-size: 20pt; line-height: 115%;\">PROFESSOR<\/span><\/strong><strong><span lang=\"CA\" style=\"font-size: 20pt; line-height: 115%;\">AT ALEMANY<br \/>\nCURS 2014-15<\/span><\/strong><\/font><\/p>\n<\/p>\n<table width=\"645\" border=\"0\">\n<tbody>\n<tr>\n<td width=\"232\"><font face=\"arial,helvetica,sans-serif\"><br \/><\/font><\/td>\n<td width=\"403\"><font face=\"arial,helvetica,sans-serif\"> <\/font><\/td>\n<\/tr>\n<tr>\n<td width=\"232\" bgcolor=\"#FFCCFF\">\n<h4><font face=\"arial,helvetica,sans-serif\">Departament d&#8217;Alemany <\/font><\/h4>\n<\/td>\n<td width=\"403\" bgcolor=\"#FFCCFF\"><font face=\"arial,helvetica,sans-serif\"> <strong>Horaris de Visita<\/strong><br \/><\/font><\/td>\n<\/tr>\n<tr>\n<td width=\"232\" bgcolor=\"#FFCCFF\">\n<p>Pilar G\u00f3mez (professora de 5\u00e8 i Cap de Departament)<\/p>\n<\/td>\n<td width=\"403\" bgcolor=\"#FFCCFF\">\n<p>Dilluns, de 18:15 a 18:30h<\/p>\n<p>Dimarts, de 15:00 a 16:00h (Cap de Departament)<\/p>\n<\/td>\n<\/tr>\n<tr>\n<td width=\"232\" bgcolor=\"#FFCCFF\">\n<p>Susana Litr\u00e1n (professora de 2n i 4t)<\/p>\n<\/td>\n<td width=\"403\" bgcolor=\"#FFCCFF\"><!--[if gte mso 9]><xml>\n <o:OfficeDocumentSettings>\n  <o:TargetScreenSize>800x600<\/o:TargetScreenSize>\n <\/o:OfficeDocumentSettings>\n<\/xml><![endif]--><span lang=\"CA\" style=\"font-size: 12pt; line-height: 115%; font-family: &quot;Calibri&quot;,&quot;sans-serif&quot;;\">Dimecres i dijous de 15:30 a 16:00h<\/span><!--[if gte mso 9]><xml>\n <w:WordDocument>\n  <w:View>Normal<\/w:View>\n  <w:Zoom>0<\/w:Zoom>\n  <w:TrackMoves\/>\n  <w:TrackFormatting\/>\n  <w:HyphenationZone>21<\/w:HyphenationZone>\n  <w:PunctuationKerning\/>\n  <w:ValidateAgainstSchemas\/>\n  <w:SaveIfXMLInvalid>false<\/w:SaveIfXMLInvalid>\n  <w:IgnoreMixedContent>false<\/w:IgnoreMixedContent>\n  <w:AlwaysShowPlaceholderText>false<\/w:AlwaysShowPlaceholderText>\n  <w:DoNotPromoteQF\/>\n  <w:LidThemeOther>ES<\/w:LidThemeOther>\n  <w:LidThemeAsian>X-NONE<\/w:LidThemeAsian>\n  <w:LidThemeComplexScript>X-NONE<\/w:LidThemeComplexScript>\n  <w:Compatibility>\n   <w:BreakWrappedTables\/>\n   <w:SnapToGridInCell\/>\n   <w:WrapTextWithPunct\/>\n   <w:UseAsianBreakRules\/>\n   <w:DontGrowAutofit\/>\n   <w:SplitPgBreakAndParaMark\/>\n   <w:EnableOpenTypeKerning\/>\n   <w:DontFlipMirrorIndents\/>\n   <w:OverrideTableStyleHps\/>\n  <\/w:Compatibility>\n  <w:BrowserLevel>MicrosoftInternetExplorer4<\/w:BrowserLevel>\n  <m:mathPr>\n   <m:mathFont m:val=\"Cambria Math\"\/>\n   <m:brkBin m:val=\"before\"\/>\n   <m:brkBinSub m:val=\"&#45;-\"\/>\n   <m:smallFrac m:val=\"off\"\/>\n   <m:dispDef\/>\n   <m:lMargin m:val=\"0\"\/>\n   <m:rMargin m:val=\"0\"\/>\n   <m:defJc m:val=\"centerGroup\"\/>\n   <m:wrapIndent m:val=\"1440\"\/>\n   <m:intLim m:val=\"subSup\"\/>\n   <m:naryLim m:val=\"undOvr\"\/>\n  <\/m:mathPr><\/w:WordDocument>\n<\/xml><![endif]--><!--[if gte mso 9]><xml>\n <w:LatentStyles DefLockedState=\"false\" DefUnhideWhenUsed=\"true\"\n  DefSemiHidden=\"true\" DefQFormat=\"false\" DefPriority=\"99\"\n  LatentStyleCount=\"267\">\n  <w:LsdException Locked=\"false\" Priority=\"0\" SemiHidden=\"false\"\n   UnhideWhenUsed=\"false\" QFormat=\"true\" Name=\"Normal\"\/>\n  <w:LsdException Locked=\"false\" Priority=\"9\" SemiHidden=\"false\"\n   UnhideWhenUsed=\"false\" QFormat=\"true\" Name=\"heading 1\"\/>\n  <w:LsdException Locked=\"false\" Priority=\"9\" QFormat=\"true\" Name=\"heading 2\"\/>\n  <w:LsdException Locked=\"false\" Priority=\"9\" QFormat=\"true\" Name=\"heading 3\"\/>\n  <w:LsdException Locked=\"false\" Priority=\"9\" QFormat=\"true\" Name=\"heading 4\"\/>\n  <w:LsdException Locked=\"false\" Priority=\"9\" QFormat=\"true\" Name=\"heading 5\"\/>\n  <w:LsdException Locked=\"false\" Priority=\"9\" QFormat=\"true\" Name=\"heading 6\"\/>\n  <w:LsdException Locked=\"false\" Priority=\"9\" QFormat=\"true\" Name=\"heading 7\"\/>\n  <w:LsdException Locked=\"false\" Priority=\"9\" QFormat=\"true\" Name=\"heading 8\"\/>\n  <w:LsdException Locked=\"false\" Priority=\"9\" QFormat=\"true\" Name=\"heading 9\"\/>\n  <w:LsdException Locked=\"false\" Priority=\"39\" Name=\"toc 1\"\/>\n  <w:LsdException Locked=\"false\" Priority=\"39\" Name=\"toc 2\"\/>\n  <w:LsdException Locked=\"false\" Priority=\"39\" Name=\"toc 3\"\/>\n  <w:LsdException Locked=\"false\" Priority=\"39\" Name=\"toc 4\"\/>\n  <w:LsdException Locked=\"false\" Priority=\"39\" Name=\"toc 5\"\/>\n  <w:LsdException Locked=\"false\" Priority=\"39\" Name=\"toc 6\"\/>\n  <w:LsdException Locked=\"false\" Priority=\"39\" Name=\"toc 7\"\/>\n  <w:LsdException Locked=\"false\" Priority=\"39\" Name=\"toc 8\"\/>\n  <w:LsdException Locked=\"false\" Priority=\"39\" Name=\"toc 9\"\/>\n  <w:LsdException Locked=\"false\" Priority=\"35\" QFormat=\"true\" Name=\"caption\"\/>\n  <w:LsdException Locked=\"false\" Priority=\"10\" SemiHidden=\"false\"\n   UnhideWhenUsed=\"false\" QFormat=\"true\" Name=\"Title\"\/>\n  <w:LsdException Locked=\"false\" Priority=\"1\" Name=\"Default Paragraph Font\"\/>\n  <w:LsdException Locked=\"false\" Priority=\"11\" SemiHidden=\"false\"\n   UnhideWhenUsed=\"false\" QFormat=\"true\" Name=\"Subtitle\"\/>\n  <w:LsdException Locked=\"false\" Priority=\"22\" SemiHidden=\"false\"\n   UnhideWhenUsed=\"false\" QFormat=\"true\" Name=\"Strong\"\/>\n  <w:LsdException Locked=\"false\" Priority=\"20\" SemiHidden=\"false\"\n   UnhideWhenUsed=\"false\" QFormat=\"true\" Name=\"Emphasis\"\/>\n  <w:LsdException Locked=\"false\" Priority=\"59\" SemiHidden=\"false\"\n   UnhideWhenUsed=\"false\" Name=\"Table Grid\"\/>\n  <w:LsdException Locked=\"false\" UnhideWhenUsed=\"false\" Name=\"Placeholder Text\"\/>\n  <w:LsdException Locked=\"false\" Priority=\"1\" SemiHidden=\"false\"\n   UnhideWhenUsed=\"false\" QFormat=\"true\" Name=\"No Spacing\"\/>\n  <w:LsdException Locked=\"false\" Priority=\"60\" SemiHidden=\"false\"\n   UnhideWhenUsed=\"false\" Name=\"Light Shading\"\/>\n  <w:LsdException Locked=\"false\" Priority=\"61\" SemiHidden=\"false\"\n   UnhideWhenUsed=\"false\" Name=\"Light List\"\/>\n  <w:LsdException Locked=\"false\" Priority=\"62\" SemiHidden=\"false\"\n   UnhideWhenUsed=\"false\" Name=\"Light Grid\"\/>\n  <w:LsdException Locked=\"false\" Priority=\"63\" SemiHidden=\"false\"\n   UnhideWhenUsed=\"false\" Name=\"Medium Shading 1\"\/>\n  <w:LsdException Locked=\"false\" Priority=\"64\" SemiHidden=\"false\"\n   UnhideWhenUsed=\"false\" Name=\"Medium Shading 2\"\/>\n  <w:LsdException Locked=\"false\" Priority=\"65\" SemiHidden=\"false\"\n   UnhideWhenUsed=\"false\" Name=\"Medium List 1\"\/>\n  <w:LsdException Locked=\"false\" Priority=\"66\" SemiHidden=\"false\"\n   UnhideWhenUsed=\"false\" Name=\"Medium List 2\"\/>\n  <w:LsdException Locked=\"false\" Priority=\"67\" SemiHidden=\"false\"\n   UnhideWhenUsed=\"false\" Name=\"Medium Grid 1\"\/>\n  <w:LsdException Locked=\"false\" Priority=\"68\" SemiHidden=\"false\"\n   UnhideWhenUsed=\"false\" Name=\"Medium Grid 2\"\/>\n  <w:LsdException Locked=\"false\" Priority=\"69\" SemiHidden=\"false\"\n   UnhideWhenUsed=\"false\" Name=\"Medium Grid 3\"\/>\n  <w:LsdException Locked=\"false\" Priority=\"70\" SemiHidden=\"false\"\n   UnhideWhenUsed=\"false\" Name=\"Dark List\"\/>\n  <w:LsdException Locked=\"false\" Priority=\"71\" SemiHidden=\"false\"\n   UnhideWhenUsed=\"false\" Name=\"Colorful Shading\"\/>\n  <w:LsdException Locked=\"false\" Priority=\"72\" SemiHidden=\"false\"\n   UnhideWhenUsed=\"false\" Name=\"Colorful List\"\/>\n  <w:LsdException Locked=\"false\" Priority=\"73\" SemiHidden=\"false\"\n   UnhideWhenUsed=\"false\" Name=\"Colorful Grid\"\/>\n  <w:LsdException Locked=\"false\" Priority=\"60\" SemiHidden=\"false\"\n   UnhideWhenUsed=\"false\" Name=\"Light Shading Accent 1\"\/>\n  <w:LsdException Locked=\"false\" Priority=\"61\" SemiHidden=\"false\"\n   UnhideWhenUsed=\"false\" Name=\"Light List Accent 1\"\/>\n  <w:LsdException Locked=\"false\" Priority=\"62\" SemiHidden=\"false\"\n   UnhideWhenUsed=\"false\" Name=\"Light Grid Accent 1\"\/>\n  <w:LsdException Locked=\"false\" Priority=\"63\" SemiHidden=\"false\"\n   UnhideWhenUsed=\"false\" Name=\"Medium Shading 1 Accent 1\"\/>\n  <w:LsdException Locked=\"false\" Priority=\"64\" SemiHidden=\"false\"\n   UnhideWhenUsed=\"false\" Name=\"Medium Shading 2 Accent 1\"\/>\n  <w:LsdException Locked=\"false\" Priority=\"65\" SemiHidden=\"false\"\n   UnhideWhenUsed=\"false\" Name=\"Medium List 1 Accent 1\"\/>\n  <w:LsdException Locked=\"false\" UnhideWhenUsed=\"false\" Name=\"Revision\"\/>\n  <w:LsdException Locked=\"false\" Priority=\"34\" SemiHidden=\"false\"\n   UnhideWhenUsed=\"false\" QFormat=\"true\" Name=\"List Paragraph\"\/>\n  <w:LsdException Locked=\"false\" Priority=\"29\" SemiHidden=\"false\"\n   UnhideWhenUsed=\"false\" QFormat=\"true\" Name=\"Quote\"\/>\n  <w:LsdException Locked=\"false\" Priority=\"30\" SemiHidden=\"false\"\n   UnhideWhenUsed=\"false\" QFormat=\"true\" Name=\"Intense Quote\"\/>\n  <w:LsdException Locked=\"false\" Priority=\"66\" SemiHidden=\"false\"\n   UnhideWhenUsed=\"false\" Name=\"Medium List 2 Accent 1\"\/>\n  <w:LsdException Locked=\"false\" Priority=\"67\" SemiHidden=\"false\"\n   UnhideWhenUsed=\"false\" Name=\"Medium Grid 1 Accent 1\"\/>\n  <w:LsdException Locked=\"false\" Priority=\"68\" SemiHidden=\"false\"\n   UnhideWhenUsed=\"false\" Name=\"Medium Grid 2 Accent 1\"\/>\n  <w:LsdException Locked=\"false\" Priority=\"69\" SemiHidden=\"false\"\n   UnhideWhenUsed=\"false\" Name=\"Medium Grid 3 Accent 1\"\/>\n  <w:LsdException Locked=\"false\" Priority=\"70\" SemiHidden=\"false\"\n   UnhideWhenUsed=\"false\" Name=\"Dark List Accent 1\"\/>\n  <w:LsdException Locked=\"false\" Priority=\"71\" SemiHidden=\"false\"\n   UnhideWhenUsed=\"false\" Name=\"Colorful Shading Accent 1\"\/>\n  <w:LsdException Locked=\"false\" Priority=\"72\" SemiHidden=\"false\"\n   UnhideWhenUsed=\"false\" Name=\"Colorful List Accent 1\"\/>\n  <w:LsdException Locked=\"false\" Priority=\"73\" SemiHidden=\"false\"\n   UnhideWhenUsed=\"false\" Name=\"Colorful Grid Accent 1\"\/>\n  <w:LsdException Locked=\"false\" Priority=\"60\" SemiHidden=\"false\"\n   UnhideWhenUsed=\"false\" Name=\"Light Shading Accent 2\"\/>\n  <w:LsdException Locked=\"false\" Priority=\"61\" SemiHidden=\"false\"\n   UnhideWhenUsed=\"false\" Name=\"Light List Accent 2\"\/>\n  <w:LsdException Locked=\"false\" Priority=\"62\" SemiHidden=\"false\"\n   UnhideWhenUsed=\"false\" Name=\"Light Grid Accent 2\"\/>\n  <w:LsdException Locked=\"false\" Priority=\"63\" SemiHidden=\"false\"\n   UnhideWhenUsed=\"false\" Name=\"Medium Shading 1 Accent 2\"\/>\n  <w:LsdException Locked=\"false\" Priority=\"64\" SemiHidden=\"false\"\n   UnhideWhenUsed=\"false\" Name=\"Medium Shading 2 Accent 2\"\/>\n  <w:LsdException Locked=\"false\" Priority=\"65\" SemiHidden=\"false\"\n   UnhideWhenUsed=\"false\" Name=\"Medium List 1 Accent 2\"\/>\n  <w:LsdException Locked=\"false\" Priority=\"66\" SemiHidden=\"false\"\n   UnhideWhenUsed=\"false\" Name=\"Medium List 2 Accent 2\"\/>\n  <w:LsdException Locked=\"false\" Priority=\"67\" SemiHidden=\"false\"\n   UnhideWhenUsed=\"false\" Name=\"Medium Grid 1 Accent 2\"\/>\n  <w:LsdException Locked=\"false\" Priority=\"68\" SemiHidden=\"false\"\n   UnhideWhenUsed=\"false\" Name=\"Medium Grid 2 Accent 2\"\/>\n  <w:LsdException Locked=\"false\" Priority=\"69\" SemiHidden=\"false\"\n   UnhideWhenUsed=\"false\" Name=\"Medium Grid 3 Accent 2\"\/>\n  <w:LsdException Locked=\"false\" Priority=\"70\" SemiHidden=\"false\"\n   UnhideWhenUsed=\"false\" Name=\"Dark List Accent 2\"\/>\n  <w:LsdException Locked=\"false\" Priority=\"71\" SemiHidden=\"false\"\n   UnhideWhenUsed=\"false\" Name=\"Colorful Shading Accent 2\"\/>\n  <w:LsdException Locked=\"false\" Priority=\"72\" SemiHidden=\"false\"\n   UnhideWhenUsed=\"false\" Name=\"Colorful List Accent 2\"\/>\n  <w:LsdException Locked=\"false\" Priority=\"73\" SemiHidden=\"false\"\n   UnhideWhenUsed=\"false\" Name=\"Colorful Grid Accent 2\"\/>\n  <w:LsdException Locked=\"false\" Priority=\"60\" SemiHidden=\"false\"\n   UnhideWhenUsed=\"false\" Name=\"Light Shading Accent 3\"\/>\n  <w:LsdException Locked=\"false\" Priority=\"61\" SemiHidden=\"false\"\n   UnhideWhenUsed=\"false\" Name=\"Light List Accent 3\"\/>\n  <w:LsdException Locked=\"false\" Priority=\"62\" SemiHidden=\"false\"\n   UnhideWhenUsed=\"false\" Name=\"Light Grid Accent 3\"\/>\n  <w:LsdException Locked=\"false\" Priority=\"63\" SemiHidden=\"false\"\n   UnhideWhenUsed=\"false\" Name=\"Medium Shading 1 Accent 3\"\/>\n  <w:LsdException Locked=\"false\" Priority=\"64\" SemiHidden=\"false\"\n   UnhideWhenUsed=\"false\" Name=\"Medium Shading 2 Accent 3\"\/>\n  <w:LsdException Locked=\"false\" Priority=\"65\" SemiHidden=\"false\"\n   UnhideWhenUsed=\"false\" Name=\"Medium List 1 Accent 3\"\/>\n  <w:LsdException Locked=\"false\" Priority=\"66\" SemiHidden=\"false\"\n   UnhideWhenUsed=\"false\" Name=\"Medium List 2 Accent 3\"\/>\n  <w:LsdException Locked=\"false\" Priority=\"67\" SemiHidden=\"false\"\n   UnhideWhenUsed=\"false\" Name=\"Medium Grid 1 Accent 3\"\/>\n  <w:LsdException Locked=\"false\" Priority=\"68\" SemiHidden=\"false\"\n   UnhideWhenUsed=\"false\" Name=\"Medium Grid 2 Accent 3\"\/>\n  <w:LsdException Locked=\"false\" Priority=\"69\" SemiHidden=\"false\"\n   UnhideWhenUsed=\"false\" Name=\"Medium Grid 3 Accent 3\"\/>\n  <w:LsdException Locked=\"false\" Priority=\"70\" SemiHidden=\"false\"\n   UnhideWhenUsed=\"false\" Name=\"Dark List Accent 3\"\/>\n  <w:LsdException Locked=\"false\" Priority=\"71\" SemiHidden=\"false\"\n   UnhideWhenUsed=\"false\" Name=\"Colorful Shading Accent 3\"\/>\n  <w:LsdException Locked=\"false\" Priority=\"72\" SemiHidden=\"false\"\n   UnhideWhenUsed=\"false\" Name=\"Colorful List Accent 3\"\/>\n  <w:LsdException Locked=\"false\" Priority=\"73\" SemiHidden=\"false\"\n   UnhideWhenUsed=\"false\" Name=\"Colorful Grid Accent 3\"\/>\n  <w:LsdException Locked=\"false\" Priority=\"60\" SemiHidden=\"false\"\n   UnhideWhenUsed=\"false\" Name=\"Light Shading Accent 4\"\/>\n  <w:LsdException Locked=\"false\" Priority=\"61\" SemiHidden=\"false\"\n   UnhideWhenUsed=\"false\" Name=\"Light List Accent 4\"\/>\n  <w:LsdException Locked=\"false\" Priority=\"62\" SemiHidden=\"false\"\n   UnhideWhenUsed=\"false\" Name=\"Light Grid Accent 4\"\/>\n  <w:LsdException Locked=\"false\" Priority=\"63\" SemiHidden=\"false\"\n   UnhideWhenUsed=\"false\" Name=\"Medium Shading 1 Accent 4\"\/>\n  <w:LsdException Locked=\"false\" Priority=\"64\" SemiHidden=\"false\"\n   UnhideWhenUsed=\"false\" Name=\"Medium Shading 2 Accent 4\"\/>\n  <w:LsdException Locked=\"false\" Priority=\"65\" SemiHidden=\"false\"\n   UnhideWhenUsed=\"false\" Name=\"Medium List 1 Accent 4\"\/>\n  <w:LsdException Locked=\"false\" Priority=\"66\" SemiHidden=\"false\"\n   UnhideWhenUsed=\"false\" Name=\"Medium List 2 Accent 4\"\/>\n  <w:LsdException Locked=\"false\" Priority=\"67\" SemiHidden=\"false\"\n   UnhideWhenUsed=\"false\" Name=\"Medium Grid 1 Accent 4\"\/>\n  <w:LsdException Locked=\"false\" Priority=\"68\" SemiHidden=\"false\"\n   UnhideWhenUsed=\"false\" Name=\"Medium Grid 2 Accent 4\"\/>\n  <w:LsdException Locked=\"false\" Priority=\"69\" SemiHidden=\"false\"\n   UnhideWhenUsed=\"false\" Name=\"Medium Grid 3 Accent 4\"\/>\n  <w:LsdException Locked=\"false\" Priority=\"70\" SemiHidden=\"false\"\n   UnhideWhenUsed=\"false\" Name=\"Dark List Accent 4\"\/>\n  <w:LsdException Locked=\"false\" Priority=\"71\" SemiHidden=\"false\"\n   UnhideWhenUsed=\"false\" Name=\"Colorful Shading Accent 4\"\/>\n  <w:LsdException Locked=\"false\" Priority=\"72\" SemiHidden=\"false\"\n   UnhideWhenUsed=\"false\" Name=\"Colorful List Accent 4\"\/>\n  <w:LsdException Locked=\"false\" Priority=\"73\" SemiHidden=\"false\"\n   UnhideWhenUsed=\"false\" Name=\"Colorful Grid Accent 4\"\/>\n  <w:LsdException Locked=\"false\" Priority=\"60\" SemiHidden=\"false\"\n   UnhideWhenUsed=\"false\" Name=\"Light Shading Accent 5\"\/>\n  <w:LsdException Locked=\"false\" Priority=\"61\" SemiHidden=\"false\"\n   UnhideWhenUsed=\"false\" Name=\"Light List Accent 5\"\/>\n  <w:LsdException Locked=\"false\" Priority=\"62\" SemiHidden=\"false\"\n   UnhideWhenUsed=\"false\" Name=\"Light Grid Accent 5\"\/>\n  <w:LsdException Locked=\"false\" Priority=\"63\" SemiHidden=\"false\"\n   UnhideWhenUsed=\"false\" Name=\"Medium Shading 1 Accent 5\"\/>\n  <w:LsdException Locked=\"false\" Priority=\"64\" SemiHidden=\"false\"\n   UnhideWhenUsed=\"false\" Name=\"Medium Shading 2 Accent 5\"\/>\n  <w:LsdException Locked=\"false\" Priority=\"65\" SemiHidden=\"false\"\n   UnhideWhenUsed=\"false\" Name=\"Medium List 1 Accent 5\"\/>\n  <w:LsdException Locked=\"false\" Priority=\"66\" SemiHidden=\"false\"\n   UnhideWhenUsed=\"false\" Name=\"Medium List 2 Accent 5\"\/>\n  <w:LsdException Locked=\"false\" Priority=\"67\" SemiHidden=\"false\"\n   UnhideWhenUsed=\"false\" Name=\"Medium Grid 1 Accent 5\"\/>\n  <w:LsdException Locked=\"false\" Priority=\"68\" SemiHidden=\"false\"\n   UnhideWhenUsed=\"false\" Name=\"Medium Grid 2 Accent 5\"\/>\n  <w:LsdException Locked=\"false\" Priority=\"69\" SemiHidden=\"false\"\n   UnhideWhenUsed=\"false\" Name=\"Medium Grid 3 Accent 5\"\/>\n  <w:LsdException Locked=\"false\" Priority=\"70\" SemiHidden=\"false\"\n   UnhideWhenUsed=\"false\" Name=\"Dark List Accent 5\"\/>\n  <w:LsdException Locked=\"false\" Priority=\"71\" SemiHidden=\"false\"\n   UnhideWhenUsed=\"false\" Name=\"Colorful Shading Accent 5\"\/>\n  <w:LsdException Locked=\"false\" Priority=\"72\" SemiHidden=\"false\"\n   UnhideWhenUsed=\"false\" Name=\"Colorful List Accent 5\"\/>\n  <w:LsdException Locked=\"false\" Priority=\"73\" SemiHidden=\"false\"\n   UnhideWhenUsed=\"false\" Name=\"Colorful Grid Accent 5\"\/>\n  <w:LsdException Locked=\"false\" Priority=\"60\" SemiHidden=\"false\"\n   UnhideWhenUsed=\"false\" Name=\"Light Shading Accent 6\"\/>\n  <w:LsdException Locked=\"false\" Priority=\"61\" SemiHidden=\"false\"\n   UnhideWhenUsed=\"false\" Name=\"Light List Accent 6\"\/>\n  <w:LsdException Locked=\"false\" Priority=\"62\" SemiHidden=\"false\"\n   UnhideWhenUsed=\"false\" Name=\"Light Grid Accent 6\"\/>\n  <w:LsdException Locked=\"false\" Priority=\"63\" SemiHidden=\"false\"\n   UnhideWhenUsed=\"false\" Name=\"Medium Shading 1 Accent 6\"\/>\n  <w:LsdException Locked=\"false\" Priority=\"64\" SemiHidden=\"false\"\n   UnhideWhenUsed=\"false\" Name=\"Medium Shading 2 Accent 6\"\/>\n  <w:LsdException Locked=\"false\" Priority=\"65\" SemiHidden=\"false\"\n   UnhideWhenUsed=\"false\" Name=\"Medium List 1 Accent 6\"\/>\n  <w:LsdException Locked=\"false\" Priority=\"66\" SemiHidden=\"false\"\n   UnhideWhenUsed=\"false\" Name=\"Medium List 2 Accent 6\"\/>\n  <w:LsdException Locked=\"false\" Priority=\"67\" SemiHidden=\"false\"\n   UnhideWhenUsed=\"false\" Name=\"Medium Grid 1 Accent 6\"\/>\n  <w:LsdException Locked=\"false\" Priority=\"68\" SemiHidden=\"false\"\n   UnhideWhenUsed=\"false\" Name=\"Medium Grid 2 Accent 6\"\/>\n  <w:LsdException Locked=\"false\" Priority=\"69\" SemiHidden=\"false\"\n   UnhideWhenUsed=\"false\" Name=\"Medium Grid 3 Accent 6\"\/>\n  <w:LsdException Locked=\"false\" Priority=\"70\" SemiHidden=\"false\"\n   UnhideWhenUsed=\"false\" Name=\"Dark List Accent 6\"\/>\n  <w:LsdException Locked=\"false\" Priority=\"71\" SemiHidden=\"false\"\n   UnhideWhenUsed=\"false\" Name=\"Colorful Shading Accent 6\"\/>\n  <w:LsdException Locked=\"false\" Priority=\"72\" SemiHidden=\"false\"\n   UnhideWhenUsed=\"false\" Name=\"Colorful List Accent 6\"\/>\n  <w:LsdException Locked=\"false\" Priority=\"73\" SemiHidden=\"false\"\n   UnhideWhenUsed=\"false\" Name=\"Colorful Grid Accent 6\"\/>\n  <w:LsdException Locked=\"false\" Priority=\"19\" SemiHidden=\"false\"\n   UnhideWhenUsed=\"false\" QFormat=\"true\" Name=\"Subtle Emphasis\"\/>\n  <w:LsdException Locked=\"false\" Priority=\"21\" SemiHidden=\"false\"\n   UnhideWhenUsed=\"false\" QFormat=\"true\" Name=\"Intense Emphasis\"\/>\n  <w:LsdException Locked=\"false\" Priority=\"31\" SemiHidden=\"false\"\n   UnhideWhenUsed=\"false\" QFormat=\"true\" Name=\"Subtle Reference\"\/>\n  <w:LsdException Locked=\"false\" Priority=\"32\" SemiHidden=\"false\"\n   UnhideWhenUsed=\"false\" QFormat=\"true\" Name=\"Intense Reference\"\/>\n  <w:LsdException Locked=\"false\" Priority=\"33\" SemiHidden=\"false\"\n   UnhideWhenUsed=\"false\" QFormat=\"true\" Name=\"Book Title\"\/>\n  <w:LsdException Locked=\"false\" Priority=\"37\" Name=\"Bibliography\"\/>\n  <w:LsdException Locked=\"false\" Priority=\"39\" QFormat=\"true\" Name=\"TOC Heading\"\/>\n <\/w:LatentStyles>\n<\/xml><![endif]--><!--[if gte mso 10]>\n\n\n<style>\n \/* Style Definitions *\/\n table.MsoNormalTable\n\t{mso-style-name:\"Tabla normal\";\n\tmso-tstyle-rowband-size:0;\n\tmso-tstyle-colband-size:0;\n\tmso-style-noshow:yes;\n\tmso-style-priority:99;\n\tmso-style-parent:\"\";\n\tmso-padding-alt:0cm 5.4pt 0cm 5.4pt;\n\tmso-para-margin:0cm;\n\tmso-para-margin-bottom:.0001pt;\n\tmso-pagination:widow-orphan;\n\tfont-size:10.0pt;\n\tfont-family:\"Calibri\",\"sans-serif\";\n\tmso-bidi-font-family:Arial;}\n<\/style>\n\n\n<![endif]--><\/td>\n<\/tr>\n<tr>\n<td bgcolor=\"#FFCCFF\">Cathrin Pagel (professora de 1r i 3r)<\/td>\n<td bgcolor=\"#FFCCFF\">\n<p>Dimecres, de 15:30 a 16:00 h<\/p>\n<\/td>\n<\/tr>\n<\/tbody>\n<\/table>\n<p> <\/p>\n","protected":false},"excerpt":{"rendered":"<p>PROFESSORAT ALEMANY CURS 2014-15 Departament d&#8217;Alemany Horaris de Visita Pilar G\u00f3mez (professora de 5\u00e8 i Cap de Departament) Dilluns, de 18:15 a 18:30h Dimarts, de 15:00 a 16:00h (Cap de Departament) Susana Litr\u00e1n (professora de 2n i 4t) Dimecres i dijous de 15:30 a 16:00h Cathrin Pagel (professora de 1r i 3r) Dimecres, de 15:30 [&hellip;]<\/p>\n","protected":false},"author":1,"featured_media":0,"parent":8866,"menu_order":0,"comment_status":"closed","ping_status":"closed","template":"page-templates\/side-menu.php","meta":{"_bbp_topic_count":0,"_bbp_reply_count":0,"_bbp_total_topic_count":0,"_bbp_total_reply_count":0,"_bbp_voice_count":0,"_bbp_anonymous_reply_count":0,"_bbp_topic_count_hidden":0,"_bbp_reply_count_hidden":0,"_bbp_forum_subforum_count":0,"site-sidebar-layout":"default","site-content-layout":"","ast-site-content-layout":"","site-content-style":"default","site-sidebar-style":"default","ast-global-header-display":"","ast-banner-title-visibility":"","ast-main-header-display":"","ast-hfb-above-header-display":"","ast-hfb-below-header-display":"","ast-hfb-mobile-header-display":"","site-post-title":"","ast-breadcrumbs-content":"","ast-featured-img":"","footer-sml-layout":"","theme-transparent-header-meta":"","adv-header-id-meta":"","stick-header-meta":"","header-above-stick-meta":"","header-main-stick-meta":"","header-below-stick-meta":"","astra-migrate-meta-layouts":"default","ast-page-background-enabled":"default","ast-page-background-meta":{"desktop":{"background-color":"var(--ast-global-color-4)","background-image":"","background-repeat":"repeat","background-position":"center center","background-size":"auto","background-attachment":"scroll","background-type":"","background-media":"","overlay-type":"","overlay-color":"","overlay-opacity":"","overlay-gradient":""},"tablet":{"background-color":"","background-image":"","background-repeat":"repeat","background-position":"center center","background-size":"auto","background-attachment":"scroll","background-type":"","background-media":"","overlay-type":"","overlay-color":"","overlay-opacity":"","overlay-gradient":""},"mobile":{"background-color":"","background-image":"","background-repeat":"repeat","background-position":"center center","background-size":"auto","background-attachment":"scroll","background-type":"","background-media":"","overlay-type":"","overlay-color":"","overlay-opacity":"","overlay-gradient":""}},"ast-content-background-meta":{"desktop":{"background-color":"var(--ast-global-color-5)","background-image":"","background-repeat":"repeat","background-position":"center center","background-size":"auto","background-attachment":"scroll","background-type":"","background-media":"","overlay-type":"","overlay-color":"","overlay-opacity":"","overlay-gradient":""},"tablet":{"background-color":"var(--ast-global-color-5)","background-image":"","background-repeat":"repeat","background-position":"center center","background-size":"auto","background-attachment":"scroll","background-type":"","background-media":"","overlay-type":"","overlay-color":"","overlay-opacity":"","overlay-gradient":""},"mobile":{"background-color":"var(--ast-global-color-5)","background-image":"","background-repeat":"repeat","background-position":"center center","background-size":"auto","background-attachment":"scroll","background-type":"","background-media":"","overlay-type":"","overlay-color":"","overlay-opacity":"","overlay-gradient":""}},"footnotes":""},"class_list":["post-8897","page","type-page","status-publish","hentry"],"post_mailing_queue_ids":[],"_links":{"self":[{"href":"https:\/\/agora-eoi.xtec.cat\/eoimartorell\/wp-json\/wp\/v2\/pages\/8897","targetHints":{"allow":["GET"]}}],"collection":[{"href":"https:\/\/agora-eoi.xtec.cat\/eoimartorell\/wp-json\/wp\/v2\/pages"}],"about":[{"href":"https:\/\/agora-eoi.xtec.cat\/eoimartorell\/wp-json\/wp\/v2\/types\/page"}],"author":[{"embeddable":true,"href":"https:\/\/agora-eoi.xtec.cat\/eoimartorell\/wp-json\/wp\/v2\/users\/1"}],"replies":[{"embeddable":true,"href":"https:\/\/agora-eoi.xtec.cat\/eoimartorell\/wp-json\/wp\/v2\/comments?post=8897"}],"version-history":[{"count":1,"href":"https:\/\/agora-eoi.xtec.cat\/eoimartorell\/wp-json\/wp\/v2\/pages\/8897\/revisions"}],"predecessor-version":[{"id":9006,"href":"https:\/\/agora-eoi.xtec.cat\/eoimartorell\/wp-json\/wp\/v2\/pages\/8897\/revisions\/9006"}],"up":[{"embeddable":true,"href":"https:\/\/agora-eoi.xtec.cat\/eoimartorell\/wp-json\/wp\/v2\/pages\/8866"}],"wp:attachment":[{"href":"https:\/\/agora-eoi.xtec.cat\/eoimartorell\/wp-json\/wp\/v2\/media?parent=8897"}],"curies":[{"name":"wp","href":"https:\/\/api.w.org\/{rel}","templated":true}]}}