{"id":8893,"date":"2012-05-16T12:46:04","date_gmt":"2012-05-16T11:46:04","guid":{"rendered":"http:\/\/agora-eoi.xtec.cat\/eoimartorell\/intraweb\/horaris-dangles\/"},"modified":"2016-07-06T09:01:00","modified_gmt":"2016-07-06T08:01:00","slug":"horaris-dangles","status":"publish","type":"page","link":"https:\/\/agora-eoi.xtec.cat\/eoimartorell\/intraweb\/horaris-dangles\/","title":{"rendered":"Horaris d&#8217;angl\u00e8s"},"content":{"rendered":"<h1><font face=\"arial,helvetica,sans-serif\">Horaris Angl\u00e8s Curs 2013-2014<\/font><\/h1>\n<table width=\"587\" height=\"141\" cellspacing=\"0\" cellpadding=\"0\" border=\"1\">\n<tbody>\n<tr>\n<td width=\"39\" valign=\"top\" height=\"20\" style=\"width: 39.85pt; border: 0.5pt solid windowtext; background: none repeat scroll 0% 0% #ffcc00; padding: 0cm 3.5pt;\"><font face=\"arial,helvetica,sans-serif\"><br \/><\/font><\/td>\n<td width=\"61\" valign=\"top\" height=\"20\" style=\"width: 64.25pt; border-width: 0.5pt 0.5pt 0.5pt medium; border-style: solid solid solid none; border-color: windowtext windowtext windowtext -moz-use-text-color; -moz-border-top-colors: none; -moz-border-right-colors: none; -moz-border-bottom-colors: none; -moz-border-left-colors: none; border-image: none; background: none repeat scroll 0% 0% #ffcc00; padding: 0cm 3.5pt;\"><font face=\"arial,helvetica,sans-serif\">Horari<\/font><\/td>\n<td width=\"60\" valign=\"top\" height=\"20\" style=\"width: 84.65pt; border-width: 0.5pt 0.5pt 0.5pt medium; border-style: solid solid solid none; border-color: windowtext windowtext windowtext -moz-use-text-color; -moz-border-top-colors: none; -moz-border-right-colors: none; -moz-border-bottom-colors: none; -moz-border-left-colors: none; border-image: none; background: none repeat scroll 0% 0% #ffcc00; padding: 0cm 3.5pt;\"><font face=\"arial,helvetica,sans-serif\">Aula 1 <\/font><\/td>\n<td width=\"67\" valign=\"top\" height=\"20\" style=\"width: 84.65pt; border-width: 0.5pt 0.5pt 0.5pt medium; border-style: solid solid solid none; border-color: windowtext windowtext windowtext -moz-use-text-color; -moz-border-top-colors: none; -moz-border-right-colors: none; -moz-border-bottom-colors: none; -moz-border-left-colors: none; border-image: none; background: none repeat scroll 0% 0% #ffcc00; padding: 0cm 3.5pt;\"><font face=\"arial,helvetica,sans-serif\">Aula 2<\/font><\/td>\n<td width=\"80\" valign=\"top\" height=\"20\" style=\"width: 84.65pt; border-width: 0.5pt 0.5pt 0.5pt medium; border-style: solid solid solid none; border-color: windowtext windowtext windowtext -moz-use-text-color; -moz-border-top-colors: none; -moz-border-right-colors: none; -moz-border-bottom-colors: none; -moz-border-left-colors: none; border-image: none; background: none repeat scroll 0% 0% #ffcc00; padding: 0cm 3.5pt;\"><font face=\"arial,helvetica,sans-serif\">Aula 3<\/font><\/td>\n<td width=\"88\" valign=\"top\" height=\"20\" style=\"width: 81.1pt; border-width: 0.5pt 0.5pt 0.5pt medium; border-style: solid solid solid none; border-color: windowtext windowtext windowtext -moz-use-text-color; -moz-border-top-colors: none; -moz-border-right-colors: none; -moz-border-bottom-colors: none; -moz-border-left-colors: none; border-image: none; background: none repeat scroll 0% 0% #ffcc00; padding: 0cm 3.5pt;\"><font face=\"arial,helvetica,sans-serif\">Aula 4<\/font><\/td>\n<td width=\"88\" valign=\"top\" height=\"20\" style=\"width: 81.1pt; border-width: 0.5pt 0.5pt 0.5pt medium; border-style: solid solid solid none; border-color: windowtext windowtext windowtext -moz-use-text-color; -moz-border-top-colors: none; -moz-border-right-colors: none; -moz-border-bottom-colors: none; -moz-border-left-colors: none; border-image: none; background: none repeat scroll 0% 0% #ffcc00; padding: 0cm 3.5pt;\"><font face=\"arial,helvetica,sans-serif\">Aula 5<\/font><\/td>\n<td width=\"86\" valign=\"top\" height=\"20\" style=\"width: 85.4pt; border-width: 0.5pt 0.5pt 0.5pt medium; border-style: solid solid solid none; border-color: windowtext windowtext windowtext -moz-use-text-color; -moz-border-top-colors: none; -moz-border-right-colors: none; -moz-border-bottom-colors: none; -moz-border-left-colors: none; border-image: none; background: none repeat scroll 0% 0% #ffcc00; padding: 0cm 3.5pt;\"><font face=\"arial,helvetica,sans-serif\">Aula 6<\/font><\/td>\n<\/tr>\n<tr>\n<td width=\"39\" valign=\"top\" rowspan=\"2\" style=\"width: 39.85pt; border-width: medium 0.5pt 0.5pt; border-style: none solid solid; border-color: -moz-use-text-color windowtext windowtext; -moz-border-top-colors: none; -moz-border-right-colors: none; -moz-border-bottom-colors: none; -moz-border-left-colors: none; border-image: none; background: none repeat scroll 0% 0% #ff9900; padding: 0cm 3.5pt;\">\n<p><font face=\"arial,helvetica,sans-serif\">DL\/<br \/>DX<br \/><\/font><\/p>\n<\/td>\n<td width=\"61\" valign=\"top\" style=\"width: 64.25pt; border-width: medium 0.5pt 0.5pt medium; border-style: none solid solid none; border-color: -moz-use-text-color windowtext windowtext -moz-use-text-color; background: none repeat scroll 0% 0% #ffff99; padding: 0cm 3.5pt;\"><font face=\"arial,helvetica,sans-serif\">16:00-18:30h<\/font><\/td>\n<td width=\"60\" valign=\"top\" style=\"width: 84.65pt; border-width: medium 0.5pt 0.5pt medium; border-style: none solid solid none; border-color: -moz-use-text-color windowtext windowtext -moz-use-text-color; background: none repeat scroll 0% 0% #f8db94; padding: 0cm 3.5pt;\"><font face=\"arial,helvetica,sans-serif\"> <\/font><\/td>\n<td width=\"67\" valign=\"top\" style=\"width: 84.65pt; border-width: medium 0.5pt 0.5pt medium; border-style: none solid solid none; border-color: -moz-use-text-color windowtext windowtext -moz-use-text-color; background: none repeat scroll 0% 0% #f8db94; padding: 0cm 3.5pt;\">\n<p><font face=\"arial,helvetica,sans-serif\">&nbsp;3r A<\/font><\/p>\n<p><font face=\"arial,helvetica,sans-serif\">\u00c3?ngel D.<br \/><\/font><\/p>\n<\/td>\n<td width=\"80\" valign=\"top\" style=\"width: 84.65pt; border-width: medium 0.5pt 0.5pt medium; border-style: none solid solid none; border-color: -moz-use-text-color windowtext windowtext -moz-use-text-color; background: none repeat scroll 0% 0% #f8db94; padding: 0cm 3.5pt;\"><font face=\"arial,helvetica,sans-serif\"> <\/font><\/td>\n<td width=\"88\" valign=\"top\" style=\"width: 81.1pt; border-width: medium 0.5pt 0.5pt medium; border-style: none solid solid none; border-color: -moz-use-text-color windowtext windowtext -moz-use-text-color; background: none repeat scroll 0% 0% #f8db94; padding: 0cm 3.5pt;\"><font face=\"arial,helvetica,sans-serif\"> <\/font><\/td>\n<td width=\"88\" valign=\"top\" style=\"width: 81.1pt; border-width: medium 0.5pt 0.5pt medium; border-style: none solid solid none; border-color: -moz-use-text-color windowtext windowtext -moz-use-text-color; background: none repeat scroll 0% 0% #f8db94; padding: 0cm 3.5pt;\">\n<p><font face=\"arial,helvetica,sans-serif\">&nbsp;1r<\/font><\/p>\n<p><font face=\"arial,helvetica,sans-serif\">Edward S.<\/font> <\/p>\n<\/td>\n<td width=\"86\" valign=\"top\" style=\"width: 85.4pt; border-width: medium 0.5pt 0.5pt medium; border-style: none solid solid none; border-color: -moz-use-text-color windowtext windowtext -moz-use-text-color; background: none repeat scroll 0% 0% #f8db94; padding: 0cm 3.5pt;\">\n<p><font face=\"arial,helvetica,sans-serif\">2nd C<\/font><\/p>\n<p><font face=\"arial,helvetica,sans-serif\">Marta S.<br \/><\/font><\/p>\n<\/td>\n<\/tr>\n<tr>\n<td width=\"61\" valign=\"top\" style=\"width: 64.25pt; border-width: medium 0.5pt 0.5pt medium; border-style: none solid solid none; border-color: -moz-use-text-color windowtext windowtext -moz-use-text-color; background: none repeat scroll 0% 0% #ffff99; padding: 0cm 3.5pt;\"><font face=\"arial,helvetica,sans-serif\">18:30-21:00h<\/font><\/td>\n<td width=\"60\" valign=\"top\" style=\"width: 84.65pt; border-width: medium 0.5pt 0.5pt medium; border-style: none solid solid none; border-color: -moz-use-text-color windowtext windowtext -moz-use-text-color; background: none repeat scroll 0% 0% #f8db94; padding: 0cm 3.5pt;\"><font face=\"arial,helvetica,sans-serif\"><br \/><\/font><\/td>\n<td width=\"67\" valign=\"top\" style=\"width: 84.65pt; border-width: medium 0.5pt 0.5pt medium; border-style: none solid solid none; border-color: -moz-use-text-color windowtext windowtext -moz-use-text-color; background: none repeat scroll 0% 0% #f8db94; padding: 0cm 3.5pt;\">\n<p><font face=\"arial,helvetica,sans-serif\">&nbsp;3r B<\/font><\/p>\n<p><font face=\"arial,helvetica,sans-serif\">\u00c3?ngel D.<\/font><\/p>\n<\/td>\n<td width=\"80\" valign=\"top\" style=\"width: 84.65pt; border-width: medium 0.5pt 0.5pt medium; border-style: none solid solid none; border-color: -moz-use-text-color windowtext windowtext -moz-use-text-color; background: none repeat scroll 0% 0% #f8db94; padding: 0cm 3.5pt;\"><font face=\"arial,helvetica,sans-serif\"><br \/><\/font><\/td>\n<td width=\"88\" valign=\"top\" style=\"width: 81.1pt; border-width: medium 0.5pt 0.5pt medium; border-style: none solid solid none; border-color: -moz-use-text-color windowtext windowtext -moz-use-text-color; background: none repeat scroll 0% 0% #f8db94; padding: 0cm 3.5pt;\"><font face=\"arial,helvetica,sans-serif\"><br \/><\/font><\/td>\n<td width=\"88\" valign=\"top\" style=\"width: 81.1pt; border-width: medium 0.5pt 0.5pt medium; border-style: none solid solid none; border-color: -moz-use-text-color windowtext windowtext -moz-use-text-color; background: none repeat scroll 0% 0% #f8db94; padding: 0cm 3.5pt;\">\n<p><font face=\"arial,helvetica,sans-serif\">4t B<\/font><\/p>\n<p><font face=\"arial,helvetica,sans-serif\">Edward S.<\/font><\/p>\n<\/td>\n<td width=\"86\" valign=\"top\" style=\"width: 85.4pt; border-width: medium 0.5pt 0.5pt medium; border-style: none solid solid none; border-color: -moz-use-text-color windowtext windowtext -moz-use-text-color; background: none repeat scroll 0% 0% #f8db94; padding: 0cm 3.5pt;\">\n<p><font face=\"arial,helvetica,sans-serif\">4t C<\/font><\/p>\n<p><font face=\"arial,helvetica,sans-serif\">Jos\u00e9 Manuel A.<br \/><\/font><\/p>\n<\/td>\n<\/tr>\n<tr>\n<td width=\"39\" valign=\"top\" rowspan=\"2\" style=\"width: 39.85pt; border-width: medium 0.5pt 0.5pt; border-style: none solid solid; border-color: -moz-use-text-color windowtext windowtext; -moz-border-top-colors: none; -moz-border-right-colors: none; -moz-border-bottom-colors: none; -moz-border-left-colors: none; border-image: none; background: none repeat scroll 0% 0% red; padding: 0cm 3.5pt;\">\n<p><font face=\"arial,helvetica,sans-serif\">DM\/<br \/>DJ<br \/><\/font><\/p>\n<\/td>\n<td width=\"61\" valign=\"top\" style=\"width: 64.25pt; border-width: medium 0.5pt 0.5pt medium; border-style: none solid solid none; border-color: -moz-use-text-color windowtext windowtext -moz-use-text-color; background: none repeat scroll 0% 0% #ffff99; padding: 0cm 3.5pt;\"><font face=\"arial,helvetica,sans-serif\">16:00-18:30h<\/font><\/td>\n<td width=\"60\" valign=\"top\" style=\"width: 84.65pt; border-width: medium 0.5pt 0.5pt medium; border-style: none solid solid none; border-color: -moz-use-text-color windowtext windowtext -moz-use-text-color; background: none repeat scroll 0% 0% #f8db94; padding: 0cm 3.5pt;\">\n<p><font size=\"3\" face=\"arial,helvetica,sans-serif\">2n A<\/font><\/p>\n<p><font size=\"3\"><font face=\"arial,helvetica,sans-serif\">N\u00faria A<\/font>. <br \/><\/font><\/p>\n<\/td>\n<td width=\"67\" valign=\"top\" style=\"width: 84.65pt; border-width: medium 0.5pt 0.5pt medium; border-style: none solid solid none; border-color: -moz-use-text-color windowtext windowtext -moz-use-text-color; background: none repeat scroll 0% 0% #f8db94; padding: 0cm 3.5pt;\">\n<p><font size=\"3\" face=\"arial,helvetica,sans-serif\">5\u00e8 A<\/font><\/p>\n<p><font size=\"3\" face=\"arial,helvetica,sans-serif\">\u00c3?ngel D.<\/font><\/p>\n<\/td>\n<td width=\"80\" valign=\"top\" style=\"width: 84.65pt; border-width: medium 0.5pt 0.5pt medium; border-style: none solid solid none; border-color: -moz-use-text-color windowtext windowtext -moz-use-text-color; background: none repeat scroll 0% 0% #f8db94; padding: 0cm 3.5pt;\"><font face=\"arial,helvetica,sans-serif\"><br \/><\/font><\/td>\n<td width=\"88\" valign=\"top\" style=\"width: 81.1pt; border-width: medium 0.5pt 0.5pt medium; border-style: none solid solid none; border-color: -moz-use-text-color windowtext windowtext -moz-use-text-color; background: none repeat scroll 0% 0% #f8db94; padding: 0cm 3.5pt;\"><font face=\"arial,helvetica,sans-serif\"><br \/><\/font><\/td>\n<td width=\"88\" valign=\"top\" style=\"width: 81.1pt; border-width: medium 0.5pt 0.5pt medium; border-style: none solid solid none; border-color: -moz-use-text-color windowtext windowtext -moz-use-text-color; background: none repeat scroll 0% 0% #f8db94; padding: 0cm 3.5pt;\">\n<p><font face=\"arial,helvetica,sans-serif\">3r C<\/font><\/p>\n<p><font face=\"arial,helvetica,sans-serif\">Edward S.<\/font><\/p>\n<\/td>\n<td width=\"86\" valign=\"top\" style=\"width: 85.4pt; border-width: medium 0.5pt 0.5pt medium; border-style: none solid solid none; border-color: -moz-use-text-color windowtext windowtext -moz-use-text-color; background: none repeat scroll 0% 0% #f8db94; padding: 0cm 3.5pt;\">\n<p><font face=\"arial,helvetica,sans-serif\">4t A<\/font><\/p>\n<p><font face=\"arial,helvetica,sans-serif\">Maria S.<br \/><\/font><\/p>\n<\/td>\n<\/tr>\n<tr>\n<td width=\"61\" valign=\"top\" style=\"width: 64.25pt; border-width: medium 0.5pt 0.5pt medium; border-style: none solid solid none; border-color: -moz-use-text-color windowtext windowtext -moz-use-text-color; background: none repeat scroll 0% 0% #ffff99; padding: 0cm 3.5pt;\"><font face=\"arial,helvetica,sans-serif\">18:30-21:00h<\/font><\/td>\n<td width=\"60\" valign=\"top\" style=\"width: 84.65pt; border-width: medium 0.5pt 0.5pt medium; border-style: none solid solid none; border-color: -moz-use-text-color windowtext windowtext -moz-use-text-color; background: none repeat scroll 0% 0% #f8db94; padding: 0cm 3.5pt;\">\n<p><font size=\"3\" face=\"arial,helvetica,sans-serif\">2n B<\/font><\/p>\n<p><font size=\"3\"><font face=\"arial,helvetica,sans-serif\">N\u00faria A.<\/font> <br \/><\/font><\/p>\n<\/td>\n<td width=\"67\" valign=\"top\" style=\"width: 84.65pt; border-width: medium 0.5pt 0.5pt medium; border-style: none solid solid none; border-color: -moz-use-text-color windowtext windowtext -moz-use-text-color; background: none repeat scroll 0% 0% #f8db94; padding: 0cm 3.5pt;\">\n<p><font size=\"3\" face=\"arial,helvetica,sans-serif\">5\u00e8 B<\/font><\/p>\n<p><font size=\"3\" face=\"arial,helvetica,sans-serif\"><\/font><font size=\"3\" face=\"arial,helvetica,sans-serif\">\u00c3?ngel D.<\/font><\/p>\n<\/td>\n<td width=\"80\" valign=\"top\" style=\"width: 84.65pt; border-width: medium 0.5pt 0.5pt medium; border-style: none solid solid none; border-color: -moz-use-text-color windowtext windowtext -moz-use-text-color; background: none repeat scroll 0% 0% #f8db94; padding: 0cm 3.5pt;\"><font face=\"arial,helvetica,sans-serif\"><br \/><\/font><\/td>\n<td width=\"88\" valign=\"top\" style=\"width: 81.1pt; border-width: medium 0.5pt 0.5pt medium; border-style: none solid solid none; border-color: -moz-use-text-color windowtext windowtext -moz-use-text-color; background: none repeat scroll 0% 0% #f8db94; padding: 0cm 3.5pt;\"><font face=\"arial,helvetica,sans-serif\"><br \/><\/font><\/td>\n<td width=\"88\" valign=\"top\" style=\"width: 81.1pt; border-width: medium 0.5pt 0.5pt medium; border-style: none solid solid none; border-color: -moz-use-text-color windowtext windowtext -moz-use-text-color; background: none repeat scroll 0% 0% #f8db94; padding: 0cm 3.5pt;\">\n<p><font face=\"arial,helvetica,sans-serif\">3r D<\/font><\/p>\n<p><font face=\"arial,helvetica,sans-serif\">Edward S.<\/font><\/p>\n<\/td>\n<td width=\"86\" valign=\"top\" style=\"width: 85.4pt; border-width: medium 0.5pt 0.5pt medium; border-style: none solid solid none; border-color: -moz-use-text-color windowtext windowtext -moz-use-text-color; background: none repeat scroll 0% 0% #f8db94; padding: 0cm 3.5pt;\">\n<p><font face=\"arial,helvetica,sans-serif\">C1<\/font><\/p>\n<p><font face=\"arial,helvetica,sans-serif\">Maria S.<br \/><\/font><\/p>\n<\/td>\n<\/tr>\n<\/tbody>\n<\/table>\n<p> <\/p>\n","protected":false},"excerpt":{"rendered":"<p>Horaris Angl\u00e8s Curs 2013-2014 Horari Aula 1 Aula 2 Aula 3 Aula 4 Aula 5 Aula 6 DL\/DX 16:00-18:30h &nbsp;3r A \u00c3?ngel D. &nbsp;1r Edward S. 2nd C Marta S. 18:30-21:00h &nbsp;3r B \u00c3?ngel D. 4t B Edward S. 4t C Jos\u00e9 Manuel A. DM\/DJ 16:00-18:30h 2n A N\u00faria A. 5\u00e8 A \u00c3?ngel D. 3r [&hellip;]<\/p>\n","protected":false},"author":1,"featured_media":0,"parent":8866,"menu_order":0,"comment_status":"closed","ping_status":"closed","template":"page-templates\/side-menu.php","meta":{"_bbp_topic_count":0,"_bbp_reply_count":0,"_bbp_total_topic_count":0,"_bbp_total_reply_count":0,"_bbp_voice_count":0,"_bbp_anonymous_reply_count":0,"_bbp_topic_count_hidden":0,"_bbp_reply_count_hidden":0,"_bbp_forum_subforum_count":0,"site-sidebar-layout":"default","site-content-layout":"","ast-site-content-layout":"","site-content-style":"default","site-sidebar-style":"default","ast-global-header-display":"","ast-banner-title-visibility":"","ast-main-header-display":"","ast-hfb-above-header-display":"","ast-hfb-below-header-display":"","ast-hfb-mobile-header-display":"","site-post-title":"","ast-breadcrumbs-content":"","ast-featured-img":"","footer-sml-layout":"","theme-transparent-header-meta":"","adv-header-id-meta":"","stick-header-meta":"","header-above-stick-meta":"","header-main-stick-meta":"","header-below-stick-meta":"","astra-migrate-meta-layouts":"default","ast-page-background-enabled":"default","ast-page-background-meta":{"desktop":{"background-color":"var(--ast-global-color-4)","background-image":"","background-repeat":"repeat","background-position":"center center","background-size":"auto","background-attachment":"scroll","background-type":"","background-media":"","overlay-type":"","overlay-color":"","overlay-opacity":"","overlay-gradient":""},"tablet":{"background-color":"","background-image":"","background-repeat":"repeat","background-position":"center center","background-size":"auto","background-attachment":"scroll","background-type":"","background-media":"","overlay-type":"","overlay-color":"","overlay-opacity":"","overlay-gradient":""},"mobile":{"background-color":"","background-image":"","background-repeat":"repeat","background-position":"center center","background-size":"auto","background-attachment":"scroll","background-type":"","background-media":"","overlay-type":"","overlay-color":"","overlay-opacity":"","overlay-gradient":""}},"ast-content-background-meta":{"desktop":{"background-color":"var(--ast-global-color-5)","background-image":"","background-repeat":"repeat","background-position":"center center","background-size":"auto","background-attachment":"scroll","background-type":"","background-media":"","overlay-type":"","overlay-color":"","overlay-opacity":"","overlay-gradient":""},"tablet":{"background-color":"var(--ast-global-color-5)","background-image":"","background-repeat":"repeat","background-position":"center center","background-size":"auto","background-attachment":"scroll","background-type":"","background-media":"","overlay-type":"","overlay-color":"","overlay-opacity":"","overlay-gradient":""},"mobile":{"background-color":"var(--ast-global-color-5)","background-image":"","background-repeat":"repeat","background-position":"center center","background-size":"auto","background-attachment":"scroll","background-type":"","background-media":"","overlay-type":"","overlay-color":"","overlay-opacity":"","overlay-gradient":""}},"footnotes":""},"class_list":["post-8893","page","type-page","status-publish","hentry"],"post_mailing_queue_ids":[],"_links":{"self":[{"href":"https:\/\/agora-eoi.xtec.cat\/eoimartorell\/wp-json\/wp\/v2\/pages\/8893","targetHints":{"allow":["GET"]}}],"collection":[{"href":"https:\/\/agora-eoi.xtec.cat\/eoimartorell\/wp-json\/wp\/v2\/pages"}],"about":[{"href":"https:\/\/agora-eoi.xtec.cat\/eoimartorell\/wp-json\/wp\/v2\/types\/page"}],"author":[{"embeddable":true,"href":"https:\/\/agora-eoi.xtec.cat\/eoimartorell\/wp-json\/wp\/v2\/users\/1"}],"replies":[{"embeddable":true,"href":"https:\/\/agora-eoi.xtec.cat\/eoimartorell\/wp-json\/wp\/v2\/comments?post=8893"}],"version-history":[{"count":1,"href":"https:\/\/agora-eoi.xtec.cat\/eoimartorell\/wp-json\/wp\/v2\/pages\/8893\/revisions"}],"predecessor-version":[{"id":9002,"href":"https:\/\/agora-eoi.xtec.cat\/eoimartorell\/wp-json\/wp\/v2\/pages\/8893\/revisions\/9002"}],"up":[{"embeddable":true,"href":"https:\/\/agora-eoi.xtec.cat\/eoimartorell\/wp-json\/wp\/v2\/pages\/8866"}],"wp:attachment":[{"href":"https:\/\/agora-eoi.xtec.cat\/eoimartorell\/wp-json\/wp\/v2\/media?parent=8893"}],"curies":[{"name":"wp","href":"https:\/\/api.w.org\/{rel}","templated":true}]}}