{"id":8875,"date":"2015-07-06T10:22:46","date_gmt":"2015-07-06T09:22:46","guid":{"rendered":"http:\/\/agora-eoi.xtec.cat\/eoimartorell\/intraweb\/renuncies\/"},"modified":"2025-07-09T09:58:44","modified_gmt":"2025-07-09T07:58:44","slug":"renuncies","status":"publish","type":"page","link":"https:\/\/agora-eoi.xtec.cat\/eoimartorell\/secretaria\/normativa\/renuncies\/","title":{"rendered":"Ren\u00fancies"},"content":{"rendered":"<h3><span style=\"font-size: 12pt; font-family: arial,helvetica,sans-serif;\"><strong>Ren\u00fancia dels drets de matr\u00edcula<\/strong><\/span><\/h3>\n<p><span style=\"font-size: 12pt; font-family: arial,helvetica,sans-serif;\">Termini: fins al 29 de novembre de 2024.<br \/>\n<\/span><\/p>\n<p><span style=\"font-size: 12pt; font-family: arial,helvetica,sans-serif;\">Aquesta ren\u00fancia no suposa el c\u00f2mput del curs a efectes de repetici\u00f3, ni el dret al retorn del &#8216;import de la matr\u00edcula. Amb posterioritat al termini de ren\u00fancia establert, si un alumne oficial abandona, el curs es computar\u00e0 a efectes de repetici\u00f3 i l&#8217;alumne tindr\u00e0, a tots els efectes, la consideraci\u00f3 de &#8220;No presentat&#8221; en la qualificaci\u00f3 final.<\/span><\/p>\n<p><span style=\"font-size: 12pt; font-family: arial,helvetica,sans-serif;\">D&#8217;aquestes ren\u00fancies, l&#8217;alumne en podr\u00e0 fer nom\u00e9s una per curs.<\/span><\/p>\n<p><span style=\"font-size: 12pt; font-family: arial,helvetica,sans-serif;\">Per accedir a l&#8217;impr\u00e8s per fer la ren\u00fancia amb reserva de pla\u00e7a, cliqueu <a href=\"https:\/\/agora-eoi.xtec.cat\/eoimartorell\/wp-content\/uploads\/usu2246\/2025\/07\/Renunciar-matricula-sollicitar-reserva_NOU1.doc\" target=\"_blank\" rel=\"noopener\">aqu\u00ed<\/a>.<\/span><\/p>\n<p>Per accedir a l&#8217;impr\u00e8s per fer la ren\u00fancia sense reserva de pla\u00e7a, cliqueu <a href=\"https:\/\/agora-eoi.xtec.cat\/eoimartorell\/wp-content\/uploads\/usu2246\/2025\/07\/Renunciar-matricula-no-sollicitar-reserva_NOU.doc\" target=\"_blank\" rel=\"noopener\">aqu\u00ed<\/a>.<\/p>\n<h3><span style=\"font-size: 12pt; font-family: arial,helvetica,sans-serif;\"><strong>Ren\u00fancia a cursos aprovats (1r, 2n i 4t)<\/strong><\/span><\/h3>\n<p><span style=\"font-size: 12pt; font-family: arial,helvetica,sans-serif;\">Qualsevol persona que tingui un expedient acad\u00e8mic obert en una escola oficial d&#8217;idiomes podr\u00e0 sol\u00b7licitar al director o directora de l&#8217;escola la ren\u00fancia a un dels cursos acad\u00e8mics superats en aquell idioma, sempre que no siguin cursos que hagin comportat l&#8217;obtenci\u00f3 d&#8217;un certificat. L&#8217;escola la podr\u00e0 concedir un cop obtinguts els informes oportuns del departament d&#8217;aquell idioma.<\/span><\/p>\n<p><span style=\"font-size: 12pt; font-family: arial,helvetica,sans-serif;\">El curs renunciat computar\u00e0 a efectes de repetici\u00f3.<\/span><\/p>\n<p><span style=\"font-size: 12pt; font-family: arial,helvetica,sans-serif;\">Per accedir a l&#8217;impr\u00e8s per fer la ren\u00fancia, cliqueu <a href=\"https:\/\/agora-eoi.xtec.cat\/eoimartorell\/wp-content\/uploads\/usu2246\/2025\/07\/instancies.doc\" target=\"_blank\" rel=\"noopener\">aqu\u00ed<\/a>.\u00a0<\/span><\/p>\n<p>&nbsp;<\/p>\n","protected":false},"excerpt":{"rendered":"<p>Ren\u00fancia dels drets de matr\u00edcula Termini: fins al 29 de novembre de 2024. Aquesta ren\u00fancia no suposa el c\u00f2mput del curs a efectes de repetici\u00f3, ni el dret al retorn del &#8216;import de la matr\u00edcula. Amb posterioritat al termini de ren\u00fancia establert, si un alumne oficial abandona, el curs es computar\u00e0 a efectes de repetici\u00f3 [&hellip;]<\/p>\n","protected":false},"author":1,"featured_media":0,"parent":9246,"menu_order":0,"comment_status":"closed","ping_status":"closed","template":"page-templates\/side-menu.php","meta":{"_bbp_topic_count":0,"_bbp_reply_count":0,"_bbp_total_topic_count":0,"_bbp_total_reply_count":0,"_bbp_voice_count":0,"_bbp_anonymous_reply_count":0,"_bbp_topic_count_hidden":0,"_bbp_reply_count_hidden":0,"_bbp_forum_subforum_count":0,"site-sidebar-layout":"default","site-content-layout":"","ast-site-content-layout":"","site-content-style":"default","site-sidebar-style":"default","ast-global-header-display":"","ast-banner-title-visibility":"","ast-main-header-display":"","ast-hfb-above-header-display":"","ast-hfb-below-header-display":"","ast-hfb-mobile-header-display":"","site-post-title":"","ast-breadcrumbs-content":"","ast-featured-img":"","footer-sml-layout":"","theme-transparent-header-meta":"","adv-header-id-meta":"","stick-header-meta":"","header-above-stick-meta":"","header-main-stick-meta":"","header-below-stick-meta":"","astra-migrate-meta-layouts":"default","ast-page-background-enabled":"default","ast-page-background-meta":{"desktop":{"background-color":"var(--ast-global-color-4)","background-image":"","background-repeat":"repeat","background-position":"center center","background-size":"auto","background-attachment":"scroll","background-type":"","background-media":"","overlay-type":"","overlay-color":"","overlay-opacity":"","overlay-gradient":""},"tablet":{"background-color":"","background-image":"","background-repeat":"repeat","background-position":"center center","background-size":"auto","background-attachment":"scroll","background-type":"","background-media":"","overlay-type":"","overlay-color":"","overlay-opacity":"","overlay-gradient":""},"mobile":{"background-color":"","background-image":"","background-repeat":"repeat","background-position":"center center","background-size":"auto","background-attachment":"scroll","background-type":"","background-media":"","overlay-type":"","overlay-color":"","overlay-opacity":"","overlay-gradient":""}},"ast-content-background-meta":{"desktop":{"background-color":"var(--ast-global-color-5)","background-image":"","background-repeat":"repeat","background-position":"center center","background-size":"auto","background-attachment":"scroll","background-type":"","background-media":"","overlay-type":"","overlay-color":"","overlay-opacity":"","overlay-gradient":""},"tablet":{"background-color":"var(--ast-global-color-5)","background-image":"","background-repeat":"repeat","background-position":"center center","background-size":"auto","background-attachment":"scroll","background-type":"","background-media":"","overlay-type":"","overlay-color":"","overlay-opacity":"","overlay-gradient":""},"mobile":{"background-color":"var(--ast-global-color-5)","background-image":"","background-repeat":"repeat","background-position":"center center","background-size":"auto","background-attachment":"scroll","background-type":"","background-media":"","overlay-type":"","overlay-color":"","overlay-opacity":"","overlay-gradient":""}},"footnotes":""},"class_list":["post-8875","page","type-page","status-publish","hentry"],"post_mailing_queue_ids":[],"_links":{"self":[{"href":"https:\/\/agora-eoi.xtec.cat\/eoimartorell\/wp-json\/wp\/v2\/pages\/8875","targetHints":{"allow":["GET"]}}],"collection":[{"href":"https:\/\/agora-eoi.xtec.cat\/eoimartorell\/wp-json\/wp\/v2\/pages"}],"about":[{"href":"https:\/\/agora-eoi.xtec.cat\/eoimartorell\/wp-json\/wp\/v2\/types\/page"}],"author":[{"embeddable":true,"href":"https:\/\/agora-eoi.xtec.cat\/eoimartorell\/wp-json\/wp\/v2\/users\/1"}],"replies":[{"embeddable":true,"href":"https:\/\/agora-eoi.xtec.cat\/eoimartorell\/wp-json\/wp\/v2\/comments?post=8875"}],"version-history":[{"count":6,"href":"https:\/\/agora-eoi.xtec.cat\/eoimartorell\/wp-json\/wp\/v2\/pages\/8875\/revisions"}],"predecessor-version":[{"id":11460,"href":"https:\/\/agora-eoi.xtec.cat\/eoimartorell\/wp-json\/wp\/v2\/pages\/8875\/revisions\/11460"}],"up":[{"embeddable":true,"href":"https:\/\/agora-eoi.xtec.cat\/eoimartorell\/wp-json\/wp\/v2\/pages\/9246"}],"wp:attachment":[{"href":"https:\/\/agora-eoi.xtec.cat\/eoimartorell\/wp-json\/wp\/v2\/media?parent=8875"}],"curies":[{"name":"wp","href":"https:\/\/api.w.org\/{rel}","templated":true}]}}