{"id":8742,"date":"2016-06-20T16:13:14","date_gmt":"2016-06-20T15:13:14","guid":{"rendered":"http:\/\/agora-eoi.xtec.cat\/eoimartorell\/?page_id=8742"},"modified":"2025-07-10T11:23:30","modified_gmt":"2025-07-10T09:23:30","slug":"recursos-dautoaprenentatge","status":"publish","type":"page","link":"https:\/\/agora-eoi.xtec.cat\/eoimartorell\/angles\/recursos-dautoaprenentatge\/","title":{"rendered":"Recursos d&#8217;autoaprenentatge"},"content":{"rendered":"\n<figure class=\"wp-block-image alignleft\"><a href=\"http:\/\/agora-eoi.xtec.cat\/eoimartorell\/wp-content\/uploads\/usu2246\/2016\/06\/Box-Filled-96.png\" rel=\"attachment wp-att-8684\"><img loading=\"lazy\" decoding=\"async\" width=\"96\" height=\"96\" src=\"http:\/\/agora-eoi.xtec.cat\/eoimartorell\/wp-content\/uploads\/usu2246\/2016\/06\/Box-Filled-96.png\" alt=\"Box Filled-96\" class=\"wp-image-8684\"\/><\/a><\/figure>\n\n\n\n<p>A continuaci\u00f3 es presenten una s\u00e8rie de recursos online per la pr\u00e0ctica i l&#8217;autoaprenentatge de la llengua anglesa.<\/p>\n\n\n\n<p><\/p>\n\n\n\n<div class=\"wp-block-getwid-accordion has-icon-left\" data-active-element=\"none\">\n<div class=\"wp-block-getwid-accordion__header-wrapper\"><span class=\"wp-block-getwid-accordion__header\"><a href=\"#\"><span class=\"wp-block-getwid-accordion__header-title\">Expressi\u00f3 oral i escrita<\/span><span class=\"wp-block-getwid-accordion__icon is-active\"><i class=\"fas fa-plus\"><\/i><\/span><span class=\"wp-block-getwid-accordion__icon is-passive\"><i class=\"fas fa-minus\"><\/i><\/span><\/a><\/span><\/div><div class=\"wp-block-getwid-accordion__content-wrapper\"><div class=\"wp-block-getwid-accordion__content\">\n<ul class=\"wp-block-list\">\n<li><a href=\"http:\/\/www.mylanguageexchange.com\">http:\/\/www.mylanguageexchange.com<\/a><\/li>\n\n\n\n<li><a href=\"http:\/\/www.lingolex.com\/ceengf.htm\">http:\/\/www.lingolex.com\/ceengf.htm<\/a><\/li>\n\n\n\n<li><a href=\"http:\/\/www.conversationexchange.com\/\">http:\/\/www.conversationexchange.com\/<\/a><\/li>\n\n\n\n<li><a href=\"http:\/\/www.busuu.com\/es\">http:\/\/www.busuu.com\/es<\/a><\/li>\n<\/ul>\n<\/div><\/div>\n\n\n\n<div class=\"wp-block-getwid-accordion__header-wrapper\"><span class=\"wp-block-getwid-accordion__header\"><a href=\"#\"><span class=\"wp-block-getwid-accordion__header-title\">Comprensi\u00f3 oral<\/span><span class=\"wp-block-getwid-accordion__icon is-active\"><i class=\"fas fa-plus\"><\/i><\/span><span class=\"wp-block-getwid-accordion__icon is-passive\"><i class=\"fas fa-minus\"><\/i><\/span><\/a><\/span><\/div><div class=\"wp-block-getwid-accordion__content-wrapper\"><div class=\"wp-block-getwid-accordion__content\">\n<ul class=\"wp-block-list\">\n<li><a href=\"http:\/\/www.mansioningles.com\/listening00.htm\">http:\/\/www.mansioningles.com\/listening00.htm<\/a><\/li>\n\n\n\n<li><a href=\"http:\/\/www.ompersonal.com.ar\/omlisten\/contenidotematico.htm\">http:\/\/www.ompersonal.com.ar\/omlisten\/contenidotematico.htm<\/a><\/li>\n\n\n\n<li><a href=\"http:\/\/www.elllo.org\/\">http:\/\/www.elllo.org\/<\/a><\/li>\n\n\n\n<li><a href=\"http:\/\/www.englishlistening.com\/\">http:\/\/www.englishlistening.com\/<\/a><\/li>\n\n\n\n<li><a href=\"http:\/\/www.saberingles.com.ar\/listening\/index.html\">http:\/\/www.saberingles.com.ar\/listening\/index.html<\/a><\/li>\n\n\n\n<li><a href=\"http:\/\/www.esl-lab.com\/\">http:\/\/www.esl-lab.com\/<\/a><\/li>\n\n\n\n<li><a href=\"http:\/\/esl.about.com\/od\/englishlistening\/English_Listening_Skills_and_ActivitiesEffective_Listening_Practice.htm\">http:\/\/esl.about.com\/od\/englishlistening\/English_Listening_Skills_and_ActivitiesEffective_Listening_Practice.htm<\/a><\/li>\n\n\n\n<li><a href=\"http:\/\/www.englishclub.com\/listening\/\">http:\/\/www.englishclub.com\/listening\/<\/a><\/li>\n<\/ul>\n<\/div><\/div>\n\n\n\n<div class=\"wp-block-getwid-accordion__header-wrapper\"><span class=\"wp-block-getwid-accordion__header\"><a href=\"#\"><span class=\"wp-block-getwid-accordion__header-title\">Comprensi\u00f3 escrita<\/span><span class=\"wp-block-getwid-accordion__icon is-active\"><i class=\"fas fa-plus\"><\/i><\/span><span class=\"wp-block-getwid-accordion__icon is-passive\"><i class=\"fas fa-minus\"><\/i><\/span><\/a><\/span><\/div><div class=\"wp-block-getwid-accordion__content-wrapper\"><div class=\"wp-block-getwid-accordion__content\">\n<ul class=\"wp-block-list\">\n<li><a href=\"http:\/\/www.saberingles.com.ar\/reading\/index.html\">http:\/\/www.saberingles.com.ar\/reading\/index.html<\/a><\/li>\n\n\n\n<li><a href=\"http:\/\/www.englishclub.com\/reading\/\">http:\/\/www.englishclub.com\/reading\/<\/a><\/li>\n\n\n\n<li><a href=\"http:\/\/www.world-english.org\/improve_reading_skills.htm\">http:\/\/www.world-english.org\/improve_reading_skills.htm<\/a><\/li>\n\n\n\n<li><a href=\"http:\/\/www.aulafacil.com\/Ingl1read\/Reading\/Temreading.htm\">http:\/\/www.aulafacil.com\/Ingl1read\/Reading\/Temreading.htm<\/a><\/li>\n\n\n\n<li><a href=\"http:\/\/www.englishpage.com\/readingroom\/readingroomintro.html\">http:\/\/www.englishpage.com\/readingroom\/readingroomintro.html<\/a><\/li>\n\n\n\n<li><a href=\"http:\/\/www.5minuteenglish.com\/reading.htm\">http:\/\/www.5minuteenglish.com\/reading.htm<\/a><\/li>\n\n\n\n<li><a href=\"http:\/\/esl.about.com\/od\/englishreadingskills\/English_Reading_Comprehension_Skills_for_ESL_EFL_Learners.htm\">http:\/\/esl.about.com\/od\/englishreadingskills\/English_Reading_Comprehension_Skills_for_ESL_EFL_Learners.htm<\/a><\/li>\n\n\n\n<li><a href=\"http:\/\/www.towerofenglish.com\/reading.htmlhttp:\/\/www.eslgold.com\/reading.html\">http:\/\/www.towerofenglish.com\/reading.htmlhttp:\/\/www.eslgold.com\/reading.html<\/a><\/li>\n<\/ul>\n<\/div><\/div>\n\n\n\n<div class=\"wp-block-getwid-accordion__header-wrapper\"><span class=\"wp-block-getwid-accordion__header\"><a href=\"#\"><span class=\"wp-block-getwid-accordion__header-title\">Gram\u00e0tica<\/span><span class=\"wp-block-getwid-accordion__icon is-active\"><i class=\"fas fa-plus\"><\/i><\/span><span class=\"wp-block-getwid-accordion__icon is-passive\"><i class=\"fas fa-minus\"><\/i><\/span><\/a><\/span><\/div><div class=\"wp-block-getwid-accordion__content-wrapper\"><div class=\"wp-block-getwid-accordion__content\">\n<ul class=\"wp-block-list\">\n<li><a href=\"http:\/\/www.ego4u.com\/\">http:\/\/www.ego4u.com\/<\/a><\/li>\n\n\n\n<li><a href=\"http:\/\/www.ompersonal.com.ar\/omgrammar\/indicetematico.htm\">http:\/\/www.ompersonal.com.ar\/omgrammar\/indicetematico.htm<\/a><\/li>\n\n\n\n<li><a href=\"http:\/\/www.englisch-hilfen.de\/en\/exercises_list\/alle_grammar.htm\">http:\/\/www.englisch-hilfen.de\/en\/exercises_list\/alle_grammar.htm<\/a><\/li>\n\n\n\n<li><a href=\"http:\/\/www.englishclub.com\/grammar\/\">http:\/\/www.englishclub.com\/grammar\/<\/a><\/li>\n\n\n\n<li><a href=\"http:\/\/www.edufind.com\/english\/grammar\/\">http:\/\/www.edufind.com\/english\/grammar\/<\/a><\/li>\n\n\n\n<li><a href=\"http:\/\/www.englishgrammarsecrets.com\/\">http:\/\/www.englishgrammarsecrets.com\/<\/a><\/li>\n\n\n\n<li><a href=\"http:\/\/www.english-grammar-lessons.com\/\">http:\/\/www.english-grammar-lessons.com\/<\/a><\/li>\n\n\n\n<li><a href=\"http:\/\/www.agendaweb.org\/http:\/\/www.englishexercises.org\/\">http:\/\/www.agendaweb.org\/http:\/\/www.englishexercises.org\/<\/a><\/li>\n<\/ul>\n<\/div><\/div>\n\n\n\n<div class=\"wp-block-getwid-accordion__header-wrapper\"><span class=\"wp-block-getwid-accordion__header\"><a href=\"#\"><span class=\"wp-block-getwid-accordion__header-title\">Vocabulari<\/span><span class=\"wp-block-getwid-accordion__icon is-active\"><i class=\"fas fa-plus\"><\/i><\/span><span class=\"wp-block-getwid-accordion__icon is-passive\"><i class=\"fas fa-minus\"><\/i><\/span><\/a><\/span><\/div><div class=\"wp-block-getwid-accordion__content-wrapper\"><div class=\"wp-block-getwid-accordion__content\">\n<ul class=\"wp-block-list\">\n<li><a href=\"http:\/\/www.theenglishvocabulary.com\/categorytopic.php?lang=3\">http:\/\/www.theenglishvocabulary.com\/categorytopic.php?lang=3<\/a><\/li>\n\n\n\n<li><a href=\"http:\/\/www.saberingles.com.ar\/vocabulary.html\">http:\/\/www.saberingles.com.ar\/vocabulary.html<\/a><\/li>\n\n\n\n<li><a href=\"http:\/\/www.learnenglish.de\/vocabpage.htm\">http:\/\/www.learnenglish.de\/vocabpage.htm<\/a><\/li>\n\n\n\n<li><a href=\"http:\/\/www.languageguide.org\/english\/\">http:\/\/www.languageguide.org\/english\/<\/a><\/li>\n\n\n\n<li><a href=\"http:\/\/madridteacher.com\/Activities\/\">http:\/\/madridteacher.com\/Activities\/<\/a><\/li>\n\n\n\n<li><a href=\"http:\/\/www.englishclub.com\/vocabulary\/\">http:\/\/www.englishclub.com\/vocabulary\/<\/a><\/li>\n\n\n\n<li><a href=\"http:\/\/www.shertonenglish.com\/resources\/es\/vocabulary.php\">http:\/\/www.shertonenglish.com\/resources\/es\/vocabulary.php<\/a><\/li>\n\n\n\n<li><a href=\"http:\/\/a4esl.org\/a\/v.html\">http:\/\/a4esl.org\/a\/v.html<\/a><\/li>\n\n\n\n<li><a href=\"http:\/\/www.englisch-hilfen.de\/en\/exercises_list\/alle_words.htm\">http:\/\/www.englisch-hilfen.de\/en\/exercises_list\/alle_words.htm<\/a><\/li>\n<\/ul>\n<\/div><\/div>\n\n\n\n<div class=\"wp-block-getwid-accordion__header-wrapper\"><span class=\"wp-block-getwid-accordion__header\"><a href=\"#\"><span class=\"wp-block-getwid-accordion__header-title\">Pron\u00fancia<\/span><span class=\"wp-block-getwid-accordion__icon is-active\"><i class=\"fas fa-plus\"><\/i><\/span><span class=\"wp-block-getwid-accordion__icon is-passive\"><i class=\"fas fa-minus\"><\/i><\/span><\/a><\/span><\/div><div class=\"wp-block-getwid-accordion__content-wrapper\"><div class=\"wp-block-getwid-accordion__content\">\n<ul class=\"wp-block-list\">\n<li><a href=\"http:\/\/www.englishmedialab.com\/pronunciation.html\">http:\/\/www.englishmedialab.com\/pronunciation.html<\/a><\/li>\n\n\n\n<li><a href=\"http:\/\/www.agendaweb.org\/phonetic.html\">http:\/\/www.agendaweb.org\/phonetic.html<\/a><\/li>\n\n\n\n<li><a href=\"http:\/\/esl.about.com\/od\/speakingenglish\/Speaking_English_Pronunciation_and_Conversation_Skills.htm\">http:\/\/esl.about.com\/od\/speakingenglish\/Speaking_English_Pronunciation_and_Conversation_Skills.htm<\/a><\/li>\n\n\n\n<li><a href=\"http:\/\/www.soundsofenglish.org\/pronunciation\/index.htm\">http:\/\/www.soundsofenglish.org\/pronunciation\/index.htm<\/a><\/li>\n\n\n\n<li><a href=\"http:\/\/www.bbc.co.uk\/worldservice\/learningenglish\/grammar\/pron\/\">http:\/\/www.bbc.co.uk\/worldservice\/learningenglish\/grammar\/pron\/<\/a><\/li>\n\n\n\n<li><a href=\"http:\/\/www.esltower.com\/pronunciation.html\">http:\/\/www.esltower.com\/pronunciation.html<\/a><\/li>\n\n\n\n<li><a href=\"http:\/\/www.autoenglish.org\/pronunciation.htm\">http:\/\/www.autoenglish.org\/pronunciation.htm<\/a><\/li>\n<\/ul>\n<\/div><\/div>\n\n\n\n<div class=\"wp-block-getwid-accordion__header-wrapper\"><span class=\"wp-block-getwid-accordion__header\"><a href=\"#\"><span class=\"wp-block-getwid-accordion__header-title\">Diccionaris online (monoling\u00fces)<\/span><span class=\"wp-block-getwid-accordion__icon is-active\"><i class=\"fas fa-plus\"><\/i><\/span><span class=\"wp-block-getwid-accordion__icon is-passive\"><i class=\"fas fa-minus\"><\/i><\/span><\/a><\/span><\/div><div class=\"wp-block-getwid-accordion__content-wrapper\"><div class=\"wp-block-getwid-accordion__content\">\n<ul class=\"wp-block-list\">\n<li><a href=\"http:\/\/www.oxfordadvancedlearnersdictionary.com\/\">http:\/\/www.oxfordadvancedlearnersdictionary.com\/<\/a><\/li>\n\n\n\n<li><a href=\"http:\/\/dictionary.cambridge.org\/\">http:\/\/dictionary.cambridge.org\/<\/a><\/li>\n\n\n\n<li><a href=\"http:\/\/www.merriam-webster.com\/\">http:\/\/www.merriam-webster.com\/<\/a><\/li>\n\n\n\n<li><a href=\"http:\/\/dictionary.reference.com\/\">http:\/\/dictionary.reference.com\/<\/a><\/li>\n\n\n\n<li><a href=\"http:\/\/www.thefreedictionary.com\/\">http:\/\/www.thefreedictionary.com\/<\/a><\/li>\n<\/ul>\n<\/div><\/div>\n\n\n\n<div class=\"wp-block-getwid-accordion__header-wrapper\"><span class=\"wp-block-getwid-accordion__header\"><a href=\"#\"><span class=\"wp-block-getwid-accordion__header-title\">Diccionaris online (biling\u00fces)<\/span><span class=\"wp-block-getwid-accordion__icon is-active\"><i class=\"fas fa-plus\"><\/i><\/span><span class=\"wp-block-getwid-accordion__icon is-passive\"><i class=\"fas fa-minus\"><\/i><\/span><\/a><\/span><\/div><div class=\"wp-block-getwid-accordion__content-wrapper\"><div class=\"wp-block-getwid-accordion__content\">\n<ul class=\"wp-block-list\">\n<li><a href=\"http:\/\/www.wordreference.com\/\">http:\/\/www.wordreference.com\/<\/a><\/li>\n\n\n\n<li><a href=\"http:\/\/dictionary.reverso.net\/spanish-english\/\">http:\/\/dictionary.reverso.net\/spanish-english\/<\/a><\/li>\n\n\n\n<li><a href=\"http:\/\/www.spanishdict.com\/\">http:\/\/www.spanishdict.com\/<\/a><\/li>\n\n\n\n<li><a href=\"http:\/\/www.ectaco.co.uk\/English-Spanish-Dictionary\/\">http:\/\/www.ectaco.co.uk\/English-Spanish-Dictionary\/<\/a><\/li>\n<\/ul>\n<\/div><\/div>\n<\/div>\n","protected":false},"excerpt":{"rendered":"<p>A continuaci\u00f3 es presenten una s\u00e8rie de recursos online per la pr\u00e0ctica i l&#8217;autoaprenentatge de la llengua anglesa.<\/p>\n","protected":false},"author":1,"featured_media":0,"parent":8189,"menu_order":60,"comment_status":"closed","ping_status":"closed","template":"","meta":{"_bbp_topic_count":0,"_bbp_reply_count":0,"_bbp_total_topic_count":0,"_bbp_total_reply_count":0,"_bbp_voice_count":0,"_bbp_anonymous_reply_count":0,"_bbp_topic_count_hidden":0,"_bbp_reply_count_hidden":0,"_bbp_forum_subforum_count":0,"site-sidebar-layout":"default","site-content-layout":"","ast-site-content-layout":"default","site-content-style":"default","site-sidebar-style":"default","ast-global-header-display":"","ast-banner-title-visibility":"","ast-main-header-display":"","ast-hfb-above-header-display":"","ast-hfb-below-header-display":"","ast-hfb-mobile-header-display":"","site-post-title":"","ast-breadcrumbs-content":"","ast-featured-img":"","footer-sml-layout":"","theme-transparent-header-meta":"","adv-header-id-meta":"","stick-header-meta":"","header-above-stick-meta":"","header-main-stick-meta":"","header-below-stick-meta":"","astra-migrate-meta-layouts":"set","ast-page-background-enabled":"default","ast-page-background-meta":{"desktop":{"background-color":"var(--ast-global-color-4)","background-image":"","background-repeat":"repeat","background-position":"center center","background-size":"auto","background-attachment":"scroll","background-type":"","background-media":"","overlay-type":"","overlay-color":"","overlay-opacity":"","overlay-gradient":""},"tablet":{"background-color":"","background-image":"","background-repeat":"repeat","background-position":"center center","background-size":"auto","background-attachment":"scroll","background-type":"","background-media":"","overlay-type":"","overlay-color":"","overlay-opacity":"","overlay-gradient":""},"mobile":{"background-color":"","background-image":"","background-repeat":"repeat","background-position":"center center","background-size":"auto","background-attachment":"scroll","background-type":"","background-media":"","overlay-type":"","overlay-color":"","overlay-opacity":"","overlay-gradient":""}},"ast-content-background-meta":{"desktop":{"background-color":"var(--ast-global-color-5)","background-image":"","background-repeat":"repeat","background-position":"center center","background-size":"auto","background-attachment":"scroll","background-type":"","background-media":"","overlay-type":"","overlay-color":"","overlay-opacity":"","overlay-gradient":""},"tablet":{"background-color":"var(--ast-global-color-5)","background-image":"","background-repeat":"repeat","background-position":"center center","background-size":"auto","background-attachment":"scroll","background-type":"","background-media":"","overlay-type":"","overlay-color":"","overlay-opacity":"","overlay-gradient":""},"mobile":{"background-color":"var(--ast-global-color-5)","background-image":"","background-repeat":"repeat","background-position":"center center","background-size":"auto","background-attachment":"scroll","background-type":"","background-media":"","overlay-type":"","overlay-color":"","overlay-opacity":"","overlay-gradient":""}},"footnotes":""},"class_list":["post-8742","page","type-page","status-publish","hentry"],"post_mailing_queue_ids":[],"_links":{"self":[{"href":"https:\/\/agora-eoi.xtec.cat\/eoimartorell\/wp-json\/wp\/v2\/pages\/8742","targetHints":{"allow":["GET"]}}],"collection":[{"href":"https:\/\/agora-eoi.xtec.cat\/eoimartorell\/wp-json\/wp\/v2\/pages"}],"about":[{"href":"https:\/\/agora-eoi.xtec.cat\/eoimartorell\/wp-json\/wp\/v2\/types\/page"}],"author":[{"embeddable":true,"href":"https:\/\/agora-eoi.xtec.cat\/eoimartorell\/wp-json\/wp\/v2\/users\/1"}],"replies":[{"embeddable":true,"href":"https:\/\/agora-eoi.xtec.cat\/eoimartorell\/wp-json\/wp\/v2\/comments?post=8742"}],"version-history":[{"count":6,"href":"https:\/\/agora-eoi.xtec.cat\/eoimartorell\/wp-json\/wp\/v2\/pages\/8742\/revisions"}],"predecessor-version":[{"id":11544,"href":"https:\/\/agora-eoi.xtec.cat\/eoimartorell\/wp-json\/wp\/v2\/pages\/8742\/revisions\/11544"}],"up":[{"embeddable":true,"href":"https:\/\/agora-eoi.xtec.cat\/eoimartorell\/wp-json\/wp\/v2\/pages\/8189"}],"wp:attachment":[{"href":"https:\/\/agora-eoi.xtec.cat\/eoimartorell\/wp-json\/wp\/v2\/media?parent=8742"}],"curies":[{"name":"wp","href":"https:\/\/api.w.org\/{rel}","templated":true}]}}