{"id":8414,"date":"2016-06-14T14:55:48","date_gmt":"2016-06-14T13:55:48","guid":{"rendered":"http:\/\/agora-eoi.xtec.cat\/eoimartorell\/?page_id=8414"},"modified":"2025-07-09T13:28:33","modified_gmt":"2025-07-09T11:28:33","slug":"biblioteca","status":"publish","type":"page","link":"https:\/\/agora-eoi.xtec.cat\/eoimartorell\/el-servei-educatiu\/biblioteca\/","title":{"rendered":"Biblioteca"},"content":{"rendered":"\n<p class=\"has-medium-font-size\"><strong>\ud83d\udd52 Horari<\/strong><\/p>\n\n\n\n<p><strong>De dilluns a dijous, de 15:00 h a 20:00 h<br><\/strong><em>(del 6 d\u2019octubre al 30 de juny)<\/em><\/p>\n\n\n\n<p class=\"has-medium-font-size\"><strong>\ud83d\udccc Normativa d\u2019\u00fas<\/strong><\/p>\n\n\n\n<p>Per tal de respectar la resta d\u2019usuaris i els equipaments i materials de la <strong>Biblioteca<\/strong>, els usuaris que hi accedeixin hauran de complir amb les seg\u00fcents obligacions:<\/p>\n\n\n\n<ul class=\"wp-block-list\">\n<li>Mantenir el silenci<\/li>\n\n\n\n<li>No menjar ni beure<\/li>\n\n\n\n<li>Silenciar els tel\u00e8fons m\u00f2bils i no parlar-hi<\/li>\n\n\n\n<li>No reservar llocs de treball a tercers<\/li>\n\n\n\n<li>Utilitzar amb cura el fons documental i els equipaments del centre<\/li>\n<\/ul>\n\n\n\n<p class=\"has-medium-font-size\"><strong>\ud83d\udcd7 Servei de pr\u00e9stec<\/strong><\/p>\n\n\n\n<p>El servei de pr\u00e9stec permet agafar fins a <strong>3 documents<\/strong> conjuntament (llibres, DVDs, CD-\u00c0udios, CD-ROMs o revistes).<\/p>\n\n\n\n<p>Per fer \u00fas del servei cal ser:<\/p>\n\n\n\n<ul class=\"wp-block-list\">\n<li>Alumne\/a oficial i haver abonat la <strong>quota de material<\/strong>, <strong>o<\/strong><\/li>\n\n\n\n<li>Disposar del <strong>carnet d\u2019usuari\/\u00e0ria extern\/a<\/strong><\/li>\n<\/ul>\n\n\n\n<p class=\"has-medium-font-size\"><strong>\u23f3 Terminis de pr\u00e9stec<\/strong><\/p>\n\n\n\n<figure class=\"wp-block-table is-style-stripes\"><table class=\"has-fixed-layout\"><thead><tr><th>Tipus de material<\/th><th class=\"has-text-align-center\" data-align=\"center\">Durada<\/th><th>Pr\u00f2rrogues<\/th><\/tr><\/thead><tbody><tr><td>\ud83d\udcc0 DVD i CD<\/td><td class=\"has-text-align-center\" data-align=\"center\">2 setmanes<\/td><td>Prorrogables 2 vegades<\/td><\/tr><tr><td>\ud83d\udcd8 M\u00e8todes, gram\u00e0tiques i activitats<\/td><td class=\"has-text-align-center\" data-align=\"center\">2 setmanes<\/td><td>1 vegada <em>(excepte lectura obligat\u00f2ria)<\/em><\/td><\/tr><tr><td>\ud83d\udcda Documents en general<\/td><td class=\"has-text-align-center\" data-align=\"center\">2 setmanes<\/td><td>Prorrogables 2 vegades <em>(excepte lectura obligat\u00f2ria)<\/em><\/td><\/tr><tr><td>\ud83d\udcd5 Diccionaris i obres de refer\u00e8ncia<\/td><td class=\"has-text-align-center\" data-align=\"center\">\u2014<\/td><td><strong>Excl\u00f2s de pr\u00e9stec<\/strong><\/td><\/tr><tr><td>\ud83d\udcf0 N\u00famero vigent de revistes<\/td><td class=\"has-text-align-center\" data-align=\"center\">\u2014<\/td><td><strong>Excl\u00f2s de pr\u00e9stec<\/strong><\/td><\/tr><tr><td><strong>\ud83d\udcd9 M\u00e8todes obligatoris (any acad\u00e8mic vigent)pr\u00e9stec<\/strong><\/td><td class=\"has-text-align-center\" data-align=\"center\">\u2014<\/td><td><strong>Excl\u00f2s de pr\u00e9stec<\/strong><\/td><\/tr><\/tbody><\/table><\/figure>\n\n\n\n<p class=\"has-medium-font-size\"><strong>\ud83d\udd01 Renovacions i responsabilitats<\/strong><\/p>\n\n\n\n<ul class=\"wp-block-list\">\n<li>El pr\u00e9stec es pot <strong>renovar<\/strong> si el document <strong>no ha estat reservat<\/strong> per un altre usuari.<\/li>\n\n\n\n<li>En cas de <strong>deteriorament o p\u00e8rdua<\/strong>, caldr\u00e0 <strong>reposar el material<\/strong>.<br>(Excepte en cas de robatori amb den\u00fancia oficial)<\/li>\n\n\n\n<li>La <strong>no devoluci\u00f3<\/strong> d\u2019algun document pot comportar la <strong>no renovaci\u00f3 del carnet<\/strong> el curs seg\u00fcent.<\/li>\n\n\n\n<li>Cal respectar la normativa vigent de <strong>propietat intel\u00b7lectual<\/strong> dels documents en pr\u00e9stec.<\/li>\n<\/ul>\n","protected":false},"excerpt":{"rendered":"<p>\ud83d\udd52 Horari De dilluns a dijous, de 15:00 h a 20:00 h(del 6 d\u2019octubre al 30 de juny) \ud83d\udccc Normativa d\u2019\u00fas Per tal de respectar la resta d\u2019usuaris i els equipaments i materials de la Biblioteca, els usuaris que hi accedeixin hauran de complir amb les seg\u00fcents obligacions: \ud83d\udcd7 Servei de pr\u00e9stec El servei de [&hellip;]<\/p>\n","protected":false},"author":1,"featured_media":0,"parent":806,"menu_order":20,"comment_status":"closed","ping_status":"closed","template":"","meta":{"_bbp_topic_count":0,"_bbp_reply_count":0,"_bbp_total_topic_count":0,"_bbp_total_reply_count":0,"_bbp_voice_count":0,"_bbp_anonymous_reply_count":0,"_bbp_topic_count_hidden":0,"_bbp_reply_count_hidden":0,"_bbp_forum_subforum_count":0,"site-sidebar-layout":"default","site-content-layout":"","ast-site-content-layout":"default","site-content-style":"default","site-sidebar-style":"default","ast-global-header-display":"","ast-banner-title-visibility":"","ast-main-header-display":"","ast-hfb-above-header-display":"","ast-hfb-below-header-display":"","ast-hfb-mobile-header-display":"","site-post-title":"","ast-breadcrumbs-content":"","ast-featured-img":"","footer-sml-layout":"","theme-transparent-header-meta":"","adv-header-id-meta":"","stick-header-meta":"","header-above-stick-meta":"","header-main-stick-meta":"","header-below-stick-meta":"","astra-migrate-meta-layouts":"set","ast-page-background-enabled":"default","ast-page-background-meta":{"desktop":{"background-color":"var(--ast-global-color-4)","background-image":"","background-repeat":"repeat","background-position":"center center","background-size":"auto","background-attachment":"scroll","background-type":"","background-media":"","overlay-type":"","overlay-color":"","overlay-opacity":"","overlay-gradient":""},"tablet":{"background-color":"","background-image":"","background-repeat":"repeat","background-position":"center center","background-size":"auto","background-attachment":"scroll","background-type":"","background-media":"","overlay-type":"","overlay-color":"","overlay-opacity":"","overlay-gradient":""},"mobile":{"background-color":"","background-image":"","background-repeat":"repeat","background-position":"center center","background-size":"auto","background-attachment":"scroll","background-type":"","background-media":"","overlay-type":"","overlay-color":"","overlay-opacity":"","overlay-gradient":""}},"ast-content-background-meta":{"desktop":{"background-color":"var(--ast-global-color-5)","background-image":"","background-repeat":"repeat","background-position":"center center","background-size":"auto","background-attachment":"scroll","background-type":"","background-media":"","overlay-type":"","overlay-color":"","overlay-opacity":"","overlay-gradient":""},"tablet":{"background-color":"var(--ast-global-color-5)","background-image":"","background-repeat":"repeat","background-position":"center center","background-size":"auto","background-attachment":"scroll","background-type":"","background-media":"","overlay-type":"","overlay-color":"","overlay-opacity":"","overlay-gradient":""},"mobile":{"background-color":"var(--ast-global-color-5)","background-image":"","background-repeat":"repeat","background-position":"center center","background-size":"auto","background-attachment":"scroll","background-type":"","background-media":"","overlay-type":"","overlay-color":"","overlay-opacity":"","overlay-gradient":""}},"footnotes":""},"class_list":["post-8414","page","type-page","status-publish","hentry"],"post_mailing_queue_ids":[],"_links":{"self":[{"href":"https:\/\/agora-eoi.xtec.cat\/eoimartorell\/wp-json\/wp\/v2\/pages\/8414","targetHints":{"allow":["GET"]}}],"collection":[{"href":"https:\/\/agora-eoi.xtec.cat\/eoimartorell\/wp-json\/wp\/v2\/pages"}],"about":[{"href":"https:\/\/agora-eoi.xtec.cat\/eoimartorell\/wp-json\/wp\/v2\/types\/page"}],"author":[{"embeddable":true,"href":"https:\/\/agora-eoi.xtec.cat\/eoimartorell\/wp-json\/wp\/v2\/users\/1"}],"replies":[{"embeddable":true,"href":"https:\/\/agora-eoi.xtec.cat\/eoimartorell\/wp-json\/wp\/v2\/comments?post=8414"}],"version-history":[{"count":6,"href":"https:\/\/agora-eoi.xtec.cat\/eoimartorell\/wp-json\/wp\/v2\/pages\/8414\/revisions"}],"predecessor-version":[{"id":11528,"href":"https:\/\/agora-eoi.xtec.cat\/eoimartorell\/wp-json\/wp\/v2\/pages\/8414\/revisions\/11528"}],"up":[{"embeddable":true,"href":"https:\/\/agora-eoi.xtec.cat\/eoimartorell\/wp-json\/wp\/v2\/pages\/806"}],"wp:attachment":[{"href":"https:\/\/agora-eoi.xtec.cat\/eoimartorell\/wp-json\/wp\/v2\/media?parent=8414"}],"curies":[{"name":"wp","href":"https:\/\/api.w.org\/{rel}","templated":true}]}}