{"id":8370,"date":"2016-06-13T13:38:46","date_gmt":"2016-06-13T12:38:46","guid":{"rendered":"http:\/\/agora-eoi.xtec.cat\/eoimartorell\/?page_id=8370"},"modified":"2025-07-09T10:03:47","modified_gmt":"2025-07-09T08:03:47","slug":"instancies-i-solicituts","status":"publish","type":"page","link":"https:\/\/agora-eoi.xtec.cat\/eoimartorell\/secretaria\/instancies-i-solicituts\/","title":{"rendered":"Inst\u00e0ncies i sol\u00b7licituds"},"content":{"rendered":"<p>Per facilitar la realitzaci\u00f3 de gestions administratives podeu <strong>descarregar-vos les inst\u00e0ncies i sol\u00b7licituds seg\u00fcents<\/strong>.<\/p>\n<p><strong>Ompliu-les i lliureu-les a secretaria<\/strong>, tot <strong>aportant la documentaci\u00f3 requerida<\/strong> per cada gesti\u00f3.<\/p>\n<ul>\n<li><a href=\"https:\/\/agora-eoi.xtec.cat\/eoimartorell\/wp-content\/uploads\/usu2246\/2025\/07\/Renunciar-matricula-sollicitar-reserva_NOU1.doc\">Renunciar als drets de matricula i sol\u00b7licitar reserva de pla\u00e7a per al curs vinent<\/a><\/li>\n<li><a href=\"https:\/\/agora-eoi.xtec.cat\/eoimartorell\/wp-content\/uploads\/usu2246\/2025\/07\/Renunciar-matricula-no-sollicitar-reserva_NOU.doc\">Renunciar als drets de matr\u00edcula i NO sol\u00b7lictar reserva de pla\u00e7a per al curs vinent<\/a><\/li>\n<li><a href=\"https:\/\/agora-eoi.xtec.cat\/eoimartorell\/wp-content\/uploads\/usu2246\/2025\/07\/SOL.LICITUD-TRASLLATS-DEXPEDIENT-1.pdf\">Sol\u00b7licitud de trasllat de matr\u00edcula viva<\/a><\/li>\n<li><a href=\"https:\/\/agora-eoi.xtec.cat\/eoimartorell\/wp-content\/uploads\/usu2246\/2025\/07\/SOL.LICITUD-TRASLLATS-DEXPEDIENT-1.pdf\">Sol\u00b7licitud de trasllat d&#8217;expedient<\/a><\/li>\n<li><a href=\"https:\/\/agora-eoi.xtec.cat\/eoimartorell\/wp-content\/uploads\/usu2246\/2025\/07\/justif-faltes-menors-1.doc\">Justificant de faltes de menors<\/a><\/li>\n<li><a href=\"https:\/\/agora-eoi.xtec.cat\/eoimartorell\/wp-content\/uploads\/usu2246\/2025\/07\/convocatoria-addicional.doc\">Convocat\u00f2ria addicional<\/a><\/li>\n<li><a href=\"https:\/\/agora-eoi.xtec.cat\/eoimartorell\/wp-content\/uploads\/usu2246\/2025\/07\/canvi-dhorari.doc\" target=\"_blank\" rel=\"noopener\">Sol\u00b7licitud de canvi d&#8217;horari<\/a><\/li>\n<li><a href=\"https:\/\/agora-eoi.xtec.cat\/eoimartorell\/wp-content\/uploads\/usu2246\/2025\/07\/permuta.doc\">Sol\u00b7licitud de\u00a0permuta\u00a0<\/a><\/li>\n<li><a href=\"https:\/\/agora-eoi.xtec.cat\/eoimartorell\/wp-content\/uploads\/usu2246\/2022\/07\/matricula-dactualitzacio.doc\">Sol\u00b7licitud de matr\u00edcula d&#8217;actualitzaci\u00f3<\/a><\/li>\n<li><a href=\"https:\/\/agora-eoi.xtec.cat\/eoimartorell\/wp-content\/uploads\/usu2246\/2016\/06\/instancies-1.doc\" target=\"_blank\" rel=\"noopener\">Altres inst\u00e0ncies<\/a><\/li>\n<\/ul>\n","protected":false},"excerpt":{"rendered":"<p>Per facilitar la realitzaci\u00f3 de gestions administratives podeu descarregar-vos les inst\u00e0ncies i sol\u00b7licituds seg\u00fcents. Ompliu-les i lliureu-les a secretaria, tot aportant la documentaci\u00f3 requerida per cada gesti\u00f3. Renunciar als drets de matricula i sol\u00b7licitar reserva de pla\u00e7a per al curs vinent Renunciar als drets de matr\u00edcula i NO sol\u00b7lictar reserva de pla\u00e7a per al curs [&hellip;]<\/p>\n","protected":false},"author":1,"featured_media":0,"parent":8358,"menu_order":35,"comment_status":"closed","ping_status":"closed","template":"page-templates\/side-menu.php","meta":{"_bbp_topic_count":0,"_bbp_reply_count":0,"_bbp_total_topic_count":0,"_bbp_total_reply_count":0,"_bbp_voice_count":0,"_bbp_anonymous_reply_count":0,"_bbp_topic_count_hidden":0,"_bbp_reply_count_hidden":0,"_bbp_forum_subforum_count":0,"site-sidebar-layout":"default","site-content-layout":"","ast-site-content-layout":"","site-content-style":"default","site-sidebar-style":"default","ast-global-header-display":"","ast-banner-title-visibility":"","ast-main-header-display":"","ast-hfb-above-header-display":"","ast-hfb-below-header-display":"","ast-hfb-mobile-header-display":"","site-post-title":"","ast-breadcrumbs-content":"","ast-featured-img":"","footer-sml-layout":"","theme-transparent-header-meta":"","adv-header-id-meta":"","stick-header-meta":"","header-above-stick-meta":"","header-main-stick-meta":"","header-below-stick-meta":"","astra-migrate-meta-layouts":"default","ast-page-background-enabled":"default","ast-page-background-meta":{"desktop":{"background-color":"var(--ast-global-color-4)","background-image":"","background-repeat":"repeat","background-position":"center center","background-size":"auto","background-attachment":"scroll","background-type":"","background-media":"","overlay-type":"","overlay-color":"","overlay-opacity":"","overlay-gradient":""},"tablet":{"background-color":"","background-image":"","background-repeat":"repeat","background-position":"center center","background-size":"auto","background-attachment":"scroll","background-type":"","background-media":"","overlay-type":"","overlay-color":"","overlay-opacity":"","overlay-gradient":""},"mobile":{"background-color":"","background-image":"","background-repeat":"repeat","background-position":"center center","background-size":"auto","background-attachment":"scroll","background-type":"","background-media":"","overlay-type":"","overlay-color":"","overlay-opacity":"","overlay-gradient":""}},"ast-content-background-meta":{"desktop":{"background-color":"var(--ast-global-color-5)","background-image":"","background-repeat":"repeat","background-position":"center center","background-size":"auto","background-attachment":"scroll","background-type":"","background-media":"","overlay-type":"","overlay-color":"","overlay-opacity":"","overlay-gradient":""},"tablet":{"background-color":"var(--ast-global-color-5)","background-image":"","background-repeat":"repeat","background-position":"center center","background-size":"auto","background-attachment":"scroll","background-type":"","background-media":"","overlay-type":"","overlay-color":"","overlay-opacity":"","overlay-gradient":""},"mobile":{"background-color":"var(--ast-global-color-5)","background-image":"","background-repeat":"repeat","background-position":"center center","background-size":"auto","background-attachment":"scroll","background-type":"","background-media":"","overlay-type":"","overlay-color":"","overlay-opacity":"","overlay-gradient":""}},"footnotes":""},"class_list":["post-8370","page","type-page","status-publish","hentry"],"post_mailing_queue_ids":[],"_links":{"self":[{"href":"https:\/\/agora-eoi.xtec.cat\/eoimartorell\/wp-json\/wp\/v2\/pages\/8370","targetHints":{"allow":["GET"]}}],"collection":[{"href":"https:\/\/agora-eoi.xtec.cat\/eoimartorell\/wp-json\/wp\/v2\/pages"}],"about":[{"href":"https:\/\/agora-eoi.xtec.cat\/eoimartorell\/wp-json\/wp\/v2\/types\/page"}],"author":[{"embeddable":true,"href":"https:\/\/agora-eoi.xtec.cat\/eoimartorell\/wp-json\/wp\/v2\/users\/1"}],"replies":[{"embeddable":true,"href":"https:\/\/agora-eoi.xtec.cat\/eoimartorell\/wp-json\/wp\/v2\/comments?post=8370"}],"version-history":[{"count":6,"href":"https:\/\/agora-eoi.xtec.cat\/eoimartorell\/wp-json\/wp\/v2\/pages\/8370\/revisions"}],"predecessor-version":[{"id":11476,"href":"https:\/\/agora-eoi.xtec.cat\/eoimartorell\/wp-json\/wp\/v2\/pages\/8370\/revisions\/11476"}],"up":[{"embeddable":true,"href":"https:\/\/agora-eoi.xtec.cat\/eoimartorell\/wp-json\/wp\/v2\/pages\/8358"}],"wp:attachment":[{"href":"https:\/\/agora-eoi.xtec.cat\/eoimartorell\/wp-json\/wp\/v2\/media?parent=8370"}],"curies":[{"name":"wp","href":"https:\/\/api.w.org\/{rel}","templated":true}]}}