{"id":8158,"date":"2016-06-08T16:47:01","date_gmt":"2016-06-08T15:47:01","guid":{"rendered":"http:\/\/agora-eoi.xtec.cat\/eoimartorell\/?page_id=8158"},"modified":"2022-07-13T13:21:29","modified_gmt":"2022-07-13T11:21:29","slug":"cursos-especials","status":"publish","type":"page","link":"https:\/\/agora-eoi.xtec.cat\/eoimartorell\/cursos-especials\/","title":{"rendered":"Cursos especials"},"content":{"rendered":"<h4>Qu\u00e8 s\u00f3n<\/h4>\n<p>Durant el curs 2022-23 i a banda de l&#8217;ensenyament ordinari, l&#8217;Escola Oficial d&#8217;Idiomes de Martorell ofereix cursos especials adre\u00e7ats a persones amb necessitats espec\u00edfiques. Aquests cursos s&#8217;ofereixen de manera paral\u00b7lela a l&#8217;ensenyament ordinari i el complementen; i tenen car\u00e0cter oficial.<\/p>\n<h4>Certificats<\/h4>\n<p>Com es tracta d&#8217;un ensenyament oficial, en acabar el curs es rep un certificat d&#8217;assist\u00e8ncia i\/o aprofitament de la formaci\u00f3. Per a rebre aquest certificat es requereix una assist\u00e8ncia m\u00ednima del 80% i superar les activitats d&#8217;avaluaci\u00f3 corresponents. Algunes universitats reconeixen aquests cursos com a cr\u00e8dits de lliure elecci\u00f3 (adreceu-vos a la gesti\u00f3 acad\u00e8mica de la vostra facultat) i el Departament d\u2019Ensenyament reconeix alguns dels nostres cursos com a cr\u00e8dits de formaci\u00f3 per a docents.<\/p>\n<h4>Requisits<\/h4>\n<ul>\n<li>14 anys complerts en data 31 de desembre de 2022<\/li>\n<li>Haver aprovat 2n ESO (o equivalent)<\/li>\n<li>Nivell de llengua per a alguns cursos<\/li>\n<\/ul>\n<h4><strong>Preu<\/strong><\/h4>\n<ul>\n<li>Cursos de 30 hores: 175\u20ac<\/li>\n<li>Cursos de 60 hores: 295\u20ac<\/li>\n<li>Cursos de 90 hores: 415\u20ac<\/li>\n<\/ul>\n<h4>Preinscripci\u00f3 i matr\u00edcula<\/h4>\n<p><strong>Preinscripci\u00f3:<\/strong> fins a l&#8217;11 d&#8217;octubre de 2022, emplenant <a href=\"https:\/\/docs.google.com\/forms\/d\/e\/1FAIpQLSd1VaqsTOy1Ff6gwrPh355h69j7J6BtLoN30yz0DXI4SK9WGQ\/viewform\">aquest formulari<\/a>. La preinscripci\u00f3 no \u00e9s obligat\u00f2ria per\u00f2 d\u00f3na prefer\u00e8ncia a l&#8217;hora de formalitzar la matr\u00edcula.<\/p>\n<p><strong>Matr\u00edcula:<\/strong> del 1 a l&#8217;14 d&#8217;octubre de 2022, o fins a omplir el grup.<\/p>\n<p><strong>Nombre m\u00ednim d&#8217;alumnes: <\/strong>12. Si no s&#8217;arriba a aquest nombre d&#8217;alumnes, l&#8217;escola cancel\u00b7lar\u00e0 el curs. L&#8217;escola nom\u00e9s retornar\u00e0 els diners de la matr\u00edcula en cas de cancel\u00b7laci\u00f3 del curs.<\/p>\n<h4>Oferta de cursos<\/h4>\n<p>Per obtenir informaci\u00f3 detallada sobre el cursos, cliqueu a la categoria corresponent.<\/p>\n<table>\n<tbody>\n<tr>\n<td style=\"width: 235px;\"><a href=\"http:\/\/agora-eoi.xtec.cat\/eoimartorell\/cursos\/cursos-especials\/cursos-per-aprendre-angles-basic\/\">Cursos per aprendre angl\u00e8s b\u00e0sic<\/a><\/td>\n<td style=\"width: 267px;\"><a href=\"http:\/\/agora-eoi.xtec.cat\/eoimartorell\/cursos\/cursos-especials\/cursos-per-actualitzar-i-millorar-langles\/\">Cursos per actualitzar i millorar l&#8217;angl\u00e8s<\/a><\/td>\n<\/tr>\n<tr>\n<td style=\"width: 235px; text-align: center;\"><a href=\"http:\/\/agora-eoi.xtec.cat\/eoimartorell\/cursos\/cursos-especials\/cursos-de-japones\/\">Cursos d&#8217;altres idiomes<\/a><\/td>\n<td style=\"width: 267px;\"><\/td>\n<\/tr>\n<\/tbody>\n<\/table>\n","protected":false},"excerpt":{"rendered":"<p>Qu\u00e8 s\u00f3n Durant el curs 2022-23 i a banda de l&#8217;ensenyament ordinari, l&#8217;Escola Oficial d&#8217;Idiomes de Martorell ofereix cursos especials adre\u00e7ats a persones amb necessitats espec\u00edfiques. Aquests cursos s&#8217;ofereixen de manera paral\u00b7lela a l&#8217;ensenyament ordinari i el complementen; i tenen car\u00e0cter oficial. Certificats Com es tracta d&#8217;un ensenyament oficial, en acabar el curs es rep [&hellip;]<\/p>\n","protected":false},"author":1,"featured_media":0,"parent":0,"menu_order":30,"comment_status":"closed","ping_status":"closed","template":"page-templates\/side-menu.php","meta":{"_bbp_topic_count":0,"_bbp_reply_count":0,"_bbp_total_topic_count":0,"_bbp_total_reply_count":0,"_bbp_voice_count":0,"_bbp_anonymous_reply_count":0,"_bbp_topic_count_hidden":0,"_bbp_reply_count_hidden":0,"_bbp_forum_subforum_count":0,"site-sidebar-layout":"default","site-content-layout":"","ast-site-content-layout":"","site-content-style":"default","site-sidebar-style":"default","ast-global-header-display":"","ast-banner-title-visibility":"","ast-main-header-display":"","ast-hfb-above-header-display":"","ast-hfb-below-header-display":"","ast-hfb-mobile-header-display":"","site-post-title":"","ast-breadcrumbs-content":"","ast-featured-img":"","footer-sml-layout":"","theme-transparent-header-meta":"","adv-header-id-meta":"","stick-header-meta":"","header-above-stick-meta":"","header-main-stick-meta":"","header-below-stick-meta":"","astra-migrate-meta-layouts":"default","ast-page-background-enabled":"default","ast-page-background-meta":{"desktop":{"background-color":"var(--ast-global-color-4)","background-image":"","background-repeat":"repeat","background-position":"center center","background-size":"auto","background-attachment":"scroll","background-type":"","background-media":"","overlay-type":"","overlay-color":"","overlay-opacity":"","overlay-gradient":""},"tablet":{"background-color":"","background-image":"","background-repeat":"repeat","background-position":"center center","background-size":"auto","background-attachment":"scroll","background-type":"","background-media":"","overlay-type":"","overlay-color":"","overlay-opacity":"","overlay-gradient":""},"mobile":{"background-color":"","background-image":"","background-repeat":"repeat","background-position":"center center","background-size":"auto","background-attachment":"scroll","background-type":"","background-media":"","overlay-type":"","overlay-color":"","overlay-opacity":"","overlay-gradient":""}},"ast-content-background-meta":{"desktop":{"background-color":"var(--ast-global-color-5)","background-image":"","background-repeat":"repeat","background-position":"center center","background-size":"auto","background-attachment":"scroll","background-type":"","background-media":"","overlay-type":"","overlay-color":"","overlay-opacity":"","overlay-gradient":""},"tablet":{"background-color":"var(--ast-global-color-5)","background-image":"","background-repeat":"repeat","background-position":"center center","background-size":"auto","background-attachment":"scroll","background-type":"","background-media":"","overlay-type":"","overlay-color":"","overlay-opacity":"","overlay-gradient":""},"mobile":{"background-color":"var(--ast-global-color-5)","background-image":"","background-repeat":"repeat","background-position":"center center","background-size":"auto","background-attachment":"scroll","background-type":"","background-media":"","overlay-type":"","overlay-color":"","overlay-opacity":"","overlay-gradient":""}},"footnotes":""},"class_list":["post-8158","page","type-page","status-publish","hentry"],"post_mailing_queue_ids":[],"_links":{"self":[{"href":"https:\/\/agora-eoi.xtec.cat\/eoimartorell\/wp-json\/wp\/v2\/pages\/8158","targetHints":{"allow":["GET"]}}],"collection":[{"href":"https:\/\/agora-eoi.xtec.cat\/eoimartorell\/wp-json\/wp\/v2\/pages"}],"about":[{"href":"https:\/\/agora-eoi.xtec.cat\/eoimartorell\/wp-json\/wp\/v2\/types\/page"}],"author":[{"embeddable":true,"href":"https:\/\/agora-eoi.xtec.cat\/eoimartorell\/wp-json\/wp\/v2\/users\/1"}],"replies":[{"embeddable":true,"href":"https:\/\/agora-eoi.xtec.cat\/eoimartorell\/wp-json\/wp\/v2\/comments?post=8158"}],"version-history":[{"count":4,"href":"https:\/\/agora-eoi.xtec.cat\/eoimartorell\/wp-json\/wp\/v2\/pages\/8158\/revisions"}],"predecessor-version":[{"id":11092,"href":"https:\/\/agora-eoi.xtec.cat\/eoimartorell\/wp-json\/wp\/v2\/pages\/8158\/revisions\/11092"}],"wp:attachment":[{"href":"https:\/\/agora-eoi.xtec.cat\/eoimartorell\/wp-json\/wp\/v2\/media?parent=8158"}],"curies":[{"name":"wp","href":"https:\/\/api.w.org\/{rel}","templated":true}]}}