{"id":8151,"date":"2016-06-08T16:42:13","date_gmt":"2016-06-08T15:42:13","guid":{"rendered":"http:\/\/agora-eoi.xtec.cat\/eoimartorell\/?page_id=8151"},"modified":"2025-10-07T11:49:34","modified_gmt":"2025-10-07T09:49:34","slug":"cursos-oficials","status":"publish","type":"page","link":"https:\/\/agora-eoi.xtec.cat\/eoimartorell\/cursos-oficials\/","title":{"rendered":"Cursos Oficials"},"content":{"rendered":"\n<p><strong>DURADA DEL CURS<\/strong><\/p>\n\n\n\n<p>En aquesta EOI s&#8217;imparteixen els idiomes d&#8217;<strong>alemany <\/strong>i<strong>&nbsp;<\/strong><strong>angl\u00e8s<\/strong>.<\/p>\n\n\n\n<p>Modalitat d&#8217;horari: curs extensiu<\/p>\n\n\n\n<p><strong>La matr\u00edcula oficial<\/strong> d\u00f3na dret a assistir a classe i als ex\u00e0mens corresponents.<\/p>\n\n\n\n<p><strong>MODALITATS: <\/strong>L&#8217;EOI Martorell imparteix el curs oficial extensiu en les modalitats seg\u00fcents:<\/p>\n\n\n\n<p><strong>CURSOS PRESENCIALS ORDINARIS\u00a0 de 130 hores &#8211; en horari altern<\/strong>, classes de dues hores i quart en dies alterns (dilluns i dimecres o dimarts i dijous).<\/p>\n\n\n\n<p><strong>HORARI DE CLASSE<\/strong><\/p>\n\n\n\n<p>Totes les classes es fan en horari de tarda-vespre.<br>La franja hor\u00e0ria de classe \u00e9s de 16:30 a 21:00 hores.<br>La tria de l\u2019horari de classe es fa en el moment de formalitzar la matr\u00edcula, segons el torn d\u2019horari establert en el sorteig.<\/p>\n\n\n\n<p><strong>PROGRAMA D&#8217;ESTUDIS<\/strong><\/p>\n\n\n\n<p>La LOE (Llei Org\u00e0nica d\u2019Educaci\u00f3 2\/2006, de 3 de maig) i la LOMCE (RD 1041\/2017) estableixen una nova ordenaci\u00f3 del programa d\u2019estudis de les escoles oficials d\u2019idiomes, que queda dividit en tres nivells, que corresponen als nivells definits en el MECR (Marc europeu com\u00fa de refer\u00e8ncia per a les lleng\u00fces).<\/p>\n\n\n\n<p>Els ensenyaments especialitzats d&#8217;idiomes s&#8217;imparteixen en 6 cursos:<\/p>\n\n\n\n<ul class=\"wp-block-list\">\n<li><strong>Nivell B\u00e0sic:<\/strong> de 2 cursos (A1 i A2)<\/li>\n\n\n\n<li><strong>Nivell Intermedi B1<\/strong><strong>:<\/strong>\u00a0d&#8217;1 curs (B1)<\/li>\n\n\n\n<li><strong>Nivell Intermedi B2<\/strong><strong>:<\/strong>\u00a0de 2 cursos (B2.1 i B2.2)<\/li>\n\n\n\n<li><strong>Nivell Avan\u00e7at C1:<\/strong> d&#8217;1 curs (C1)<\/li>\n<\/ul>\n\n\n\n<figure class=\"wp-block-table\"><table class=\"has-fixed-layout\"><tbody><tr><td><strong>CURSOS<\/strong><\/td><td><strong>NIVELL<\/strong><\/td><td><strong>EQUIVAL\u00c8NCIA MECR<\/strong><\/td><\/tr><tr><td>1r<\/td><td rowspan=\"2\">NIVELL B\u00c0SIC<\/td><td>A1<\/td><\/tr><tr><td>2n<\/td><td>A2<\/td><\/tr><tr><td>3r<\/td><td>NIVELL INTERMEDI B1<\/td><td>B1<\/td><\/tr><tr><td>4t<\/td><td rowspan=\"2\">NIVELL INTERMEDI B2<\/td><td rowspan=\"2\">B2<\/td><\/tr><tr><td>5\u00e8<\/td><\/tr><tr><td>C1<\/td><td>NIVELL AVAN\u00c7AT C1<\/td><td>C1<\/td><\/tr><tr><td>&nbsp;<\/td><td>&nbsp;<\/td><td>&nbsp;<\/td><\/tr><\/tbody><\/table><\/figure>\n\n\n\n<p>Els nivells dels dos certificats d&#8217;escola oficial d&#8217;idiomes poden comparar-se als nivells descrits en els documents publicats pel Consell d&#8217;Europa, en especial el Marc europeu de refer\u00e8ncia. Al final del nivell intermedi B1, del nivell intermedi B2 i del nivell avan\u00e7at C1 els alumnes han de superar una prova de certificat, dissenyada des del Centre de Recursos de Lleng\u00fces Estrangeres del Departament d&#8217;Ensenyament de la Generalitat (\u00c0rea de Certificacions), amb uns criteris unificats per a tota Catalunya.<\/p>\n\n\n\n<p>Els alumnes que obtenen al certificat de <strong>nivell intermedi B1&nbsp;<\/strong>es poden considerar dins la franja B1 del Consell d&#8217;Europa &#8211; usuari independent.<\/p>\n\n\n\n<p>Els alumnes que obtenen al certificat de <strong>nivell intermedi B2 <\/strong>es poden situar dins la part alta de la franja B2 del Consell d&#8217;Europa, el nivell considerat B2 dins de la definici\u00f3 d&#8217;usuari independent.<\/p>\n\n\n\n<p>Els alumnes que obtenen al certificat de&nbsp;<strong>nivell avan\u00e7at C1&nbsp;<\/strong>es poden situar dins la part alta de la franja C1 del Consell d&#8217;Europa.<\/p>\n\n\n\n<p><strong>PLA D&#8217;ESTUDIS<\/strong><\/p>\n\n\n\n<p>El pla d&#8217;estudis de les EOI desenvolupa la finalitat dels ensenyaments d&#8217;idiomes que s&#8217;hi imparteixen, que \u00e9s la capacitat de l&#8217;alumnat en l&#8217;\u00fas efectiu de l&#8217;idioma com a vehicle de comunicaci\u00f3 general.<\/p>\n\n\n\n<p>Per assolir aquesta finalitat, a les EOI es treballa per tal que l&#8217;alumnat:<\/p>\n\n\n\n<ul class=\"wp-block-list\">\n<li>Adquireixi les habilitats b\u00e0siques receptives i productives, tant del llenguatge oral com de l&#8217;escrit;<\/li>\n\n\n\n<li>Desenvolupi estrat\u00e8gies comunicatives en diferents \u00e0rees de comunicaci\u00f3;<\/li>\n\n\n\n<li>Desenvolupi estrat\u00e8gies per a l&#8217;aprenentatge aut\u00f2nom i continu de lleng\u00fces, que puguin facilitar l&#8217;\u00fas de l&#8217;idioma en l&#8217;exercici d&#8217;activitats professionals i en altres \u00e0mbits de la cultura o d&#8217;inter\u00e8s personal;<\/li>\n\n\n\n<li>Desenvolupi actituds positives envers la diversitat ling\u00fc\u00edstica i el pluralisme cultural del m\u00f3n actual.<\/li>\n<\/ul>\n\n\n\n<p><strong>CURSOS I GRUPS PER IDIOMA I NIVELL<\/strong><\/p>\n\n\n\n<p>Cursos i grups per idioma i nivell &#8211; curs 2023-2024<\/p>\n\n\n\n<figure class=\"wp-block-table\"><table class=\"has-fixed-layout\"><tbody><tr><td>&nbsp;<\/td><td colspan=\"2\"><strong>NIVELL B\u00c0SIC<\/strong><\/td><td><strong>NIVELL INTERMEDI B1<\/strong><\/td><td colspan=\"2\"><strong>NIVELL INTERMEDI B2<\/strong><\/td><td><b>NIVELL AVAN\u00c7AT C1<\/b><\/td><\/tr><tr><td><strong>CURSOS<\/strong><\/td><td><strong>1r<\/strong><\/td><td><strong>2n<\/strong><\/td><td><strong>3r<\/strong><\/td><td><strong>4t<\/strong><\/td><td><strong>5\u00e8<\/strong><\/td><td><strong>C1<\/strong><\/td><\/tr><tr><td><strong>Idioma<\/strong><\/td><td colspan=\"6\"><strong>Grups per nivells<\/strong><\/td><\/tr><tr><td>Alemany<\/td><td>2<\/td><td>2<\/td><td>2<\/td><td>1<\/td><td>1<\/td><td>&#8211;<\/td><\/tr><tr><td>Angl\u00e8s<\/td><td>2<\/td><td>3<\/td><td>3<\/td><td>3<\/td><td>2<\/td><td>2<\/td><\/tr><\/tbody><\/table><\/figure>\n\n\n\n<p>&nbsp;<\/p>\n","protected":false},"excerpt":{"rendered":"<p>DURADA DEL CURS En aquesta EOI s&#8217;imparteixen els idiomes d&#8217;alemany i&nbsp;angl\u00e8s. Modalitat d&#8217;horari: curs extensiu La matr\u00edcula oficial d\u00f3na dret a assistir a classe i als ex\u00e0mens corresponents. MODALITATS: L&#8217;EOI Martorell imparteix el curs oficial extensiu en les modalitats seg\u00fcents: CURSOS PRESENCIALS ORDINARIS\u00a0 de 130 hores &#8211; en horari altern, classes de dues hores i [&hellip;]<\/p>\n","protected":false},"author":1,"featured_media":0,"parent":0,"menu_order":10,"comment_status":"closed","ping_status":"closed","template":"","meta":{"_bbp_topic_count":0,"_bbp_reply_count":0,"_bbp_total_topic_count":0,"_bbp_total_reply_count":0,"_bbp_voice_count":0,"_bbp_anonymous_reply_count":0,"_bbp_topic_count_hidden":0,"_bbp_reply_count_hidden":0,"_bbp_forum_subforum_count":0,"site-sidebar-layout":"default","site-content-layout":"","ast-site-content-layout":"default","site-content-style":"default","site-sidebar-style":"default","ast-global-header-display":"","ast-banner-title-visibility":"","ast-main-header-display":"","ast-hfb-above-header-display":"","ast-hfb-below-header-display":"","ast-hfb-mobile-header-display":"","site-post-title":"","ast-breadcrumbs-content":"","ast-featured-img":"","footer-sml-layout":"","theme-transparent-header-meta":"","adv-header-id-meta":"","stick-header-meta":"","header-above-stick-meta":"","header-main-stick-meta":"","header-below-stick-meta":"","astra-migrate-meta-layouts":"set","ast-page-background-enabled":"default","ast-page-background-meta":{"desktop":{"background-color":"var(--ast-global-color-4)","background-image":"","background-repeat":"repeat","background-position":"center center","background-size":"auto","background-attachment":"scroll","background-type":"","background-media":"","overlay-type":"","overlay-color":"","overlay-opacity":"","overlay-gradient":""},"tablet":{"background-color":"","background-image":"","background-repeat":"repeat","background-position":"center center","background-size":"auto","background-attachment":"scroll","background-type":"","background-media":"","overlay-type":"","overlay-color":"","overlay-opacity":"","overlay-gradient":""},"mobile":{"background-color":"","background-image":"","background-repeat":"repeat","background-position":"center center","background-size":"auto","background-attachment":"scroll","background-type":"","background-media":"","overlay-type":"","overlay-color":"","overlay-opacity":"","overlay-gradient":""}},"ast-content-background-meta":{"desktop":{"background-color":"var(--ast-global-color-5)","background-image":"","background-repeat":"repeat","background-position":"center center","background-size":"auto","background-attachment":"scroll","background-type":"","background-media":"","overlay-type":"","overlay-color":"","overlay-opacity":"","overlay-gradient":""},"tablet":{"background-color":"var(--ast-global-color-5)","background-image":"","background-repeat":"repeat","background-position":"center center","background-size":"auto","background-attachment":"scroll","background-type":"","background-media":"","overlay-type":"","overlay-color":"","overlay-opacity":"","overlay-gradient":""},"mobile":{"background-color":"var(--ast-global-color-5)","background-image":"","background-repeat":"repeat","background-position":"center center","background-size":"auto","background-attachment":"scroll","background-type":"","background-media":"","overlay-type":"","overlay-color":"","overlay-opacity":"","overlay-gradient":""}},"footnotes":""},"class_list":["post-8151","page","type-page","status-publish","hentry"],"post_mailing_queue_ids":[],"_links":{"self":[{"href":"https:\/\/agora-eoi.xtec.cat\/eoimartorell\/wp-json\/wp\/v2\/pages\/8151","targetHints":{"allow":["GET"]}}],"collection":[{"href":"https:\/\/agora-eoi.xtec.cat\/eoimartorell\/wp-json\/wp\/v2\/pages"}],"about":[{"href":"https:\/\/agora-eoi.xtec.cat\/eoimartorell\/wp-json\/wp\/v2\/types\/page"}],"author":[{"embeddable":true,"href":"https:\/\/agora-eoi.xtec.cat\/eoimartorell\/wp-json\/wp\/v2\/users\/1"}],"replies":[{"embeddable":true,"href":"https:\/\/agora-eoi.xtec.cat\/eoimartorell\/wp-json\/wp\/v2\/comments?post=8151"}],"version-history":[{"count":6,"href":"https:\/\/agora-eoi.xtec.cat\/eoimartorell\/wp-json\/wp\/v2\/pages\/8151\/revisions"}],"predecessor-version":[{"id":11626,"href":"https:\/\/agora-eoi.xtec.cat\/eoimartorell\/wp-json\/wp\/v2\/pages\/8151\/revisions\/11626"}],"wp:attachment":[{"href":"https:\/\/agora-eoi.xtec.cat\/eoimartorell\/wp-json\/wp\/v2\/media?parent=8151"}],"curies":[{"name":"wp","href":"https:\/\/api.w.org\/{rel}","templated":true}]}}