{"id":608,"date":"2015-11-27T10:04:51","date_gmt":"2015-11-27T09:04:51","guid":{"rendered":"http:\/\/agora-eoi.xtec.cat\/eoimartorell\/?page_id=608"},"modified":"2025-07-14T11:11:53","modified_gmt":"2025-07-14T09:11:53","slug":"horari-i-calendari","status":"publish","type":"page","link":"https:\/\/agora-eoi.xtec.cat\/eoimartorell\/el-servei-educatiu\/horari-i-calendari\/","title":{"rendered":"Horari d&#8217;atenci\u00f3 i calendari"},"content":{"rendered":"<p><a href=\"http:\/\/agora-eoi.xtec.cat\/eoimartorell\/wp-content\/uploads\/usu2246\/2016\/06\/Clock-96.png\" rel=\"attachment wp-att-8695\"><img loading=\"lazy\" decoding=\"async\" class=\"wp-image-8695 alignright\" src=\"http:\/\/agora-eoi.xtec.cat\/eoimartorell\/wp-content\/uploads\/usu2246\/2016\/06\/Clock-96.png\" alt=\"Clock-96\" width=\"67\" height=\"67\" \/><\/a>De dilluns a dijous<\/p>\n<ul>\n<li>Tarda: de<strong> 16<\/strong>\u00a0a <strong>19<\/strong>\u00a0h<\/li>\n<\/ul>\n<p>Divendres<\/p>\n<ul>\n<li>Mat\u00ed: de <strong>10<\/strong> a <strong>13<\/strong> h<\/li>\n<\/ul>\n<p>Del 1 al 18 de juliol i del 1 al 12 de setembre:<\/p>\n<ul>\n<li>Mat\u00ed: de <strong>10<\/strong> a <strong>13<\/strong> h<\/li>\n<\/ul>\n<p>L&#8217;escola romandr\u00e0 tancada al p\u00fablic, a part dels per\u00edodes de vacances escolars i dels dies de festes laborals oficials a Catalunya, els dies de festa local i de lliure disposici\u00f3, acordats pel Consell Escolar Municipal de Martorell.<\/p>\n<p><strong>Altres horaris\u00a0<a href=\"http:\/\/agora-eoi.xtec.cat\/eoimartorell\/wp-content\/uploads\/usu2246\/2016\/06\/Clock-96.png\" rel=\"attachment wp-att-8695\"><img loading=\"lazy\" decoding=\"async\" class=\" wp-image-8695 alignright\" src=\"http:\/\/agora-eoi.xtec.cat\/eoimartorell\/wp-content\/uploads\/usu2246\/2016\/06\/Clock-96.png\" alt=\"Clock-96\" width=\"69\" height=\"69\" \/><\/a><\/strong><\/p>\n<ul>\n<li>Per consultar l&#8217;horari de <strong>Secretaria<\/strong>, aneu <a href=\"http:\/\/agora-eoi.xtec.cat\/eoimartorell\/secretaria\/horari\/\">aqu\u00ed<\/a>.<\/li>\n<li>Per consultar l&#8217;horari de la <strong>Biblioteca<\/strong>, aneu <a href=\"http:\/\/agora-eoi.xtec.cat\/eoimartorell\/serveis\/biblioteca\/\">aqu\u00ed<\/a>.<\/li>\n<\/ul>\n","protected":false},"excerpt":{"rendered":"<p>De dilluns a dijous Tarda: de 16\u00a0a 19\u00a0h Divendres Mat\u00ed: de 10 a 13 h Del 1 al 18 de juliol i del 1 al 12 de setembre: Mat\u00ed: de 10 a 13 h L&#8217;escola romandr\u00e0 tancada al p\u00fablic, a part dels per\u00edodes de vacances escolars i dels dies de festes laborals oficials a Catalunya, [&hellip;]<\/p>\n","protected":false},"author":1,"featured_media":0,"parent":806,"menu_order":30,"comment_status":"closed","ping_status":"closed","template":"","meta":{"_bbp_topic_count":0,"_bbp_reply_count":0,"_bbp_total_topic_count":0,"_bbp_total_reply_count":0,"_bbp_voice_count":0,"_bbp_anonymous_reply_count":0,"_bbp_topic_count_hidden":0,"_bbp_reply_count_hidden":0,"_bbp_forum_subforum_count":0,"site-sidebar-layout":"default","site-content-layout":"","ast-site-content-layout":"default","site-content-style":"default","site-sidebar-style":"default","ast-global-header-display":"","ast-banner-title-visibility":"","ast-main-header-display":"","ast-hfb-above-header-display":"","ast-hfb-below-header-display":"","ast-hfb-mobile-header-display":"","site-post-title":"","ast-breadcrumbs-content":"","ast-featured-img":"","footer-sml-layout":"","theme-transparent-header-meta":"","adv-header-id-meta":"","stick-header-meta":"","header-above-stick-meta":"","header-main-stick-meta":"","header-below-stick-meta":"","astra-migrate-meta-layouts":"set","ast-page-background-enabled":"default","ast-page-background-meta":{"desktop":{"background-color":"var(--ast-global-color-4)","background-image":"","background-repeat":"repeat","background-position":"center center","background-size":"auto","background-attachment":"scroll","background-type":"","background-media":"","overlay-type":"","overlay-color":"","overlay-opacity":"","overlay-gradient":""},"tablet":{"background-color":"","background-image":"","background-repeat":"repeat","background-position":"center center","background-size":"auto","background-attachment":"scroll","background-type":"","background-media":"","overlay-type":"","overlay-color":"","overlay-opacity":"","overlay-gradient":""},"mobile":{"background-color":"","background-image":"","background-repeat":"repeat","background-position":"center center","background-size":"auto","background-attachment":"scroll","background-type":"","background-media":"","overlay-type":"","overlay-color":"","overlay-opacity":"","overlay-gradient":""}},"ast-content-background-meta":{"desktop":{"background-color":"var(--ast-global-color-5)","background-image":"","background-repeat":"repeat","background-position":"center center","background-size":"auto","background-attachment":"scroll","background-type":"","background-media":"","overlay-type":"","overlay-color":"","overlay-opacity":"","overlay-gradient":""},"tablet":{"background-color":"var(--ast-global-color-5)","background-image":"","background-repeat":"repeat","background-position":"center center","background-size":"auto","background-attachment":"scroll","background-type":"","background-media":"","overlay-type":"","overlay-color":"","overlay-opacity":"","overlay-gradient":""},"mobile":{"background-color":"var(--ast-global-color-5)","background-image":"","background-repeat":"repeat","background-position":"center center","background-size":"auto","background-attachment":"scroll","background-type":"","background-media":"","overlay-type":"","overlay-color":"","overlay-opacity":"","overlay-gradient":""}},"footnotes":""},"class_list":["post-608","page","type-page","status-publish","hentry"],"post_mailing_queue_ids":[],"_links":{"self":[{"href":"https:\/\/agora-eoi.xtec.cat\/eoimartorell\/wp-json\/wp\/v2\/pages\/608","targetHints":{"allow":["GET"]}}],"collection":[{"href":"https:\/\/agora-eoi.xtec.cat\/eoimartorell\/wp-json\/wp\/v2\/pages"}],"about":[{"href":"https:\/\/agora-eoi.xtec.cat\/eoimartorell\/wp-json\/wp\/v2\/types\/page"}],"author":[{"embeddable":true,"href":"https:\/\/agora-eoi.xtec.cat\/eoimartorell\/wp-json\/wp\/v2\/users\/1"}],"replies":[{"embeddable":true,"href":"https:\/\/agora-eoi.xtec.cat\/eoimartorell\/wp-json\/wp\/v2\/comments?post=608"}],"version-history":[{"count":6,"href":"https:\/\/agora-eoi.xtec.cat\/eoimartorell\/wp-json\/wp\/v2\/pages\/608\/revisions"}],"predecessor-version":[{"id":11556,"href":"https:\/\/agora-eoi.xtec.cat\/eoimartorell\/wp-json\/wp\/v2\/pages\/608\/revisions\/11556"}],"up":[{"embeddable":true,"href":"https:\/\/agora-eoi.xtec.cat\/eoimartorell\/wp-json\/wp\/v2\/pages\/806"}],"wp:attachment":[{"href":"https:\/\/agora-eoi.xtec.cat\/eoimartorell\/wp-json\/wp\/v2\/media?parent=608"}],"curies":[{"name":"wp","href":"https:\/\/api.w.org\/{rel}","templated":true}]}}