{"id":11333,"date":"2024-05-17T11:44:36","date_gmt":"2024-05-17T09:44:36","guid":{"rendered":"https:\/\/agora-eoi.xtec.cat\/eoimartorell\/?page_id=11333"},"modified":"2024-05-17T13:00:40","modified_gmt":"2024-05-17T11:00:40","slug":"drets-dautoria","status":"publish","type":"page","link":"https:\/\/agora-eoi.xtec.cat\/eoimartorell\/drets-dautoria\/","title":{"rendered":"Drets d&#8217;autoria"},"content":{"rendered":"<p>A l&#8217;EOI de Martorell ens prenem molt seriosament els drets d&#8217;autoria i penalitzem qualsevol intent de plagi. En aquest document podreu trobar informaci\u00f3 sobre els drets d&#8217;autoria, com entendre les llic\u00e8ncies, com fer un \u00fas responsable de les eines digitals i com citar fonts:<\/p>\n<h3 style=\"text-align: center;\"><a href=\"https:\/\/agora-eoi.xtec.cat\/eoimartorell\/wp-content\/uploads\/usu2246\/2024\/05\/Drets-dautoria.pdf\">Drets d&#8217;autoria<\/a><\/h3>\n<p>En conseq\u00fc\u00e8ncia, tots els alumnes de l&#8217;EOI Martorell han de signar una declaraci\u00f3 d&#8217;honestedat a trav\u00e9s de la qual es comprometen a respectar els drets d&#8217;autoria i a assumir les conseq\u00fc\u00e8ncies que pot comportar no fer-ho<\/p>\n<h3 style=\"text-align: center;\"><a href=\"https:\/\/forms.gle\/4SZ9bHN7RSqW8sWR7\">Declaracio\u0301 d&#8217;honestedat<\/a><\/h3>\n<p>En aquests quatre v\u00eddeos que trobareu a continuaci\u00f3 podreu trobar maneres senzilles d&#8217;evitar el plagi:<\/p>\n<table style=\"border-collapse: collapse; width: 100%;\">\n<tbody>\n<tr>\n<td style=\"width: 25%; text-align: center;\"><a href=\"https:\/\/drive.google.com\/file\/d\/1eRgvhZX4yT8O7850XkD82y3FdK3Ggsvl\/view?usp=drive_link\">Paraphrasieren &#8211; in 5 Schritten zum Indirekten Zitat<\/a><\/td>\n<td style=\"width: 25%; text-align: center;\"><a href=\"https:\/\/drive.google.com\/file\/d\/100NW5LyRJKpGZ3MAcZwl0p41-gp8ybfK\/view?usp=drive_link\">What&#8217;s plagiarism?<\/a><\/td>\n<td style=\"width: 25%; text-align: center;\"><a href=\"https:\/\/drive.google.com\/file\/d\/1PDtVVTduXterhUoP0WjHPHc1Xx6J-ahF\/view?usp=drive_link\">How to avoid plagiarism with 3 simple tricks\u00a0<\/a><\/td>\n<td style=\"width: 25%; text-align: center;\"><a href=\"https:\/\/drive.google.com\/file\/d\/1eRgvhZX4yT8O7850XkD82y3FdK3Ggsvl\/view?usp=drive_link\">Plagiat &#8211; was du wissen musstund wie du es vermeidest<\/a><\/td>\n<\/tr>\n<\/tbody>\n<\/table>\n<p>&nbsp;<\/p>\n","protected":false},"excerpt":{"rendered":"<p>A l&#8217;EOI de Martorell ens prenem molt seriosament els drets d&#8217;autoria i penalitzem qualsevol intent de plagi. En aquest document podreu trobar informaci\u00f3 sobre els drets d&#8217;autoria, com entendre les llic\u00e8ncies, com fer un \u00fas responsable de les eines digitals i com citar fonts: Drets d&#8217;autoria En conseq\u00fc\u00e8ncia, tots els alumnes de l&#8217;EOI Martorell han [&hellip;]<\/p>\n","protected":false},"author":1,"featured_media":0,"parent":0,"menu_order":0,"comment_status":"closed","ping_status":"closed","template":"","meta":{"_bbp_topic_count":0,"_bbp_reply_count":0,"_bbp_total_topic_count":0,"_bbp_total_reply_count":0,"_bbp_voice_count":0,"_bbp_anonymous_reply_count":0,"_bbp_topic_count_hidden":0,"_bbp_reply_count_hidden":0,"_bbp_forum_subforum_count":0,"site-sidebar-layout":"default","site-content-layout":"","ast-site-content-layout":"","site-content-style":"default","site-sidebar-style":"default","ast-global-header-display":"","ast-banner-title-visibility":"","ast-main-header-display":"","ast-hfb-above-header-display":"","ast-hfb-below-header-display":"","ast-hfb-mobile-header-display":"","site-post-title":"","ast-breadcrumbs-content":"","ast-featured-img":"","footer-sml-layout":"","theme-transparent-header-meta":"","adv-header-id-meta":"","stick-header-meta":"","header-above-stick-meta":"","header-main-stick-meta":"","header-below-stick-meta":"","astra-migrate-meta-layouts":"default","ast-page-background-enabled":"default","ast-page-background-meta":{"desktop":{"background-color":"var(--ast-global-color-4)","background-image":"","background-repeat":"repeat","background-position":"center center","background-size":"auto","background-attachment":"scroll","background-type":"","background-media":"","overlay-type":"","overlay-color":"","overlay-opacity":"","overlay-gradient":""},"tablet":{"background-color":"","background-image":"","background-repeat":"repeat","background-position":"center center","background-size":"auto","background-attachment":"scroll","background-type":"","background-media":"","overlay-type":"","overlay-color":"","overlay-opacity":"","overlay-gradient":""},"mobile":{"background-color":"","background-image":"","background-repeat":"repeat","background-position":"center center","background-size":"auto","background-attachment":"scroll","background-type":"","background-media":"","overlay-type":"","overlay-color":"","overlay-opacity":"","overlay-gradient":""}},"ast-content-background-meta":{"desktop":{"background-color":"var(--ast-global-color-5)","background-image":"","background-repeat":"repeat","background-position":"center center","background-size":"auto","background-attachment":"scroll","background-type":"","background-media":"","overlay-type":"","overlay-color":"","overlay-opacity":"","overlay-gradient":""},"tablet":{"background-color":"var(--ast-global-color-5)","background-image":"","background-repeat":"repeat","background-position":"center center","background-size":"auto","background-attachment":"scroll","background-type":"","background-media":"","overlay-type":"","overlay-color":"","overlay-opacity":"","overlay-gradient":""},"mobile":{"background-color":"var(--ast-global-color-5)","background-image":"","background-repeat":"repeat","background-position":"center center","background-size":"auto","background-attachment":"scroll","background-type":"","background-media":"","overlay-type":"","overlay-color":"","overlay-opacity":"","overlay-gradient":""}},"footnotes":""},"class_list":["post-11333","page","type-page","status-publish","hentry"],"post_mailing_queue_ids":[],"_links":{"self":[{"href":"https:\/\/agora-eoi.xtec.cat\/eoimartorell\/wp-json\/wp\/v2\/pages\/11333","targetHints":{"allow":["GET"]}}],"collection":[{"href":"https:\/\/agora-eoi.xtec.cat\/eoimartorell\/wp-json\/wp\/v2\/pages"}],"about":[{"href":"https:\/\/agora-eoi.xtec.cat\/eoimartorell\/wp-json\/wp\/v2\/types\/page"}],"author":[{"embeddable":true,"href":"https:\/\/agora-eoi.xtec.cat\/eoimartorell\/wp-json\/wp\/v2\/users\/1"}],"replies":[{"embeddable":true,"href":"https:\/\/agora-eoi.xtec.cat\/eoimartorell\/wp-json\/wp\/v2\/comments?post=11333"}],"version-history":[{"count":2,"href":"https:\/\/agora-eoi.xtec.cat\/eoimartorell\/wp-json\/wp\/v2\/pages\/11333\/revisions"}],"predecessor-version":[{"id":11338,"href":"https:\/\/agora-eoi.xtec.cat\/eoimartorell\/wp-json\/wp\/v2\/pages\/11333\/revisions\/11338"}],"wp:attachment":[{"href":"https:\/\/agora-eoi.xtec.cat\/eoimartorell\/wp-json\/wp\/v2\/media?parent=11333"}],"curies":[{"name":"wp","href":"https:\/\/api.w.org\/{rel}","templated":true}]}}