{"id":11228,"date":"2023-07-12T10:39:34","date_gmt":"2023-07-12T08:39:34","guid":{"rendered":"https:\/\/agora-eoi.xtec.cat\/eoimartorell\/?page_id=11228"},"modified":"2023-07-12T10:39:34","modified_gmt":"2023-07-12T08:39:34","slug":"bonificacions-addicionals-a-les-taxes","status":"publish","type":"page","link":"https:\/\/agora-eoi.xtec.cat\/eoimartorell\/bonificacions-addicionals-a-les-taxes\/","title":{"rendered":"Bonificacions addicionals a les taxes"},"content":{"rendered":"<p>A m\u00e9s de les\u00a0<strong><a title=\"bonificacions i exempcions generals\" href=\"https:\/\/educacio.gencat.cat\/ca\/departament\/normativa\/taxes-preus-publics\/exempcions-bonificacions\/\">bonificacions i exempcions generals<\/a>\u00a0<\/strong>que s&#8217;apliquen a aquestes taxes, s&#8217;estableixen\u00a0les\u00a0<strong>exempcions addicionals<\/strong>\u00a0seg\u00fcents per a:<\/p>\n<ul>\n<li>persones subjectes a mesures privatives de llibertat,<\/li>\n<li>membres de fam\u00edlies que perceben la renda m\u00ednima d&#8217;inserci\u00f3 o la renda activa d&#8217;inserci\u00f3,<\/li>\n<li>v\u00edctimes de viol\u00e8ncia de g\u00e8nere,<\/li>\n<li>alumnes que tinguin concedida una beca per a estudis d&#8217;idiomes per part de l&#8217;Administraci\u00f3 p\u00fablica competent en la mat\u00e8ria. Si un alumne es matricula de dos o m\u00e9s idiomes, l&#8217;exempci\u00f3 nom\u00e9s abasta l&#8217;idioma per al qual s&#8217;ha concedit la beca. L&#8217;exempci\u00f3 nom\u00e9s es concedir\u00e0 per al mateix curs acad\u00e8mic per al qual s&#8217;ha concedit la beca.\u00a0A l&#8217;efecte de formalitzaci\u00f3 de la matr\u00edcula oficial, l&#8217;alumne ha d&#8217;abonar la taxa si encara no t\u00e9 concedida la beca. Un cop se li notifiqui la concessi\u00f3 de la beca, podr\u00e0 demanar la devoluci\u00f3 de l&#8217;import de la taxa mitjan\u00e7at el procediment de devoluci\u00f3 d&#8217;ingressos indeguts,<\/li>\n<li>alumnes que en el curs acad\u00e8mic immediatament anterior han obtingut matr\u00edcula d&#8217;honor en el batxillerat o el Premi Extraordinari de Batxillerat (resten exempts de la taxa corresponent a la primera matr\u00edcula),<\/li>\n<li>menors tutelats o extutelats menors de 21 anys d&#8217;edat (la condici\u00f3 de persona tutelada o extutelada s&#8217;acredita per mitj\u00e0 del certificat em\u00e8s per la Direcci\u00f3 General d&#8217;Atenci\u00f3 a la Inf\u00e0ncia i la Adolesc\u00e8ncia o l&#8217;\u00f2rgan equivalent d&#8217;altres comunitats aut\u00f2nomes).<\/li>\n<\/ul>\n<p>Els alumnes que, complint els requisits per a gaudir d&#8217;alguna de les exempcions o bonificacions previstes, hagin realitzat el pagament de la matr\u00edcula, podran sol\u00b7licitar la devoluci\u00f3 de l&#8217;ingr\u00e9s indegut presentant al Servei de Gesti\u00f3 Pressupost\u00e0ria del Departament d&#8217;Educaci\u00f3 la corresponent\u00a0<a title=\"sol\u00b7licitud\" href=\"https:\/\/documents.espai.educacio.gencat.cat\/FormularisModels\/GestioEconomica\/A677.pdf\" target=\"_blank\" rel=\"noopener\">sol\u00b7licitud<\/a>\u00a0o tamb\u00e9 disponible a les secretaries de les escoles oficials d&#8217;idiomes.<\/p>\n","protected":false},"excerpt":{"rendered":"<p>A m\u00e9s de les\u00a0bonificacions i exempcions generals\u00a0que s&#8217;apliquen a aquestes taxes, s&#8217;estableixen\u00a0les\u00a0exempcions addicionals\u00a0seg\u00fcents per a: persones subjectes a mesures privatives de llibertat, membres de fam\u00edlies que perceben la renda m\u00ednima d&#8217;inserci\u00f3 o la renda activa d&#8217;inserci\u00f3, v\u00edctimes de viol\u00e8ncia de g\u00e8nere, alumnes que tinguin concedida una beca per a estudis d&#8217;idiomes per part de l&#8217;Administraci\u00f3 [&hellip;]<\/p>\n","protected":false},"author":1,"featured_media":0,"parent":0,"menu_order":0,"comment_status":"closed","ping_status":"closed","template":"","meta":{"_bbp_topic_count":0,"_bbp_reply_count":0,"_bbp_total_topic_count":0,"_bbp_total_reply_count":0,"_bbp_voice_count":0,"_bbp_anonymous_reply_count":0,"_bbp_topic_count_hidden":0,"_bbp_reply_count_hidden":0,"_bbp_forum_subforum_count":0,"site-sidebar-layout":"default","site-content-layout":"","ast-site-content-layout":"","site-content-style":"default","site-sidebar-style":"default","ast-global-header-display":"","ast-banner-title-visibility":"","ast-main-header-display":"","ast-hfb-above-header-display":"","ast-hfb-below-header-display":"","ast-hfb-mobile-header-display":"","site-post-title":"","ast-breadcrumbs-content":"","ast-featured-img":"","footer-sml-layout":"","theme-transparent-header-meta":"","adv-header-id-meta":"","stick-header-meta":"","header-above-stick-meta":"","header-main-stick-meta":"","header-below-stick-meta":"","astra-migrate-meta-layouts":"default","ast-page-background-enabled":"default","ast-page-background-meta":{"desktop":{"background-color":"var(--ast-global-color-4)","background-image":"","background-repeat":"repeat","background-position":"center center","background-size":"auto","background-attachment":"scroll","background-type":"","background-media":"","overlay-type":"","overlay-color":"","overlay-opacity":"","overlay-gradient":""},"tablet":{"background-color":"","background-image":"","background-repeat":"repeat","background-position":"center center","background-size":"auto","background-attachment":"scroll","background-type":"","background-media":"","overlay-type":"","overlay-color":"","overlay-opacity":"","overlay-gradient":""},"mobile":{"background-color":"","background-image":"","background-repeat":"repeat","background-position":"center center","background-size":"auto","background-attachment":"scroll","background-type":"","background-media":"","overlay-type":"","overlay-color":"","overlay-opacity":"","overlay-gradient":""}},"ast-content-background-meta":{"desktop":{"background-color":"var(--ast-global-color-5)","background-image":"","background-repeat":"repeat","background-position":"center center","background-size":"auto","background-attachment":"scroll","background-type":"","background-media":"","overlay-type":"","overlay-color":"","overlay-opacity":"","overlay-gradient":""},"tablet":{"background-color":"var(--ast-global-color-5)","background-image":"","background-repeat":"repeat","background-position":"center center","background-size":"auto","background-attachment":"scroll","background-type":"","background-media":"","overlay-type":"","overlay-color":"","overlay-opacity":"","overlay-gradient":""},"mobile":{"background-color":"var(--ast-global-color-5)","background-image":"","background-repeat":"repeat","background-position":"center center","background-size":"auto","background-attachment":"scroll","background-type":"","background-media":"","overlay-type":"","overlay-color":"","overlay-opacity":"","overlay-gradient":""}},"footnotes":""},"class_list":["post-11228","page","type-page","status-publish","hentry"],"post_mailing_queue_ids":[],"_links":{"self":[{"href":"https:\/\/agora-eoi.xtec.cat\/eoimartorell\/wp-json\/wp\/v2\/pages\/11228","targetHints":{"allow":["GET"]}}],"collection":[{"href":"https:\/\/agora-eoi.xtec.cat\/eoimartorell\/wp-json\/wp\/v2\/pages"}],"about":[{"href":"https:\/\/agora-eoi.xtec.cat\/eoimartorell\/wp-json\/wp\/v2\/types\/page"}],"author":[{"embeddable":true,"href":"https:\/\/agora-eoi.xtec.cat\/eoimartorell\/wp-json\/wp\/v2\/users\/1"}],"replies":[{"embeddable":true,"href":"https:\/\/agora-eoi.xtec.cat\/eoimartorell\/wp-json\/wp\/v2\/comments?post=11228"}],"version-history":[{"count":1,"href":"https:\/\/agora-eoi.xtec.cat\/eoimartorell\/wp-json\/wp\/v2\/pages\/11228\/revisions"}],"predecessor-version":[{"id":11229,"href":"https:\/\/agora-eoi.xtec.cat\/eoimartorell\/wp-json\/wp\/v2\/pages\/11228\/revisions\/11229"}],"wp:attachment":[{"href":"https:\/\/agora-eoi.xtec.cat\/eoimartorell\/wp-json\/wp\/v2\/media?parent=11228"}],"curies":[{"name":"wp","href":"https:\/\/api.w.org\/{rel}","templated":true}]}}