{"id":11225,"date":"2023-07-12T10:35:23","date_gmt":"2023-07-12T08:35:23","guid":{"rendered":"https:\/\/agora-eoi.xtec.cat\/eoimartorell\/?page_id=11225"},"modified":"2023-07-12T10:35:23","modified_gmt":"2023-07-12T08:35:23","slug":"bonificacions-addicionals-preus-publics","status":"publish","type":"page","link":"https:\/\/agora-eoi.xtec.cat\/eoimartorell\/bonificacions-addicionals-preus-publics\/","title":{"rendered":"Bonificacions addicionals &#8211; preus p\u00fablics"},"content":{"rendered":"<p>S&#8217;estableix una\u00a0<strong>bonificaci\u00f3<\/strong>\u00a0de l&#8217;import per a les\u00a0persones seg\u00fcents:<\/p>\n<ul>\n<li>Els alumnes que tinguin concedida una beca o ajut a l&#8217;estudi en aquests mateixos ensenyaments per part de l&#8217;administraci\u00f3 p\u00fablica competent en la mat\u00e8ria, gaudiran d&#8217;una bonificaci\u00f3 del 50% de l&#8217;import del preu p\u00fablic corresponent, pr\u00e8via acreditaci\u00f3 documental. La bonificaci\u00f3 nom\u00e9s es concedir\u00e0 pel mateix curs acad\u00e8mic pel qual s&#8217;ha concedit la beca.<br \/>\nEn aquests casos, a l&#8217;efecte de formalitzaci\u00f3 de la matr\u00edcula, si l&#8217;alumne no t\u00e9 concedida encara la beca ha d&#8217;abonar l&#8217;import del preu p\u00fablic corresponent. Un cop se li notifiqui la concessi\u00f3 de la beca, podr\u00e0 demanar la devoluci\u00f3 de l&#8217;import, davant de la direcci\u00f3 que els retornar\u00e0 el 50% de l&#8217;import del preu p\u00fablic pagat.<\/li>\n<li>Els alumnes dels centres sostinguts amb fons p\u00fablics, que es matriculen d&#8217;una segona llengua estrangera en una escola oficial d&#8217;idiomes, diferent a la llengua estrangera obligat\u00f2ria del curr\u00edculum que estudien en el centre educatiu, tenen una bonificaci\u00f3 del 50% del preu p\u00fablic.<\/li>\n<li>Els alumnes matriculats en una escola oficial d&#8217;idiomes que cursen una llengua estrangera i volen estudiar una segona llengua estrangera en la mateixa o una altra escola oficial d&#8217;idiomes, tenen una bonificaci\u00f3 del 50% del preu p\u00fablic en una de les lleng\u00fces que es matriculin.<\/li>\n<li>Els alumnes matriculats en una escola oficial d&#8217;idiomes, que cursen una llengua estrangera en el nivell de 5\u00e8 (intermedi B2), que es matriculin en una nova llengua estrangera el curs immediatament posterior, tenen una bonificaci\u00f3 del 50% del preu p\u00fablic de la matr\u00edcula de la nova llengua.<\/li>\n<li>Les persones que es matriculen a un curs de nivell b\u00e0sic A1 o de nivell b\u00e0sic A2 en llengua catalana o en llengua occitana, tenen una bonificaci\u00f3 del 75% del preu p\u00fablic de la matr\u00edcula.<\/li>\n<li>Les persones que es matriculen a un curs de nivell d&#8217;actualitzaci\u00f3 i especialitzaci\u00f3 C1 o C2 en llengua catalana o en llengua occitana, tenen una bonificaci\u00f3 del 50% del preu p\u00fablic de la matr\u00edcula.<\/li>\n<li>Els alumnes que cursen una llengua estrangera en una escola oficial d&#8217;idiomes i es matriculin en el servei d&#8217;autoaprenentatge tenen una bonificaci\u00f3 del 50% del preu p\u00fablic de la matr\u00edcula d&#8217;aquest servei.<\/li>\n<\/ul>\n<p>Acumulaci\u00f3 de bonificacions:<\/p>\n<p>La concurr\u00e8ncia en una mateixa persona de les condicions que donen dret a dues o m\u00e9s bonificacions iguals o superiors al 50%, comportar\u00e0 l&#8217;acumulaci\u00f3 d&#8217;aquestes bonificacions.<\/p>\n<p>S&#8217;estableix l&#8217;<strong>exempci\u00f3<\/strong>\u00a0del pagament per a les\u00a0persones seg\u00fcents:<\/p>\n<ul>\n<li>persones que tinguin una discapacitat acreditada igual o superior al 33%, els seus c\u00f2njuges i els seus fills o filles que en depenguin econ\u00f2micament.<\/li>\n<li>persones subjectes a mesures privatives de llibertat,<\/li>\n<li>persones membres d&#8217;unitats familiars que percebin la renda m\u00ednima d&#8217;inserci\u00f3, la renda activa d&#8217;inserci\u00f3 o la renda garantida de ciutadania,<\/li>\n<li>aturats de llarga durada que perceben un subsidi equivalent a una renda m\u00ednima d&#8217;inserci\u00f3 o la renda activa d&#8217;inserci\u00f3\u00a0o la renda garantida de ciutadania,<\/li>\n<li>v\u00edctimes de viol\u00e8ncia de g\u00e8nere,<\/li>\n<li>persones menors tutelades o persones extutelades menors de 21 anys d&#8217;edat. La condici\u00f3 de persona tutelada o extutelada s&#8217;acredita mitjan\u00e7ant el certificat em\u00e8s per la Direcci\u00f3 General d&#8217;Atenci\u00f3 a la Inf\u00e0ncia i l&#8217;Adolesc\u00e8ncia o \u00f2rgan equivalent d&#8217;altres comunitats aut\u00f2nomes.<\/li>\n<\/ul>\n<p>Exempcions espec\u00edfiques:<\/p>\n<ul>\n<li>persones que en el curs acad\u00e8mic immediatament anterior hagin obtingut matr\u00edcula d&#8217;honor en el batxillerat o el premi extraordinari de batxillerat,<\/li>\n<li>persones guanyadores\u00a0del Premi Extraordinari dels ensenyaments de Formaci\u00f3 professional, dels ensenyaments professionals d&#8217;Arts Pl\u00e0stiques i Disseny, dels ensenyaments professionals de M\u00fasica o dels ensenyaments professionals de Dansa, en els termes previstos a la normativa que els estableixi, tenen dret a l&#8217;exempci\u00f3 de l&#8217;import del preu en concepte de matr\u00edcula i serveis, per un sol cop, a triar entre la matr\u00edcula en el nivell B\u00e0sic, el nivell C1 o el nivell C2.<\/li>\n<\/ul>\n<p>&nbsp;<\/p>\n","protected":false},"excerpt":{"rendered":"<p>S&#8217;estableix una\u00a0bonificaci\u00f3\u00a0de l&#8217;import per a les\u00a0persones seg\u00fcents: Els alumnes que tinguin concedida una beca o ajut a l&#8217;estudi en aquests mateixos ensenyaments per part de l&#8217;administraci\u00f3 p\u00fablica competent en la mat\u00e8ria, gaudiran d&#8217;una bonificaci\u00f3 del 50% de l&#8217;import del preu p\u00fablic corresponent, pr\u00e8via acreditaci\u00f3 documental. La bonificaci\u00f3 nom\u00e9s es concedir\u00e0 pel mateix curs acad\u00e8mic pel [&hellip;]<\/p>\n","protected":false},"author":1,"featured_media":0,"parent":0,"menu_order":0,"comment_status":"closed","ping_status":"closed","template":"","meta":{"_bbp_topic_count":0,"_bbp_reply_count":0,"_bbp_total_topic_count":0,"_bbp_total_reply_count":0,"_bbp_voice_count":0,"_bbp_anonymous_reply_count":0,"_bbp_topic_count_hidden":0,"_bbp_reply_count_hidden":0,"_bbp_forum_subforum_count":0,"site-sidebar-layout":"default","site-content-layout":"","ast-site-content-layout":"","site-content-style":"default","site-sidebar-style":"default","ast-global-header-display":"","ast-banner-title-visibility":"","ast-main-header-display":"","ast-hfb-above-header-display":"","ast-hfb-below-header-display":"","ast-hfb-mobile-header-display":"","site-post-title":"","ast-breadcrumbs-content":"","ast-featured-img":"","footer-sml-layout":"","theme-transparent-header-meta":"","adv-header-id-meta":"","stick-header-meta":"","header-above-stick-meta":"","header-main-stick-meta":"","header-below-stick-meta":"","astra-migrate-meta-layouts":"default","ast-page-background-enabled":"default","ast-page-background-meta":{"desktop":{"background-color":"var(--ast-global-color-4)","background-image":"","background-repeat":"repeat","background-position":"center center","background-size":"auto","background-attachment":"scroll","background-type":"","background-media":"","overlay-type":"","overlay-color":"","overlay-opacity":"","overlay-gradient":""},"tablet":{"background-color":"","background-image":"","background-repeat":"repeat","background-position":"center center","background-size":"auto","background-attachment":"scroll","background-type":"","background-media":"","overlay-type":"","overlay-color":"","overlay-opacity":"","overlay-gradient":""},"mobile":{"background-color":"","background-image":"","background-repeat":"repeat","background-position":"center center","background-size":"auto","background-attachment":"scroll","background-type":"","background-media":"","overlay-type":"","overlay-color":"","overlay-opacity":"","overlay-gradient":""}},"ast-content-background-meta":{"desktop":{"background-color":"var(--ast-global-color-5)","background-image":"","background-repeat":"repeat","background-position":"center center","background-size":"auto","background-attachment":"scroll","background-type":"","background-media":"","overlay-type":"","overlay-color":"","overlay-opacity":"","overlay-gradient":""},"tablet":{"background-color":"var(--ast-global-color-5)","background-image":"","background-repeat":"repeat","background-position":"center center","background-size":"auto","background-attachment":"scroll","background-type":"","background-media":"","overlay-type":"","overlay-color":"","overlay-opacity":"","overlay-gradient":""},"mobile":{"background-color":"var(--ast-global-color-5)","background-image":"","background-repeat":"repeat","background-position":"center center","background-size":"auto","background-attachment":"scroll","background-type":"","background-media":"","overlay-type":"","overlay-color":"","overlay-opacity":"","overlay-gradient":""}},"footnotes":""},"class_list":["post-11225","page","type-page","status-publish","hentry"],"post_mailing_queue_ids":[],"_links":{"self":[{"href":"https:\/\/agora-eoi.xtec.cat\/eoimartorell\/wp-json\/wp\/v2\/pages\/11225","targetHints":{"allow":["GET"]}}],"collection":[{"href":"https:\/\/agora-eoi.xtec.cat\/eoimartorell\/wp-json\/wp\/v2\/pages"}],"about":[{"href":"https:\/\/agora-eoi.xtec.cat\/eoimartorell\/wp-json\/wp\/v2\/types\/page"}],"author":[{"embeddable":true,"href":"https:\/\/agora-eoi.xtec.cat\/eoimartorell\/wp-json\/wp\/v2\/users\/1"}],"replies":[{"embeddable":true,"href":"https:\/\/agora-eoi.xtec.cat\/eoimartorell\/wp-json\/wp\/v2\/comments?post=11225"}],"version-history":[{"count":1,"href":"https:\/\/agora-eoi.xtec.cat\/eoimartorell\/wp-json\/wp\/v2\/pages\/11225\/revisions"}],"predecessor-version":[{"id":11226,"href":"https:\/\/agora-eoi.xtec.cat\/eoimartorell\/wp-json\/wp\/v2\/pages\/11225\/revisions\/11226"}],"wp:attachment":[{"href":"https:\/\/agora-eoi.xtec.cat\/eoimartorell\/wp-json\/wp\/v2\/media?parent=11225"}],"curies":[{"name":"wp","href":"https:\/\/api.w.org\/{rel}","templated":true}]}}