{"id":10796,"date":"2021-04-20T10:47:58","date_gmt":"2021-04-20T08:47:58","guid":{"rendered":"https:\/\/agora-eoi.xtec.cat\/eoimartorell\/?page_id=10796"},"modified":"2021-06-28T16:31:55","modified_gmt":"2021-06-28T14:31:55","slug":"cursos-destiu-2020","status":"publish","type":"page","link":"https:\/\/agora-eoi.xtec.cat\/eoimartorell\/cursos-destiu-2020\/","title":{"rendered":"Cursos d&#8217;estiu 2021"},"content":{"rendered":"<h5><span style=\"color: #ff0000;\"><strong>Qu\u00e8 s\u00f3n i a qui van adre\u00e7ats?<\/strong><\/span><\/h5>\n<p>S\u00f3n cursos de llengua instrumental de <strong>40 hores de durada<\/strong>, repartides en:<\/p>\n<ul>\n<li>10 sessions presencials de 3 hores (30 hores)<\/li>\n<li>1 sessi\u00f3 presencial de 4 hores<\/li>\n<li>3 sessions telem\u00e0tiques a trav\u00e9s de zoom de 2 hores (6 hores)<\/li>\n<\/ul>\n<p>Donat que hi ha tres sessions online, els alumnes han de disposar d&#8217;un dispositiu amb connexi\u00f3 a Internet, c\u00e0mera i micr\u00f2fon per poder assistir-hi.<\/p>\n<p>Tenen lloc <strong>de l\u20191 al 20 de juliol<\/strong>. Les sessions de mat\u00ed comencen a les 10:00h i les sessions de tarda a les 16:30 h. Van adre\u00e7ats a persones que vulguin millorar o aprendre l\u2019idioma. Els grups estan formats per un m\u00e0xim de 20 alumnes.<\/p>\n<p>Paral\u00b7lelament a aquests cursos de 40 hores, l&#8217;escola est\u00e0 treballant per oferir un <strong>curs de conversa d&#8217;alemany<\/strong> de <strong>30 hores<\/strong> per als nivells <strong>A2-B1<\/strong>. Per obtenir informaci\u00f3 sobre aquet curs, cliqueu aqu\u00ed.<\/p>\n<h5><strong style=\"color: #ff0000; font-size: 1.125em;\">Quin preu tenen?<\/strong><\/h5>\n<p>El preu de la matr\u00edcula \u00e9s de <strong>215<\/strong>\u20ac (llibres no inclosos). Descomptes per a fam\u00edlies nombroses i monoparentals. Els llibres es venen al centre durant els primers dies de classe. L&#8217;import del curs nom\u00e9s es retorna en cas que l&#8217;escola anul\u00b7li el grup.<\/p>\n<h5><strong style=\"color: #ff0000; font-size: 1.125em;\">Quins requisits haig de complir per accedir?<\/strong><\/h5>\n<p>Per poder accedir a un curs d\u2019estiu, s\u2019han de tenir 14 anys (complerts en data 31 de desembre del 2021) i 2n ESO aprovat. Per formalitzar la matr\u00edcula, s\u2019ha de presentar un t\u00edtol d\u2019estudis equivalent\u00a0 (certificat de l\u2019institut) o superior.<\/p>\n<h5><strong style=\"color: #ff0000; font-size: 1.125em;\">Qu\u00e8 puc estudiar?<\/strong><\/h5>\n<p>L\u2019oferta de cursos per al juliol de 2021 \u00e9s la seg\u00fcent:<\/p>\n<table style=\"width: 527px;\">\n<tbody>\n<tr>\n<td style=\"text-align: center; width: 108px; background-color: #f4f6f6; border-color: #17202a; border-style: solid;\" width=\"102\"><strong><span style=\"color: #0000ff;\">Idioma<\/span><\/strong><\/td>\n<td style=\"text-align: center; width: 103px; background-color: #f4f6f6; border-color: #17202a; border-style: solid;\" width=\"94\"><strong><span style=\"color: #0000ff;\">Nivell<\/span><\/strong><\/td>\n<td style=\"text-align: center; width: 316px; background-color: #f4f6f6; border-color: #17202a; border-style: solid;\" width=\"295\"><strong><span style=\"color: #0000ff;\">Horari<\/span><\/strong><\/td>\n<\/tr>\n<tr>\n<td style=\"width: 108px; background-color: #fae5d3; border-color: #17202a; border-style: solid;\" width=\"102\"><strong><span style=\"color: #0000ff;\">Angl\u00e8s<\/span><\/strong><\/td>\n<td style=\"width: 103px; background-color: #fae5d3; border-color: #17202a; border-style: solid;\" width=\"94\">2A (A2.1)<\/p>\n<p>2B (A2.2)<\/p>\n<p>3A (B1.1)<\/p>\n<p>3B (B1.2)<\/td>\n<td style=\"width: 316px; background-color: #fae5d3; border-color: #17202a; border-style: solid;\" rowspan=\"3\" width=\"295\">10:00h \u2013 13:00h (sessions presencials de 3h)<\/p>\n<p>10:00h \u2013 14:00h (sessi\u00f3 presencial d\u20191 hora)<\/p>\n<p>10:00h \u2013 12:00h (sessions telem\u00e0tiques)<\/td>\n<\/tr>\n<tr>\n<td style=\"width: 108px; background-color: #fae5d3; border-color: #17202a; border-style: solid;\"><span style=\"color: #0000ff;\"><strong>Alemany<\/strong><\/span><\/td>\n<td style=\"width: 103px; background-color: #fae5d3; border-color: #17202a; border-style: solid;\">1A (A1.1)<\/td>\n<\/tr>\n<tr>\n<td style=\"width: 108px; background-color: #fae5d3; border-color: #17202a; border-style: solid;\"><strong><span style=\"color: #0000ff;\">Japon\u00e8s<\/span><\/strong><\/td>\n<td style=\"width: 103px; background-color: #fae5d3; border-color: #17202a; border-style: solid;\">Introducci\u00f3 (A1.1)<\/td>\n<\/tr>\n<tr>\n<td style=\"width: 108px; background-color: #e8daef; border-color: #17202a; border-style: solid;\" width=\"102\"><span style=\"color: #0000ff;\"><strong>Angl\u00e8s<\/strong><\/span><\/td>\n<td style=\"width: 103px; background-color: #e8daef; border-color: #17202a; border-style: solid;\" width=\"94\">2A (A2.1)<\/p>\n<p>2B (A2.2)<\/p>\n<p>3A (B1.1)<\/p>\n<p>3B (B1.2)<\/td>\n<td style=\"width: 316px; background-color: #e8daef; border-color: #17202a; border-style: solid;\" rowspan=\"3\" width=\"295\">16:30h \u2013 19:30h (sessions presencials de 3h)<\/p>\n<p>16:30 \u2013 20:30h (sessi\u00f3 presencial d\u20191 hora)<\/p>\n<p>16:30h -18:30h (sessions telem\u00e0tiques)<\/td>\n<\/tr>\n<tr>\n<td style=\"width: 108px; background-color: #e8daef; border-color: #17202a; border-style: solid;\"><span style=\"color: #0000ff;\"><strong>Alemany<\/strong><\/span><\/td>\n<td style=\"width: 103px; background-color: #e8daef; border-color: #17202a; border-style: solid;\">1A (A1.1)<\/td>\n<\/tr>\n<tr>\n<td style=\"width: 108px; background-color: #e8daef; border-color: #17202a; border-style: solid;\"><strong><span style=\"color: #0000ff;\">Japon\u00e8s<\/span><\/strong><\/td>\n<td style=\"width: 103px; background-color: #e8daef; border-color: #17202a; border-style: solid;\">Introducci\u00f3 (A1.1)<\/td>\n<\/tr>\n<\/tbody>\n<\/table>\n<p>Els cursos es divideixen en A i B. La modalitat A correspon a la primera meitat del curs ordinari i la modalitat B a la segona meitat. Qui hagi superat un curs d\u2019estiu i al certificat no s\u2019indiqui que correspon a la modalitat B, accedir\u00e0 a la modalitat B del nivell superat.<\/p>\n<h5><strong> <span style=\"color: #ff0000;\">Quines s\u00f3n les sessions presencials i quines les telem\u00e0tiques?<\/span><\/strong><\/h5>\n<p>En aquesta taula trobareu la planificaci\u00f3 de les sessions:<\/p>\n<table style=\"border-color: #17202a; border-style: solid;\">\n<tbody>\n<tr>\n<td style=\"border-color: #17202a; border-style: solid; text-align: center; width: 139px;\"><span style=\"color: #000000;\"><strong>DILLUNS<\/strong><\/span><\/td>\n<td style=\"border-color: #17202a; border-style: solid; text-align: center; width: 139px;\"><span style=\"color: #000000;\"><strong>DIMARTS<\/strong><\/span><\/td>\n<td style=\"border-color: #17202a; border-style: solid; text-align: center; width: 139px;\"><span style=\"color: #000000;\"><strong>DIMECRES<\/strong><\/span><\/td>\n<td style=\"border-color: #17202a; border-style: solid; text-align: center; width: 139px;\"><span style=\"color: #000000;\"><strong>DIJOUS<\/strong><\/span><\/td>\n<td style=\"border-color: #17202a; border-style: solid; text-align: center; width: 139px;\"><span style=\"color: #000000;\"><strong>DIVENDRES<\/strong><\/span><\/td>\n<\/tr>\n<tr>\n<td style=\"border-color: #17202a; border-style: solid; width: 139px; background-color: #abb2b9;\"><\/td>\n<td style=\"border-color: #17202a; border-style: solid; width: 139px; background-color: #abb2b9;\"><\/td>\n<td style=\"border-color: #17202a; border-style: solid; width: 139px; background-color: #abb2b9;\"><\/td>\n<td style=\"border-color: #17202a; border-style: solid; background-color: #d6eaf8; width: 139px;\"><strong>Dia 1<\/strong><\/p>\n<p>Sessi\u00f3 presencial de 3 hores<\/td>\n<td style=\"border-color: #17202a; border-style: solid; background-color: #d5f5d9; width: 139px;\"><strong>Dia 2<\/strong><\/p>\n<p>Sessi\u00f3 telem\u00e0tica de 2 hores<\/td>\n<\/tr>\n<tr>\n<td style=\"border-color: #17202a; border-style: solid; background-color: #d6eaf8; width: 139px;\"><strong>Dia 5<\/strong><\/p>\n<p>Sessi\u00f3 presencial de 3 hores<\/td>\n<td style=\"border-color: #17202a; border-style: solid; background-color: #d6eaf8; width: 139px;\"><strong>Dia 6<\/strong><\/p>\n<p>Sessi\u00f3 presencial de 3 hores<\/td>\n<td style=\"border-color: #17202a; border-style: solid; background-color: #d6eaf8; width: 139px;\"><strong>Dia 7<\/strong><\/p>\n<p>Sessi\u00f3 presencial de 3 hores<\/td>\n<td style=\"border-color: #17202a; border-style: solid; background-color: #d6eaf8; width: 139px;\"><strong>Dia 8<\/strong><\/p>\n<p>Sessi\u00f3 presencial de 3 hores<\/td>\n<td style=\"border-color: #17202a; border-style: solid; background-color: #d5f5d9; width: 139px;\"><strong>Dia 9<\/strong><\/p>\n<p>Sessi\u00f3 telem\u00e0tica de 2 hores<\/td>\n<\/tr>\n<tr>\n<td style=\"border-color: #17202a; border-style: solid; background-color: #d6eaf8; width: 139px;\"><strong>Dia 12<\/strong><\/p>\n<p>Sessi\u00f3 presencial de 3 hores<\/td>\n<td style=\"border-color: #17202a; border-style: solid; background-color: #d6eaf8; width: 139px;\"><strong>Dia 13<\/strong><\/p>\n<p>Sessi\u00f3 presencial de 3 hores<\/td>\n<td style=\"border-color: #17202a; border-style: solid; background-color: #d6eaf8; width: 139px;\"><strong>Dia 14<\/strong><\/p>\n<p>Sessi\u00f3 presencial de 3 hores<\/td>\n<td style=\"border-color: #17202a; border-style: solid; background-color: #d6eaf8; width: 139px;\"><strong>Dia 15<\/strong><\/p>\n<p>Sessi\u00f3 presencial de 3 hores<\/td>\n<td style=\"border-color: #17202a; border-style: solid; background-color: #d5f5d9; width: 139px;\"><strong>Dia 16<\/strong><\/p>\n<p>Sessi\u00f3 telem\u00e0tica de 2 hores<\/td>\n<\/tr>\n<tr>\n<td style=\"border-color: #17202a; border-style: solid; background-color: #edbb99; width: 139px;\"><strong>Dia 19<\/strong><\/p>\n<p>Sessi\u00f3 presencial de 4 hores<\/td>\n<td style=\"border-color: #17202a; border-style: solid; background-color: #d6eaf8; width: 139px;\"><strong>Dia 20<\/strong><\/p>\n<p>Sessi\u00f3 presencial de 3 hores<\/td>\n<td style=\"border-color: #17202a; border-style: solid; background-color: #abb2b9; width: 139px;\"><\/td>\n<td style=\"border-color: #17202a; border-style: solid; background-color: #abb2b9; width: 139px;\"><\/td>\n<td style=\"border-color: #17202a; border-style: solid; background-color: #abb2b9; width: 139px;\"><\/td>\n<\/tr>\n<\/tbody>\n<\/table>\n<h5><span style=\"color: #ff0000;\"><strong>M\u2019interessa, qu\u00e8 haig de fer?<\/strong><\/span><\/h5>\n<p>El primer pas \u00e9s fer una preinscripci\u00f3. Per realitzar la preinscripci\u00f3 NO cal despla\u00e7ar-se a l\u2019escola. Cal emplenar aquest formulari web. La preinscripci\u00f3 no \u00e9s obligat\u00f2ria, per\u00f2 d\u00f3na prefer\u00e8ncia a l\u2019hora de formalitzar la matr\u00edcula. Si no s\u2019assoleixen les 12 preinscripcions, autom\u00e0ticament el nivell quedar\u00e0 cancel\u00b7lat. L\u2019escola obrir\u00e0 els grups que tinguin un m\u00ednim de 12 preinscripcions i ajustar\u00e0 l\u2019oferta d\u2019idiomes i horaris segons la demanda. Si hi ha prou demanda per obrir un grup d\u2019un nivell diferent s\u2019obrir\u00e0.<\/p>\n<p>Actualment tots els cursos estan en modalitat de preinscripci\u00f3 i aquesta s&#8217;allargar\u00e0 fins que s&#8217;arribi al m\u00ednim d&#8217;alumnes.<\/p>\n<h5><span style=\"color: #ff0000;\"><strong>En el cas de l&#8217;angl\u00e8s, com puc acreditar nivell?<\/strong><\/span><\/h5>\n<p>Pots acreditar nivell en els sup\u00f2sits seg\u00fcents:<\/p>\n<ul>\n<li>Si durant el curs 2020-21 has estat matriculat en un curs ordinari a una EOI. Si has superat el curs, accedir\u00e0s el nivell immediatament posterior. Si no l\u2019has superat, cursar\u00e0s el mateix nivell que al curs ordinari.<\/li>\n<li>Si durant l\u2019estiu del 2020 o del 2019 has cursat un curs d\u2019estiu a una EOI i l\u2019has superat. Accedir\u00e0s al curs immediatament posterior.<\/li>\n<li>Si posseeixes un <strong>t\u00edtol<\/strong> o <strong>certificat<\/strong> d\u2019una <strong>universitat<\/strong> o una <strong>instituci\u00f3 europea reconeguda<\/strong>. Accedir\u00e0s al curs immediatament posterior al nivell acreditat.<\/li>\n<\/ul>\n<p>Pots adjuntar el teu certificat al formulari web de preinscripci\u00f3.<\/p>\n<h5><span style=\"color: #ff0000;\"><strong>No puc acreditar nivell. Qu\u00e8 passa?<\/strong><\/span><\/h5>\n<p>Si no pots acreditar nivell, haur\u00e0s de realitzar una prova de nivell abans de formalitzar la matr\u00edcula. La prova consta de tres parts: \u00fas de la llengua, expressi\u00f3 escrita i expressi\u00f3 oral. La part d\u2019expressi\u00f3 oral es far\u00e0 a trav\u00e9s de l\u2019aplicaci\u00f3 zoom. Una vegada formalitzada la preinscripci\u00f3, els candidats rebran instruccions concretes de com realitzar la prova.<\/p>\n<h5><span style=\"color: #ff0000;\"><strong>Qu\u00e8 haig de fer per matricular-me?<\/strong><\/span><\/h5>\n<p>Des de l\u2019escola se t\u2019informar\u00e0 a trav\u00e9s del correu electr\u00f2nic de quina documentaci\u00f3 necessites i quins passos has de seguir per formalitzar la matr\u00edcula en cas que el grup compti amb les 12 preinscripcions necess\u00e0ries.<\/p>\n<p>&nbsp;<\/p>\n","protected":false},"excerpt":{"rendered":"<p>Qu\u00e8 s\u00f3n i a qui van adre\u00e7ats? S\u00f3n cursos de llengua instrumental de 40 hores de durada, repartides en: 10 sessions presencials de 3 hores (30 hores) 1 sessi\u00f3 presencial de 4 hores 3 sessions telem\u00e0tiques a trav\u00e9s de zoom de 2 hores (6 hores) Donat que hi ha tres sessions online, els alumnes han [&hellip;]<\/p>\n","protected":false},"author":1,"featured_media":0,"parent":0,"menu_order":0,"comment_status":"closed","ping_status":"closed","template":"page-templates\/side-menu.php","meta":{"_bbp_topic_count":0,"_bbp_reply_count":0,"_bbp_total_topic_count":0,"_bbp_total_reply_count":0,"_bbp_voice_count":0,"_bbp_anonymous_reply_count":0,"_bbp_topic_count_hidden":0,"_bbp_reply_count_hidden":0,"_bbp_forum_subforum_count":0,"site-sidebar-layout":"default","site-content-layout":"","ast-site-content-layout":"","site-content-style":"default","site-sidebar-style":"default","ast-global-header-display":"","ast-banner-title-visibility":"","ast-main-header-display":"","ast-hfb-above-header-display":"","ast-hfb-below-header-display":"","ast-hfb-mobile-header-display":"","site-post-title":"","ast-breadcrumbs-content":"","ast-featured-img":"","footer-sml-layout":"","theme-transparent-header-meta":"","adv-header-id-meta":"","stick-header-meta":"","header-above-stick-meta":"","header-main-stick-meta":"","header-below-stick-meta":"","astra-migrate-meta-layouts":"default","ast-page-background-enabled":"default","ast-page-background-meta":{"desktop":{"background-color":"var(--ast-global-color-4)","background-image":"","background-repeat":"repeat","background-position":"center center","background-size":"auto","background-attachment":"scroll","background-type":"","background-media":"","overlay-type":"","overlay-color":"","overlay-opacity":"","overlay-gradient":""},"tablet":{"background-color":"","background-image":"","background-repeat":"repeat","background-position":"center center","background-size":"auto","background-attachment":"scroll","background-type":"","background-media":"","overlay-type":"","overlay-color":"","overlay-opacity":"","overlay-gradient":""},"mobile":{"background-color":"","background-image":"","background-repeat":"repeat","background-position":"center center","background-size":"auto","background-attachment":"scroll","background-type":"","background-media":"","overlay-type":"","overlay-color":"","overlay-opacity":"","overlay-gradient":""}},"ast-content-background-meta":{"desktop":{"background-color":"var(--ast-global-color-5)","background-image":"","background-repeat":"repeat","background-position":"center center","background-size":"auto","background-attachment":"scroll","background-type":"","background-media":"","overlay-type":"","overlay-color":"","overlay-opacity":"","overlay-gradient":""},"tablet":{"background-color":"var(--ast-global-color-5)","background-image":"","background-repeat":"repeat","background-position":"center center","background-size":"auto","background-attachment":"scroll","background-type":"","background-media":"","overlay-type":"","overlay-color":"","overlay-opacity":"","overlay-gradient":""},"mobile":{"background-color":"var(--ast-global-color-5)","background-image":"","background-repeat":"repeat","background-position":"center center","background-size":"auto","background-attachment":"scroll","background-type":"","background-media":"","overlay-type":"","overlay-color":"","overlay-opacity":"","overlay-gradient":""}},"footnotes":""},"class_list":["post-10796","page","type-page","status-publish","hentry"],"post_mailing_queue_ids":[],"_links":{"self":[{"href":"https:\/\/agora-eoi.xtec.cat\/eoimartorell\/wp-json\/wp\/v2\/pages\/10796","targetHints":{"allow":["GET"]}}],"collection":[{"href":"https:\/\/agora-eoi.xtec.cat\/eoimartorell\/wp-json\/wp\/v2\/pages"}],"about":[{"href":"https:\/\/agora-eoi.xtec.cat\/eoimartorell\/wp-json\/wp\/v2\/types\/page"}],"author":[{"embeddable":true,"href":"https:\/\/agora-eoi.xtec.cat\/eoimartorell\/wp-json\/wp\/v2\/users\/1"}],"replies":[{"embeddable":true,"href":"https:\/\/agora-eoi.xtec.cat\/eoimartorell\/wp-json\/wp\/v2\/comments?post=10796"}],"version-history":[{"count":4,"href":"https:\/\/agora-eoi.xtec.cat\/eoimartorell\/wp-json\/wp\/v2\/pages\/10796\/revisions"}],"predecessor-version":[{"id":10895,"href":"https:\/\/agora-eoi.xtec.cat\/eoimartorell\/wp-json\/wp\/v2\/pages\/10796\/revisions\/10895"}],"wp:attachment":[{"href":"https:\/\/agora-eoi.xtec.cat\/eoimartorell\/wp-json\/wp\/v2\/media?parent=10796"}],"curies":[{"name":"wp","href":"https:\/\/api.w.org\/{rel}","templated":true}]}}