{"id":10394,"date":"2019-07-01T11:58:03","date_gmt":"2019-07-01T09:58:03","guid":{"rendered":"http:\/\/agora-eoi.xtec.cat\/eoimartorell\/?page_id=10394"},"modified":"2025-07-10T12:41:38","modified_gmt":"2025-07-10T10:41:38","slug":"matricula-dactualitzacio-en-cursos-inferiors","status":"publish","type":"page","link":"https:\/\/agora-eoi.xtec.cat\/eoimartorell\/matricula-dactualitzacio-en-cursos-inferiors\/","title":{"rendered":"Matr\u00edcula d&#8217;actualitzaci\u00f3 en cursos inferiors"},"content":{"rendered":"\n<p><strong>Qu\u00e9 \u00e9s una matr\u00edcula d&#8217;actualitzaci\u00f3?<\/strong><\/p>\n\n\n\n<p>Tornar-se a matricular en un curs d&#8217;EOI ja superat per actualitzar coneixements o per refor\u00e7ar el nivell obtingut.<\/p>\n\n\n\n<p><strong>Qu\u00e8 permet el curs d&#8217;actualitzaci\u00f3?<\/strong><\/p>\n\n\n\n<p>Permet assistir a classe i seguir el curs, per\u00f2 no permet obtenir cap certificaci\u00f3 acad\u00e8mica ni aconseguir la condici\u00f3 d&#8217;antic alumne (matr\u00edcula priorit\u00e0ria el mes de juliol).<\/p>\n\n\n\n<p><strong>Quins requisits haig de complir?<\/strong><\/p>\n\n\n\n<ul class=\"wp-block-list\">\n<li>No\u00a0 simultaneijar una matr\u00edcula d&#8217;actualitzaci\u00f3 amb una matr\u00edcula ordin\u00e0ria del mateix idiomes<\/li>\n\n\n\n<li>Satisfer les corresponents taxes<\/li>\n<\/ul>\n\n\n\n<p><strong>Qu\u00e8 haig de fer?<\/strong><\/p>\n\n\n\n<p>Presentar una <a href=\"https:\/\/agora-eoi.xtec.cat\/eoimartorell\/wp-content\/uploads\/usu2246\/2022\/07\/matricula-dactualitzacio.doc\">Sol\u00b7lictud de matr\u00edcula d&#8217;actualitzaci\u00f3<\/a> &nbsp;per correu electr\u00f2nic a la Secretaria de l&#8217;EOI i l&#8217;escola es posar\u00e0 en contacte.<\/p>\n\n\n\n<p>En el cas de voler cursar m\u00e9s d&#8217;un nivell amb aquesta modalitat, la sol\u00b7licitud s&#8217;ha de presentar cada any.<\/p>\n","protected":false},"excerpt":{"rendered":"<p>Qu\u00e9 \u00e9s una matr\u00edcula d&#8217;actualitzaci\u00f3? Tornar-se a matricular en un curs d&#8217;EOI ja superat per actualitzar coneixements o per refor\u00e7ar el nivell obtingut. Qu\u00e8 permet el curs d&#8217;actualitzaci\u00f3? Permet assistir a classe i seguir el curs, per\u00f2 no permet obtenir cap certificaci\u00f3 acad\u00e8mica ni aconseguir la condici\u00f3 d&#8217;antic alumne (matr\u00edcula priorit\u00e0ria el mes de juliol). [&hellip;]<\/p>\n","protected":false},"author":1,"featured_media":0,"parent":0,"menu_order":0,"comment_status":"closed","ping_status":"closed","template":"","meta":{"_bbp_topic_count":0,"_bbp_reply_count":0,"_bbp_total_topic_count":0,"_bbp_total_reply_count":0,"_bbp_voice_count":0,"_bbp_anonymous_reply_count":0,"_bbp_topic_count_hidden":0,"_bbp_reply_count_hidden":0,"_bbp_forum_subforum_count":0,"site-sidebar-layout":"default","site-content-layout":"","ast-site-content-layout":"default","site-content-style":"default","site-sidebar-style":"default","ast-global-header-display":"","ast-banner-title-visibility":"","ast-main-header-display":"","ast-hfb-above-header-display":"","ast-hfb-below-header-display":"","ast-hfb-mobile-header-display":"","site-post-title":"","ast-breadcrumbs-content":"","ast-featured-img":"","footer-sml-layout":"","theme-transparent-header-meta":"","adv-header-id-meta":"","stick-header-meta":"","header-above-stick-meta":"","header-main-stick-meta":"","header-below-stick-meta":"","astra-migrate-meta-layouts":"set","ast-page-background-enabled":"default","ast-page-background-meta":{"desktop":{"background-color":"var(--ast-global-color-4)","background-image":"","background-repeat":"repeat","background-position":"center center","background-size":"auto","background-attachment":"scroll","background-type":"","background-media":"","overlay-type":"","overlay-color":"","overlay-opacity":"","overlay-gradient":""},"tablet":{"background-color":"","background-image":"","background-repeat":"repeat","background-position":"center center","background-size":"auto","background-attachment":"scroll","background-type":"","background-media":"","overlay-type":"","overlay-color":"","overlay-opacity":"","overlay-gradient":""},"mobile":{"background-color":"","background-image":"","background-repeat":"repeat","background-position":"center center","background-size":"auto","background-attachment":"scroll","background-type":"","background-media":"","overlay-type":"","overlay-color":"","overlay-opacity":"","overlay-gradient":""}},"ast-content-background-meta":{"desktop":{"background-color":"var(--ast-global-color-5)","background-image":"","background-repeat":"repeat","background-position":"center center","background-size":"auto","background-attachment":"scroll","background-type":"","background-media":"","overlay-type":"","overlay-color":"","overlay-opacity":"","overlay-gradient":""},"tablet":{"background-color":"var(--ast-global-color-5)","background-image":"","background-repeat":"repeat","background-position":"center center","background-size":"auto","background-attachment":"scroll","background-type":"","background-media":"","overlay-type":"","overlay-color":"","overlay-opacity":"","overlay-gradient":""},"mobile":{"background-color":"var(--ast-global-color-5)","background-image":"","background-repeat":"repeat","background-position":"center center","background-size":"auto","background-attachment":"scroll","background-type":"","background-media":"","overlay-type":"","overlay-color":"","overlay-opacity":"","overlay-gradient":""}},"footnotes":""},"class_list":["post-10394","page","type-page","status-publish","hentry"],"post_mailing_queue_ids":[],"_links":{"self":[{"href":"https:\/\/agora-eoi.xtec.cat\/eoimartorell\/wp-json\/wp\/v2\/pages\/10394","targetHints":{"allow":["GET"]}}],"collection":[{"href":"https:\/\/agora-eoi.xtec.cat\/eoimartorell\/wp-json\/wp\/v2\/pages"}],"about":[{"href":"https:\/\/agora-eoi.xtec.cat\/eoimartorell\/wp-json\/wp\/v2\/types\/page"}],"author":[{"embeddable":true,"href":"https:\/\/agora-eoi.xtec.cat\/eoimartorell\/wp-json\/wp\/v2\/users\/1"}],"replies":[{"embeddable":true,"href":"https:\/\/agora-eoi.xtec.cat\/eoimartorell\/wp-json\/wp\/v2\/comments?post=10394"}],"version-history":[{"count":4,"href":"https:\/\/agora-eoi.xtec.cat\/eoimartorell\/wp-json\/wp\/v2\/pages\/10394\/revisions"}],"predecessor-version":[{"id":11550,"href":"https:\/\/agora-eoi.xtec.cat\/eoimartorell\/wp-json\/wp\/v2\/pages\/10394\/revisions\/11550"}],"wp:attachment":[{"href":"https:\/\/agora-eoi.xtec.cat\/eoimartorell\/wp-json\/wp\/v2\/media?parent=10394"}],"curies":[{"name":"wp","href":"https:\/\/api.w.org\/{rel}","templated":true}]}}