{"id":10035,"date":"2018-07-19T12:21:56","date_gmt":"2018-07-19T10:21:56","guid":{"rendered":"http:\/\/agora-eoi.xtec.cat\/eoimartorell\/?page_id=10035"},"modified":"2018-07-19T12:41:56","modified_gmt":"2018-07-19T10:41:56","slug":"tinc-un-certificat-en-vigor","status":"publish","type":"page","link":"https:\/\/agora-eoi.xtec.cat\/eoimartorell\/alumnes-nous\/proces-de-preinscripcio-i-matriculacio\/tinc-coneixements-de-lidioma\/tinc-un-certificat-en-vigor\/","title":{"rendered":"Tinc un certificat en vigor"},"content":{"rendered":"<p>Si tens un certificat en vigor, pots fer directament la preinscripci\u00f3 al curs a qu\u00e8 aquest certificat d\u00f3na acc\u00e9s, segons l&#8217;apartat exempcions d&#8217;aquest <a href=\"http:\/\/queestudiar.gencat.cat\/ca\/preinscripcio\/estudis\/idiomes\/test-nivell\/\">web<\/a>.<\/p>\n<p>En el moment de la preinscripci\u00f3, has de triar quatre horaris. Entrar\u00e0s al sorteig amb aquella gent que hagi triat el teu horari. Per cada horari s\u2019indica el nombre de places lliures disponibles que van a sorteig.<\/p>\n<p>A m\u00e9s de triar els horaris, has d&#8217;adjuntar a l&#8217;aplicatiu el certificat perqu\u00e8 l&#8217;escola el pugui validar. Fes-ho tamb\u00e9 al moment de fer la preinscripci\u00f3. Si no l&#8217;adjuntes, quedar\u00e0s excl\u00f2s\/a del sorteig de places.<\/p>\n<p>El dia 19 de setembre a partir de les 18:00h entro a l\u2019aplicatiu de preinscripci\u00f3 per saber si tinc pla\u00e7a o no. Recordeu apuntar-vos el nom d\u2019usuari i la contrasenya, ja que a les escoles no el tenim.<\/p>\n<p style=\"text-align: center;\"><a href=\"https:\/\/www.eoidigital.com\/eoicat\/alumnes\/principal.php?I=C\">Aplicatiu per fer la preinscripci\u00f3<\/a><\/p>\n","protected":false},"excerpt":{"rendered":"<p>Si tens un certificat en vigor, pots fer directament la preinscripci\u00f3 al curs a qu\u00e8 aquest certificat d\u00f3na acc\u00e9s, segons l&#8217;apartat exempcions d&#8217;aquest web. En el moment de la preinscripci\u00f3, has de triar quatre horaris. Entrar\u00e0s al sorteig amb aquella gent que hagi triat el teu horari. Per cada horari s\u2019indica el nombre de places [&hellip;]<\/p>\n","protected":false},"author":1,"featured_media":0,"parent":10031,"menu_order":0,"comment_status":"closed","ping_status":"closed","template":"","meta":{"_bbp_topic_count":0,"_bbp_reply_count":0,"_bbp_total_topic_count":0,"_bbp_total_reply_count":0,"_bbp_voice_count":0,"_bbp_anonymous_reply_count":0,"_bbp_topic_count_hidden":0,"_bbp_reply_count_hidden":0,"_bbp_forum_subforum_count":0,"site-sidebar-layout":"default","site-content-layout":"","ast-site-content-layout":"","site-content-style":"default","site-sidebar-style":"default","ast-global-header-display":"","ast-banner-title-visibility":"","ast-main-header-display":"","ast-hfb-above-header-display":"","ast-hfb-below-header-display":"","ast-hfb-mobile-header-display":"","site-post-title":"","ast-breadcrumbs-content":"","ast-featured-img":"","footer-sml-layout":"","theme-transparent-header-meta":"","adv-header-id-meta":"","stick-header-meta":"","header-above-stick-meta":"","header-main-stick-meta":"","header-below-stick-meta":"","astra-migrate-meta-layouts":"default","ast-page-background-enabled":"default","ast-page-background-meta":{"desktop":{"background-color":"var(--ast-global-color-4)","background-image":"","background-repeat":"repeat","background-position":"center center","background-size":"auto","background-attachment":"scroll","background-type":"","background-media":"","overlay-type":"","overlay-color":"","overlay-opacity":"","overlay-gradient":""},"tablet":{"background-color":"","background-image":"","background-repeat":"repeat","background-position":"center center","background-size":"auto","background-attachment":"scroll","background-type":"","background-media":"","overlay-type":"","overlay-color":"","overlay-opacity":"","overlay-gradient":""},"mobile":{"background-color":"","background-image":"","background-repeat":"repeat","background-position":"center center","background-size":"auto","background-attachment":"scroll","background-type":"","background-media":"","overlay-type":"","overlay-color":"","overlay-opacity":"","overlay-gradient":""}},"ast-content-background-meta":{"desktop":{"background-color":"var(--ast-global-color-5)","background-image":"","background-repeat":"repeat","background-position":"center center","background-size":"auto","background-attachment":"scroll","background-type":"","background-media":"","overlay-type":"","overlay-color":"","overlay-opacity":"","overlay-gradient":""},"tablet":{"background-color":"var(--ast-global-color-5)","background-image":"","background-repeat":"repeat","background-position":"center center","background-size":"auto","background-attachment":"scroll","background-type":"","background-media":"","overlay-type":"","overlay-color":"","overlay-opacity":"","overlay-gradient":""},"mobile":{"background-color":"var(--ast-global-color-5)","background-image":"","background-repeat":"repeat","background-position":"center center","background-size":"auto","background-attachment":"scroll","background-type":"","background-media":"","overlay-type":"","overlay-color":"","overlay-opacity":"","overlay-gradient":""}},"footnotes":""},"class_list":["post-10035","page","type-page","status-publish","hentry"],"post_mailing_queue_ids":[],"_links":{"self":[{"href":"https:\/\/agora-eoi.xtec.cat\/eoimartorell\/wp-json\/wp\/v2\/pages\/10035","targetHints":{"allow":["GET"]}}],"collection":[{"href":"https:\/\/agora-eoi.xtec.cat\/eoimartorell\/wp-json\/wp\/v2\/pages"}],"about":[{"href":"https:\/\/agora-eoi.xtec.cat\/eoimartorell\/wp-json\/wp\/v2\/types\/page"}],"author":[{"embeddable":true,"href":"https:\/\/agora-eoi.xtec.cat\/eoimartorell\/wp-json\/wp\/v2\/users\/1"}],"replies":[{"embeddable":true,"href":"https:\/\/agora-eoi.xtec.cat\/eoimartorell\/wp-json\/wp\/v2\/comments?post=10035"}],"version-history":[{"count":3,"href":"https:\/\/agora-eoi.xtec.cat\/eoimartorell\/wp-json\/wp\/v2\/pages\/10035\/revisions"}],"predecessor-version":[{"id":10044,"href":"https:\/\/agora-eoi.xtec.cat\/eoimartorell\/wp-json\/wp\/v2\/pages\/10035\/revisions\/10044"}],"up":[{"embeddable":true,"href":"https:\/\/agora-eoi.xtec.cat\/eoimartorell\/wp-json\/wp\/v2\/pages\/10031"}],"wp:attachment":[{"href":"https:\/\/agora-eoi.xtec.cat\/eoimartorell\/wp-json\/wp\/v2\/media?parent=10035"}],"curies":[{"name":"wp","href":"https:\/\/api.w.org\/{rel}","templated":true}]}}