{"id":10031,"date":"2018-07-19T11:53:25","date_gmt":"2018-07-19T09:53:25","guid":{"rendered":"http:\/\/agora-eoi.xtec.cat\/eoimartorell\/?page_id=10031"},"modified":"2018-07-24T15:51:16","modified_gmt":"2018-07-24T13:51:16","slug":"tinc-coneixements-de-lidioma","status":"publish","type":"page","link":"https:\/\/agora-eoi.xtec.cat\/eoimartorell\/alumnes-nous\/proces-de-preinscripcio-i-matriculacio\/tinc-coneixements-de-lidioma\/","title":{"rendered":"Tinc coneixements de l&#8217;idioma"},"content":{"rendered":"<p>Si tens nocions de l&#8217;idioma, pots preinscriure&#8217;t directament a un nivell sense necessitat de fer la prova de nivell. Per aix\u00f2, per\u00f2, has de poder acreditar els teus coneixements i <strong>no tots els certificats s\u00f3n v\u00e0lids<\/strong>.<\/p>\n<p>En aquest <a href=\"http:\/\/queestudiar.gencat.cat\/ca\/preinscripcio\/estudis\/idiomes\/test-nivell\/\">web <\/a>a l&#8217;apartat <em>exempcions<\/em> pots trobar els certificats v\u00e0lids. Si no apareix, el certificat no serveix.<\/p>\n<p>Atenci\u00f3! La data del certificat \u00e9s molt important. Si es tracta d&#8217;un curs d&#8217;estiu, nom\u00e9s s\u00f3n v\u00e0lids els certificats emesos el juliol de 2018. Si es tracta d&#8217;una altre certificat, nom\u00e9s s\u00f3n v\u00e0lids els de 2016, 2017 i 2018.<\/p>\n<table style=\"width: 607px;\">\n<tbody>\n<tr>\n<td style=\"width: 306px;\">\n<h3 style=\"text-align: center;\"><a href=\"http:\/\/agora-eoi.xtec.cat\/eoimartorell\/secretaria\/matricula\/alumnes-nous\/proces-de-preinscripcio-i-matriculacio\/tinc-coneixements-de-lidioma\/tinc-un-certificat-en-vigor\/\">Tinc un certificat i no est\u00e0 caducat<\/a><\/h3>\n<\/td>\n<td style=\"width: 292px;\">\n<h3 style=\"text-align: center;\"><a href=\"http:\/\/agora-eoi.xtec.cat\/eoimartorell\/secretaria\/matricula\/alumnes-nous\/proces-de-preinscripcio-i-matriculacio\/tinc-coneixements-de-lidioma\/no-tinc-un-certificat-o-el-que-tinc-no-esta-en-vigor\/\">No tinc un certificat o si el tinc est\u00e0 caducat<\/a><\/h3>\n<\/td>\n<\/tr>\n<\/tbody>\n<\/table>\n<p>&nbsp;<\/p>\n","protected":false},"excerpt":{"rendered":"<p>Si tens nocions de l&#8217;idioma, pots preinscriure&#8217;t directament a un nivell sense necessitat de fer la prova de nivell. Per aix\u00f2, per\u00f2, has de poder acreditar els teus coneixements i no tots els certificats s\u00f3n v\u00e0lids. En aquest web a l&#8217;apartat exempcions pots trobar els certificats v\u00e0lids. Si no apareix, el certificat no serveix. Atenci\u00f3! [&hellip;]<\/p>\n","protected":false},"author":1,"featured_media":0,"parent":10025,"menu_order":0,"comment_status":"closed","ping_status":"closed","template":"","meta":{"_bbp_topic_count":0,"_bbp_reply_count":0,"_bbp_total_topic_count":0,"_bbp_total_reply_count":0,"_bbp_voice_count":0,"_bbp_anonymous_reply_count":0,"_bbp_topic_count_hidden":0,"_bbp_reply_count_hidden":0,"_bbp_forum_subforum_count":0,"site-sidebar-layout":"default","site-content-layout":"","ast-site-content-layout":"","site-content-style":"default","site-sidebar-style":"default","ast-global-header-display":"","ast-banner-title-visibility":"","ast-main-header-display":"","ast-hfb-above-header-display":"","ast-hfb-below-header-display":"","ast-hfb-mobile-header-display":"","site-post-title":"","ast-breadcrumbs-content":"","ast-featured-img":"","footer-sml-layout":"","theme-transparent-header-meta":"","adv-header-id-meta":"","stick-header-meta":"","header-above-stick-meta":"","header-main-stick-meta":"","header-below-stick-meta":"","astra-migrate-meta-layouts":"default","ast-page-background-enabled":"default","ast-page-background-meta":{"desktop":{"background-color":"var(--ast-global-color-4)","background-image":"","background-repeat":"repeat","background-position":"center center","background-size":"auto","background-attachment":"scroll","background-type":"","background-media":"","overlay-type":"","overlay-color":"","overlay-opacity":"","overlay-gradient":""},"tablet":{"background-color":"","background-image":"","background-repeat":"repeat","background-position":"center center","background-size":"auto","background-attachment":"scroll","background-type":"","background-media":"","overlay-type":"","overlay-color":"","overlay-opacity":"","overlay-gradient":""},"mobile":{"background-color":"","background-image":"","background-repeat":"repeat","background-position":"center center","background-size":"auto","background-attachment":"scroll","background-type":"","background-media":"","overlay-type":"","overlay-color":"","overlay-opacity":"","overlay-gradient":""}},"ast-content-background-meta":{"desktop":{"background-color":"var(--ast-global-color-5)","background-image":"","background-repeat":"repeat","background-position":"center center","background-size":"auto","background-attachment":"scroll","background-type":"","background-media":"","overlay-type":"","overlay-color":"","overlay-opacity":"","overlay-gradient":""},"tablet":{"background-color":"var(--ast-global-color-5)","background-image":"","background-repeat":"repeat","background-position":"center center","background-size":"auto","background-attachment":"scroll","background-type":"","background-media":"","overlay-type":"","overlay-color":"","overlay-opacity":"","overlay-gradient":""},"mobile":{"background-color":"var(--ast-global-color-5)","background-image":"","background-repeat":"repeat","background-position":"center center","background-size":"auto","background-attachment":"scroll","background-type":"","background-media":"","overlay-type":"","overlay-color":"","overlay-opacity":"","overlay-gradient":""}},"footnotes":""},"class_list":["post-10031","page","type-page","status-publish","hentry"],"post_mailing_queue_ids":[],"_links":{"self":[{"href":"https:\/\/agora-eoi.xtec.cat\/eoimartorell\/wp-json\/wp\/v2\/pages\/10031","targetHints":{"allow":["GET"]}}],"collection":[{"href":"https:\/\/agora-eoi.xtec.cat\/eoimartorell\/wp-json\/wp\/v2\/pages"}],"about":[{"href":"https:\/\/agora-eoi.xtec.cat\/eoimartorell\/wp-json\/wp\/v2\/types\/page"}],"author":[{"embeddable":true,"href":"https:\/\/agora-eoi.xtec.cat\/eoimartorell\/wp-json\/wp\/v2\/users\/1"}],"replies":[{"embeddable":true,"href":"https:\/\/agora-eoi.xtec.cat\/eoimartorell\/wp-json\/wp\/v2\/comments?post=10031"}],"version-history":[{"count":3,"href":"https:\/\/agora-eoi.xtec.cat\/eoimartorell\/wp-json\/wp\/v2\/pages\/10031\/revisions"}],"predecessor-version":[{"id":10068,"href":"https:\/\/agora-eoi.xtec.cat\/eoimartorell\/wp-json\/wp\/v2\/pages\/10031\/revisions\/10068"}],"up":[{"embeddable":true,"href":"https:\/\/agora-eoi.xtec.cat\/eoimartorell\/wp-json\/wp\/v2\/pages\/10025"}],"wp:attachment":[{"href":"https:\/\/agora-eoi.xtec.cat\/eoimartorell\/wp-json\/wp\/v2\/media?parent=10031"}],"curies":[{"name":"wp","href":"https:\/\/api.w.org\/{rel}","templated":true}]}}