{"id":9061,"date":"2025-02-06T16:54:44","date_gmt":"2025-02-06T15:54:44","guid":{"rendered":"https:\/\/agora-eoi.xtec.cat\/eoilaseudurgell\/?page_id=9061"},"modified":"2025-02-06T17:01:00","modified_gmt":"2025-02-06T16:01:00","slug":"cpd-puigcerda","status":"publish","type":"page","link":"https:\/\/agora-eoi.xtec.cat\/eoilaseudurgell\/cpd-puigcerda\/","title":{"rendered":"CPD Puigcerd\u00e0"},"content":{"rendered":"\n\n\n<p>Cursos d&#8217;angl\u00e8s i de franc\u00e8s al CPD a Puigcerd\u00e0<\/p>\n\n\n\n<p>El curs 2012-2013, el Departament d&#8217;Ensenyament obre un nou centre p\u00fablic delegat a Puigcerd\u00e0.<\/p>\n\n\n\n<p><strong>El Centre P\u00fablic Delegat (CPD) de PUIGCERD\u00c0<\/strong>, dep\u00e8s de l&#8217;EOI de la Seu d&#8217;Urgell i est\u00e0 ubicat a l&#8217;INS Pere Borrell, al carrer Escoles Pies, 46.<\/p>\n\n\n\n<p>Per a qualsevol consulta o tr\u00e0mit administratiu, haureu de posar-vos en contacte amb l&#8217;EOI de la Seu d&#8217;Urgell. Podeu enviar un correu electr\u00f2nic a l&#8217;adre\u00e7a eoilaseudurgell@xtec.cat o b\u00e9 trucar al tel\u00e8fon 973354446.<\/p>\n\n\n\n<p><strong>Trobareu informaci\u00f3 de l&#8217;horari de les classes, grups que s&#8217;impartiran, bibliografia&#8230; en els documents que trobareu al final d&#8217;aquest escrit.<\/strong><\/p>\n\n\n\n<p>Es demana a l&#8217;alumnat que visiti regularment l&#8217;espai web de l&#8217;escola per mantenir-se informat. L&#8217;escola nom\u00e9s es responsabilitza de la informaci\u00f3 que est\u00e0 per escrit.<\/p>\n\n\n\n<div data-wp-interactive=\"core\/file\" class=\"wp-block-file\"><object data-wp-bind--hidden=\"!state.hasPdfPreview\" hidden class=\"wp-block-file__embed\" data=\"https:\/\/agora-eoi.xtec.cat\/eoilaseudurgell\/wp-content\/uploads\/usu3461\/2025\/02\/pdf_cp_delegat_links164.pdf\" type=\"application\/pdf\" style=\"width:100%;height:600px\" aria-label=\"Incrustaci\u00f3 del fitxer pdf_cp_delegat_links164.\"><\/object><a id=\"wp-block-file--media-ddb953c3-6f7f-455d-b9a9-4c87dc149772\" href=\"https:\/\/agora-eoi.xtec.cat\/eoilaseudurgell\/wp-content\/uploads\/usu3461\/2025\/02\/pdf_cp_delegat_links164.pdf\">pdf_cp_delegat_links164<\/a><a href=\"https:\/\/agora-eoi.xtec.cat\/eoilaseudurgell\/wp-content\/uploads\/usu3461\/2025\/02\/pdf_cp_delegat_links164.pdf\" class=\"wp-block-file__button wp-element-button\" download aria-describedby=\"wp-block-file--media-ddb953c3-6f7f-455d-b9a9-4c87dc149772\">Baixa<\/a><\/div>\n","protected":false},"excerpt":{"rendered":"<p>Cursos d&#8217;angl\u00e8s i de franc\u00e8s al CPD a Puigcerd\u00e0 El curs 2012-2013, el Departament d&#8217;Ensenyament obre un nou centre p\u00fablic delegat a Puigcerd\u00e0. El Centre P\u00fablic Delegat (CPD) de PUIGCERD\u00c0, dep\u00e8s de l&#8217;EOI de la Seu d&#8217;Urgell i est\u00e0 ubicat a l&#8217;INS Pere Borrell, al carrer Escoles Pies, 46. Per a qualsevol consulta o tr\u00e0mit [&hellip;]<\/p>\n","protected":false},"author":1,"featured_media":0,"parent":0,"menu_order":0,"comment_status":"closed","ping_status":"close","template":"","meta":{"site-sidebar-layout":"default","site-content-layout":"","ast-site-content-layout":"default","site-content-style":"default","site-sidebar-style":"default","ast-global-header-display":"","ast-banner-title-visibility":"","ast-main-header-display":"","ast-hfb-above-header-display":"","ast-hfb-below-header-display":"","ast-hfb-mobile-header-display":"","site-post-title":"","ast-breadcrumbs-content":"","ast-featured-img":"","footer-sml-layout":"","theme-transparent-header-meta":"","adv-header-id-meta":"","stick-header-meta":"","header-above-stick-meta":"","header-main-stick-meta":"","header-below-stick-meta":"","astra-migrate-meta-layouts":"set","ast-page-background-enabled":"default","ast-page-background-meta":{"desktop":{"background-color":"var(--ast-global-color-4)","background-image":"","background-repeat":"repeat","background-position":"center center","background-size":"auto","background-attachment":"scroll","background-type":"","background-media":"","overlay-type":"","overlay-color":"","overlay-opacity":"","overlay-gradient":""},"tablet":{"background-color":"","background-image":"","background-repeat":"repeat","background-position":"center center","background-size":"auto","background-attachment":"scroll","background-type":"","background-media":"","overlay-type":"","overlay-color":"","overlay-opacity":"","overlay-gradient":""},"mobile":{"background-color":"","background-image":"","background-repeat":"repeat","background-position":"center center","background-size":"auto","background-attachment":"scroll","background-type":"","background-media":"","overlay-type":"","overlay-color":"","overlay-opacity":"","overlay-gradient":""}},"ast-content-background-meta":{"desktop":{"background-color":"var(--ast-global-color-5)","background-image":"","background-repeat":"repeat","background-position":"center center","background-size":"auto","background-attachment":"scroll","background-type":"","background-media":"","overlay-type":"","overlay-color":"","overlay-opacity":"","overlay-gradient":""},"tablet":{"background-color":"var(--ast-global-color-5)","background-image":"","background-repeat":"repeat","background-position":"center center","background-size":"auto","background-attachment":"scroll","background-type":"","background-media":"","overlay-type":"","overlay-color":"","overlay-opacity":"","overlay-gradient":""},"mobile":{"background-color":"var(--ast-global-color-5)","background-image":"","background-repeat":"repeat","background-position":"center center","background-size":"auto","background-attachment":"scroll","background-type":"","background-media":"","overlay-type":"","overlay-color":"","overlay-opacity":"","overlay-gradient":""}},"footnotes":""},"class_list":["post-9061","page","type-page","status-publish","hentry"],"post_mailing_queue_ids":[],"_links":{"self":[{"href":"https:\/\/agora-eoi.xtec.cat\/eoilaseudurgell\/wp-json\/wp\/v2\/pages\/9061","targetHints":{"allow":["GET"]}}],"collection":[{"href":"https:\/\/agora-eoi.xtec.cat\/eoilaseudurgell\/wp-json\/wp\/v2\/pages"}],"about":[{"href":"https:\/\/agora-eoi.xtec.cat\/eoilaseudurgell\/wp-json\/wp\/v2\/types\/page"}],"author":[{"embeddable":true,"href":"https:\/\/agora-eoi.xtec.cat\/eoilaseudurgell\/wp-json\/wp\/v2\/users\/1"}],"replies":[{"embeddable":true,"href":"https:\/\/agora-eoi.xtec.cat\/eoilaseudurgell\/wp-json\/wp\/v2\/comments?post=9061"}],"version-history":[{"count":4,"href":"https:\/\/agora-eoi.xtec.cat\/eoilaseudurgell\/wp-json\/wp\/v2\/pages\/9061\/revisions"}],"predecessor-version":[{"id":9067,"href":"https:\/\/agora-eoi.xtec.cat\/eoilaseudurgell\/wp-json\/wp\/v2\/pages\/9061\/revisions\/9067"}],"wp:attachment":[{"href":"https:\/\/agora-eoi.xtec.cat\/eoilaseudurgell\/wp-json\/wp\/v2\/media?parent=9061"}],"curies":[{"name":"wp","href":"https:\/\/api.w.org\/{rel}","templated":true}]}}