{"id":8800,"date":"2016-06-23T11:14:50","date_gmt":"2016-06-23T10:14:50","guid":{"rendered":"https:\/\/agora-eoi.xtec.cat\/eoilaseudurgell\/?page_id=8800"},"modified":"2025-02-05T00:39:41","modified_gmt":"2025-02-04T23:39:41","slug":"pla-dimpuls-de-langles-pia","status":"publish","type":"page","link":"https:\/\/agora-eoi.xtec.cat\/eoilaseudurgell\/cursos\/pla-dimpuls-de-langles-pia\/","title":{"rendered":"Pla d&#8217;Impuls de l&#8217;Angl\u00e8s (PIA)"},"content":{"rendered":"\n\n<a class=\"wp-block-read-more\" href=\"https:\/\/agora-eoi.xtec.cat\/eoilaseudurgell\/cursos\/pla-dimpuls-de-langles-pia\/\" target=\"_self\">https:\/\/xtec.gencat.cat\/ca\/formacio\/formaciogeneralprofessorat\/llengues\/programa-pia\/programa-pia-2024-2025\/<span class=\"screen-reader-text\">: Pla d&#8217;Impuls de l&#8217;Angl\u00e8s (PIA)<\/span><\/a>\n\n\n<div class=\"basic_text_peq col-xs-12\">\n<div class=\"pd-15x link-dotted\" data-crawling=\"principal-body\">\n<p><strong>INFORMACI\u00d3 SOBRE EL PROGRAMA PIA+ 2024-2025<\/strong><\/p>\n<p>El programa PIA+ \u00e9s una acci\u00f3 per a la millora de la compet\u00e8ncia comunicativa del professorat no universitari de centres educatius finan\u00e7ats amb fons p\u00fablics.<\/p>\n<p>L\u2019acci\u00f3 permet que el professorat matriculat en un curs de llengua d\u2019una Escola Oficial d\u2019Idiomes (EOI) o de l\u2019Institut Obert de Catalunya (IOC) pugui sol\u00b7licitar la devoluci\u00f3 de l\u2019ingr\u00e9s de l\u2019import base de la matr\u00edcula. <strong>La devoluci\u00f3 es fa efectiva pr\u00e8via obtenci\u00f3 de la qualificaci\u00f3 d\u2019aprovat (APTE) o del certificat d\u2019actualitzaci\u00f3 (matr\u00edcula d\u2019actualitzaci\u00f3)<\/strong>. La devoluci\u00f3 no inclou els costos de material, d\u2019acc\u00e9s a plataformes digitals, d\u2019expedici\u00f3 de t\u00edtols ni les penalitzacions per repetici\u00f3 de curs, si escau.<\/p>\n<p><strong>El retorn de l\u2019import de matr\u00edcula nom\u00e9s es pot sol\u00b7licitar per un curs i per una llengua en concret.<\/strong><\/p>\n<p>El curs pot ser anual, intensiu o flexibilitzat en el cas de les EOI (no s&#8217;hi inclouen, per tant, els cursos d\u2019oferta espec\u00edfica de formaci\u00f3 del centre com els d&#8217;estiu, monogr\u00e0fics&#8230;) o b\u00e9 semestral en el cas de l&#8217;IOC.<\/p>\n<p><strong>Persones destinat\u00e0ries:<\/strong><\/p>\n<p>Professorat en actiu de centres educatius p\u00fablics de titularitat del Departament d\u2019Educaci\u00f3 i de titularitat municipal, i de centres concertats. El programa tamb\u00e9 inclou els docents dels serveis territorials d\u2019Educaci\u00f3, del Consorci d\u2019Educaci\u00f3 de Barcelona, de les unitats de serveis centrals del Departament d\u2019Educaci\u00f3, aix\u00ed com els inspectors i inspectores en actiu.<\/p>\n<p>A partir del curs 2024-2025, s\u2019hi poden acollir els auxiliars de conversa del Programa d\u2019Auxiliars de Conversa que gestiona el Departament d\u2019Educaci\u00f3 i el professorat visitant de programes de col\u00b7laboraci\u00f3 institucional (Llengua \u00c0rab i Cultura Marroquina, Llengua i Cultura Portugueses, Llengua i Cultura Romaneses). En aquests casos, la petici\u00f3 es pot fer <strong>exclusivament per a la llengua catalana (nivells A1, A2, B1).<\/strong><\/p>\n<p><strong>Lleng\u00fces i cursos:<\/strong><\/p>\n<p>Es pot demanar el retorn de l\u2019import base de la matr\u00edcula per a les lleng\u00fces i cursos seg\u00fcents:<\/p>\n<ol>\n<li>Angl\u00e8s:<\/li>\n<\/ol>\n<ul>\n<li>Cursos EOI: B2.1, B2.2, C1, C2.1 i C2.2<\/li>\n<li>Cursos IOC: B1, B2.1 i B2.2<\/li>\n<\/ul>\n<ol start=\"2\">\n<li>Alemany, franc\u00e8s, itali\u00e0, xin\u00e8s, \u00e0rab, rus, japon\u00e8s, core\u00e0, \u00e8uscar, neerland\u00e8s, grec modern i portugu\u00e8s:<\/li>\n<\/ol>\n<ul>\n<li>Cursos EOI: tots els nivells<\/li>\n<li>Cursos IOC: nom\u00e9s en el cas de l\u2019alemany, A1 i A2<\/li>\n<\/ul>\n<ol start=\"3\">\n<li>Catal\u00e0<\/li>\n<\/ol>\n<ul>\n<li>Cursos EOI:\n<ul>\n<li>C2<\/li>\n<li>A1, A2, B1 (exclusivament en els casos dels auxiliars de conversa i el professorat visitant de programes de col\u00b7laboraci\u00f3 institucional esmentats en l\u2019apartat <em>destinataris<\/em>)<\/li>\n<\/ul>\n<\/li>\n<li>Cursos IOC: C2.2<\/li>\n<\/ul>\n<p><strong>Actualitzaci\u00f3 de matr\u00edcula EOI:<\/strong><\/p>\n<p>Les persones destinat\u00e0ries que disposin d\u2019un curs aprovat per una EOI o b\u00e9 per l\u2019IOC i que vulguin actualitzar els coneixements d\u2019aquella llengua poden inscriure\u2019s en la modalitat \u201cmatr\u00edcula d\u2019actualitzaci\u00f3\u201d. Aquesta modalitat permet la inscripci\u00f3 a les mateixes lleng\u00fces i nivells esmentats en els punts 1, 2 i 3.<\/p>\n<p><strong>Requisits:<\/strong><\/p>\n<ol>\n<li>Docents:<br \/>Estar en actiu en el moment de fer la inscripci\u00f3 al curs o al llarg d\u2019aquest en un dels llocs seg\u00fcents:<\/li>\n<\/ol>\n<ul>\n<li>En un centre p\u00fablic de titularitat del Departament d\u2019Educaci\u00f3 o b\u00e9 de titularitat municipal.<\/li>\n<li>En un centre educatiu concertat.<\/li>\n<li>En un servei territorial, al Consorci d\u2019Educaci\u00f3 de Barcelona o en una unitat de serveis centrals del Departament d\u2019Educaci\u00f3.<\/li>\n<li>A la Inspecci\u00f3 d\u2019Educaci\u00f3.<\/li>\n<\/ul>\n<ol start=\"2\">\n<li>Auxiliars de conversa i professorat visitant de programes de col\u00b7laboraci\u00f3 institucional:<br \/>Participar en un d\u2019aquests programes institucionals:<\/li>\n<\/ol>\n<ul>\n<li>Programa d\u2019Auxiliars de Conversa que gestiona el Departament d\u2019Educaci\u00f3.<\/li>\n<li>Programes de Llengua \u00c0rab i Cultura Marroquina, Llengua i Cultura Portugueses, i Llengua i Civilitzaci\u00f3 Romaneses.<\/li>\n<\/ul>\n<p>En el moment de la formalitzaci\u00f3 de la matr\u00edcula, cal inscriure\u2019s utilitzant el correu corporatiu <strong>@<a href=\"http:\/\/xtec.cat\/\"><u>xtec.cat<\/u><\/a><\/strong> (a excepci\u00f3 dels auxiliars de conversa).<\/p>\n<p><strong>Procediment:<\/strong><\/p>\n<p>El professorat que es vulgui acollir al Programa PIA+ en el curs 2024-2025, sigui antic o nou alumne d\u2019una EOI o de l\u2019IOC, ha de seguir el per\u00edode de matriculaci\u00f3 marcat per aquests centres i abonar les taxes o preus p\u00fablics corresponents. La inscripci\u00f3 s\u2019ha de fer utilitzant el correu corporatiu <strong>@<a href=\"http:\/\/xtec.cat\/\"><u>xtec.cat<\/u><\/a><\/strong>, a excepci\u00f3 dels auxiliars de conversa.<\/p>\n<p>L\u2019alumnat lliure no pot acollir-se al Programa PIA+.<\/p>\n<p>El termini de presentaci\u00f3 de sol\u00b7licituds per al curs 2024-2025 es comunicar\u00e0 durant el mes <strong>de juny de 2025<\/strong>.<\/p>\n<p>Es far\u00e0 exclusivament per internet a trav\u00e9s de la p\u00e0gina web de <strong><a href=\"https:\/\/educacio.gencat.cat\/ca\/tramits\/tramits-temes\/devolucio-matricula-pia\">tr\u00e0mits<\/a><\/strong>.<\/p>\n<p>Es podr\u00e0 consultar l\u2019estat de la tramitaci\u00f3 de la devoluci\u00f3 a l\u2019<strong><a href=\"https:\/\/web.gencat.cat\/ca\/tramits\/area-privada\/index.html\">\u00c0rea privada<\/a><\/strong>\u00a0de l\u2019entorn gencat.cat.<\/p>\n<p>La devoluci\u00f3 de l\u2019import pot trigar fins a sis mesos, si no hi ha cap incid\u00e8ncia.<\/p>\n<p>En el cas dels auxiliars de conversa i del professorat visitant, \u00e9s convenient fer constar un compte bancari del seu pa\u00eds d&#8217;origen en el cas que prevegin tornar-hi en els mesos vinents.<\/p>\n<p><strong>Sol\u00b7licitud de la devoluci\u00f3:<\/strong><\/p>\n<ul>\n<li>Podran sol\u00b7licitar la devoluci\u00f3 de l\u2019import base de la matr\u00edcula<strong> les persones destinat\u00e0ries que obtinguin la qualificaci\u00f3 d\u2019APTE o el certificat d\u2019actualitzaci\u00f3<\/strong> (alumnes d\u2019actualitzaci\u00f3 de matr\u00edcula) al final del curs.<\/li>\n<li>La devoluci\u00f3 de la matr\u00edcula es <strong>gestionar\u00e0 un cop acabat el curs acad\u00e8mic<\/strong>.<\/li>\n<li>Es podr\u00e0 sol\u00b7licitar la devoluci\u00f3 de l\u2019import base de matriculaci\u00f3 <strong>nom\u00e9s d\u2019un idioma.<\/strong><\/li>\n<\/ul>\n<p>Per a informaci\u00f3 o dubtes sobre cursos, places, acc\u00e9s i proc\u00e9s de preinscripci\u00f3 i matr\u00edcula a les EOI, adreceu-vos directament a la secretaria de l\u2019EOI corresponent o b\u00e9 a l\u2019<strong><a href=\"https:\/\/ioc.xtec.cat\/educacio\/eoi\">IOC<\/a><\/strong>.<\/p>\n<p>Per a m\u00e9s informaci\u00f3 sobre el Programa PIA+, adreceu-vos al Servei de Lleng\u00fces Estrangeres i d\u2019Origen de la Secretaria de Pol\u00edtiques Educatives: <strong><a href=\"mailto:piaplus@xtec.cat\">piaplus@xtec.cat<\/a><\/strong>.<\/p>\n<\/div>\n<\/div>\n","protected":false},"excerpt":{"rendered":"<p>INFORMACI\u00d3 SOBRE EL PROGRAMA PIA+ 2024-2025 El programa PIA+ \u00e9s una acci\u00f3 per a la millora de la compet\u00e8ncia comunicativa del professorat no universitari de centres educatius finan\u00e7ats amb fons p\u00fablics. L\u2019acci\u00f3 permet que el professorat matriculat en un curs de llengua d\u2019una Escola Oficial d\u2019Idiomes (EOI) o de l\u2019Institut Obert de Catalunya (IOC) pugui [&hellip;]<\/p>\n","protected":false},"author":1,"featured_media":0,"parent":8149,"menu_order":40,"comment_status":"closed","ping_status":"closed","template":"page-templates\/side-menu.php","meta":{"site-sidebar-layout":"default","site-content-layout":"","ast-site-content-layout":"default","site-content-style":"default","site-sidebar-style":"default","ast-global-header-display":"","ast-banner-title-visibility":"","ast-main-header-display":"","ast-hfb-above-header-display":"","ast-hfb-below-header-display":"","ast-hfb-mobile-header-display":"","site-post-title":"","ast-breadcrumbs-content":"","ast-featured-img":"","footer-sml-layout":"","theme-transparent-header-meta":"","adv-header-id-meta":"","stick-header-meta":"","header-above-stick-meta":"","header-main-stick-meta":"","header-below-stick-meta":"","astra-migrate-meta-layouts":"set","ast-page-background-enabled":"default","ast-page-background-meta":{"desktop":{"background-color":"var(--ast-global-color-4)","background-image":"","background-repeat":"repeat","background-position":"center center","background-size":"auto","background-attachment":"scroll","background-type":"","background-media":"","overlay-type":"","overlay-color":"","overlay-opacity":"","overlay-gradient":""},"tablet":{"background-color":"","background-image":"","background-repeat":"repeat","background-position":"center center","background-size":"auto","background-attachment":"scroll","background-type":"","background-media":"","overlay-type":"","overlay-color":"","overlay-opacity":"","overlay-gradient":""},"mobile":{"background-color":"","background-image":"","background-repeat":"repeat","background-position":"center center","background-size":"auto","background-attachment":"scroll","background-type":"","background-media":"","overlay-type":"","overlay-color":"","overlay-opacity":"","overlay-gradient":""}},"ast-content-background-meta":{"desktop":{"background-color":"var(--ast-global-color-5)","background-image":"","background-repeat":"repeat","background-position":"center center","background-size":"auto","background-attachment":"scroll","background-type":"","background-media":"","overlay-type":"","overlay-color":"","overlay-opacity":"","overlay-gradient":""},"tablet":{"background-color":"var(--ast-global-color-5)","background-image":"","background-repeat":"repeat","background-position":"center center","background-size":"auto","background-attachment":"scroll","background-type":"","background-media":"","overlay-type":"","overlay-color":"","overlay-opacity":"","overlay-gradient":""},"mobile":{"background-color":"var(--ast-global-color-5)","background-image":"","background-repeat":"repeat","background-position":"center center","background-size":"auto","background-attachment":"scroll","background-type":"","background-media":"","overlay-type":"","overlay-color":"","overlay-opacity":"","overlay-gradient":""}},"footnotes":""},"class_list":["post-8800","page","type-page","status-publish","hentry"],"post_mailing_queue_ids":[],"_links":{"self":[{"href":"https:\/\/agora-eoi.xtec.cat\/eoilaseudurgell\/wp-json\/wp\/v2\/pages\/8800","targetHints":{"allow":["GET"]}}],"collection":[{"href":"https:\/\/agora-eoi.xtec.cat\/eoilaseudurgell\/wp-json\/wp\/v2\/pages"}],"about":[{"href":"https:\/\/agora-eoi.xtec.cat\/eoilaseudurgell\/wp-json\/wp\/v2\/types\/page"}],"author":[{"embeddable":true,"href":"https:\/\/agora-eoi.xtec.cat\/eoilaseudurgell\/wp-json\/wp\/v2\/users\/1"}],"replies":[{"embeddable":true,"href":"https:\/\/agora-eoi.xtec.cat\/eoilaseudurgell\/wp-json\/wp\/v2\/comments?post=8800"}],"version-history":[{"count":4,"href":"https:\/\/agora-eoi.xtec.cat\/eoilaseudurgell\/wp-json\/wp\/v2\/pages\/8800\/revisions"}],"predecessor-version":[{"id":9020,"href":"https:\/\/agora-eoi.xtec.cat\/eoilaseudurgell\/wp-json\/wp\/v2\/pages\/8800\/revisions\/9020"}],"up":[{"embeddable":true,"href":"https:\/\/agora-eoi.xtec.cat\/eoilaseudurgell\/wp-json\/wp\/v2\/pages\/8149"}],"wp:attachment":[{"href":"https:\/\/agora-eoi.xtec.cat\/eoilaseudurgell\/wp-json\/wp\/v2\/media?parent=8800"}],"curies":[{"name":"wp","href":"https:\/\/api.w.org\/{rel}","templated":true}]}}