{"id":8414,"date":"2016-06-14T14:55:48","date_gmt":"2016-06-14T13:55:48","guid":{"rendered":"https:\/\/agora-eoi.xtec.cat\/eoilaseudurgell\/?page_id=8414"},"modified":"2025-02-06T17:56:59","modified_gmt":"2025-02-06T16:56:59","slug":"biblioteca","status":"publish","type":"page","link":"https:\/\/agora-eoi.xtec.cat\/eoilaseudurgell\/serveis\/biblioteca\/","title":{"rendered":"Biblioteca"},"content":{"rendered":"\r\n\t<div class=\"slideshow_container slideshow_container_style-light\" style=\"height: 200px; \" data-slideshow-id=\"31\" data-style-name=\"style-light\" data-style-version=\"2.3.1\" >\r\n\r\n\t\t\t\t\t<div class=\"slideshow_loading_icon\"><\/div>\r\n\t\t\r\n\t\t<div class=\"slideshow_content\" style=\"display: none;\">\r\n\r\n\t\t\t<div class=\"slideshow_view\">\r\n\t\t\t\t<div class=\"slideshow_slide slideshow_slide_image\">\r\n\t\t\t\t\t\t\t\t\t\t\t<img src=\"https:\/\/agora-eoi.xtec.cat\/eoilaseudurgell\/wp-content\/uploads\/usu3461\/2025\/02\/20240125_112430-e1738876020253.jpg\" alt=\"20240125_112430\" width=\"1013\" height=\"474\" \/>\r\n\t\t\t\t\t\t\t\t\t\t<div class=\"slideshow_description_box slideshow_transparent\">\r\n\t\t\t\t\t\t<div class=\"slideshow_title\">20240125_112430<\/div>\t\t\t\t\t\t\t\t\t\t\t<\/div>\r\n\t\t\t\t<\/div>\r\n\r\n\t\t\t\t\t\t<div style=\"clear: both;\"><\/div><\/div><div class=\"slideshow_view\">\r\n\t\t\t\t<div class=\"slideshow_slide slideshow_slide_image\">\r\n\t\t\t\t\t\t\t\t\t\t\t<img src=\"https:\/\/agora-eoi.xtec.cat\/eoilaseudurgell\/wp-content\/uploads\/usu3461\/2025\/02\/20231220_173644-e1738875690421.jpg\" alt=\"20231220_173644\" width=\"1007\" height=\"705\" \/>\r\n\t\t\t\t\t\t\t\t\t\t<div class=\"slideshow_description_box slideshow_transparent\">\r\n\t\t\t\t\t\t<div class=\"slideshow_title\">20231220_173644<\/div>\t\t\t\t\t\t\t\t\t\t\t<\/div>\r\n\t\t\t\t<\/div>\r\n\r\n\t\t\t\t\t\t<div style=\"clear: both;\"><\/div><\/div><div class=\"slideshow_view\">\r\n\t\t\t\t<div class=\"slideshow_slide slideshow_slide_image\">\r\n\t\t\t\t\t\t\t\t\t\t\t<img src=\"https:\/\/agora-eoi.xtec.cat\/eoilaseudurgell\/wp-content\/uploads\/usu3461\/2025\/02\/20230313_174556-e1738875320589.jpg\" alt=\"20230313_174556\" width=\"925\" height=\"317\" \/>\r\n\t\t\t\t\t\t\t\t\t\t<div class=\"slideshow_description_box slideshow_transparent\">\r\n\t\t\t\t\t\t<div class=\"slideshow_title\">20230313_174556<\/div>\t\t\t\t\t\t\t\t\t\t\t<\/div>\r\n\t\t\t\t<\/div>\r\n\r\n\t\t\t\t\t\t<div style=\"clear: both;\"><\/div><\/div><div class=\"slideshow_view\">\r\n\t\t\t\t<div class=\"slideshow_slide slideshow_slide_image\">\r\n\t\t\t\t\t\t\t\t\t\t\t<img src=\"https:\/\/agora-eoi.xtec.cat\/eoilaseudurgell\/wp-content\/uploads\/usu3461\/2025\/02\/20230124_104951.jpg\" alt=\"20230124_104951\" width=\"1024\" height=\"577\" \/>\r\n\t\t\t\t\t\t\t\t\t\t<div class=\"slideshow_description_box slideshow_transparent\">\r\n\t\t\t\t\t\t<div class=\"slideshow_title\">20230124_104951<\/div>\t\t\t\t\t\t\t\t\t\t\t<\/div>\r\n\t\t\t\t<\/div>\r\n\r\n\t\t\t\t\t\t<div style=\"clear: both;\"><\/div><\/div><div class=\"slideshow_view\">\r\n\t\t\t\t<div class=\"slideshow_slide slideshow_slide_image\">\r\n\t\t\t\t\t\t\t\t\t\t\t<img src=\"https:\/\/agora-eoi.xtec.cat\/eoilaseudurgell\/wp-content\/uploads\/usu3461\/2025\/02\/IMG-20250130-WA0019-e1738862565538.jpg\" alt=\"IMG-20250130-WA0019\" width=\"1024\" height=\"1525\" \/>\r\n\t\t\t\t\t\t\t\t\t\t<div class=\"slideshow_description_box slideshow_transparent\">\r\n\t\t\t\t\t\t<div class=\"slideshow_title\">IMG-20250130-WA0019<\/div>\t\t\t\t\t\t\t\t\t\t\t<\/div>\r\n\t\t\t\t<\/div>\r\n\r\n\t\t\t\t\t\t<div style=\"clear: both;\"><\/div><\/div><div class=\"slideshow_view\">\r\n\t\t\t\t<div class=\"slideshow_slide slideshow_slide_image\">\r\n\t\t\t\t\t\t\t\t\t\t\t<img src=\"https:\/\/agora-eoi.xtec.cat\/eoilaseudurgell\/wp-content\/uploads\/usu3461\/2025\/02\/20230320_183446.jpg\" alt=\"20230320_183446\" width=\"2447\" height=\"1747\" \/>\r\n\t\t\t\t\t\t\t\t\t\t<div class=\"slideshow_description_box slideshow_transparent\">\r\n\t\t\t\t\t\t<div class=\"slideshow_title\">20230320_183446<\/div>\t\t\t\t\t\t\t\t\t\t\t<\/div>\r\n\t\t\t\t<\/div>\r\n\r\n\t\t\t\t\t\t<div style=\"clear: both;\"><\/div><\/div><div class=\"slideshow_view\">\r\n\t\t\t\t<div class=\"slideshow_slide slideshow_slide_image\">\r\n\t\t\t\t\t\t\t\t\t\t\t<img src=\"https:\/\/agora-eoi.xtec.cat\/eoilaseudurgell\/wp-content\/uploads\/usu3461\/2025\/02\/IMG_20220421_214149-e1738875174822.jpg\" alt=\"IMG_20220421_214149\" width=\"1564\" height=\"797\" \/>\r\n\t\t\t\t\t\t\t\t\t\t<div class=\"slideshow_description_box slideshow_transparent\">\r\n\t\t\t\t\t\t<div class=\"slideshow_title\">IMG_20220421_214149<\/div>\t\t\t\t\t\t\t\t\t\t\t<\/div>\r\n\t\t\t\t<\/div>\r\n\r\n\t\t\t\t\t\t<div style=\"clear: both;\"><\/div><\/div><div class=\"slideshow_view\">\r\n\t\t\t\t<div class=\"slideshow_slide slideshow_slide_image\">\r\n\t\t\t\t\t\t\t\t\t\t\t<img src=\"https:\/\/agora-eoi.xtec.cat\/eoilaseudurgell\/wp-content\/uploads\/usu3461\/2025\/02\/20230329_1752211-scaled.jpg\" alt=\"20230329_175221(1)\" width=\"1152\" height=\"2560\" \/>\r\n\t\t\t\t\t\t\t\t\t\t<div class=\"slideshow_description_box slideshow_transparent\">\r\n\t\t\t\t\t\t<div class=\"slideshow_title\">20230329_175221(1)<\/div>\t\t\t\t\t\t\t\t\t\t\t<\/div>\r\n\t\t\t\t<\/div>\r\n\r\n\t\t\t\t\t\t<div style=\"clear: both;\"><\/div><\/div><div class=\"slideshow_view\">\r\n\t\t\t\t<div class=\"slideshow_slide slideshow_slide_image\">\r\n\t\t\t\t\t\t\t\t\t\t\t<img src=\"https:\/\/agora-eoi.xtec.cat\/eoilaseudurgell\/wp-content\/uploads\/usu3461\/2025\/02\/IMG_20240306_215443_883.webp\" alt=\"IMG_20240306_215443_883\" width=\"1440\" height=\"1440\" \/>\r\n\t\t\t\t\t\t\t\t\t\t<div class=\"slideshow_description_box slideshow_transparent\">\r\n\t\t\t\t\t\t<div class=\"slideshow_title\">IMG_20240306_215443_883<\/div>\t\t\t\t\t\t\t\t\t\t\t<\/div>\r\n\t\t\t\t<\/div>\r\n\r\n\t\t\t\t\t\t<div style=\"clear: both;\"><\/div><\/div><div class=\"slideshow_view\">\r\n\t\t\t\t<div class=\"slideshow_slide slideshow_slide_image\">\r\n\t\t\t\t\t\t\t\t\t\t\t<img src=\"https:\/\/agora-eoi.xtec.cat\/eoilaseudurgell\/wp-content\/uploads\/usu3461\/2025\/02\/20231107_141604-scaled.jpg\" alt=\"20231107_141604\" width=\"1440\" height=\"2560\" \/>\r\n\t\t\t\t\t\t\t\t\t\t<div class=\"slideshow_description_box slideshow_transparent\">\r\n\t\t\t\t\t\t<div class=\"slideshow_title\">20231107_141604<\/div>\t\t\t\t\t\t\t\t\t\t\t<\/div>\r\n\t\t\t\t<\/div>\r\n\r\n\t\t\t\t\t\t<div style=\"clear: both;\"><\/div><\/div><div class=\"slideshow_view\">\r\n\t\t\t\t<div class=\"slideshow_slide slideshow_slide_image\">\r\n\t\t\t\t\t\t\t\t\t\t\t<img src=\"https:\/\/agora-eoi.xtec.cat\/eoilaseudurgell\/wp-content\/uploads\/usu3461\/2025\/02\/20241105_1114531.jpg\" alt=\"20241105_111453(1)\" width=\"1024\" height=\"577\" \/>\r\n\t\t\t\t\t\t\t\t\t\t<div class=\"slideshow_description_box slideshow_transparent\">\r\n\t\t\t\t\t\t<div class=\"slideshow_title\">20241105_111453(1)<\/div>\t\t\t\t\t\t\t\t\t\t\t<\/div>\r\n\t\t\t\t<\/div>\r\n\r\n\t\t\t\t\t\t<div style=\"clear: both;\"><\/div><\/div>\r\n\t\t<\/div>\r\n\r\n\t\t<div class=\"slideshow_controlPanel slideshow_transparent\" style=\"display: none;\"><ul><li class=\"slideshow_togglePlay\" data-play-text=\"Visualitza\" data-pause-text=\"Pausa\"><\/li><\/ul><\/div>\r\n\r\n\t\t<div class=\"slideshow_button slideshow_previous slideshow_transparent\" role=\"button\" data-previous-text=\"Anterior\" style=\"display: none;\"><\/div>\r\n\t\t<div class=\"slideshow_button slideshow_next slideshow_transparent\" role=\"button\" data-next-text=\"Seg\u00fcent\" style=\"display: none;\"><\/div>\r\n\r\n\t\t<div class=\"slideshow_pagination\" style=\"display: none;\" data-go-to-text=\"V\u00e9s a la diapositiva\"><div class=\"slideshow_pagination_center\"><\/div><\/div>\r\n\r\n\t\t<!-- WordPress Slideshow Version 2.3.1 -->\r\n\r\n\t\t\t<\/div>\r\n\r\n\n<div id=\"interiors_esq\">\n<div class=\"separacio5\"><\/div>\n<p><strong>CURS 2024-2025<\/strong><\/p>\n<p>&gt; Acc\u00e9s al <a href=\"https:\/\/blocs.xtec.cat\/bibliotecaeoilaseudurgell\/\">blog de la biblioteca<\/a><\/p>\n<p>EN L\u00cdNIA: Es podran fer reserves anticipades de documents a trav\u00e9s de l&#8217;adre\u00e7a biblioteca@eoilaseu.cat<\/p>\n<p>NO es far\u00e0 un pr\u00e9stec en l\u00ednia pel mateix dia. Ho heu de sol\u00b7licitar anticipadament.<\/p>\n<p>PRESENCIAL: a partir del 14\/10\/2024<\/p>\n<p>TANCAMENT: a determinar<\/p>\n<p>&gt;\u00a0<strong>Com fer un pr\u00e9stec?<\/strong>\u00a0<a href=\"http:\/\/www.eoilaseu.cat\/pdf\/pdf_noticies668.pdf\">EOI de la Seu<\/a>\u00a0&#8211; CPD a\u00a0<a href=\"http:\/\/www.eoilaseu.cat\/actualitat.php?idm=ca&amp;sbs=2&amp;c_not=571\">Puigcerd\u00e0 i Sort<\/a><\/p>\n<p>&gt; <strong>Pr\u00e9stes especial de Nadal: <\/strong>cliqueu <a href=\"http:\/\/www.eoilaseu.cat\/pdf\/pdf_noticies726.pdf\">aqu\u00ed<\/a><\/p>\n<p>&gt;<strong> Pr\u00e9stec d&#8217;estiu:<\/strong> pendent<\/p>\n<p>&gt;<strong> On consultar el cat\u00e0leg?<\/strong> Per poder consultar el cat\u00e0leg de la biblioteca, heu de clicar damunt la icona d&#8217; &#8220;<strong>ep\u00e8rgam<\/strong>&#8221; que trobareu m\u00e9s a baix. O b\u00e9, dins del moodle de classe, hi trobareu uns llistats en pdf.<\/p>\n<p><a class=\"enllas\" title=\"Epergam - Visitar enlla\u00e7\" href=\"https:\/\/aplicacions.gestioeducativa.gencat.cat\/epergam\/web\/biblioteca.jsp?codi=25008558\" target=\"_blank\" rel=\"noopener\"> <img decoding=\"async\" src=\"http:\/\/www.eoilaseu.cat\/img\/epergam.png\" alt=\"Epergam - Visitar enlla\u00e7\" border=\"\" \/> <\/a><\/p>\n<\/div>\n<p><strong>Horari<br \/>\n<\/strong><\/p>\n<ul>\n<li>Dilluns, de 18h a 19h.<\/li>\n<li>Dimarts, de 18h a 20h.<\/li>\n<li>Dimecres, de 16h a 19h.<strong><br \/>\n<\/strong><\/li>\n<\/ul>\n<p><strong>Normativa<\/strong><\/p>\n<div id=\"interiors_esq\">\n<p>\u00bb Normativa de la <a href=\"http:\/\/www.eoilaseu.cat\/pdf\/pdf_noticies482.pdf\">biblioteca de l&#8217;EOI de la Seu d&#8217;Urgell<\/a><\/p>\n<p><strong>Pr\u00e9stec<\/strong><\/p>\n<p>\u00bb Infografia pr\u00e9stecs a l&#8217;<a href=\"http:\/\/www.eoilaseu.cat\/pdf\/pdf_noticies668.pdf\">EOI de la Seu d&#8217;Urgell<\/a><\/p>\n<p>\u00bb Infografia pr\u00e9stecs des dels <a href=\"http:\/\/www.eoilaseu.cat\/actualitat.php?idm=ca&amp;sbs=2&amp;c_not=571\">CPD de Puigcerd\u00e0 i Sort<\/a><\/p>\n<\/div>\n","protected":false},"excerpt":{"rendered":"<p>CURS 2024-2025 &gt; Acc\u00e9s al blog de la biblioteca EN L\u00cdNIA: Es podran fer reserves anticipades de documents a trav\u00e9s de l&#8217;adre\u00e7a biblioteca@eoilaseu.cat NO es far\u00e0 un pr\u00e9stec en l\u00ednia pel mateix dia. Ho heu de sol\u00b7licitar anticipadament. PRESENCIAL: a partir del 14\/10\/2024 TANCAMENT: a determinar &gt;\u00a0Com fer un pr\u00e9stec?\u00a0EOI de la Seu\u00a0&#8211; CPD a\u00a0Puigcerd\u00e0 [&hellip;]<\/p>\n","protected":false},"author":1,"featured_media":0,"parent":8411,"menu_order":20,"comment_status":"closed","ping_status":"closed","template":"","meta":{"site-sidebar-layout":"default","site-content-layout":"","ast-site-content-layout":"default","site-content-style":"default","site-sidebar-style":"default","ast-global-header-display":"","ast-banner-title-visibility":"","ast-main-header-display":"","ast-hfb-above-header-display":"","ast-hfb-below-header-display":"","ast-hfb-mobile-header-display":"","site-post-title":"","ast-breadcrumbs-content":"","ast-featured-img":"","footer-sml-layout":"","theme-transparent-header-meta":"","adv-header-id-meta":"","stick-header-meta":"","header-above-stick-meta":"","header-main-stick-meta":"","header-below-stick-meta":"","astra-migrate-meta-layouts":"set","ast-page-background-enabled":"default","ast-page-background-meta":{"desktop":{"background-color":"var(--ast-global-color-4)","background-image":"","background-repeat":"repeat","background-position":"center center","background-size":"auto","background-attachment":"scroll","background-type":"","background-media":"","overlay-type":"","overlay-color":"","overlay-opacity":"","overlay-gradient":""},"tablet":{"background-color":"","background-image":"","background-repeat":"repeat","background-position":"center center","background-size":"auto","background-attachment":"scroll","background-type":"","background-media":"","overlay-type":"","overlay-color":"","overlay-opacity":"","overlay-gradient":""},"mobile":{"background-color":"","background-image":"","background-repeat":"repeat","background-position":"center center","background-size":"auto","background-attachment":"scroll","background-type":"","background-media":"","overlay-type":"","overlay-color":"","overlay-opacity":"","overlay-gradient":""}},"ast-content-background-meta":{"desktop":{"background-color":"var(--ast-global-color-5)","background-image":"","background-repeat":"repeat","background-position":"center center","background-size":"auto","background-attachment":"scroll","background-type":"","background-media":"","overlay-type":"","overlay-color":"","overlay-opacity":"","overlay-gradient":""},"tablet":{"background-color":"var(--ast-global-color-5)","background-image":"","background-repeat":"repeat","background-position":"center center","background-size":"auto","background-attachment":"scroll","background-type":"","background-media":"","overlay-type":"","overlay-color":"","overlay-opacity":"","overlay-gradient":""},"mobile":{"background-color":"var(--ast-global-color-5)","background-image":"","background-repeat":"repeat","background-position":"center center","background-size":"auto","background-attachment":"scroll","background-type":"","background-media":"","overlay-type":"","overlay-color":"","overlay-opacity":"","overlay-gradient":""}},"footnotes":""},"class_list":["post-8414","page","type-page","status-publish","hentry"],"post_mailing_queue_ids":[],"_links":{"self":[{"href":"https:\/\/agora-eoi.xtec.cat\/eoilaseudurgell\/wp-json\/wp\/v2\/pages\/8414","targetHints":{"allow":["GET"]}}],"collection":[{"href":"https:\/\/agora-eoi.xtec.cat\/eoilaseudurgell\/wp-json\/wp\/v2\/pages"}],"about":[{"href":"https:\/\/agora-eoi.xtec.cat\/eoilaseudurgell\/wp-json\/wp\/v2\/types\/page"}],"author":[{"embeddable":true,"href":"https:\/\/agora-eoi.xtec.cat\/eoilaseudurgell\/wp-json\/wp\/v2\/users\/1"}],"replies":[{"embeddable":true,"href":"https:\/\/agora-eoi.xtec.cat\/eoilaseudurgell\/wp-json\/wp\/v2\/comments?post=8414"}],"version-history":[{"count":3,"href":"https:\/\/agora-eoi.xtec.cat\/eoilaseudurgell\/wp-json\/wp\/v2\/pages\/8414\/revisions"}],"predecessor-version":[{"id":9081,"href":"https:\/\/agora-eoi.xtec.cat\/eoilaseudurgell\/wp-json\/wp\/v2\/pages\/8414\/revisions\/9081"}],"up":[{"embeddable":true,"href":"https:\/\/agora-eoi.xtec.cat\/eoilaseudurgell\/wp-json\/wp\/v2\/pages\/8411"}],"wp:attachment":[{"href":"https:\/\/agora-eoi.xtec.cat\/eoilaseudurgell\/wp-json\/wp\/v2\/media?parent=8414"}],"curies":[{"name":"wp","href":"https:\/\/api.w.org\/{rel}","templated":true}]}}