{"id":8377,"date":"2016-06-13T13:50:10","date_gmt":"2016-06-13T12:50:10","guid":{"rendered":"https:\/\/agora-eoi.xtec.cat\/eoilaseudurgell\/?page_id=8377"},"modified":"2016-06-29T10:36:11","modified_gmt":"2016-06-29T09:36:11","slug":"expedicio-de-titols","status":"publish","type":"page","link":"https:\/\/agora-eoi.xtec.cat\/eoilaseudurgell\/secretaria\/expedicio-de-titols\/","title":{"rendered":"Expedici\u00f3 de t\u00edtols"},"content":{"rendered":"<p><strong>Nivells b\u00e0sic i intermedi<\/strong><\/p>\n<p>L\u2019alumnat que hagi superat el 2n curs obt\u00e9 el Certificat de nivell b\u00e0sic.<br \/>\nL\u2019alumnat oficial de 3r o els candidats o candidates lliures que hagin superat les proves corresponents obtenen el Certificat de nivell intermedi.<br \/>\n<strong>Procediment:<\/strong><\/p>\n<ul>\n<li>L\u2019escola expedeix els certificats de manera autom\u00e0tica sense que calgui sol\u00b7licitud pr\u00e8via ni pagament de taxes.<\/li>\n<li>Es pot recollir personalment a partir de mitjan octubre a la secretaria del centre presentant el DNI, passaport o NIE de la persona interessada.<\/li>\n<\/ul>\n<p><strong>Nivells avan\u00e7at i C1<\/strong><\/p>\n<ul>\n<li>L\u2019alumnat oficial de 5\u00e8 o els candidats o candidates lliures que hagin superat les proves corresponents obtenen el Certificat de nivell avan\u00e7at.<\/li>\n<li>L\u2019alumnat que superi la prova de C1 obt\u00e9 el certificat corresponent.<\/li>\n<\/ul>\n<p><strong>Procediment:<\/strong><br \/>\nEls Certificats dels nivells avan\u00e7at i C1 els expedeix el Departament d\u2019Ensenyament pr\u00e8via sol\u00b7licitud i abonament de les taxes corresponents.<\/p>\n<p>Omplir la sol\u00b7licitud del t\u00edtol corresponent i lliurar-la presencialment al centre o per correu electr\u00f2nic a l\u2019adre\u00e7a: secretaria@eoilapau.net<br \/>\n&gt; Els aprovats al mes de juny a partir del mes d\u2019octubre.<br \/>\n&gt; Els aprovats al mes de febrer a partir del mes d\u2019abril.<br \/>\nAbonament de les taxes d\u2019expedici\u00f3 amb el document de pagament em\u00e8s per l\u2019escola. En el cas que la sol\u00b7licitud s\u2019hagi fet per correu electr\u00f2nic, l\u2019escola retornar\u00e0 el document de pagament per correu electr\u00f2nic a la mateixa adre\u00e7a de correu.<br \/>\n&gt; Amb el codi de barres a trav\u00e9s dels caixers del Servicaixa de \u201cLa Caixa\u201d<br \/>\n&gt; O al portal de pagament de \u201cLa Caixa\u201d<br \/>\nRetornar a la secretaria del centre el comprovant de pagament juntament amb el document de pagament.<br \/>\nEn el moment que l\u2019escola rebi el t\u00edtol, s\u2019avisa per correu ordinari als interessats. (En aquests moments, triga aproximadament dos anys, per\u00f2 el resguard t\u00e9 la mateixa validesa.)<br \/>\nEls t\u00edtols s\u2019han de recollir personalment a la secretaria del centre presentant el DNI, NIE o passaport i el resguard de pagament de les taxes.<\/p>\n<p><strong>TIPUS DE TAXES<\/strong> (Certificats de nivell avan\u00e7at i C1 \u2013 2015\/2016)<\/p>\n<ul>\n<li>Ordin\u00e0ria: 72,05 \u20ac<\/li>\n<li>Fam\u00edlies nombroses generals o monoparentals: 36,05 \u20ac<\/li>\n<li>Fam\u00edlies nombroses de categoria especial: Exempts<\/li>\n<li>Discapacitat igual o superior al 33%: Exempts<\/li>\n<\/ul>\n","protected":false},"excerpt":{"rendered":"<p>Nivells b\u00e0sic i intermedi L\u2019alumnat que hagi superat el 2n curs obt\u00e9 el Certificat de nivell b\u00e0sic. L\u2019alumnat oficial de 3r o els candidats o candidates lliures que hagin superat les proves corresponents obtenen el Certificat de nivell intermedi. Procediment: L\u2019escola expedeix els certificats de manera autom\u00e0tica sense que calgui sol\u00b7licitud pr\u00e8via ni pagament de [&hellip;]<\/p>\n","protected":false},"author":1,"featured_media":0,"parent":8358,"menu_order":80,"comment_status":"closed","ping_status":"closed","template":"page-templates\/side-menu.php","meta":{"site-sidebar-layout":"default","site-content-layout":"","ast-site-content-layout":"","site-content-style":"default","site-sidebar-style":"default","ast-global-header-display":"","ast-banner-title-visibility":"","ast-main-header-display":"","ast-hfb-above-header-display":"","ast-hfb-below-header-display":"","ast-hfb-mobile-header-display":"","site-post-title":"","ast-breadcrumbs-content":"","ast-featured-img":"","footer-sml-layout":"","theme-transparent-header-meta":"","adv-header-id-meta":"","stick-header-meta":"","header-above-stick-meta":"","header-main-stick-meta":"","header-below-stick-meta":"","astra-migrate-meta-layouts":"default","ast-page-background-enabled":"default","ast-page-background-meta":{"desktop":{"background-color":"var(--ast-global-color-4)","background-image":"","background-repeat":"repeat","background-position":"center center","background-size":"auto","background-attachment":"scroll","background-type":"","background-media":"","overlay-type":"","overlay-color":"","overlay-opacity":"","overlay-gradient":""},"tablet":{"background-color":"","background-image":"","background-repeat":"repeat","background-position":"center center","background-size":"auto","background-attachment":"scroll","background-type":"","background-media":"","overlay-type":"","overlay-color":"","overlay-opacity":"","overlay-gradient":""},"mobile":{"background-color":"","background-image":"","background-repeat":"repeat","background-position":"center center","background-size":"auto","background-attachment":"scroll","background-type":"","background-media":"","overlay-type":"","overlay-color":"","overlay-opacity":"","overlay-gradient":""}},"ast-content-background-meta":{"desktop":{"background-color":"var(--ast-global-color-5)","background-image":"","background-repeat":"repeat","background-position":"center center","background-size":"auto","background-attachment":"scroll","background-type":"","background-media":"","overlay-type":"","overlay-color":"","overlay-opacity":"","overlay-gradient":""},"tablet":{"background-color":"var(--ast-global-color-5)","background-image":"","background-repeat":"repeat","background-position":"center center","background-size":"auto","background-attachment":"scroll","background-type":"","background-media":"","overlay-type":"","overlay-color":"","overlay-opacity":"","overlay-gradient":""},"mobile":{"background-color":"var(--ast-global-color-5)","background-image":"","background-repeat":"repeat","background-position":"center center","background-size":"auto","background-attachment":"scroll","background-type":"","background-media":"","overlay-type":"","overlay-color":"","overlay-opacity":"","overlay-gradient":""}},"footnotes":""},"class_list":["post-8377","page","type-page","status-publish","hentry"],"post_mailing_queue_ids":[],"_links":{"self":[{"href":"https:\/\/agora-eoi.xtec.cat\/eoilaseudurgell\/wp-json\/wp\/v2\/pages\/8377","targetHints":{"allow":["GET"]}}],"collection":[{"href":"https:\/\/agora-eoi.xtec.cat\/eoilaseudurgell\/wp-json\/wp\/v2\/pages"}],"about":[{"href":"https:\/\/agora-eoi.xtec.cat\/eoilaseudurgell\/wp-json\/wp\/v2\/types\/page"}],"author":[{"embeddable":true,"href":"https:\/\/agora-eoi.xtec.cat\/eoilaseudurgell\/wp-json\/wp\/v2\/users\/1"}],"replies":[{"embeddable":true,"href":"https:\/\/agora-eoi.xtec.cat\/eoilaseudurgell\/wp-json\/wp\/v2\/comments?post=8377"}],"version-history":[{"count":0,"href":"https:\/\/agora-eoi.xtec.cat\/eoilaseudurgell\/wp-json\/wp\/v2\/pages\/8377\/revisions"}],"up":[{"embeddable":true,"href":"https:\/\/agora-eoi.xtec.cat\/eoilaseudurgell\/wp-json\/wp\/v2\/pages\/8358"}],"wp:attachment":[{"href":"https:\/\/agora-eoi.xtec.cat\/eoilaseudurgell\/wp-json\/wp\/v2\/media?parent=8377"}],"curies":[{"name":"wp","href":"https:\/\/api.w.org\/{rel}","templated":true}]}}