{"id":8372,"date":"2016-06-13T13:41:51","date_gmt":"2016-06-13T12:41:51","guid":{"rendered":"https:\/\/agora-eoi.xtec.cat\/eoilaseudurgell\/?page_id=8372"},"modified":"2016-06-29T10:44:06","modified_gmt":"2016-06-29T09:44:06","slug":"normes-i-funcionament","status":"publish","type":"page","link":"https:\/\/agora-eoi.xtec.cat\/eoilaseudurgell\/el-servei-educatiu\/normes-i-funcionament\/","title":{"rendered":"Normes i funcionament"},"content":{"rendered":"<p><strong>ASSIST\u00c8NCIA A CLASSE<\/strong><\/p>\n<ul>\n<li>L&#8217;assist\u00e8ncia es considera necess\u00e0ria per al bon aprofitament individual i del grup i per a una adequada avaluaci\u00f3 de l&#8217;alumne.<\/li>\n<li>En cas d&#8217;abs\u00e8ncies no justificades superiors al 35% del temps lectiu, l&#8217;alumne no podr\u00e0 ser avaluat de manera cont\u00ednua, i nom\u00e9s podr\u00e0 presentar-se a una prova de final de curs.<\/li>\n<li>Si, per alguna ra\u00f3, un alumne no pot assistir a classe durant un temps o definitivament, cal fer-ho saber al professor el m\u00e9s aviat possible.<\/li>\n<\/ul>\n<p><strong>AVALUACI\u00d3<\/strong><\/p>\n<ul>\n<li>L&#8217;avaluaci\u00f3 del proc\u00e9s d&#8217;aprenentatge dels alumnes oficials presencials ser\u00e0 cont\u00ednua i sistem\u00e0tica, globalitzada, integradora i personalitzada a fi de valorar el progr\u00e9s dels alumnes.<\/li>\n<li>Es fomenta l&#8217;intercanvi d&#8217;informaci\u00f3 sobre el proc\u00e9s d&#8217;aprenentatge i ensenyament entre professorat i alumnat. Es valora l&#8217;assist\u00e8ncia a classe, la participaci\u00f3 en les activitats proposades, la realitzaci\u00f3 de les tasques encomanades per fer a casa, el resultat de les proves peri\u00f2diques que es programin. Tanmateix, a banda de l&#8217;avaluaci\u00f3 formativa hi ha una prova d&#8217;assoliment estandaritzada per constatar que s&#8217;han complert els objectius establerts per als casos en qu\u00e8 el professor no tingui prou elements de judici.<\/li>\n<li>L&#8217;avaluaci\u00f3 est\u00e0 elaborada amb criteris objectius de fiabilitat i validesa.<\/li>\n<\/ul>\n<p><strong>CANVIS D&#8217;HORARI<\/strong><\/p>\n<p>Un cop formalitzada la matr\u00edcula, aquells alumnes que vulguin canviar l&#8217;horari de classe podran optar per un dels mecanismes seg\u00fcents:<\/p>\n<ul>\n<li><strong>Permuta de mutu acord<\/strong>. La permuta consisteix en l&#8217;intercanvi de pla\u00e7a entre dues persones matriculades en dos horaris diferents del mateix idioma i curs i cal que sigui acceptat lliurement per un\/a i altre\/a alumne\/a. S&#8217;haur\u00e0 d&#8217;emplenar\u00a0la &#8220;sol\u00b7licitud de permuta&#8221; que estar\u00e0 penjada al tauler d&#8217;anuncis de l&#8217;EOI. Quan hi hagi dues persones interessades a fer aquest canvi, aquests s&#8217;hauran de posar en contacte entre ells i despr\u00e9s hauran de presentar, la sol\u00b7licitud\u00a0juntament amb\u00a0la documentaci\u00f3 al Departament d&#8217;alumnat (DNI i resguard de la matr\u00edcula) durant l&#8217;horari d&#8217;atenci\u00f3 al p\u00fablic per tal de formalitzar la permuta.<\/li>\n<li>Termini per presentar la sol\u00b7licitud permuta:\u00a0un cop finalitzat el proc\u00e9s de matr\u00edcula i fins a finals d&#8217;octubre.<\/li>\n<\/ul>\n<p>Hi haur\u00e0 un termini per fer canvis d&#8217;horari per a tots aquells alumnes que no hagin trobat el canvi desitjat en el proc\u00e9s de permuta. Els alumnes que vulguin un canvi d&#8217;horari hauran de presentar una inst\u00e0ncia al Departament d&#8217;alumnat durant l&#8217;horari d&#8217;atenci\u00f3 al p\u00fablic amb les causes degudament justificades, d&#8217;acord amb les seg\u00fcents condicions:<\/p>\n<ul>\n<li>En tots els casos nom\u00e9s es podran concedir canvis en els horaris sol\u00b7licitats en qu\u00e8 hi hagi places vacants.<\/li>\n<li>Podran demanar canvi els alumnes que un cop feta la matr\u00edcula a l&#8217;EOI, s&#8217;hagin matriculat en un altre centre docent oficial (universitat, institut, escola, etc.) i tinguin un horari incompatible, o b\u00e9 alumnes als quals se&#8217;ls hagi canviat l&#8217;horari laboral, tamb\u00e9 amb posterioritat a la matriculaci\u00f3 en aquesta EOI.<\/li>\n<li>El canvi ser\u00e0 irrenunciable, oficial i definitiu per a\u00a0la resta del curs.<\/li>\n<li>No es tindr\u00e0 en compte cap sol\u00b7licitud que no vagi acompanyada de justificant acreditatiu (fotoc\u00f2pia de matr\u00edcula, certificat de l&#8217;empresa, etc).<\/li>\n<li>La Cap d&#8217;estudis classificar\u00e0 les sol\u00b7licituds rebudes per idioma i horari demanat en primera opci\u00f3 i es procedir\u00e0 a concedir o denegar els canvis d&#8217;acord amb la disponibilitat de places.<\/li>\n<li>Un cop\u00a0concedides o denegades les sol\u00b7licituds els\/les alumnes podran incorporar-se immediatament al grup sol\u00b7licitat si els ha estat concedit el canvi. En cas contrari hauran de romandre al grup d&#8217;origen.<\/li>\n<li>Canvi\u00a0d&#8217;horari oficial (sense permuta). Termini per presentar <a href=\"http:\/\/www.eoiblanes.cat\/media\/files\/instancies-solicituds\/canvi-horari_form.pdf\">la sol\u00b7licitud de canvi d&#8217;horari<\/a>:\u00a0primera i segona setmana de novembre.<\/li>\n<\/ul>\n<p>Podeu trobar els documents relacionats amb l&#8217;horari <a href=\"https:\/\/agora-eoi.xtec.cat\/eoilaseudurgell\/docs\/?bpd_tag=horari\">aqu\u00ed<\/a>.<\/p>\n<p><strong>DEVOLUCI\u00d3 DE TAXES O PREUS P\u00daBLICS<\/strong><br \/>\nLes taxes o preus p\u00fablics de la matr\u00edcula a les EOI nom\u00e9s es poden retornar en els sup\u00f2sits que s&#8217;indiquen a continuaci\u00f3 i dins dels terminis que, quan escau, s&#8217;assenyalen:<\/p>\n<ul type=\"a\">\n<li>Ren\u00fancia a la matr\u00edcula oficial, quan la ren\u00fancia i la sol\u00b7licitud de retorn de taxes o preus p\u00fablics es produeixin fins a l&#8217;1 d&#8217;octubre, tant en els cursos extensius com en els quadrimestrals i flexibilitzats.<\/li>\n<li>Ren\u00fancia a la inscripci\u00f3 a les proves lliures per a l&#8217;obtenci\u00f3 del certificat de nivell intermedi, del certificat de nivell avan\u00e7at o del certificat de nivell C1 quan la ren\u00fancia i la sol\u00b7licitud de retorn de taxes o de preus p\u00fablics es produeixin abans de la data de publicaci\u00f3 de les llistes definitives d&#8217;admesos.<\/li>\n<li>Pagaments duplicats o per import superior.<\/li>\n<li>Inaplicaci\u00f3 de bonificacions o exempcions a les quals l&#8217;alumne t\u00e9 dret en el moment de la matriculaci\u00f3, per l&#8217;import corresponent.<\/li>\n<li>No-prestaci\u00f3 del servei per causes no imputables a l&#8217;alumne. No es consideren sup\u00f2sits de for\u00e7a major els canvis en l&#8217;horari laboral, ni els canvis de domicili o similars.<\/li>\n<li>En cas de trasllat a una altra comunitat aut\u00f2noma, l&#8217;alumne pot sol\u00b7licitar el retorn de taxes o preus p\u00fablics abans del 30 de novembre.<\/li>\n<\/ul>\n<p>Les sol\u00b7licituds de devoluci\u00f3 de taxes i preus p\u00fablics s&#8217;han de formular mitjan\u00e7ant el model &#8220;<a href=\"http:\/\/www.eoiblanes.cat\/media\/files\/instancies-solicituds\/devoluci%C3%B3%20taxes.pdf\" target=\"_blank\">Sol\u00b7licitud de devoluci\u00f3 de taxa en la prestaci\u00f3 de serveis docents de les escoles oficials d&#8217;idiomes (EOI) o per a la inscripci\u00f3 en les proves lliures<\/a>&#8220;, que s&#8217;ha de presentar preferentment a la secretaria de l&#8217;EOI, la qual en registrar\u00e0 l&#8217;entrada i el revisar\u00e0, a l&#8217;efecte d&#8217;orientar l&#8217;alumne respecte de la correcci\u00f3 de la sol\u00b7licitud i de la documentaci\u00f3 aportada. Tamb\u00e9 es podr\u00e0 presentar en altres registres de l&#8217;Administraci\u00f3 o en els altres llocs establerts per la legislaci\u00f3.<\/p>\n<p>La ren\u00fancia a la matr\u00edcula oficial amb devoluci\u00f3 de taxes suposa l&#8217;anul\u00b7laci\u00f3 de la matr\u00edcula a tots els efectes i l&#8217;exclusi\u00f3 de la matr\u00edcula de l&#8217;expedient acad\u00e8mic de l&#8217;alumne i, per tant, la ren\u00fancia a la pla\u00e7a per part de l&#8217;alumne.<\/p>\n<p><strong>EX\u00c0MENS CURS OFICIAL<\/strong><\/p>\n<ul>\n<li>Els alumnes disposaran, a banda de l&#8217;avaluaci\u00f3 cont\u00ednua, d&#8217;una \u00fanica convocat\u00f2ria d&#8217;examen final durant el curs acad\u00e8mic.<\/li>\n<li>Tota persona que estigui convocada i no es presenti a aquesta prova, rebr\u00e0 un No Presentat\u00a0(NP) com a nota final i perdran una convocat\u00f2ria.<\/li>\n<\/ul>\n<p><strong>MENORS<\/strong><\/p>\n<p><strong>Els ensenyaments que es duen a terme a les EOI s\u00f3n de car\u00e0cter NO REGLAT, \u00e9s a dir, no obligatoris.<\/strong><\/p>\n<p>L&#8217;Escola es compromet a fer un seguiment de l&#8217;assist\u00e8ncia dels alumnes menors d&#8217;edat, per tal d&#8217;informar, es trucar\u00e0 als pares o tutors en cas que el\/la menor falti a classe, aix\u00ed mateix, es demanar\u00e0 justificant d&#8217;abs\u00e8ncia o retard degudament emplenat i signat pel pare\/mare o tutor\/s.<\/p>\n<p>Trobareu el justificant d&#8217;abs\u00e8ncia a l&#8217;apartat d&#8217;inst\u00e0ncies i sol.licituds (secretaria).<\/p>\n<p><strong>REN\u00daNCIA A LA MATR\u00cdCULA OFICIAL<\/strong><\/p>\n<ul>\n<li>Es podr\u00e0 renunciar a la matr\u00edcula oficial quan l&#8217;alumne no pugui continuar assistint a classe amb regularitat. La ren\u00fancia implica que no es computi el curs a efectes de repetici\u00f3 i que, si ho demana, mantindr\u00e0 la prioritat per matricular-se l&#8217;any acad\u00e8mic posterior com a antic alumne.<\/li>\n<li>L&#8217;alumne oficial podr\u00e0 presentar al director de l&#8217;escola la ren\u00fancia a la matriculaci\u00f3 en un idioma en un termini que acabar\u00e0 el dia 30\u00a0de novembre. Trobareu la sol\u00b7licitud en <a href=\"http:\/\/www.eoiblanes.cat\/media\/files\/instancies-solicituds\/renuncia_form.pdf\">aquest enlla\u00e7<\/a>.<\/li>\n<li>Renunciar a la matr\u00edcula no d\u00f3na dret al retorn de cap taxa.<\/li>\n<\/ul>\n<p><strong>PERMAN\u00c8NCIA EN ELS ESTUDIS<\/strong><\/p>\n<ul>\n<li>Dins de cada nivell b\u00e0sic, intermedi i avan\u00e7at, l&#8217;alumne t\u00e9 dret a romandre matriculat en el r\u00e8gim d&#8217;ensenyament oficial, modalitat presencial, durant un m\u00e0xim de cursos acad\u00e8mics equivalents al doble dels cursos de qu\u00e8 consta el nivell per a l&#8217;idioma corresponent.<\/li>\n<li>L&#8217;alumne que cursa per tercera vegada el primer curs del nivell b\u00e0sic i no el supera o que cursa per tercera vegada el primer curs del nivell avan\u00e7at i no el supera, no pot tornar a cursar aquest curs una altra vegada.<\/li>\n<li>Per cursar per tercera vegada el primer curs del nivell b\u00e0sic o el primer curs del nivell avan\u00e7at, l&#8217;alumne ha de demanar-ho al director o directora de l&#8217;escola, que haur\u00e0 de valorar les circumst\u00e0ncies al\u00b7legades per l&#8217;alumne en la sol\u00b7licitud, i el proc\u00e9s d&#8217;aprenentatge seguit per l&#8217;alumne al llarg dels dos cursos realitzats.<\/li>\n<li>L&#8217;alumne que accedeix directament al segon curs del nivell b\u00e0sic o al segon curs del nivell avan\u00e7at el pot cursar un m\u00e0xim de dues vegades.<\/li>\n<li>Dins de cada nivell C1 i C2 l&#8217;alumne t\u00e9 dret a romandre matriculat en el r\u00e8gim d&#8217;ensenyament oficial, modalitat presencial, un m\u00e0xim de dos cursos acad\u00e8mics. En casos excepcionals, el director o directora podr\u00e0 autoritzar la repetici\u00f3 o perman\u00e8ncia d&#8217;un curs m\u00e9s en r\u00e8gim oficial presencial a l&#8217;alumne que ho sol\u00b7liciti.<\/li>\n<li>En <strong>casos excepcionals<\/strong>, que ha de valorar el director o directora de l&#8217;escola i sempre que no representi fer el mateix curs per quarta vegada, el director o directora podr\u00e0 autoritzar la repetici\u00f3 o perman\u00e8ncia d&#8217;un curs m\u00e9s en r\u00e8gim oficial presencial a l&#8217;alumne que ho sol\u00b7liciti, quan ja hagi superat el nombre m\u00e0xim de cursos de perman\u00e8ncia autoritzats amb car\u00e0cter general per al nivell corresponent. Es podr\u00e0 concedir una \u00fanica convocat\u00f2ria addicional per nivell.<\/li>\n<\/ul>\n<p><strong>TRASLLAT DE MATR\u00cdCULA<\/strong><\/p>\n<ul>\n<li>Trasllat de l&#8217;alumne durant el curs acad\u00e8mic<\/li>\n<\/ul>\n<p>Si despr\u00e9s de formalitzar la matr\u00edcula en un centre, un alumne demana poder continuar el curs en un altre centre, el trasllat s&#8217;anomena trasllat de <strong>matr\u00edcula viva<\/strong>. El termini per efectuar trasllats de matr\u00edcula viva finalitza l&#8217;\u00faltim dia lectiu del mes de febrer.<br \/>\nLa sol\u00b7licitud de matr\u00edcula s&#8217;ha de fer al centre de destinaci\u00f3 mitjan\u00e7ant el model &#8220;<a href=\"http:\/\/www.eoiblanes.cat\/media\/files\/instancies-solicituds\/trasllat_form.pdf\" target=\"_blank\">Sol\u00b7licitud de trasllat d&#8217;expedient<\/a>&#8221; i queda condicionada a la disponibilitat de places del centre. La documentaci\u00f3 que cal aportar \u00e9s el full de pagament de la matr\u00edcula efectuada en el centre d&#8217;origen. En el moment de produir-se una vacant, l&#8217;EOI de destinaci\u00f3 ho ha de comunicar al sol\u00b7licitant. L&#8217;EOI de destinaci\u00f3 ha de tramitar d&#8217;ofici el trasllat d&#8217;expedient de l&#8217;alumne. En cas de no haver-hi vacants en l&#8217;EOI de destinaci\u00f3, s&#8217;obrir\u00e0 una llista d&#8217;espera on els sol\u00b7licitants han de poder indicar els grups i horaris desitjats.<\/p>\n<ul>\n<li>Trasllat de l&#8217;alumne en per\u00edode no lectiu<\/li>\n<\/ul>\n<p>Els alumnes oficials, un cop hagin formalitzat la matr\u00edcula al seu centre d&#8217;origen, poden sol\u00b7licitar un trasllat de matr\u00edcula a una altra escola <strong>del 16 al 20 de juliol<\/strong>. La sol\u00b7licitud de matr\u00edcula es fa presencialment a l&#8217;escola de destinaci\u00f3, i queda condicionada a la disponibilitat de places. L&#8217;escola de destinaci\u00f3 es posar\u00e0 en contacte amb els alumnes a trav\u00e9s dels mitjans que estableixi, per notificar l&#8217;acceptaci\u00f3 o la denegaci\u00f3 del trasllat. En cas d&#8217;acceptaci\u00f3, el proc\u00e9s de trasllat ha d&#8217;haver acabat abans del 24 de juliol. La documentaci\u00f3 que l&#8217;alumne ha d&#8217;aportar en el moment de sol\u00b7licitar el trasllat \u00e9s el full de pagament de la matr\u00edcula. En cas que hi hagi places vacants, l&#8217;escola de destinaci\u00f3 sol\u00b7licitar\u00e0 el trasllat de l&#8217;expedient acad\u00e8mic de l&#8217;alumne a l&#8217;escola d&#8217;origen.<\/p>\n<p>En aquest per\u00edode, no es podr\u00e0 sol\u00b7licitar el trasllat de matr\u00edcula del nivell C1.<\/p>\n<p>&#8211; L\u2019alumne no pagar\u00e0 taxa de matr\u00edcula si procedeix d\u2019una EOI de Catalunya per\u00f2 s\u00ed que pagar\u00e0 la taxa de matr\u00edcula si procedeix d\u2019una EOI d\u2019una altra comunitat aut\u00f2noma.<\/p>\n","protected":false},"excerpt":{"rendered":"<p>ASSIST\u00c8NCIA A CLASSE L&#8217;assist\u00e8ncia es considera necess\u00e0ria per al bon aprofitament individual i del grup i per a una adequada avaluaci\u00f3 de l&#8217;alumne. En cas d&#8217;abs\u00e8ncies no justificades superiors al 35% del temps lectiu, l&#8217;alumne no podr\u00e0 ser avaluat de manera cont\u00ednua, i nom\u00e9s podr\u00e0 presentar-se a una prova de final de curs. Si, per [&hellip;]<\/p>\n","protected":false},"author":1,"featured_media":0,"parent":806,"menu_order":35,"comment_status":"closed","ping_status":"closed","template":"page-templates\/side-menu.php","meta":{"site-sidebar-layout":"default","site-content-layout":"","ast-site-content-layout":"","site-content-style":"default","site-sidebar-style":"default","ast-global-header-display":"","ast-banner-title-visibility":"","ast-main-header-display":"","ast-hfb-above-header-display":"","ast-hfb-below-header-display":"","ast-hfb-mobile-header-display":"","site-post-title":"","ast-breadcrumbs-content":"","ast-featured-img":"","footer-sml-layout":"","theme-transparent-header-meta":"","adv-header-id-meta":"","stick-header-meta":"","header-above-stick-meta":"","header-main-stick-meta":"","header-below-stick-meta":"","astra-migrate-meta-layouts":"default","ast-page-background-enabled":"default","ast-page-background-meta":{"desktop":{"background-color":"var(--ast-global-color-4)","background-image":"","background-repeat":"repeat","background-position":"center center","background-size":"auto","background-attachment":"scroll","background-type":"","background-media":"","overlay-type":"","overlay-color":"","overlay-opacity":"","overlay-gradient":""},"tablet":{"background-color":"","background-image":"","background-repeat":"repeat","background-position":"center center","background-size":"auto","background-attachment":"scroll","background-type":"","background-media":"","overlay-type":"","overlay-color":"","overlay-opacity":"","overlay-gradient":""},"mobile":{"background-color":"","background-image":"","background-repeat":"repeat","background-position":"center center","background-size":"auto","background-attachment":"scroll","background-type":"","background-media":"","overlay-type":"","overlay-color":"","overlay-opacity":"","overlay-gradient":""}},"ast-content-background-meta":{"desktop":{"background-color":"var(--ast-global-color-5)","background-image":"","background-repeat":"repeat","background-position":"center center","background-size":"auto","background-attachment":"scroll","background-type":"","background-media":"","overlay-type":"","overlay-color":"","overlay-opacity":"","overlay-gradient":""},"tablet":{"background-color":"var(--ast-global-color-5)","background-image":"","background-repeat":"repeat","background-position":"center center","background-size":"auto","background-attachment":"scroll","background-type":"","background-media":"","overlay-type":"","overlay-color":"","overlay-opacity":"","overlay-gradient":""},"mobile":{"background-color":"var(--ast-global-color-5)","background-image":"","background-repeat":"repeat","background-position":"center center","background-size":"auto","background-attachment":"scroll","background-type":"","background-media":"","overlay-type":"","overlay-color":"","overlay-opacity":"","overlay-gradient":""}},"footnotes":""},"class_list":["post-8372","page","type-page","status-publish","hentry"],"post_mailing_queue_ids":[],"_links":{"self":[{"href":"https:\/\/agora-eoi.xtec.cat\/eoilaseudurgell\/wp-json\/wp\/v2\/pages\/8372","targetHints":{"allow":["GET"]}}],"collection":[{"href":"https:\/\/agora-eoi.xtec.cat\/eoilaseudurgell\/wp-json\/wp\/v2\/pages"}],"about":[{"href":"https:\/\/agora-eoi.xtec.cat\/eoilaseudurgell\/wp-json\/wp\/v2\/types\/page"}],"author":[{"embeddable":true,"href":"https:\/\/agora-eoi.xtec.cat\/eoilaseudurgell\/wp-json\/wp\/v2\/users\/1"}],"replies":[{"embeddable":true,"href":"https:\/\/agora-eoi.xtec.cat\/eoilaseudurgell\/wp-json\/wp\/v2\/comments?post=8372"}],"version-history":[{"count":0,"href":"https:\/\/agora-eoi.xtec.cat\/eoilaseudurgell\/wp-json\/wp\/v2\/pages\/8372\/revisions"}],"up":[{"embeddable":true,"href":"https:\/\/agora-eoi.xtec.cat\/eoilaseudurgell\/wp-json\/wp\/v2\/pages\/806"}],"wp:attachment":[{"href":"https:\/\/agora-eoi.xtec.cat\/eoilaseudurgell\/wp-json\/wp\/v2\/media?parent=8372"}],"curies":[{"name":"wp","href":"https:\/\/api.w.org\/{rel}","templated":true}]}}