{"id":8370,"date":"2016-06-13T13:38:46","date_gmt":"2016-06-13T12:38:46","guid":{"rendered":"https:\/\/agora-eoi.xtec.cat\/eoilaseudurgell\/?page_id=8370"},"modified":"2016-06-29T10:23:24","modified_gmt":"2016-06-29T09:23:24","slug":"instancies-i-solicituts","status":"publish","type":"page","link":"https:\/\/agora-eoi.xtec.cat\/eoilaseudurgell\/secretaria\/instancies-i-solicituts\/","title":{"rendered":"Inst\u00e0ncies i sol\u00b7licituds"},"content":{"rendered":"<p>Per facilitar la realitzaci\u00f3 de gestions administratives podeu <strong>descarregar-vos les inst\u00e0ncies i sol\u00b7licituds seg\u00fcents<\/strong>.<\/p>\n<p><strong>Ompliu-les i lliureu-les a secretaria<\/strong>, tot <strong>aportant la documentaci\u00f3 requerida<\/strong> per cada gesti\u00f3.<\/p>\n<ul>\n<li><a href=\"https:\/\/agora-eoi.xtec.cat\/eoilaseudurgell\/docs\/renunciar-als-drets-de-la-matricula-i-sol-licitar-reserva-de-placa-per-al-curs-vinent\/?bp-attachment=Renunciar-matricula-sollicitar-reserva_NOU1.doc\">Renunciar als drets de la matr\u00edcula i sol\u00b7licitar reserva de pla\u00e7a per al curs vinent<\/a><\/li>\n<li><a title=\"Ren\u00fancia sin reserva de pla\u00e7a\" href=\"https:\/\/agora-eoi.xtec.cat\/eoilaseudurgell\/docs\/renunciar-als-drets-de-la-matricula-i-sol-licitar-reserva-de-placa-per-al-curs-vinent\/?bp-attachment=Renunciar-matricula-no-sollicitar-reserva_NOU.doc\">Renunciar als drets de la matr\u00edcula i NO sol\u00b7licitar reserva de pla\u00e7a per al curs vinent<\/a><\/li>\n<li><a title=\"Matr\u00edcula viva\" href=\"https:\/\/agora-eoi.xtec.cat\/eoilaseudurgell\/docs\/sol%c2%b7licitud-de-trasllat-dexpedient\/\">Sol\u00b7licitud trasllat de matr\u00edcula viva<\/a><\/li>\n<li><a title=\"Trasllat d'expedient\" href=\"https:\/\/agora-eoi.xtec.cat\/eoilaseudurgell\/docs\/sol%c2%b7licitud-de-trasllat-dexpedient\/\">Sol\u00b7licitud de trasllat d\u2019expedient<\/a><\/li>\n<li><a title=\"revisi\u00f3 qualificacions finals\" href=\"https:\/\/agora-eoi.xtec.cat\/eoilaseudurgell\/docs\/sol-licitud-de-revisio-de-qualificacions-finals\/\">Sol\u00b7licitud de revisi\u00f3 de qualificacions finals<\/a><\/li>\n<li><a title=\"justificaci\u00f3 faltes alumnat menor d'edat\" href=\"https:\/\/agora-eoi.xtec.cat\/eoilaseudurgell\/docs\/justificacio-de-faltes-dassistencia-de-menors\/\">Justificaci\u00f3 de faltes d\u2019assist\u00e8ncia de menors<\/a><\/li>\n<li><a title=\"convocat\u00f2ria addicional\" href=\"https:\/\/agora-eoi.xtec.cat\/eoilaseudurgell\/docs\/convocatoria-addicional\/\">Convocat\u00f2ria addicional<\/a><\/li>\n<li><a title=\"sol\u00b7licitud canvi horari\" href=\"https:\/\/agora-eoi.xtec.cat\/eoilaseudurgell\/docs\/solicitud-canvi-dhorari\/\">Sol\u00b7licitud canvi d\u2019horari<\/a><\/li>\n<li><a title=\"sol\u00b7licitud permuta\" href=\"https:\/\/agora-eoi.xtec.cat\/eoilaseudurgell\/docs\/sol%c2%b7licitud-de-permuta\/\">Sol\u00b7licitud de permuta<\/a><\/li>\n<li><a title=\"impr\u00e8s de matr\u00edcula\" href=\"https:\/\/agora-eoi.xtec.cat\/eoilaseudurgell\/docs\/impres-de-matricula\/\">Impr\u00e8s de matr\u00edcula<\/a><\/li>\n<li><a href=\"https:\/\/agora-eoi.xtec.cat\/eoilaseudurgell\/docs\/intancies\/\">Altres inst\u00e0ncies<\/a><\/li>\n<\/ul>\n","protected":false},"excerpt":{"rendered":"<p>Per facilitar la realitzaci\u00f3 de gestions administratives podeu descarregar-vos les inst\u00e0ncies i sol\u00b7licituds seg\u00fcents. Ompliu-les i lliureu-les a secretaria, tot aportant la documentaci\u00f3 requerida per cada gesti\u00f3. Renunciar als drets de la matr\u00edcula i sol\u00b7licitar reserva de pla\u00e7a per al curs vinent Renunciar als drets de la matr\u00edcula i NO sol\u00b7licitar reserva de pla\u00e7a per [&hellip;]<\/p>\n","protected":false},"author":1,"featured_media":0,"parent":8358,"menu_order":35,"comment_status":"closed","ping_status":"closed","template":"page-templates\/side-menu.php","meta":{"site-sidebar-layout":"default","site-content-layout":"","ast-site-content-layout":"","site-content-style":"default","site-sidebar-style":"default","ast-global-header-display":"","ast-banner-title-visibility":"","ast-main-header-display":"","ast-hfb-above-header-display":"","ast-hfb-below-header-display":"","ast-hfb-mobile-header-display":"","site-post-title":"","ast-breadcrumbs-content":"","ast-featured-img":"","footer-sml-layout":"","theme-transparent-header-meta":"","adv-header-id-meta":"","stick-header-meta":"","header-above-stick-meta":"","header-main-stick-meta":"","header-below-stick-meta":"","astra-migrate-meta-layouts":"default","ast-page-background-enabled":"default","ast-page-background-meta":{"desktop":{"background-color":"var(--ast-global-color-4)","background-image":"","background-repeat":"repeat","background-position":"center center","background-size":"auto","background-attachment":"scroll","background-type":"","background-media":"","overlay-type":"","overlay-color":"","overlay-opacity":"","overlay-gradient":""},"tablet":{"background-color":"","background-image":"","background-repeat":"repeat","background-position":"center center","background-size":"auto","background-attachment":"scroll","background-type":"","background-media":"","overlay-type":"","overlay-color":"","overlay-opacity":"","overlay-gradient":""},"mobile":{"background-color":"","background-image":"","background-repeat":"repeat","background-position":"center center","background-size":"auto","background-attachment":"scroll","background-type":"","background-media":"","overlay-type":"","overlay-color":"","overlay-opacity":"","overlay-gradient":""}},"ast-content-background-meta":{"desktop":{"background-color":"var(--ast-global-color-5)","background-image":"","background-repeat":"repeat","background-position":"center center","background-size":"auto","background-attachment":"scroll","background-type":"","background-media":"","overlay-type":"","overlay-color":"","overlay-opacity":"","overlay-gradient":""},"tablet":{"background-color":"var(--ast-global-color-5)","background-image":"","background-repeat":"repeat","background-position":"center center","background-size":"auto","background-attachment":"scroll","background-type":"","background-media":"","overlay-type":"","overlay-color":"","overlay-opacity":"","overlay-gradient":""},"mobile":{"background-color":"var(--ast-global-color-5)","background-image":"","background-repeat":"repeat","background-position":"center center","background-size":"auto","background-attachment":"scroll","background-type":"","background-media":"","overlay-type":"","overlay-color":"","overlay-opacity":"","overlay-gradient":""}},"footnotes":""},"class_list":["post-8370","page","type-page","status-publish","hentry"],"post_mailing_queue_ids":[],"_links":{"self":[{"href":"https:\/\/agora-eoi.xtec.cat\/eoilaseudurgell\/wp-json\/wp\/v2\/pages\/8370","targetHints":{"allow":["GET"]}}],"collection":[{"href":"https:\/\/agora-eoi.xtec.cat\/eoilaseudurgell\/wp-json\/wp\/v2\/pages"}],"about":[{"href":"https:\/\/agora-eoi.xtec.cat\/eoilaseudurgell\/wp-json\/wp\/v2\/types\/page"}],"author":[{"embeddable":true,"href":"https:\/\/agora-eoi.xtec.cat\/eoilaseudurgell\/wp-json\/wp\/v2\/users\/1"}],"replies":[{"embeddable":true,"href":"https:\/\/agora-eoi.xtec.cat\/eoilaseudurgell\/wp-json\/wp\/v2\/comments?post=8370"}],"version-history":[{"count":0,"href":"https:\/\/agora-eoi.xtec.cat\/eoilaseudurgell\/wp-json\/wp\/v2\/pages\/8370\/revisions"}],"up":[{"embeddable":true,"href":"https:\/\/agora-eoi.xtec.cat\/eoilaseudurgell\/wp-json\/wp\/v2\/pages\/8358"}],"wp:attachment":[{"href":"https:\/\/agora-eoi.xtec.cat\/eoilaseudurgell\/wp-json\/wp\/v2\/media?parent=8370"}],"curies":[{"name":"wp","href":"https:\/\/api.w.org\/{rel}","templated":true}]}}