{"id":8366,"date":"2016-06-13T13:27:59","date_gmt":"2016-06-13T12:27:59","guid":{"rendered":"https:\/\/agora-eoi.xtec.cat\/eoilaseudurgell\/?page_id=8366"},"modified":"2016-06-20T16:29:09","modified_gmt":"2016-06-20T15:29:09","slug":"horari","status":"publish","type":"page","link":"https:\/\/agora-eoi.xtec.cat\/eoilaseudurgell\/secretaria\/horari\/","title":{"rendered":"Horari d&#8217;atenci\u00f3"},"content":{"rendered":"<p><strong>DEPARTAMENT D&#8217;ALUMNAT<br \/>\n<\/strong>Departament encarregat del proc\u00e9s de preinscripci\u00f3, matr\u00edcula, certificats, t\u00edtols, beques, etc.<\/p>\n<p>Adre\u00e7a electr\u00f2nica: eoi-larany@xtec.cat<br \/>\nAdministrativa: Margarita\u00a0Ipsum<\/p>\n<ul>\n<li><strong>Durant el\u00a0curs escolar<\/strong><br \/>\nDe dilluns a divendres de 10 a 13h i de 16 a 19h<\/li>\n<li><strong>Juny:<\/strong><br \/>\nDimarts, dimecres i dijous de 10 a 12h i de 17 a 19h<\/li>\n<li><strong>Juliol:<\/strong><br \/>\nDe dilluns a dijous de 10 a 13 h<\/li>\n<li>El mes d&#8217;agost l&#8217;Escola Oficial d&#8217;Idiomes est\u00e0 tancada per vacances<\/li>\n<\/ul>\n<p>&nbsp;<\/p>\n","protected":false},"excerpt":{"rendered":"<p>DEPARTAMENT D&#8217;ALUMNAT Departament encarregat del proc\u00e9s de preinscripci\u00f3, matr\u00edcula, certificats, t\u00edtols, beques, etc. Adre\u00e7a electr\u00f2nica: eoi-larany@xtec.cat Administrativa: Margarita\u00a0Ipsum Durant el\u00a0curs escolar De dilluns a divendres de 10 a 13h i de 16 a 19h Juny: Dimarts, dimecres i dijous de 10 a 12h i de 17 a 19h Juliol: De dilluns a dijous de 10 [&hellip;]<\/p>\n","protected":false},"author":1,"featured_media":0,"parent":8358,"menu_order":10,"comment_status":"closed","ping_status":"closed","template":"page-templates\/side-menu.php","meta":{"site-sidebar-layout":"default","site-content-layout":"","ast-site-content-layout":"","site-content-style":"default","site-sidebar-style":"default","ast-global-header-display":"","ast-banner-title-visibility":"","ast-main-header-display":"","ast-hfb-above-header-display":"","ast-hfb-below-header-display":"","ast-hfb-mobile-header-display":"","site-post-title":"","ast-breadcrumbs-content":"","ast-featured-img":"","footer-sml-layout":"","theme-transparent-header-meta":"","adv-header-id-meta":"","stick-header-meta":"","header-above-stick-meta":"","header-main-stick-meta":"","header-below-stick-meta":"","astra-migrate-meta-layouts":"default","ast-page-background-enabled":"default","ast-page-background-meta":{"desktop":{"background-color":"var(--ast-global-color-4)","background-image":"","background-repeat":"repeat","background-position":"center center","background-size":"auto","background-attachment":"scroll","background-type":"","background-media":"","overlay-type":"","overlay-color":"","overlay-opacity":"","overlay-gradient":""},"tablet":{"background-color":"","background-image":"","background-repeat":"repeat","background-position":"center center","background-size":"auto","background-attachment":"scroll","background-type":"","background-media":"","overlay-type":"","overlay-color":"","overlay-opacity":"","overlay-gradient":""},"mobile":{"background-color":"","background-image":"","background-repeat":"repeat","background-position":"center center","background-size":"auto","background-attachment":"scroll","background-type":"","background-media":"","overlay-type":"","overlay-color":"","overlay-opacity":"","overlay-gradient":""}},"ast-content-background-meta":{"desktop":{"background-color":"var(--ast-global-color-5)","background-image":"","background-repeat":"repeat","background-position":"center center","background-size":"auto","background-attachment":"scroll","background-type":"","background-media":"","overlay-type":"","overlay-color":"","overlay-opacity":"","overlay-gradient":""},"tablet":{"background-color":"var(--ast-global-color-5)","background-image":"","background-repeat":"repeat","background-position":"center center","background-size":"auto","background-attachment":"scroll","background-type":"","background-media":"","overlay-type":"","overlay-color":"","overlay-opacity":"","overlay-gradient":""},"mobile":{"background-color":"var(--ast-global-color-5)","background-image":"","background-repeat":"repeat","background-position":"center center","background-size":"auto","background-attachment":"scroll","background-type":"","background-media":"","overlay-type":"","overlay-color":"","overlay-opacity":"","overlay-gradient":""}},"footnotes":""},"class_list":["post-8366","page","type-page","status-publish","hentry"],"post_mailing_queue_ids":[],"_links":{"self":[{"href":"https:\/\/agora-eoi.xtec.cat\/eoilaseudurgell\/wp-json\/wp\/v2\/pages\/8366","targetHints":{"allow":["GET"]}}],"collection":[{"href":"https:\/\/agora-eoi.xtec.cat\/eoilaseudurgell\/wp-json\/wp\/v2\/pages"}],"about":[{"href":"https:\/\/agora-eoi.xtec.cat\/eoilaseudurgell\/wp-json\/wp\/v2\/types\/page"}],"author":[{"embeddable":true,"href":"https:\/\/agora-eoi.xtec.cat\/eoilaseudurgell\/wp-json\/wp\/v2\/users\/1"}],"replies":[{"embeddable":true,"href":"https:\/\/agora-eoi.xtec.cat\/eoilaseudurgell\/wp-json\/wp\/v2\/comments?post=8366"}],"version-history":[{"count":0,"href":"https:\/\/agora-eoi.xtec.cat\/eoilaseudurgell\/wp-json\/wp\/v2\/pages\/8366\/revisions"}],"up":[{"embeddable":true,"href":"https:\/\/agora-eoi.xtec.cat\/eoilaseudurgell\/wp-json\/wp\/v2\/pages\/8358"}],"wp:attachment":[{"href":"https:\/\/agora-eoi.xtec.cat\/eoilaseudurgell\/wp-json\/wp\/v2\/media?parent=8366"}],"curies":[{"name":"wp","href":"https:\/\/api.w.org\/{rel}","templated":true}]}}