{"id":8229,"date":"2016-06-13T10:38:34","date_gmt":"2016-06-13T09:38:34","guid":{"rendered":"https:\/\/agora-eoi.xtec.cat\/eoilaseudurgell\/?page_id=8229"},"modified":"2025-02-17T00:21:27","modified_gmt":"2025-02-16T23:21:27","slug":"horaris","status":"publish","type":"page","link":"https:\/\/agora-eoi.xtec.cat\/eoilaseudurgell\/angles\/horaris\/","title":{"rendered":"Horaris i professorat"},"content":{"rendered":"<p><a href=\"https:\/\/agora-eoi.xtec.cat\/eoilaseudurgell\/wp-content\/uploads\/usu3461\/2016\/06\/Clock-96.png\" rel=\"attachment wp-att-8695\"><img loading=\"lazy\" decoding=\"async\" class=\"wp-image-8695 alignleft\" src=\"https:\/\/agora-eoi.xtec.cat\/eoilaseudurgell\/wp-content\/uploads\/usu3461\/2016\/06\/Clock-96.png\" alt=\"Clock-96\" width=\"68\" height=\"68\" \/><\/a>Cada curs presencial i d&#8217;actualitzaci\u00f3 t\u00e9 una durada m\u00ednima de 130 hores. L&#8217;horari \u00e9s extensiu: les classes es desenvolupen en dies alterns de dilluns a dijous.<\/p>\n<p>Els cursos semipresencials tamb\u00e9 tenen una durada de 130 hores, per\u00f2 nom\u00e9s un dia la setmana de classe presencial.<\/p>\n<table id=\"taulaHorarisAlemany\" class=\"taula\" style=\"width: 69.5%; height: 648px;\">\n<tbody>\n<tr style=\"height: 23px;\">\n<th style=\"width: 11.3333%; height: 23px; text-align: center;\">NIVELL<\/th>\n<th style=\"width: 7.83337%; height: 23px; text-align: center;\">DIA<\/th>\n<th style=\"width: 8.08327%; height: 23px; text-align: center;\">HORARI<\/th>\n<th style=\"width: 8.75007%; height: 23px; text-align: center;\">PROFESSOR\/A<\/th>\n<td style=\"width: 0.833333%; height: 23px; text-align: center;\"><strong>AULA<\/strong><\/td>\n<\/tr>\n<tr style=\"height: 23px;\">\n<td class=\"lucida text11 gris6\" style=\"width: 11.3333%; height: 23px;\" align=\"center\" valign=\"middle\" bgcolor=\"#FFFFFF\" height=\"27\">B\u00e0sic A1 presencial<\/td>\n<td class=\"lucida text11 gris6\" style=\"width: 7.83337%; height: 23px;\" valign=\"middle\" bgcolor=\"#FFFFFF\" height=\"27\">Dimarts-dijous<\/td>\n<td class=\"lucida text11 gris6\" style=\"width: 8.08327%; height: 23px;\" valign=\"middle\" bgcolor=\"#FFFFFF\" height=\"27\">18.30-20.45<\/td>\n<td class=\"lucida text11 gris6\" style=\"width: 8.75007%; height: 23px;\" valign=\"middle\" bgcolor=\"#FFFFFF\" height=\"27\">Alex\u00a0Graupera <a class=\"boxed enllas\" href=\"http:\/\/www.eoilaseu.cat\/fitxa_professor.php?idm=ca&amp;c_prof=22\" rel=\"{handler:'iframe',size:{x:350,y:350}}\">[+]<\/a><\/td>\n<td class=\"lucida text11 gris6\" style=\"width: 0.833333%; height: 23px;\" align=\"center\" valign=\"middle\" bgcolor=\"#FFFFFF\" height=\"27\">2<\/td>\n<\/tr>\n<tr style=\"height: 23px;\">\n<td style=\"width: 36.8333%; height: 23px;\" colspan=\"5\">\n<div><\/div>\n<\/td>\n<\/tr>\n<tr style=\"height: 27px;\">\n<td class=\"lucida text11 gris6\" style=\"width: 11.3333%; height: 27px;\" align=\"center\" valign=\"middle\" bgcolor=\"#FFFFCC\" height=\"27\">B\u00e0sic A2 presencial<\/td>\n<td class=\"lucida text11 gris6\" style=\"width: 7.83337%; height: 27px;\" valign=\"middle\" bgcolor=\"#FFFFCC\" height=\"27\">Dimarts-dijous<\/td>\n<td class=\"lucida text11 gris6\" style=\"width: 8.08327%; height: 27px;\" valign=\"middle\" bgcolor=\"#FFFFCC\" height=\"27\">16:15-18:30<\/td>\n<td class=\"lucida text11 gris6\" style=\"width: 8.75007%; height: 27px;\" valign=\"middle\" bgcolor=\"#FFFFCC\" height=\"27\">Ivan\u00a0Costa <a class=\"boxed enllas\" href=\"http:\/\/www.eoilaseu.cat\/fitxa_professor.php?idm=ca&amp;c_prof=20\" rel=\"{handler:'iframe',size:{x:350,y:350}}\">[+]<\/a><\/td>\n<td class=\"lucida text11 gris6\" style=\"width: 0.833333%; height: 27px;\" align=\"center\" valign=\"middle\" bgcolor=\"#FFFFCC\" height=\"27\">4<\/td>\n<\/tr>\n<tr style=\"height: 23px;\">\n<td style=\"width: 36.8333%; height: 23px;\" colspan=\"5\">\n<div><\/div>\n<\/td>\n<\/tr>\n<tr style=\"height: 46px;\">\n<td class=\"lucida text11 gris6\" style=\"width: 11.3333%; height: 46px;\" align=\"center\" valign=\"middle\" bgcolor=\"#FFFFFF\" height=\"27\">B\u00e0sic A2 semipresencial<\/td>\n<td class=\"lucida text11 gris6\" style=\"width: 7.83337%; height: 46px;\" valign=\"middle\" bgcolor=\"#FFFFFF\" height=\"27\">Dimecres<\/td>\n<td class=\"lucida text11 gris6\" style=\"width: 8.08327%; height: 46px;\" valign=\"middle\" bgcolor=\"#FFFFFF\" height=\"27\">18.30-20.45<\/td>\n<td class=\"lucida text11 gris6\" style=\"width: 8.75007%; height: 46px;\" valign=\"middle\" bgcolor=\"#FFFFFF\" height=\"27\">Ivan\u00a0Costa <a class=\"boxed enllas\" href=\"http:\/\/www.eoilaseu.cat\/fitxa_professor.php?idm=ca&amp;c_prof=20\" rel=\"{handler:'iframe',size:{x:350,y:350}}\">[+]<\/a><\/td>\n<td class=\"lucida text11 gris6\" style=\"width: 0.833333%; height: 46px;\" align=\"center\" valign=\"middle\" bgcolor=\"#FFFFFF\" height=\"27\">3<\/td>\n<\/tr>\n<tr style=\"height: 23px;\">\n<td style=\"width: 36.8333%; height: 23px;\" colspan=\"5\">\n<div><\/div>\n<\/td>\n<\/tr>\n<tr style=\"height: 46px;\">\n<td class=\"lucida text11 gris6\" style=\"width: 11.3333%; height: 46px;\" align=\"center\" valign=\"middle\" bgcolor=\"#FFFFCC\" height=\"27\">Intermedi B1 presencial<\/td>\n<td class=\"lucida text11 gris6\" style=\"width: 7.83337%; height: 46px;\" valign=\"middle\" bgcolor=\"#FFFFCC\" height=\"27\">Dilluns-dimecres<\/td>\n<td class=\"lucida text11 gris6\" style=\"width: 8.08327%; height: 46px;\" valign=\"middle\" bgcolor=\"#FFFFCC\" height=\"27\">16.15-18.30<\/td>\n<td class=\"lucida text11 gris6\" style=\"width: 8.75007%; height: 46px;\" valign=\"middle\" bgcolor=\"#FFFFCC\" height=\"27\">Merc\u00e8 \u00a0Solanelles <a class=\"boxed enllas\" href=\"http:\/\/www.eoilaseu.cat\/fitxa_professor.php?idm=ca&amp;c_prof=2\" rel=\"{handler:'iframe',size:{x:350,y:350}}\">[+]<\/a><\/td>\n<td class=\"lucida text11 gris6\" style=\"width: 0.833333%; height: 46px;\" align=\"center\" valign=\"middle\" bgcolor=\"#FFFFCC\" height=\"27\">2<\/td>\n<\/tr>\n<tr style=\"height: 23px;\">\n<td style=\"width: 36.8333%; height: 23px;\" colspan=\"5\">\n<div><\/div>\n<\/td>\n<\/tr>\n<tr style=\"height: 46px;\">\n<td class=\"lucida text11 gris6\" style=\"width: 11.3333%; height: 46px;\" align=\"center\" valign=\"middle\" bgcolor=\"#FFFFFF\" height=\"27\">Intermedi B1 semipresencial<\/td>\n<td class=\"lucida text11 gris6\" style=\"width: 7.83337%; height: 46px;\" valign=\"middle\" bgcolor=\"#FFFFFF\" height=\"27\">Dimarts<\/td>\n<td class=\"lucida text11 gris6\" style=\"width: 8.08327%; height: 46px;\" valign=\"middle\" bgcolor=\"#FFFFFF\" height=\"27\">18.30-20.45<\/td>\n<td class=\"lucida text11 gris6\" style=\"width: 8.75007%; height: 46px;\" valign=\"middle\" bgcolor=\"#FFFFFF\" height=\"27\">Merc\u00e8\u00a0Clemente <a class=\"boxed enllas\" href=\"http:\/\/www.eoilaseu.cat\/fitxa_professor.php?idm=ca&amp;c_prof=4\" rel=\"{handler:'iframe',size:{x:350,y:350}}\">[+]<\/a><\/td>\n<td class=\"lucida text11 gris6\" style=\"width: 0.833333%; height: 46px;\" align=\"center\" valign=\"middle\" bgcolor=\"#FFFFFF\" height=\"27\">4<\/td>\n<\/tr>\n<tr style=\"height: 23px;\">\n<td style=\"width: 36.8333%; height: 23px;\" colspan=\"5\">\n<div><\/div>\n<\/td>\n<\/tr>\n<tr style=\"height: 46px;\">\n<td class=\"lucida text11 gris6\" style=\"width: 11.3333%; height: 46px;\" align=\"center\" valign=\"middle\" bgcolor=\"#FFFFCC\" height=\"27\">Intermedi B2.1 presencial<\/td>\n<td class=\"lucida text11 gris6\" style=\"width: 7.83337%; height: 46px;\" valign=\"middle\" bgcolor=\"#FFFFCC\" height=\"27\">Dilluns-dimecres<\/td>\n<td class=\"lucida text11 gris6\" style=\"width: 8.08327%; height: 46px;\" valign=\"middle\" bgcolor=\"#FFFFCC\" height=\"27\">16.15-18.30<\/td>\n<td class=\"lucida text11 gris6\" style=\"width: 8.75007%; height: 46px;\" valign=\"middle\" bgcolor=\"#FFFFCC\" height=\"27\">C\u00e9sar \u00a0L\u00f3pez <a class=\"boxed enllas\" href=\"http:\/\/www.eoilaseu.cat\/fitxa_professor.php?idm=ca&amp;c_prof=18\" rel=\"{handler:'iframe',size:{x:350,y:350}}\">[+]<\/a><\/td>\n<td class=\"lucida text11 gris6\" style=\"width: 0.833333%; height: 46px;\" align=\"center\" valign=\"middle\" bgcolor=\"#FFFFCC\" height=\"27\">4<\/td>\n<\/tr>\n<tr style=\"height: 23px;\">\n<td style=\"width: 36.8333%; height: 23px;\" colspan=\"5\">\n<div><\/div>\n<\/td>\n<\/tr>\n<tr style=\"height: 46px;\">\n<td class=\"lucida text11 gris6\" style=\"width: 11.3333%; height: 46px;\" align=\"center\" valign=\"middle\" bgcolor=\"#FFFFFF\" height=\"27\">Intermedi B2.1 semipresencial<\/td>\n<td class=\"lucida text11 gris6\" style=\"width: 7.83337%; height: 46px;\" valign=\"middle\" bgcolor=\"#FFFFFF\" height=\"27\">Dimecres<\/td>\n<td class=\"lucida text11 gris6\" style=\"width: 8.08327%; height: 46px;\" valign=\"middle\" bgcolor=\"#FFFFFF\" height=\"27\">18.30-20.45<\/td>\n<td class=\"lucida text11 gris6\" style=\"width: 8.75007%; height: 46px;\" valign=\"middle\" bgcolor=\"#FFFFFF\" height=\"27\">C\u00e9sar \u00a0L\u00f3pez <a class=\"boxed enllas\" href=\"http:\/\/www.eoilaseu.cat\/fitxa_professor.php?idm=ca&amp;c_prof=18\" rel=\"{handler:'iframe',size:{x:350,y:350}}\">[+]<\/a><\/td>\n<td class=\"lucida text11 gris6\" style=\"width: 0.833333%; height: 46px;\" align=\"center\" valign=\"middle\" bgcolor=\"#FFFFFF\" height=\"27\">4<\/td>\n<\/tr>\n<tr style=\"height: 23px;\">\n<td style=\"width: 36.8333%; height: 23px;\" colspan=\"5\">\n<div><\/div>\n<\/td>\n<\/tr>\n<tr style=\"height: 46px;\">\n<td class=\"lucida text11 gris6\" style=\"width: 11.3333%; height: 46px;\" align=\"center\" valign=\"middle\" bgcolor=\"#FFFFCC\" height=\"27\">Intermedi B2.2 presencial<\/td>\n<td class=\"lucida text11 gris6\" style=\"width: 7.83337%; height: 46px;\" valign=\"middle\" bgcolor=\"#FFFFCC\" height=\"27\">Dimarts-dijous<\/td>\n<td class=\"lucida text11 gris6\" style=\"width: 8.08327%; height: 46px;\" valign=\"middle\" bgcolor=\"#FFFFCC\" height=\"27\">16.15-18.30<\/td>\n<td class=\"lucida text11 gris6\" style=\"width: 8.75007%; height: 46px;\" valign=\"middle\" bgcolor=\"#FFFFCC\" height=\"27\">Alex\u00a0Graupera <a class=\"boxed enllas\" href=\"http:\/\/www.eoilaseu.cat\/fitxa_professor.php?idm=ca&amp;c_prof=22\" rel=\"{handler:'iframe',size:{x:350,y:350}}\">[+]<\/a><\/td>\n<td class=\"lucida text11 gris6\" style=\"width: 0.833333%; height: 46px;\" align=\"center\" valign=\"middle\" bgcolor=\"#FFFFCC\" height=\"27\">2<\/td>\n<\/tr>\n<tr style=\"height: 23px;\">\n<td style=\"width: 36.8333%; height: 23px;\" colspan=\"5\">\n<div><\/div>\n<\/td>\n<\/tr>\n<tr style=\"height: 46px;\">\n<td class=\"lucida text11 gris6\" style=\"width: 11.3333%; height: 46px;\" align=\"center\" valign=\"middle\" bgcolor=\"#FFFFFF\" height=\"27\">Intermedi B2.2 semipresencial<\/td>\n<td class=\"lucida text11 gris6\" style=\"width: 7.83337%; height: 46px;\" valign=\"middle\" bgcolor=\"#FFFFFF\" height=\"27\">Dimecres<\/td>\n<td class=\"lucida text11 gris6\" style=\"width: 8.08327%; height: 46px;\" valign=\"middle\" bgcolor=\"#FFFFFF\" height=\"27\">18.30-20.45<\/td>\n<td class=\"lucida text11 gris6\" style=\"width: 8.75007%; height: 46px;\" valign=\"middle\" bgcolor=\"#FFFFFF\" height=\"27\">Merc\u00e8 \u00a0Solanelles <a class=\"boxed enllas\" href=\"http:\/\/www.eoilaseu.cat\/fitxa_professor.php?idm=ca&amp;c_prof=2\" rel=\"{handler:'iframe',size:{x:350,y:350}}\">[+]<\/a><\/td>\n<td class=\"lucida text11 gris6\" style=\"width: 0.833333%; height: 46px;\" align=\"center\" valign=\"middle\" bgcolor=\"#FFFFFF\" height=\"27\">2<\/td>\n<\/tr>\n<tr style=\"height: 23px;\">\n<td style=\"width: 36.8333%; height: 23px;\" colspan=\"5\">\n<div><\/div>\n<\/td>\n<\/tr>\n<tr style=\"height: 46px;\">\n<td class=\"lucida text11 gris6\" style=\"width: 11.3333%; height: 46px;\" align=\"center\" valign=\"middle\" bgcolor=\"#FFFFCC\" height=\"27\">Avan\u00e7at C1 semipresencial<\/td>\n<td class=\"lucida text11 gris6\" style=\"width: 7.83337%; height: 46px;\" valign=\"middle\" bgcolor=\"#FFFFCC\" height=\"27\">Dilluns<\/td>\n<td class=\"lucida text11 gris6\" style=\"width: 8.08327%; height: 46px;\" valign=\"middle\" bgcolor=\"#FFFFCC\" height=\"27\">18.30-20.45<\/td>\n<td class=\"lucida text11 gris6\" style=\"width: 8.75007%; height: 46px;\" valign=\"middle\" bgcolor=\"#FFFFCC\" height=\"27\">Ivan\u00a0Costa <a class=\"boxed enllas\" href=\"http:\/\/www.eoilaseu.cat\/fitxa_professor.php?idm=ca&amp;c_prof=20\" rel=\"{handler:'iframe',size:{x:350,y:350}}\">[+]<\/a><\/td>\n<td class=\"lucida text11 gris6\" style=\"width: 0.833333%; height: 46px;\" align=\"center\" valign=\"middle\" bgcolor=\"#FFFFCC\" height=\"27\">4<\/td>\n<\/tr>\n<\/tbody>\n<\/table>\n<p><strong>Horari d&#8217;atenci\u00f3 a l&#8217;alumnat:<\/strong><\/p>\n<table style=\"width: 100%;\">\n<tbody>\n<tr>\n<td style=\"width: 10.0833%;\"><img loading=\"lazy\" decoding=\"async\" class=\"alignnone\" src=\"https:\/\/agora-eoi.xtec.cat\/eoilaseudurgell\/wp-content\/plugins\/buddypress\/bp-core\/images\/mystery-man.jpg\" alt=\"\" width=\"36\" height=\"36\" \/><\/td>\n<td style=\"width: 54.1667%;\"><b>Merc\u00e8\u00a0Clemente<\/b><br \/>\n<a href=\"mailto:mclemente@eoilaseu.cat\">mclemente@eoilaseu.cat<\/a><\/td>\n<td style=\"width: 35%;\">Dimarts de 17.30 a 18.30<\/td>\n<\/tr>\n<tr>\n<td style=\"width: 10.0833%;\"><img loading=\"lazy\" decoding=\"async\" class=\"alignnone\" src=\"https:\/\/agora-eoi.xtec.cat\/eoilaseudurgell\/wp-content\/plugins\/buddypress\/bp-core\/images\/mystery-man.jpg\" alt=\"\" width=\"36\" height=\"36\" \/><\/td>\n<td style=\"width: 54.1667%;\"><b>Ivan\u00a0Costa<\/b><br \/>\n<a href=\"mailto:ivancosta@eoilaseu.cat\">ivancosta@eoilaseu.cat<\/a><\/td>\n<td style=\"width: 35%;\">Dilluns, dimarts, dimecres i dijous de 18.00 a 18.30<\/td>\n<\/tr>\n<tr>\n<td style=\"width: 10.0833%;\"><img loading=\"lazy\" decoding=\"async\" class=\"alignnone\" src=\"https:\/\/agora-eoi.xtec.cat\/eoilaseudurgell\/wp-content\/plugins\/buddypress\/bp-core\/images\/mystery-man.jpg\" alt=\"\" width=\"36\" height=\"36\" \/><\/td>\n<td style=\"width: 54.1667%;\"><b>Alex\u00a0Graupera<\/b><br \/>\n<a href=\"mailto:alexgraupera@eoilaseu.cat\">alexgraupera@eoilaseu.cat<\/a><\/td>\n<td style=\"width: 35%;\">Dilluns i dimecres de 15.45 a 16.15<\/td>\n<\/tr>\n<tr>\n<td style=\"width: 10.0833%;\"><img loading=\"lazy\" decoding=\"async\" class=\"alignnone\" src=\"https:\/\/agora-eoi.xtec.cat\/eoilaseudurgell\/wp-content\/plugins\/buddypress\/bp-core\/images\/mystery-man.jpg\" alt=\"\" width=\"36\" height=\"36\" \/><\/td>\n<td style=\"width: 54.1667%;\"><b>C\u00e9sar \u00a0L\u00f3pez<\/b><br \/>\n<a href=\"mailto:cesarlopez@eoilaseu.cat\">cesarlopez@eoilaseu.cat<\/a><\/td>\n<td style=\"width: 35%;\"><b><\/b><br \/>\nDilluns i dimecres de 15.45 a 16.15<\/td>\n<\/tr>\n<tr>\n<td style=\"width: 10.0833%;\"><img loading=\"lazy\" decoding=\"async\" class=\"alignnone\" src=\"https:\/\/agora-eoi.xtec.cat\/eoilaseudurgell\/wp-content\/plugins\/buddypress\/bp-core\/images\/mystery-man.jpg\" alt=\"\" width=\"36\" height=\"36\" \/><\/td>\n<td style=\"width: 54.1667%;\"><b>Merc\u00e8 \u00a0Solanelles<\/b><br \/>\n<a href=\"mailto:mercesolanelles@eoilaseu.cat\">mercesolanelles@eoilaseu.cat<\/a><\/td>\n<td style=\"width: 35%;\"><b><\/b><br \/>\nDilluns i dimecres de 15.45 a 1615<\/td>\n<\/tr>\n<\/tbody>\n<\/table>\n","protected":false},"excerpt":{"rendered":"<p>Cada curs presencial i d&#8217;actualitzaci\u00f3 t\u00e9 una durada m\u00ednima de 130 hores. L&#8217;horari \u00e9s extensiu: les classes es desenvolupen en dies alterns de dilluns a dijous. Els cursos semipresencials tamb\u00e9 tenen una durada de 130 hores, per\u00f2 nom\u00e9s un dia la setmana de classe presencial. NIVELL DIA HORARI PROFESSOR\/A AULA B\u00e0sic A1 presencial Dimarts-dijous 18.30-20.45 [&hellip;]<\/p>\n","protected":false},"author":1,"featured_media":0,"parent":8189,"menu_order":0,"comment_status":"closed","ping_status":"closed","template":"page-templates\/side-menu.php","meta":{"site-sidebar-layout":"default","site-content-layout":"","ast-site-content-layout":"default","site-content-style":"default","site-sidebar-style":"default","ast-global-header-display":"","ast-banner-title-visibility":"","ast-main-header-display":"","ast-hfb-above-header-display":"","ast-hfb-below-header-display":"","ast-hfb-mobile-header-display":"","site-post-title":"","ast-breadcrumbs-content":"","ast-featured-img":"","footer-sml-layout":"","theme-transparent-header-meta":"","adv-header-id-meta":"","stick-header-meta":"","header-above-stick-meta":"","header-main-stick-meta":"","header-below-stick-meta":"","astra-migrate-meta-layouts":"set","ast-page-background-enabled":"default","ast-page-background-meta":{"desktop":{"background-color":"var(--ast-global-color-4)","background-image":"","background-repeat":"repeat","background-position":"center center","background-size":"auto","background-attachment":"scroll","background-type":"","background-media":"","overlay-type":"","overlay-color":"","overlay-opacity":"","overlay-gradient":""},"tablet":{"background-color":"","background-image":"","background-repeat":"repeat","background-position":"center center","background-size":"auto","background-attachment":"scroll","background-type":"","background-media":"","overlay-type":"","overlay-color":"","overlay-opacity":"","overlay-gradient":""},"mobile":{"background-color":"","background-image":"","background-repeat":"repeat","background-position":"center center","background-size":"auto","background-attachment":"scroll","background-type":"","background-media":"","overlay-type":"","overlay-color":"","overlay-opacity":"","overlay-gradient":""}},"ast-content-background-meta":{"desktop":{"background-color":"var(--ast-global-color-5)","background-image":"","background-repeat":"repeat","background-position":"center center","background-size":"auto","background-attachment":"scroll","background-type":"","background-media":"","overlay-type":"","overlay-color":"","overlay-opacity":"","overlay-gradient":""},"tablet":{"background-color":"var(--ast-global-color-5)","background-image":"","background-repeat":"repeat","background-position":"center center","background-size":"auto","background-attachment":"scroll","background-type":"","background-media":"","overlay-type":"","overlay-color":"","overlay-opacity":"","overlay-gradient":""},"mobile":{"background-color":"var(--ast-global-color-5)","background-image":"","background-repeat":"repeat","background-position":"center center","background-size":"auto","background-attachment":"scroll","background-type":"","background-media":"","overlay-type":"","overlay-color":"","overlay-opacity":"","overlay-gradient":""}},"footnotes":""},"class_list":["post-8229","page","type-page","status-publish","hentry"],"post_mailing_queue_ids":[],"_links":{"self":[{"href":"https:\/\/agora-eoi.xtec.cat\/eoilaseudurgell\/wp-json\/wp\/v2\/pages\/8229","targetHints":{"allow":["GET"]}}],"collection":[{"href":"https:\/\/agora-eoi.xtec.cat\/eoilaseudurgell\/wp-json\/wp\/v2\/pages"}],"about":[{"href":"https:\/\/agora-eoi.xtec.cat\/eoilaseudurgell\/wp-json\/wp\/v2\/types\/page"}],"author":[{"embeddable":true,"href":"https:\/\/agora-eoi.xtec.cat\/eoilaseudurgell\/wp-json\/wp\/v2\/users\/1"}],"replies":[{"embeddable":true,"href":"https:\/\/agora-eoi.xtec.cat\/eoilaseudurgell\/wp-json\/wp\/v2\/comments?post=8229"}],"version-history":[{"count":3,"href":"https:\/\/agora-eoi.xtec.cat\/eoilaseudurgell\/wp-json\/wp\/v2\/pages\/8229\/revisions"}],"predecessor-version":[{"id":9118,"href":"https:\/\/agora-eoi.xtec.cat\/eoilaseudurgell\/wp-json\/wp\/v2\/pages\/8229\/revisions\/9118"}],"up":[{"embeddable":true,"href":"https:\/\/agora-eoi.xtec.cat\/eoilaseudurgell\/wp-json\/wp\/v2\/pages\/8189"}],"wp:attachment":[{"href":"https:\/\/agora-eoi.xtec.cat\/eoilaseudurgell\/wp-json\/wp\/v2\/media?parent=8229"}],"curies":[{"name":"wp","href":"https:\/\/api.w.org\/{rel}","templated":true}]}}