{"id":8166,"date":"2016-06-08T17:01:17","date_gmt":"2016-06-08T16:01:17","guid":{"rendered":"https:\/\/agora-eoi.xtec.cat\/eoilaseudurgell\/?page_id=8166"},"modified":"2016-06-29T10:32:39","modified_gmt":"2016-06-29T09:32:39","slug":"alumnes-nous","status":"publish","type":"page","link":"https:\/\/agora-eoi.xtec.cat\/eoilaseudurgell\/secretaria\/matricula\/alumnes-nous\/","title":{"rendered":"Nous alumnes"},"content":{"rendered":"<p>Qualsevol persona no matriculada en un curs oficial d\u2019un idioma en aquesta escola l\u2019any acad\u00e8mic immediatament anterior es considera nou alumnat d\u2019aquell idioma.<\/p>\n<p><span class=\"arial text12 gris3\"><b>PREINSCRIPCI\u00d3<br \/>\n<\/b><\/span><\/p>\n<p>La preinscripci\u00f3 \u00e9s un tr\u00e0mit obligatori per entrar com alumne\/a nou\/va a l&#8217;EOI XXXX. Es fa telem\u00e0ticament a trav\u00e9s del web:\u00a0<a href=\"http:\/\/www.eoidigital.com\/preinscripcio\/alumnes\/\" target=\"_blank\">http:\/\/www.eoidigital.com\/preinscripcio\/alumnes\/<\/a> o presencialment els dies indicats.<\/p>\n<div class=\"editora\">\n<p>Es considera alumnat nou:<\/p>\n<ul>\n<li>Aquells que accedeixen per primera vegada a l\u2019EOI\u00a0XXXX.<\/li>\n<li>Els que comencen un altre idioma.<\/li>\n<li>Els que han perdut l\u2019oficialitat.<\/li>\n<li>Els que provenen d\u2019una altra EOI.<\/li>\n<li>Alumnes lliures que volen ser oficials.<\/li>\n<\/ul>\n<p>La preinscripci\u00f3 pot ser a:<\/p>\n<ul>\n<li><strong>Primer:<\/strong>\u00a0Si NO es tenen coneixements de l\u2019idioma o es vol comen\u00e7ar des de zero.<\/li>\n<li><strong>Test de nivell:<\/strong>\u00a0Si es tenen coneixements de l\u2019idioma i es vol comen\u00e7ar des d\u2019un nivell superior a 1r i NO es disposa d\u2019un CERTIFICAT de l\u2019idioma segons la taula d\u2019exempcions. En aquest cas s\u2019haur\u00e0 de venir el dia assenyalat a fer el test de nivell.<\/li>\n<li><strong>2n, 3r, 4t, 5\u00e8 o C1:<\/strong> NOM\u00c9S si t\u00e9 aprovat el curs anterior en qualsevol EOI o si t\u00e9 un CERTIFICAT de l\u2019idioma segons la taula d\u2019exempcions. En aquest cas en el moment de fer la matr\u00edcula presencial ha de portar una fotoc\u00f2pia del certificat.<\/li>\n<\/ul>\n<p>La preinscripci\u00f3 es pot fer:<\/p>\n<ul>\n<li>Per <a href=\"http:\/\/www.eoidigital.com\/preinscripcio\/alumnes\/\" target=\"_blank\">via telem\u00e0tica<\/a> del <strong>1 al 4 de setembre<\/strong> de 2015, ambd\u00f3s inclosos.<\/li>\n<li>De manera presencial (en cas de no disposar d&#8217;Internet) a l&#8217;EOI el dia <strong>4 de setembre <\/strong>de 2015 de 10:00 a 13:00h. L&#8217;alumnat de C1 no t\u00e9 aquesta opci\u00f3.<\/li>\n<\/ul>\n<p><b>Proves de nivell<\/b><\/p>\n<\/div>\n<p><a class=\"enllas\" href=\"http:\/\/www.eoiolot.cat\/pdf\/pdf_matricula_12.pdf\" target=\"_blank\">Taula d&#8217;exempcions 15-16 del test de nivell<\/a><\/p>\n<div class=\"editora\">\n<ol>\n<li>El test de nivell nom\u00e9s t\u00e9 valor per a la formalitzaci\u00f3 de la matr\u00edcula i validesa per a un any acad\u00e8mic<\/li>\n<li>Una vegada feta la preinscripci\u00f3 cal consultar al web el dia i hora que es realitzar\u00e0 la prova<\/li>\n<li><strong>El dia 7\u00a0de setembre 2015 <\/strong>s&#8217;haur\u00e0 de consultar a l&#8217;aplicatiu de preinscripci\u00f3 (accedint amb les dades de l&#8217;alumne) si ha estat adm\u00e8s per a fer el test de nivell i en cas afirmatiu consultar quin dia i quina hora es fa el test a l&#8217;Escola (consulta document adjunt). Es fa sorteig en el cas que el nombre de preinscrits sigui superior al nombre de places<\/li>\n<li>La NO presentaci\u00f3 al test de nivell suposa l&#8217;anul\u00b7laci\u00f3 de la preinscripci\u00f3<\/li>\n<li>El test de nivell consisteix en una prova escrita i oral<\/li>\n<li><strong>El dia 17 de setembre 2015 <\/strong>es publicaran a l&#8217;aplicatiu de preinscripci\u00f3 (accedint amb les dades de l&#8217;alumne) els\u00a0resultats del test de nivell i si ha obtingut pla\u00e7a<\/li>\n<\/ol>\n<\/div>\n<div class=\"separacio10\"><\/div>\n<p><span class=\"arial text12 gris3\"><b>MATR\u00cdCULA<\/b><\/span><\/p>\n<p>El dia 17 de setembre de 2015 es publicar\u00e0 al web:<\/p>\n<div class=\"editora\">\n<ul>\n<li>El resultat del test de nivell (accedint a l&#8217;aplicatiu de preinscripci\u00f3 amb les dades de l&#8217;alumne o consultant els llistats a la cartellera de l&#8217;EOI)<\/li>\n<li>El resultat del sorteig de places (accedint a l&#8217;aplicatiu de preinscripci\u00f3 amb les dades de l&#8217;alumne o consultant els llistats a la cartellera de l&#8217;EOI)<\/li>\n<\/ul>\n<p>La matr\u00edcula \u00e9s presencial a l&#8217;EOI XXXX\u00a0seguint l&#8217;ordre segons el n\u00fam. de sorteig realitzat. Cal consultar els dies i l&#8217;horari de matriculaci\u00f3.\u00a0La documentaci\u00f3 per poder realitzar la matr\u00edcula \u00e9s la seg\u00fcent:<\/p>\n<ul>\n<li>DNI, NIE o passaport, original i fotoc\u00f2pia<\/li>\n<li>Impr\u00e8s de matr\u00edcula que us lliuraran a la consergeria o que podeu descarregar <a href=\"#\" target=\"_blank\">aqu\u00ed<\/a>.<\/li>\n<li>Resguard de preinscripci\u00f3<\/li>\n<li>Carnet de fam\u00edlia nombrosa, fam\u00edlia monoparental o minusvalidesa =&lt;33% en vig\u00e8ncia,\u00a0original i fotoc\u00f2pia (si escau)<\/li>\n<li>Documentaci\u00f3 acreditativa del nivell en cas que la vostra preinscripci\u00f3 fos a 2n, 3r, 4t o 5\u00e8 (si escau)<\/li>\n<\/ul>\n<p><strong>TAXES<\/strong><\/p>\n<p>Lorem ipsum dolor sit amet, consectetur adipiscing elit. Suspendisse dapibus massa et orci congue efficitur. Cum sociis natoque penatibus et magnis dis parturient montes, nascetur ridiculus mus. Nunc egestas mi ac lectus tincidunt, eu rhoncus orci elementum.<\/p>\n<\/div>\n","protected":false},"excerpt":{"rendered":"<p>Qualsevol persona no matriculada en un curs oficial d\u2019un idioma en aquesta escola l\u2019any acad\u00e8mic immediatament anterior es considera nou alumnat d\u2019aquell idioma. PREINSCRIPCI\u00d3 La preinscripci\u00f3 \u00e9s un tr\u00e0mit obligatori per entrar com alumne\/a nou\/va a l&#8217;EOI XXXX. Es fa telem\u00e0ticament a trav\u00e9s del web:\u00a0http:\/\/www.eoidigital.com\/preinscripcio\/alumnes\/ o presencialment els dies indicats. Es considera alumnat nou: Aquells [&hellip;]<\/p>\n","protected":false},"author":1,"featured_media":0,"parent":8161,"menu_order":20,"comment_status":"closed","ping_status":"closed","template":"page-templates\/side-menu.php","meta":{"site-sidebar-layout":"default","site-content-layout":"","ast-site-content-layout":"","site-content-style":"default","site-sidebar-style":"default","ast-global-header-display":"","ast-banner-title-visibility":"","ast-main-header-display":"","ast-hfb-above-header-display":"","ast-hfb-below-header-display":"","ast-hfb-mobile-header-display":"","site-post-title":"","ast-breadcrumbs-content":"","ast-featured-img":"","footer-sml-layout":"","theme-transparent-header-meta":"","adv-header-id-meta":"","stick-header-meta":"","header-above-stick-meta":"","header-main-stick-meta":"","header-below-stick-meta":"","astra-migrate-meta-layouts":"default","ast-page-background-enabled":"default","ast-page-background-meta":{"desktop":{"background-color":"var(--ast-global-color-4)","background-image":"","background-repeat":"repeat","background-position":"center center","background-size":"auto","background-attachment":"scroll","background-type":"","background-media":"","overlay-type":"","overlay-color":"","overlay-opacity":"","overlay-gradient":""},"tablet":{"background-color":"","background-image":"","background-repeat":"repeat","background-position":"center center","background-size":"auto","background-attachment":"scroll","background-type":"","background-media":"","overlay-type":"","overlay-color":"","overlay-opacity":"","overlay-gradient":""},"mobile":{"background-color":"","background-image":"","background-repeat":"repeat","background-position":"center center","background-size":"auto","background-attachment":"scroll","background-type":"","background-media":"","overlay-type":"","overlay-color":"","overlay-opacity":"","overlay-gradient":""}},"ast-content-background-meta":{"desktop":{"background-color":"var(--ast-global-color-5)","background-image":"","background-repeat":"repeat","background-position":"center center","background-size":"auto","background-attachment":"scroll","background-type":"","background-media":"","overlay-type":"","overlay-color":"","overlay-opacity":"","overlay-gradient":""},"tablet":{"background-color":"var(--ast-global-color-5)","background-image":"","background-repeat":"repeat","background-position":"center center","background-size":"auto","background-attachment":"scroll","background-type":"","background-media":"","overlay-type":"","overlay-color":"","overlay-opacity":"","overlay-gradient":""},"mobile":{"background-color":"var(--ast-global-color-5)","background-image":"","background-repeat":"repeat","background-position":"center center","background-size":"auto","background-attachment":"scroll","background-type":"","background-media":"","overlay-type":"","overlay-color":"","overlay-opacity":"","overlay-gradient":""}},"footnotes":""},"class_list":["post-8166","page","type-page","status-publish","hentry"],"post_mailing_queue_ids":[],"_links":{"self":[{"href":"https:\/\/agora-eoi.xtec.cat\/eoilaseudurgell\/wp-json\/wp\/v2\/pages\/8166","targetHints":{"allow":["GET"]}}],"collection":[{"href":"https:\/\/agora-eoi.xtec.cat\/eoilaseudurgell\/wp-json\/wp\/v2\/pages"}],"about":[{"href":"https:\/\/agora-eoi.xtec.cat\/eoilaseudurgell\/wp-json\/wp\/v2\/types\/page"}],"author":[{"embeddable":true,"href":"https:\/\/agora-eoi.xtec.cat\/eoilaseudurgell\/wp-json\/wp\/v2\/users\/1"}],"replies":[{"embeddable":true,"href":"https:\/\/agora-eoi.xtec.cat\/eoilaseudurgell\/wp-json\/wp\/v2\/comments?post=8166"}],"version-history":[{"count":0,"href":"https:\/\/agora-eoi.xtec.cat\/eoilaseudurgell\/wp-json\/wp\/v2\/pages\/8166\/revisions"}],"up":[{"embeddable":true,"href":"https:\/\/agora-eoi.xtec.cat\/eoilaseudurgell\/wp-json\/wp\/v2\/pages\/8161"}],"wp:attachment":[{"href":"https:\/\/agora-eoi.xtec.cat\/eoilaseudurgell\/wp-json\/wp\/v2\/media?parent=8166"}],"curies":[{"name":"wp","href":"https:\/\/api.w.org\/{rel}","templated":true}]}}