{"id":8164,"date":"2016-06-08T17:00:04","date_gmt":"2016-06-08T16:00:04","guid":{"rendered":"https:\/\/agora-eoi.xtec.cat\/eoilaseudurgell\/?page_id=8164"},"modified":"2016-06-29T10:31:40","modified_gmt":"2016-06-29T09:31:40","slug":"alumnes-antics","status":"publish","type":"page","link":"https:\/\/agora-eoi.xtec.cat\/eoilaseudurgell\/secretaria\/matricula\/alumnes-antics\/","title":{"rendered":"Antics alumnes"},"content":{"rendered":"<p>Es considera un alumne &#8220;antic&#8221; a qualsevol persona matriculada en un curs oficial d\u2019un idioma en aquesta escola l\u2019any acad\u00e8mic immediatament anterior.<\/p>\n<p><strong>Normes i procediment abreujat<\/strong><\/p>\n<ol>\n<li>Hi ha una\u00a0<a href=\"https:\/\/www.eoidigital.com\/preinscripcio\/alumnes\/index.php\" target=\"_blank\">preinscripci\u00f3 obligat\u00f2ria<\/a>\u00a0(el candidat o candidata es pot preinscriure de 1r o d\u2019un nivell superior).<\/li>\n<li>Per accedir a un curs superior a 1r cal:\n<ul>\n<li>preinscriure\u2019s a test de nivell (el nombre de places per fer el test de nivell \u00e9s limitat i s\u2019hi accedeix per un sorteig previ).<\/li>\n<\/ul>\n<ul>\n<li>o preinscriure&#8217;s a un nivell determinat perqu\u00e8\n<ul>\n<li>es t\u00e9 un curs o certificat d\u2019una EOI aprovat<\/li>\n<li>es t\u00e9 una equival\u00e8ncia reconeguda a la taula que es publica abans de la matr\u00edcula.\u00a0<a href=\"http:\/\/portaldogc.gencat.cat\/utilsEADOP\/PDF\/6883\/1428103.pdf\" target=\"_blank\">Veure enlla\u00e7 aqu\u00ed<\/a>\u00a0(p\u00e0gina 4).<\/li>\n<li>es t\u00e9 el t\u00edtol de batxillerat (nom\u00e9s per a la llengua que s\u2019hagi cursat com a 1a llengua estrangera), que habilita per accedir a 3r curs.<\/li>\n<\/ul>\n<\/li>\n<\/ul>\n<\/li>\n<li>L\u2019ordre de matr\u00edcula ve determinat per un sorteig d\u2019adjudicaci\u00f3 de places.<\/li>\n<\/ol>\n<p>No est\u00e0 perm\u00e8s matricular-se com a alumnat oficial i lliure del mateix idioma, dintre del mateix any acad\u00e8mic.<\/p>\n<p>Els candidats s\u2019han de matricular en un horari que els vagi b\u00e9, ja que els canvis d\u2019horari nom\u00e9s s\u2019acceptaran, segons la disponibilitat de places, en casos especials i justificats documentalment, per un canvi de circumst\u00e0ncies vitals posteriors a la data de matr\u00edcula.<\/p>\n<p><strong>Taxes<\/strong><\/p>\n<p>Lorem ipsum dolor sit amet, consectetur adipiscing elit. Suspendisse dapibus massa et orci congue efficitur. Cum sociis natoque penatibus et magnis dis parturient montes, nascetur ridiculus mus. Nunc egestas mi ac lectus tincidunt, eu rhoncus orci elementum. Pellentesque finibus ipsum vel est vestibulum pulvinar. Pellentesque maximus est in nunc rutrum tincidunt. Vivamus hendrerit lacus non eros dignissim sollicitudin ac egestas lacus. Etiam facilisis, justo eget laoreet dictum, turpis justo vehicula neque, a dictum neque est ut urna. Fusce ac lorem suscipit nisi commodo rhoncus at nec lacus. Nulla imperdiet, diam ut fringilla tempor, leo risus ornare erat, ut rutrum leo mauris eu sapien. In venenatis eget massa a rutrum. Aenean facilisis laoreet faucibus.<\/p>\n","protected":false},"excerpt":{"rendered":"<p>Es considera un alumne &#8220;antic&#8221; a qualsevol persona matriculada en un curs oficial d\u2019un idioma en aquesta escola l\u2019any acad\u00e8mic immediatament anterior. Normes i procediment abreujat Hi ha una\u00a0preinscripci\u00f3 obligat\u00f2ria\u00a0(el candidat o candidata es pot preinscriure de 1r o d\u2019un nivell superior). Per accedir a un curs superior a 1r cal: preinscriure\u2019s a test de [&hellip;]<\/p>\n","protected":false},"author":1,"featured_media":0,"parent":8161,"menu_order":10,"comment_status":"closed","ping_status":"closed","template":"page-templates\/side-menu.php","meta":{"site-sidebar-layout":"default","site-content-layout":"","ast-site-content-layout":"","site-content-style":"default","site-sidebar-style":"default","ast-global-header-display":"","ast-banner-title-visibility":"","ast-main-header-display":"","ast-hfb-above-header-display":"","ast-hfb-below-header-display":"","ast-hfb-mobile-header-display":"","site-post-title":"","ast-breadcrumbs-content":"","ast-featured-img":"","footer-sml-layout":"","theme-transparent-header-meta":"","adv-header-id-meta":"","stick-header-meta":"","header-above-stick-meta":"","header-main-stick-meta":"","header-below-stick-meta":"","astra-migrate-meta-layouts":"default","ast-page-background-enabled":"default","ast-page-background-meta":{"desktop":{"background-color":"var(--ast-global-color-4)","background-image":"","background-repeat":"repeat","background-position":"center center","background-size":"auto","background-attachment":"scroll","background-type":"","background-media":"","overlay-type":"","overlay-color":"","overlay-opacity":"","overlay-gradient":""},"tablet":{"background-color":"","background-image":"","background-repeat":"repeat","background-position":"center center","background-size":"auto","background-attachment":"scroll","background-type":"","background-media":"","overlay-type":"","overlay-color":"","overlay-opacity":"","overlay-gradient":""},"mobile":{"background-color":"","background-image":"","background-repeat":"repeat","background-position":"center center","background-size":"auto","background-attachment":"scroll","background-type":"","background-media":"","overlay-type":"","overlay-color":"","overlay-opacity":"","overlay-gradient":""}},"ast-content-background-meta":{"desktop":{"background-color":"var(--ast-global-color-5)","background-image":"","background-repeat":"repeat","background-position":"center center","background-size":"auto","background-attachment":"scroll","background-type":"","background-media":"","overlay-type":"","overlay-color":"","overlay-opacity":"","overlay-gradient":""},"tablet":{"background-color":"var(--ast-global-color-5)","background-image":"","background-repeat":"repeat","background-position":"center center","background-size":"auto","background-attachment":"scroll","background-type":"","background-media":"","overlay-type":"","overlay-color":"","overlay-opacity":"","overlay-gradient":""},"mobile":{"background-color":"var(--ast-global-color-5)","background-image":"","background-repeat":"repeat","background-position":"center center","background-size":"auto","background-attachment":"scroll","background-type":"","background-media":"","overlay-type":"","overlay-color":"","overlay-opacity":"","overlay-gradient":""}},"footnotes":""},"class_list":["post-8164","page","type-page","status-publish","hentry"],"post_mailing_queue_ids":[],"_links":{"self":[{"href":"https:\/\/agora-eoi.xtec.cat\/eoilaseudurgell\/wp-json\/wp\/v2\/pages\/8164","targetHints":{"allow":["GET"]}}],"collection":[{"href":"https:\/\/agora-eoi.xtec.cat\/eoilaseudurgell\/wp-json\/wp\/v2\/pages"}],"about":[{"href":"https:\/\/agora-eoi.xtec.cat\/eoilaseudurgell\/wp-json\/wp\/v2\/types\/page"}],"author":[{"embeddable":true,"href":"https:\/\/agora-eoi.xtec.cat\/eoilaseudurgell\/wp-json\/wp\/v2\/users\/1"}],"replies":[{"embeddable":true,"href":"https:\/\/agora-eoi.xtec.cat\/eoilaseudurgell\/wp-json\/wp\/v2\/comments?post=8164"}],"version-history":[{"count":0,"href":"https:\/\/agora-eoi.xtec.cat\/eoilaseudurgell\/wp-json\/wp\/v2\/pages\/8164\/revisions"}],"up":[{"embeddable":true,"href":"https:\/\/agora-eoi.xtec.cat\/eoilaseudurgell\/wp-json\/wp\/v2\/pages\/8161"}],"wp:attachment":[{"href":"https:\/\/agora-eoi.xtec.cat\/eoilaseudurgell\/wp-json\/wp\/v2\/media?parent=8164"}],"curies":[{"name":"wp","href":"https:\/\/api.w.org\/{rel}","templated":true}]}}