{"id":8161,"date":"2016-06-08T16:52:40","date_gmt":"2016-06-08T15:52:40","guid":{"rendered":"https:\/\/agora-eoi.xtec.cat\/eoilaseudurgell\/?page_id=8161"},"modified":"2016-06-15T13:06:34","modified_gmt":"2016-06-15T12:06:34","slug":"matricula","status":"publish","type":"page","link":"https:\/\/agora-eoi.xtec.cat\/eoilaseudurgell\/secretaria\/matricula\/","title":{"rendered":"Matr\u00edcula"},"content":{"rendered":"<p>Lorem ipsum dolor sit amet, consectetur adipiscing elit. Quisque eget gravida nisi. Vivamus semper lacinia felis, in fermentum est porta sit amet. Morbi tincidunt, nisl ut aliquam sodales, tortor orci faucibus nibh, sed laoreet ante felis sed est. Quisque elementum turpis eu euismod consectetur. Aliquam ullamcorper dolor vel pellentesque porttitor. Morbi sagittis tristique hendrerit. Aliquam mattis risus sed interdum aliquet. Suspendisse volutpat tincidunt quam ac imperdiet. Vestibulum ante ipsum primis in faucibus orci luctus et ultrices posuere cubilia Curae;<\/p>\n<p>In quis aliquet ipsum. Ut pulvinar sit amet elit ac cursus. Duis consequat tortor eu tortor pellentesque bibendum. Sed volutpat laoreet consectetur. Class aptent taciti sociosqu ad litora torquent per conubia nostra, per inceptos himenaeos. Mauris imperdiet nisi felis, et molestie justo pharetra in. Fusce id est vel nulla volutpat blandit id in lacus. Donec finibus mollis rhoncus. Vivamus lacinia volutpat nulla, ac dignissim dolor. Morbi volutpat, neque ut tincidunt eleifend, ipsum ligula molestie leo, facilisis molestie purus dui nec tortor. Phasellus eu varius urna. Donec maximus fringilla malesuada. Quisque rhoncus lorem enim, eget scelerisque diam dignissim sed.<\/p>\n<p>&nbsp;<\/p>\n<p><strong>TAXES <\/strong>(segons Ordre ENS\/100\/2015)<\/p>\n<ul>\n<li>Matr\u00edcula oficial:\u00a0275\u00a0\u20ac\u00a0taxa oficial +\u00a030 euros\u00a0taxa de serveis d\u2019escola (*)<\/li>\n<li>Matr\u00edcula oficial de repetidors (1a vegada):\u00a0357,50 \u20ac\u00a0taxa oficial +\u00a030 euros\u00a0taxa de serveis d\u2019escola (*)<\/li>\n<li>Matr\u00edcula oficial de repetidors (2a vegada): <strong>495 \u20ac<\/strong>\u00a0 taxa oficial +\u00a030 euros\u00a0taxa de serveis d\u2019escola (*)<\/li>\n<\/ul>\n<p><strong>Alumnat lliure<\/strong><\/p>\n<ul>\n<li>Matr\u00edcula i drets d&#8217;examen del certificat de nivell intermedi: 72,45 euros.<\/li>\n<li>Matr\u00edcula i drets d&#8217;examen del certificat de nivell avan\u00e7at: 89,25 euros.<\/li>\n<li>Matr\u00edcula i drets d&#8217;examen del certificat de nivell C1: 100\u00a0euros.<\/li>\n<\/ul>\n<p><strong>Bonificacions i exempcions<\/strong> (pr\u00e8via acreditaci\u00f3 documental)<\/p>\n<ul>\n<li>Bonificaci\u00f3 del\u00a050 %\u00a0de l\u2019import:\n<ul>\n<li>\u200bper als membres de fam\u00edlia nombrosa de categoria general<\/li>\n<li>per als membres de fam\u00edlies monoparentals de categoria general i especial<\/li>\n<\/ul>\n<\/li>\n<li>\u200bExempci\u00f3 del\u00a0100%\u00a0de l&#8217;import:\n<ul>\n<li>\u200bper als membres de fam\u00edlia nombrosa de categoria especial<\/li>\n<li>per a les v\u00edctimes de terrorisme (i els seus c\u00f2njuges i els seus fills)<\/li>\n<li>per a les persones amb dicapacitat igual o superior al 33%<\/li>\n<\/ul>\n<\/li>\n<\/ul>\n<p>Tamb\u00e9 queden exclosos del pagament de les taxes acad\u00e8miques els alumnes inclosos en el pla de reserves de places per a professorat.<\/p>\n<p>&nbsp;<\/p>\n<p>(*)\u00a0La\u00a0taxa complement\u00e0ria per serveis d&#8217;escola\u00a0de 30 euros \u00e9s aprovada per la Junta de Directors de les EOI i autoritzada pel Departament d\u2019Ensenyament.<\/p>\n<p>Aquesta quota, que complementa l\u2019assignaci\u00f3 que la Generalitat d\u00f3na als centres per a manteniment i funcionament b\u00e0sic, possibilita el nivell de prestacions que el centre ofereix i el manteniment i millora de les instal\u00b7lacions i recursos pedag\u00f2gics i tecnol\u00f2gics del centre.<\/p>\n<p>Els alumnes que es matriculen a m\u00e9s d&#8217;un idioma, fan una sola aportaci\u00f3 de serveis d&#8217;escola.<\/p>\n<p>&nbsp;<\/p>\n","protected":false},"excerpt":{"rendered":"<p>Lorem ipsum dolor sit amet, consectetur adipiscing elit. Quisque eget gravida nisi. Vivamus semper lacinia felis, in fermentum est porta sit amet. Morbi tincidunt, nisl ut aliquam sodales, tortor orci faucibus nibh, sed laoreet ante felis sed est. Quisque elementum turpis eu euismod consectetur. Aliquam ullamcorper dolor vel pellentesque porttitor. Morbi sagittis tristique hendrerit. Aliquam [&hellip;]<\/p>\n","protected":false},"author":1,"featured_media":0,"parent":8358,"menu_order":20,"comment_status":"closed","ping_status":"closed","template":"page-templates\/side-menu.php","meta":{"site-sidebar-layout":"default","site-content-layout":"","ast-site-content-layout":"","site-content-style":"default","site-sidebar-style":"default","ast-global-header-display":"","ast-banner-title-visibility":"","ast-main-header-display":"","ast-hfb-above-header-display":"","ast-hfb-below-header-display":"","ast-hfb-mobile-header-display":"","site-post-title":"","ast-breadcrumbs-content":"","ast-featured-img":"","footer-sml-layout":"","theme-transparent-header-meta":"","adv-header-id-meta":"","stick-header-meta":"","header-above-stick-meta":"","header-main-stick-meta":"","header-below-stick-meta":"","astra-migrate-meta-layouts":"default","ast-page-background-enabled":"default","ast-page-background-meta":{"desktop":{"background-color":"var(--ast-global-color-4)","background-image":"","background-repeat":"repeat","background-position":"center center","background-size":"auto","background-attachment":"scroll","background-type":"","background-media":"","overlay-type":"","overlay-color":"","overlay-opacity":"","overlay-gradient":""},"tablet":{"background-color":"","background-image":"","background-repeat":"repeat","background-position":"center center","background-size":"auto","background-attachment":"scroll","background-type":"","background-media":"","overlay-type":"","overlay-color":"","overlay-opacity":"","overlay-gradient":""},"mobile":{"background-color":"","background-image":"","background-repeat":"repeat","background-position":"center center","background-size":"auto","background-attachment":"scroll","background-type":"","background-media":"","overlay-type":"","overlay-color":"","overlay-opacity":"","overlay-gradient":""}},"ast-content-background-meta":{"desktop":{"background-color":"var(--ast-global-color-5)","background-image":"","background-repeat":"repeat","background-position":"center center","background-size":"auto","background-attachment":"scroll","background-type":"","background-media":"","overlay-type":"","overlay-color":"","overlay-opacity":"","overlay-gradient":""},"tablet":{"background-color":"var(--ast-global-color-5)","background-image":"","background-repeat":"repeat","background-position":"center center","background-size":"auto","background-attachment":"scroll","background-type":"","background-media":"","overlay-type":"","overlay-color":"","overlay-opacity":"","overlay-gradient":""},"mobile":{"background-color":"var(--ast-global-color-5)","background-image":"","background-repeat":"repeat","background-position":"center center","background-size":"auto","background-attachment":"scroll","background-type":"","background-media":"","overlay-type":"","overlay-color":"","overlay-opacity":"","overlay-gradient":""}},"footnotes":""},"class_list":["post-8161","page","type-page","status-publish","hentry"],"post_mailing_queue_ids":[],"_links":{"self":[{"href":"https:\/\/agora-eoi.xtec.cat\/eoilaseudurgell\/wp-json\/wp\/v2\/pages\/8161","targetHints":{"allow":["GET"]}}],"collection":[{"href":"https:\/\/agora-eoi.xtec.cat\/eoilaseudurgell\/wp-json\/wp\/v2\/pages"}],"about":[{"href":"https:\/\/agora-eoi.xtec.cat\/eoilaseudurgell\/wp-json\/wp\/v2\/types\/page"}],"author":[{"embeddable":true,"href":"https:\/\/agora-eoi.xtec.cat\/eoilaseudurgell\/wp-json\/wp\/v2\/users\/1"}],"replies":[{"embeddable":true,"href":"https:\/\/agora-eoi.xtec.cat\/eoilaseudurgell\/wp-json\/wp\/v2\/comments?post=8161"}],"version-history":[{"count":0,"href":"https:\/\/agora-eoi.xtec.cat\/eoilaseudurgell\/wp-json\/wp\/v2\/pages\/8161\/revisions"}],"up":[{"embeddable":true,"href":"https:\/\/agora-eoi.xtec.cat\/eoilaseudurgell\/wp-json\/wp\/v2\/pages\/8358"}],"wp:attachment":[{"href":"https:\/\/agora-eoi.xtec.cat\/eoilaseudurgell\/wp-json\/wp\/v2\/media?parent=8161"}],"curies":[{"name":"wp","href":"https:\/\/api.w.org\/{rel}","templated":true}]}}