{"id":8158,"date":"2016-06-08T16:47:01","date_gmt":"2016-06-08T15:47:01","guid":{"rendered":"https:\/\/agora-eoi.xtec.cat\/eoilaseudurgell\/?page_id=8158"},"modified":"2016-06-16T16:55:15","modified_gmt":"2016-06-16T15:55:15","slug":"cursos-especials","status":"publish","type":"page","link":"https:\/\/agora-eoi.xtec.cat\/eoilaseudurgell\/cursos\/cursos-especials\/","title":{"rendered":"Cursos especials"},"content":{"rendered":"<p><strong>CURSOS MONOGR\u00c0FICS<\/strong><\/p>\n<p>Es consideren cursos monogr\u00e0fics els cursos de llengua d&#8217;especialitat (negocis, llenguatge jur\u00eddic, m\u00e8dic&#8230;), d&#8217;aprofundiment en el coneixement de la realitat sociocultural dels pa\u00efsos on es parla la llengua objecte d&#8217;estudi (literatura, hist\u00f2ria, civilitzaci\u00f3, costums, institucions&#8230;.), o b\u00e9 de treball d&#8217;actualitzaci\u00f3 ling\u00fc\u00edstica o de treball espec\u00edfic per destreses.<\/p>\n<p><strong>CURS DE LLENGUA INSTRUMENTAL<\/strong><\/p>\n<p>Els cursos d&#8217;actualitzaci\u00f3 i perfeccionament de llengua instrumental estan adre\u00e7ats a qualsevol persona, des de primer fins a cinqu\u00e8 curs d&#8217;escola oficial d&#8217;idiomes.<\/p>\n<p>S\u00f3n cursos intensius o b\u00e9 extensius impartits al llarg de l&#8217;any o b\u00e9 a l&#8217;estiu amb una durada m\u00ednima de 30 hores i m\u00e0xima de 90 hores.<\/p>\n","protected":false},"excerpt":{"rendered":"<p>CURSOS MONOGR\u00c0FICS Es consideren cursos monogr\u00e0fics els cursos de llengua d&#8217;especialitat (negocis, llenguatge jur\u00eddic, m\u00e8dic&#8230;), d&#8217;aprofundiment en el coneixement de la realitat sociocultural dels pa\u00efsos on es parla la llengua objecte d&#8217;estudi (literatura, hist\u00f2ria, civilitzaci\u00f3, costums, institucions&#8230;.), o b\u00e9 de treball d&#8217;actualitzaci\u00f3 ling\u00fc\u00edstica o de treball espec\u00edfic per destreses. CURS DE LLENGUA INSTRUMENTAL Els cursos [&hellip;]<\/p>\n","protected":false},"author":1,"featured_media":0,"parent":8149,"menu_order":30,"comment_status":"closed","ping_status":"closed","template":"page-templates\/side-menu.php","meta":{"site-sidebar-layout":"default","site-content-layout":"","ast-site-content-layout":"","site-content-style":"default","site-sidebar-style":"default","ast-global-header-display":"","ast-banner-title-visibility":"","ast-main-header-display":"","ast-hfb-above-header-display":"","ast-hfb-below-header-display":"","ast-hfb-mobile-header-display":"","site-post-title":"","ast-breadcrumbs-content":"","ast-featured-img":"","footer-sml-layout":"","theme-transparent-header-meta":"","adv-header-id-meta":"","stick-header-meta":"","header-above-stick-meta":"","header-main-stick-meta":"","header-below-stick-meta":"","astra-migrate-meta-layouts":"default","ast-page-background-enabled":"default","ast-page-background-meta":{"desktop":{"background-color":"var(--ast-global-color-4)","background-image":"","background-repeat":"repeat","background-position":"center center","background-size":"auto","background-attachment":"scroll","background-type":"","background-media":"","overlay-type":"","overlay-color":"","overlay-opacity":"","overlay-gradient":""},"tablet":{"background-color":"","background-image":"","background-repeat":"repeat","background-position":"center center","background-size":"auto","background-attachment":"scroll","background-type":"","background-media":"","overlay-type":"","overlay-color":"","overlay-opacity":"","overlay-gradient":""},"mobile":{"background-color":"","background-image":"","background-repeat":"repeat","background-position":"center center","background-size":"auto","background-attachment":"scroll","background-type":"","background-media":"","overlay-type":"","overlay-color":"","overlay-opacity":"","overlay-gradient":""}},"ast-content-background-meta":{"desktop":{"background-color":"var(--ast-global-color-5)","background-image":"","background-repeat":"repeat","background-position":"center center","background-size":"auto","background-attachment":"scroll","background-type":"","background-media":"","overlay-type":"","overlay-color":"","overlay-opacity":"","overlay-gradient":""},"tablet":{"background-color":"var(--ast-global-color-5)","background-image":"","background-repeat":"repeat","background-position":"center center","background-size":"auto","background-attachment":"scroll","background-type":"","background-media":"","overlay-type":"","overlay-color":"","overlay-opacity":"","overlay-gradient":""},"mobile":{"background-color":"var(--ast-global-color-5)","background-image":"","background-repeat":"repeat","background-position":"center center","background-size":"auto","background-attachment":"scroll","background-type":"","background-media":"","overlay-type":"","overlay-color":"","overlay-opacity":"","overlay-gradient":""}},"footnotes":""},"class_list":["post-8158","page","type-page","status-publish","hentry"],"post_mailing_queue_ids":[],"_links":{"self":[{"href":"https:\/\/agora-eoi.xtec.cat\/eoilaseudurgell\/wp-json\/wp\/v2\/pages\/8158","targetHints":{"allow":["GET"]}}],"collection":[{"href":"https:\/\/agora-eoi.xtec.cat\/eoilaseudurgell\/wp-json\/wp\/v2\/pages"}],"about":[{"href":"https:\/\/agora-eoi.xtec.cat\/eoilaseudurgell\/wp-json\/wp\/v2\/types\/page"}],"author":[{"embeddable":true,"href":"https:\/\/agora-eoi.xtec.cat\/eoilaseudurgell\/wp-json\/wp\/v2\/users\/1"}],"replies":[{"embeddable":true,"href":"https:\/\/agora-eoi.xtec.cat\/eoilaseudurgell\/wp-json\/wp\/v2\/comments?post=8158"}],"version-history":[{"count":0,"href":"https:\/\/agora-eoi.xtec.cat\/eoilaseudurgell\/wp-json\/wp\/v2\/pages\/8158\/revisions"}],"up":[{"embeddable":true,"href":"https:\/\/agora-eoi.xtec.cat\/eoilaseudurgell\/wp-json\/wp\/v2\/pages\/8149"}],"wp:attachment":[{"href":"https:\/\/agora-eoi.xtec.cat\/eoilaseudurgell\/wp-json\/wp\/v2\/media?parent=8158"}],"curies":[{"name":"wp","href":"https:\/\/api.w.org\/{rel}","templated":true}]}}