{"id":318,"date":"2015-11-24T18:18:24","date_gmt":"2015-11-24T17:18:24","guid":{"rendered":"https:\/\/agora-eoi.xtec.cat\/eoilaseudurgell\/?page_id=318"},"modified":"2025-02-04T23:18:50","modified_gmt":"2025-02-04T22:18:50","slug":"on-som","status":"publish","type":"page","link":"https:\/\/agora-eoi.xtec.cat\/eoilaseudurgell\/el-servei-educatiu\/on-som\/","title":{"rendered":"On som"},"content":{"rendered":"<p><strong>Escola Oficial d&#8217;Idiomes la Seu d&#8217;Urgell<br \/>\n<\/strong>C. Capdevila 29, 1r pis<br \/>\n25700 la Seu d&#8217;Urgell<br \/>\ntel. 973354446<br \/>\neoilaseudurgell@xtec.cat<code><\/code><\/p>\n<p><a href=\"https:\/\/maps.app.goo.gl\/zXtio7WDonKsE3Cj8\">Google maps<\/a><\/p>\n<p>L&#8217;Escola es troba en l&#8217;antic edifici de Les Monges.<\/p>\n<p>L&#8217;estaci\u00f3 d&#8217;autobusos es troba a dos minuts de l&#8217;Escola i l&#8217;aparcament del Doctor Peir\u00f3 est\u00e0 a cinc minuts.<\/p>\n","protected":false},"excerpt":{"rendered":"<p>Escola Oficial d&#8217;Idiomes la Seu d&#8217;Urgell C. Capdevila 29, 1r pis 25700 la Seu d&#8217;Urgell tel. 973354446 eoilaseudurgell@xtec.cat Google maps L&#8217;Escola es troba en l&#8217;antic edifici de Les Monges. L&#8217;estaci\u00f3 d&#8217;autobusos es troba a dos minuts de l&#8217;Escola i l&#8217;aparcament del Doctor Peir\u00f3 est\u00e0 a cinc minuts.<\/p>\n","protected":false},"author":1,"featured_media":0,"parent":806,"menu_order":70,"comment_status":"closed","ping_status":"closed","template":"page-templates\/side-menu.php","meta":{"site-sidebar-layout":"default","site-content-layout":"","ast-site-content-layout":"default","site-content-style":"default","site-sidebar-style":"default","ast-global-header-display":"","ast-banner-title-visibility":"","ast-main-header-display":"","ast-hfb-above-header-display":"","ast-hfb-below-header-display":"","ast-hfb-mobile-header-display":"","site-post-title":"","ast-breadcrumbs-content":"","ast-featured-img":"","footer-sml-layout":"","theme-transparent-header-meta":"","adv-header-id-meta":"","stick-header-meta":"","header-above-stick-meta":"","header-main-stick-meta":"","header-below-stick-meta":"","astra-migrate-meta-layouts":"set","ast-page-background-enabled":"default","ast-page-background-meta":{"desktop":{"background-color":"var(--ast-global-color-4)","background-image":"","background-repeat":"repeat","background-position":"center center","background-size":"auto","background-attachment":"scroll","background-type":"","background-media":"","overlay-type":"","overlay-color":"","overlay-opacity":"","overlay-gradient":""},"tablet":{"background-color":"","background-image":"","background-repeat":"repeat","background-position":"center center","background-size":"auto","background-attachment":"scroll","background-type":"","background-media":"","overlay-type":"","overlay-color":"","overlay-opacity":"","overlay-gradient":""},"mobile":{"background-color":"","background-image":"","background-repeat":"repeat","background-position":"center center","background-size":"auto","background-attachment":"scroll","background-type":"","background-media":"","overlay-type":"","overlay-color":"","overlay-opacity":"","overlay-gradient":""}},"ast-content-background-meta":{"desktop":{"background-color":"var(--ast-global-color-5)","background-image":"","background-repeat":"repeat","background-position":"center center","background-size":"auto","background-attachment":"scroll","background-type":"","background-media":"","overlay-type":"","overlay-color":"","overlay-opacity":"","overlay-gradient":""},"tablet":{"background-color":"var(--ast-global-color-5)","background-image":"","background-repeat":"repeat","background-position":"center center","background-size":"auto","background-attachment":"scroll","background-type":"","background-media":"","overlay-type":"","overlay-color":"","overlay-opacity":"","overlay-gradient":""},"mobile":{"background-color":"var(--ast-global-color-5)","background-image":"","background-repeat":"repeat","background-position":"center center","background-size":"auto","background-attachment":"scroll","background-type":"","background-media":"","overlay-type":"","overlay-color":"","overlay-opacity":"","overlay-gradient":""}},"footnotes":""},"class_list":["post-318","page","type-page","status-publish","hentry"],"post_mailing_queue_ids":[],"_links":{"self":[{"href":"https:\/\/agora-eoi.xtec.cat\/eoilaseudurgell\/wp-json\/wp\/v2\/pages\/318","targetHints":{"allow":["GET"]}}],"collection":[{"href":"https:\/\/agora-eoi.xtec.cat\/eoilaseudurgell\/wp-json\/wp\/v2\/pages"}],"about":[{"href":"https:\/\/agora-eoi.xtec.cat\/eoilaseudurgell\/wp-json\/wp\/v2\/types\/page"}],"author":[{"embeddable":true,"href":"https:\/\/agora-eoi.xtec.cat\/eoilaseudurgell\/wp-json\/wp\/v2\/users\/1"}],"replies":[{"embeddable":true,"href":"https:\/\/agora-eoi.xtec.cat\/eoilaseudurgell\/wp-json\/wp\/v2\/comments?post=318"}],"version-history":[{"count":6,"href":"https:\/\/agora-eoi.xtec.cat\/eoilaseudurgell\/wp-json\/wp\/v2\/pages\/318\/revisions"}],"predecessor-version":[{"id":9006,"href":"https:\/\/agora-eoi.xtec.cat\/eoilaseudurgell\/wp-json\/wp\/v2\/pages\/318\/revisions\/9006"}],"up":[{"embeddable":true,"href":"https:\/\/agora-eoi.xtec.cat\/eoilaseudurgell\/wp-json\/wp\/v2\/pages\/806"}],"wp:attachment":[{"href":"https:\/\/agora-eoi.xtec.cat\/eoilaseudurgell\/wp-json\/wp\/v2\/media?parent=318"}],"curies":[{"name":"wp","href":"https:\/\/api.w.org\/{rel}","templated":true}]}}