{"id":9743,"date":"2025-07-14T12:39:05","date_gmt":"2025-07-14T10:39:05","guid":{"rendered":"https:\/\/agora-eoi.xtec.cat\/eoiigualada\/?page_id=9743"},"modified":"2025-07-14T13:03:57","modified_gmt":"2025-07-14T11:03:57","slug":"matricula-alumnat-curs-actual","status":"publish","type":"page","link":"https:\/\/agora-eoi.xtec.cat\/eoiigualada\/matricula\/matricula-alumnat-curs-actual\/","title":{"rendered":"Matr\u00edcula alumnat curs actual"},"content":{"rendered":"\n<p>L\u2019alumnat que hagi cursat estudis en l\u2019EOI que, o b\u00e9 no va formalitzar la matr\u00edcula al juliol o no ha estat alumnat recentment es pot matricular al setembre amb el nou alumnat posant directament l&#8217;idioma i el curs al qual es pot accedir.<\/p>\n\n\n\n<p>Tamb\u00e9 \u00e9s possible tornar a l&#8217;EOI d&#8217;Igualada i  actualitzar-ne els coneixements, podeu sol\u00b7licitar matricular-vos en l\u2019\u00faltim curs realitzat o en qualsevol dels cursos anteriors. Per a m\u00e9s informaci\u00f3 consulteu <a href=\"https:\/\/agora-eoi.xtec.cat\/eoiigualada\/matricula\/matricula-dactualitzacio\/\" data-type=\"link\" data-id=\"https:\/\/agora-eoi.xtec.cat\/eoiigualada\/matricula\/matricula-dactualitzacio\/\">aqu\u00ed: matr\u00edcula d&#8217;actualitzaci\u00f3.<\/a><\/p>\n\n\n\n<p>La preinscripci\u00f3 i matr\u00edcula del nou alumnat per al curs 2025-26<strong>&nbsp;<\/strong>ser\u00e0 en l\u00ednia de l\u2019<strong>1 al 8 de setembre (fins a les 15h)&nbsp;<\/strong>de 2025. <\/p>\n\n\n\n<p>Trobareu la informaci\u00f3 i acc\u00e9s per fer la matr\u00edcula a matr\u00edcula nou alumnat o clicant <a href=\"https:\/\/agora-eoi.xtec.cat\/eoiigualada\/matricula\/alumnes-nous\/\" data-type=\"link\" data-id=\"https:\/\/agora-eoi.xtec.cat\/eoiigualada\/matricula\/alumnes-nous\/\">aqu\u00ed<\/a>.<\/p>\n\n\n\n<p>Vegeu a continuaci\u00f3 els grups, horaris i professorat d&#8217;<strong>angl\u00e8s<\/strong>:<\/p>\n\n\n\n<div data-wp-interactive=\"core\/file\" class=\"wp-block-file\"><object data-wp-bind--hidden=\"!state.hasPdfPreview\" hidden class=\"wp-block-file__embed\" data=\"https:\/\/agora-eoi.xtec.cat\/eoiigualada\/wp-content\/uploads\/usu2962\/2025\/06\/webGrups-i-horaris-curs-25-26-angles.docx.pdf\" type=\"application\/pdf\" style=\"width:100%;height:600px\" aria-label=\"Incrustaci\u00f3 del fitxer (web)Grups i horaris curs 25-26 (angl\u00e8s).docx.\"><\/object><a id=\"wp-block-file--media-a584488a-3e32-4185-ab9b-ebea17dd772a\" href=\"https:\/\/agora-eoi.xtec.cat\/eoiigualada\/wp-content\/uploads\/usu2962\/2025\/06\/webGrups-i-horaris-curs-25-26-angles.docx.pdf\">(web)Grups i horaris curs 25-26 (angl\u00e8s).docx<\/a><a href=\"https:\/\/agora-eoi.xtec.cat\/eoiigualada\/wp-content\/uploads\/usu2962\/2025\/06\/webGrups-i-horaris-curs-25-26-angles.docx.pdf\" class=\"wp-block-file__button wp-element-button\" download aria-describedby=\"wp-block-file--media-a584488a-3e32-4185-ab9b-ebea17dd772a\">Baixa<\/a><\/div>\n\n\n\n<p>Vegeu a continuaci\u00f3 els grups, horaris i professorat d&#8217;<strong>alemany<\/strong>:<\/p>\n\n\n\n<div data-wp-interactive=\"core\/file\" class=\"wp-block-file\"><object data-wp-bind--hidden=\"!state.hasPdfPreview\" hidden class=\"wp-block-file__embed\" data=\"https:\/\/agora-eoi.xtec.cat\/eoiigualada\/wp-content\/uploads\/usu2962\/2025\/06\/webGrups-i-horaris-curs-25-26-alemany.docx.pdf\" type=\"application\/pdf\" style=\"width:100%;height:600px\" aria-label=\"Incrustaci\u00f3 del fitxer (web)Grups i horaris curs 25-26 (alemany).docx.\"><\/object><a id=\"wp-block-file--media-6648de14-ffa5-4d62-b7c2-1b50d1dfb7b1\" href=\"https:\/\/agora-eoi.xtec.cat\/eoiigualada\/wp-content\/uploads\/usu2962\/2025\/06\/webGrups-i-horaris-curs-25-26-alemany.docx.pdf\">(web)Grups i horaris curs 25-26 (alemany).docx<\/a><a href=\"https:\/\/agora-eoi.xtec.cat\/eoiigualada\/wp-content\/uploads\/usu2962\/2025\/06\/webGrups-i-horaris-curs-25-26-alemany.docx.pdf\" class=\"wp-block-file__button wp-element-button\" download aria-describedby=\"wp-block-file--media-6648de14-ffa5-4d62-b7c2-1b50d1dfb7b1\">Baixa<\/a><\/div>\n","protected":false},"excerpt":{"rendered":"<p>L\u2019alumnat que hagi cursat estudis en l\u2019EOI que, o b\u00e9 no va formalitzar la matr\u00edcula al juliol o no ha [&hellip;]<\/p>\n","protected":false},"author":1,"featured_media":0,"parent":8161,"menu_order":1,"comment_status":"closed","ping_status":"close","template":"","meta":{"site-sidebar-layout":"default","site-content-layout":"","ast-site-content-layout":"default","site-content-style":"default","site-sidebar-style":"default","ast-global-header-display":"","ast-banner-title-visibility":"","ast-main-header-display":"","ast-hfb-above-header-display":"","ast-hfb-below-header-display":"","ast-hfb-mobile-header-display":"","site-post-title":"","ast-breadcrumbs-content":"","ast-featured-img":"","footer-sml-layout":"","theme-transparent-header-meta":"","adv-header-id-meta":"","stick-header-meta":"","header-above-stick-meta":"","header-main-stick-meta":"","header-below-stick-meta":"","astra-migrate-meta-layouts":"set","ast-page-background-enabled":"default","ast-page-background-meta":{"desktop":{"background-color":"var(--ast-global-color-4)","background-image":"","background-repeat":"repeat","background-position":"center center","background-size":"auto","background-attachment":"scroll","background-type":"","background-media":"","overlay-type":"","overlay-color":"","overlay-opacity":"","overlay-gradient":""},"tablet":{"background-color":"","background-image":"","background-repeat":"repeat","background-position":"center center","background-size":"auto","background-attachment":"scroll","background-type":"","background-media":"","overlay-type":"","overlay-color":"","overlay-opacity":"","overlay-gradient":""},"mobile":{"background-color":"","background-image":"","background-repeat":"repeat","background-position":"center center","background-size":"auto","background-attachment":"scroll","background-type":"","background-media":"","overlay-type":"","overlay-color":"","overlay-opacity":"","overlay-gradient":""}},"ast-content-background-meta":{"desktop":{"background-color":"var(--ast-global-color-5)","background-image":"","background-repeat":"repeat","background-position":"center center","background-size":"auto","background-attachment":"scroll","background-type":"","background-media":"","overlay-type":"","overlay-color":"","overlay-opacity":"","overlay-gradient":""},"tablet":{"background-color":"var(--ast-global-color-5)","background-image":"","background-repeat":"repeat","background-position":"center center","background-size":"auto","background-attachment":"scroll","background-type":"","background-media":"","overlay-type":"","overlay-color":"","overlay-opacity":"","overlay-gradient":""},"mobile":{"background-color":"var(--ast-global-color-5)","background-image":"","background-repeat":"repeat","background-position":"center center","background-size":"auto","background-attachment":"scroll","background-type":"","background-media":"","overlay-type":"","overlay-color":"","overlay-opacity":"","overlay-gradient":""}},"footnotes":""},"class_list":["post-9743","page","type-page","status-publish","hentry"],"post_mailing_queue_ids":[],"_links":{"self":[{"href":"https:\/\/agora-eoi.xtec.cat\/eoiigualada\/wp-json\/wp\/v2\/pages\/9743","targetHints":{"allow":["GET"]}}],"collection":[{"href":"https:\/\/agora-eoi.xtec.cat\/eoiigualada\/wp-json\/wp\/v2\/pages"}],"about":[{"href":"https:\/\/agora-eoi.xtec.cat\/eoiigualada\/wp-json\/wp\/v2\/types\/page"}],"author":[{"embeddable":true,"href":"https:\/\/agora-eoi.xtec.cat\/eoiigualada\/wp-json\/wp\/v2\/users\/1"}],"replies":[{"embeddable":true,"href":"https:\/\/agora-eoi.xtec.cat\/eoiigualada\/wp-json\/wp\/v2\/comments?post=9743"}],"version-history":[{"count":4,"href":"https:\/\/agora-eoi.xtec.cat\/eoiigualada\/wp-json\/wp\/v2\/pages\/9743\/revisions"}],"predecessor-version":[{"id":9750,"href":"https:\/\/agora-eoi.xtec.cat\/eoiigualada\/wp-json\/wp\/v2\/pages\/9743\/revisions\/9750"}],"up":[{"embeddable":true,"href":"https:\/\/agora-eoi.xtec.cat\/eoiigualada\/wp-json\/wp\/v2\/pages\/8161"}],"wp:attachment":[{"href":"https:\/\/agora-eoi.xtec.cat\/eoiigualada\/wp-json\/wp\/v2\/media?parent=9743"}],"curies":[{"name":"wp","href":"https:\/\/api.w.org\/{rel}","templated":true}]}}