{"id":9523,"date":"2025-06-16T18:30:19","date_gmt":"2025-06-16T16:30:19","guid":{"rendered":"https:\/\/agora-eoi.xtec.cat\/eoiigualada\/?page_id=9523"},"modified":"2026-01-09T13:07:02","modified_gmt":"2026-01-09T12:07:02","slug":"documentacio-i-altres-informacions-de-centre","status":"publish","type":"page","link":"https:\/\/agora-eoi.xtec.cat\/eoiigualada\/lescola\/documentacio-i-altres-informacions-de-centre\/","title":{"rendered":"Documentaci\u00f3 i altres informacions de centre"},"content":{"rendered":"\n<p class=\"has-medium-font-size\">Consulteu la normativa i la documentaci\u00f3 del centre (cliqueu a sobre de cada t\u00edtol):<\/p>\n\n\n\n<ul class=\"wp-block-list\">\n<li class=\"has-medium-font-size\" style=\"padding-top:var(--wp--preset--spacing--30);padding-bottom:var(--wp--preset--spacing--30)\"><a href=\"https:\/\/agora-eoi.xtec.cat\/eoiigualada\/wp-content\/uploads\/usu2962\/2025\/06\/PdD-EOIIgualada-2021_2025-1.pdf\" data-type=\"attachment\" data-id=\"9528\">Projecte de Direcci\u00f3 EOI d&#8217;Igualada 2021-25<\/a><\/li>\n\n\n\n<li class=\"has-medium-font-size\" style=\"padding-top:var(--wp--preset--spacing--30);padding-bottom:var(--wp--preset--spacing--30)\"><a href=\"https:\/\/agora-eoi.xtec.cat\/eoiigualada\/wp-content\/uploads\/usu2962\/2025\/06\/Actualitzacio-del-projecte-de-direccio-2025_2029.pdf\" data-type=\"attachment\" data-id=\"9530\">Actualitzaci\u00f3 del Projecte de Direcci\u00f3 2025-29<\/a><\/li>\n\n\n\n<li class=\"has-medium-font-size\" style=\"padding-top:var(--wp--preset--spacing--30);padding-bottom:var(--wp--preset--spacing--30)\"><a href=\"https:\/\/agora-eoi.xtec.cat\/eoiigualada\/wp-content\/uploads\/usu2962\/2025\/06\/PLC-EOI-Igualada.pdf\" data-type=\"attachment\" data-id=\"9536\">Projecte Ling\u00fc\u00edstic del Centre (Annex 5 \u2013 NOFC)<\/a>&nbsp;: document aprovat en el Consell Escolar el dia 29\/06\/2022.<\/li>\n\n\n\n<li class=\"has-medium-font-size\" style=\"padding-top:var(--wp--preset--spacing--30);padding-bottom:var(--wp--preset--spacing--30)\"><a href=\"https:\/\/agora-eoi.xtec.cat\/eoiigualada\/wp-content\/uploads\/usu2962\/2025\/11\/PLA-DEMERGENCIA-DEL-CENTRE-DOCENT-25-26-EOI-DIGUALADA.pdf\" data-type=\"attachment\" data-id=\"9543\" target=\"_blank\" rel=\"noreferrer noopener\">Pla d\u2019emerg\u00e8ncia del centre<\/a><\/li>\n\n\n\n<li class=\"has-medium-font-size\" style=\"padding-top:var(--wp--preset--spacing--30);padding-bottom:var(--wp--preset--spacing--30)\"><a href=\"https:\/\/agora-eoi.xtec.cat\/eoiigualada\/wp-content\/uploads\/usu2962\/2025\/11\/Simulacre-Alumnat-25-26.pdf\" data-type=\"attachment\" data-id=\"9542\" target=\"_blank\" rel=\"noreferrer noopener\">Simulacre 2025-26 <\/a>(Instruccions per a l\u2019alumnat)<\/li>\n<\/ul>\n\n\n\n<p>&nbsp;Documents en proc\u00e9s d&#8217;actualitzaci\u00f3:<\/p>\n\n\n\n<ul class=\"wp-block-list\">\n<li class=\"has-medium-font-size\" style=\"padding-top:var(--wp--preset--spacing--20);padding-bottom:var(--wp--preset--spacing--20)\"><a href=\"https:\/\/agora-eoi.xtec.cat\/eoiigualada\/wp-content\/uploads\/usu2962\/2025\/06\/PEC-EOI-Igualada.pdf\" data-type=\"attachment\" data-id=\"9546\">Projecte Educatiu del centre <\/a>(PEC)<\/li>\n\n\n\n<li class=\"has-medium-font-size\" style=\"padding-top:var(--wp--preset--spacing--20);padding-bottom:var(--wp--preset--spacing--20)\"><a href=\"https:\/\/agora-eoi.xtec.cat\/eoiigualada\/wp-content\/uploads\/usu2962\/2026\/01\/Document-NOFC-en-revisio.pdf\" data-type=\"attachment\" data-id=\"10033\">Normes d\u2019organitzaci\u00f3 i funcionament del centre<\/a> (NOFC): en revisi\u00f3<\/li>\n\n\n\n<li class=\"has-medium-font-size\" style=\"padding-top:var(--wp--preset--spacing--20);padding-bottom:var(--wp--preset--spacing--20)\"><a href=\"https:\/\/agora-eoi.xtec.cat\/eoiigualada\/wp-content\/uploads\/usu2962\/2026\/01\/Annex-2-Reglament-consell-escolar-revisat-juny-2025.docx.pdf\" data-type=\"attachment\" data-id=\"10035\">Reglament del Consell Escolar<\/a> (Annex 2 \u2013 NOFC)<\/li>\n\n\n\n<li class=\"has-medium-font-size\" style=\"padding-top:var(--wp--preset--spacing--20);padding-bottom:var(--wp--preset--spacing--20)\"><a href=\"https:\/\/agora-eoi.xtec.cat\/eoiigualada\/wp-content\/uploads\/usu2962\/2025\/06\/MESURES-de-CONVIVENCIA-revisat-juliol-18.pdf\" data-type=\"attachment\" data-id=\"9547\">Mesures de Conviv\u00e8ncia <\/a>(Annex 3 \u2013 NOFC)<\/li>\n\n\n\n<li class=\"has-medium-font-size\" style=\"padding-top:var(--wp--preset--spacing--20);padding-bottom:var(--wp--preset--spacing--20)\"><a href=\"https:\/\/agora-eoi.xtec.cat\/eoiigualada\/wp-content\/uploads\/usu2962\/2025\/06\/Pla-daccio-tutorial-revisio-gener-2017.pdf\" data-type=\"attachment\" data-id=\"9549\">Pla d\u2019Acci\u00f3 Tutorial <\/a>(Annex 4 \u2013 NOFC)<\/li>\n<\/ul>\n\n\n\n<p><\/p>\n","protected":false},"excerpt":{"rendered":"<p>Consulteu la normativa i la documentaci\u00f3 del centre (cliqueu a sobre de cada t\u00edtol): &nbsp;Documents en proc\u00e9s d&#8217;actualitzaci\u00f3:<\/p>\n","protected":false},"author":1,"featured_media":0,"parent":9334,"menu_order":6,"comment_status":"closed","ping_status":"close","template":"","meta":{"site-sidebar-layout":"default","site-content-layout":"","ast-site-content-layout":"default","site-content-style":"default","site-sidebar-style":"default","ast-global-header-display":"","ast-banner-title-visibility":"","ast-main-header-display":"","ast-hfb-above-header-display":"","ast-hfb-below-header-display":"","ast-hfb-mobile-header-display":"","site-post-title":"","ast-breadcrumbs-content":"","ast-featured-img":"","footer-sml-layout":"","theme-transparent-header-meta":"","adv-header-id-meta":"","stick-header-meta":"","header-above-stick-meta":"","header-main-stick-meta":"","header-below-stick-meta":"","astra-migrate-meta-layouts":"set","ast-page-background-enabled":"default","ast-page-background-meta":{"desktop":{"background-color":"var(--ast-global-color-4)","background-image":"","background-repeat":"repeat","background-position":"center center","background-size":"auto","background-attachment":"scroll","background-type":"","background-media":"","overlay-type":"","overlay-color":"","overlay-opacity":"","overlay-gradient":""},"tablet":{"background-color":"","background-image":"","background-repeat":"repeat","background-position":"center center","background-size":"auto","background-attachment":"scroll","background-type":"","background-media":"","overlay-type":"","overlay-color":"","overlay-opacity":"","overlay-gradient":""},"mobile":{"background-color":"","background-image":"","background-repeat":"repeat","background-position":"center center","background-size":"auto","background-attachment":"scroll","background-type":"","background-media":"","overlay-type":"","overlay-color":"","overlay-opacity":"","overlay-gradient":""}},"ast-content-background-meta":{"desktop":{"background-color":"var(--ast-global-color-5)","background-image":"","background-repeat":"repeat","background-position":"center center","background-size":"auto","background-attachment":"scroll","background-type":"","background-media":"","overlay-type":"","overlay-color":"","overlay-opacity":"","overlay-gradient":""},"tablet":{"background-color":"var(--ast-global-color-5)","background-image":"","background-repeat":"repeat","background-position":"center center","background-size":"auto","background-attachment":"scroll","background-type":"","background-media":"","overlay-type":"","overlay-color":"","overlay-opacity":"","overlay-gradient":""},"mobile":{"background-color":"var(--ast-global-color-5)","background-image":"","background-repeat":"repeat","background-position":"center center","background-size":"auto","background-attachment":"scroll","background-type":"","background-media":"","overlay-type":"","overlay-color":"","overlay-opacity":"","overlay-gradient":""}},"footnotes":""},"class_list":["post-9523","page","type-page","status-publish","hentry"],"post_mailing_queue_ids":[],"_links":{"self":[{"href":"https:\/\/agora-eoi.xtec.cat\/eoiigualada\/wp-json\/wp\/v2\/pages\/9523","targetHints":{"allow":["GET"]}}],"collection":[{"href":"https:\/\/agora-eoi.xtec.cat\/eoiigualada\/wp-json\/wp\/v2\/pages"}],"about":[{"href":"https:\/\/agora-eoi.xtec.cat\/eoiigualada\/wp-json\/wp\/v2\/types\/page"}],"author":[{"embeddable":true,"href":"https:\/\/agora-eoi.xtec.cat\/eoiigualada\/wp-json\/wp\/v2\/users\/1"}],"replies":[{"embeddable":true,"href":"https:\/\/agora-eoi.xtec.cat\/eoiigualada\/wp-json\/wp\/v2\/comments?post=9523"}],"version-history":[{"count":6,"href":"https:\/\/agora-eoi.xtec.cat\/eoiigualada\/wp-json\/wp\/v2\/pages\/9523\/revisions"}],"predecessor-version":[{"id":10036,"href":"https:\/\/agora-eoi.xtec.cat\/eoiigualada\/wp-json\/wp\/v2\/pages\/9523\/revisions\/10036"}],"up":[{"embeddable":true,"href":"https:\/\/agora-eoi.xtec.cat\/eoiigualada\/wp-json\/wp\/v2\/pages\/9334"}],"wp:attachment":[{"href":"https:\/\/agora-eoi.xtec.cat\/eoiigualada\/wp-json\/wp\/v2\/media?parent=9523"}],"curies":[{"name":"wp","href":"https:\/\/api.w.org\/{rel}","templated":true}]}}