{"id":9427,"date":"2025-06-15T13:27:27","date_gmt":"2025-06-15T11:27:27","guid":{"rendered":"https:\/\/agora-eoi.xtec.cat\/eoiigualada\/?page_id=9427"},"modified":"2026-04-16T12:54:12","modified_gmt":"2026-04-16T10:54:12","slug":"programa-de-certificacio","status":"publish","type":"page","link":"https:\/\/agora-eoi.xtec.cat\/eoiigualada\/activitats\/programa-de-certificacio\/","title":{"rendered":"Programa de certificaci\u00f3 (curs 2025-26)"},"content":{"rendered":"\n<figure class=\"wp-block-image alignleft size-full is-resized\"><a href=\"https:\/\/agora-eoi.xtec.cat\/eoiigualada\/wp-content\/uploads\/usu2962\/2025\/06\/logo-programa-de-certificacio-2.png\"><img loading=\"lazy\" decoding=\"async\" width=\"600\" height=\"520\" src=\"https:\/\/agora-eoi.xtec.cat\/eoiigualada\/wp-content\/uploads\/usu2962\/2025\/06\/logo-programa-de-certificacio-2.png\" alt=\"\" class=\"wp-image-9428\" style=\"width:225px\" srcset=\"https:\/\/agora-eoi.xtec.cat\/eoiigualada\/wp-content\/uploads\/usu2962\/2025\/06\/logo-programa-de-certificacio-2.png 600w, https:\/\/agora-eoi.xtec.cat\/eoiigualada\/wp-content\/uploads\/usu2962\/2025\/06\/logo-programa-de-certificacio-2-300x260.png 300w\" sizes=\"auto, (max-width: 600px) 100vw, 600px\" \/><\/a><\/figure>\n\n\n\n<p>La finalitat del&nbsp;<em>Programa de certificaci\u00f3 dels coneixements de lleng\u00fces estrangeres&nbsp;<\/em>\u00e9s fomentar, amb el suport de les Escoles Oficials d\u2019Idiomes als centres educatius participants, la certificaci\u00f3 dels coneixements de llengua estrangera adquirits per l\u2019alumnat de determinats ensenyaments de forma que s\u2019afavoreixi el progr\u00e9s del rendiment acad\u00e8mic en les lleng\u00fces estrangeres i la millora de la transpar\u00e8ncia de les compet\u00e8ncies adquirides.<\/p>\n\n\n\n<p>Els objectius espec\u00edfics del programa s\u00f3n els seg\u00fcents:<\/p>\n\n\n\n<ul class=\"wp-block-list\">\n<li>Impulsar i facilitar la certificaci\u00f3 de la compet\u00e8ncia ling\u00fc\u00edstica en llengua estrangera de l\u2019alumnat de secund\u00e0ria.<\/li>\n\n\n\n<li>Estimular la motivaci\u00f3 i el rendiment de l\u2019alumnat en les mat\u00e8ries de lleng\u00fces estrangeres amb diferents accions.<\/li>\n\n\n\n<li>Afavorir la cooperaci\u00f3 entre els centres educatius de secund\u00e0ria i les escoles oficials d\u2019idiomes.<\/li>\n<\/ul>\n\n\n\n<p>Els centres s\u00f3n els encarregats d\u2019inscriure el seu alumnat per mitj\u00e0 de l\u2019aplicaci\u00f3 que posa a disposici\u00f3 el Departament d\u2019Educaci\u00f3 i FP.<\/p>\n\n\n\n<p>L&#8217;EOI d&#8217;Igualada \u00e9s l&#8217;escola de refer\u00e8ncia dels 6 instituts de l&#8217;Anoia que hi participen: <\/p>\n\n\n\n<ul class=\"wp-block-list\">\n<li> INS Pere Vives Vich, Igualada<\/li>\n\n\n\n<li>INS Joan Mercader, Igualada<\/li>\n\n\n\n<li>INS Badia i Margarit, Igualada<\/li>\n\n\n\n<li>INS Pla de les Moreres, Vilanova del Cam\u00ed<\/li>\n\n\n\n<li>INS Mol\u00ed de la Vila, Capellades<\/li>\n\n\n\n<li>INS Montbui, Santa Margarida de Montbui<\/li>\n\n\n\n<li>Col\u00b7legi Monalco<\/li>\n<\/ul>\n\n\n\n<p>Per a m\u00e9s informaci\u00f3, podeu consultar la&nbsp;<strong>RESOLUCI\u00d3<\/strong>&nbsp;clicant&nbsp;<a href=\"https:\/\/dogc.gencat.cat\/ca\/document-del-dogc\/?documentId=1030354\" data-type=\"link\" data-id=\"https:\/\/dogc.gencat.cat\/ca\/document-del-dogc\/?documentId=1030354\" target=\"_blank\" rel=\"noreferrer noopener\">AQU\u00cd<\/a><a href=\"https:\/\/dogc.gencat.cat\/ca\/document-del-dogc\/?documentId=1024942\" data-type=\"link\" data-id=\"https:\/\/dogc.gencat.cat\/ca\/document-del-dogc\/?documentId=1024942\" target=\"_blank\" rel=\"noreferrer noopener\">.<\/a><\/p>\n\n\n\n<p>Espai web per a professorat del Programa de Certificaci\u00f3  <a href=\"https:\/\/sites.google.com\/xtec.cat\/areaeoi\/p%C3%A0gina-principal?authuser=0\" data-type=\"link\" data-id=\"https:\/\/sites.google.com\/xtec.cat\/areaeoi\/p%C3%A0gina-principal?authuser=0\" target=\"_blank\" rel=\"noreferrer noopener\">AQU\u00cd.<\/a><\/p>\n\n\n\n<p>Podeu consultar els resultats de les proves clicant&nbsp;<a href=\"https:\/\/aplicacions.gestioeducativa.gencat.cat\/ords\/pls\/apex\/f?p=2011025:LOGIN:203247461514750:::::\" target=\"_blank\" rel=\"noreferrer noopener\">AQU\u00cd<\/a>.<\/p>\n\n\n\n<p><\/p>\n","protected":false},"excerpt":{"rendered":"<p>La finalitat del&nbsp;Programa de certificaci\u00f3 dels coneixements de lleng\u00fces estrangeres&nbsp;\u00e9s fomentar, amb el suport de les Escoles Oficials d\u2019Idiomes als [&hellip;]<\/p>\n","protected":false},"author":1,"featured_media":0,"parent":8214,"menu_order":3,"comment_status":"closed","ping_status":"close","template":"","meta":{"site-sidebar-layout":"default","site-content-layout":"","ast-site-content-layout":"default","site-content-style":"default","site-sidebar-style":"default","ast-global-header-display":"","ast-banner-title-visibility":"","ast-main-header-display":"","ast-hfb-above-header-display":"","ast-hfb-below-header-display":"","ast-hfb-mobile-header-display":"","site-post-title":"","ast-breadcrumbs-content":"","ast-featured-img":"","footer-sml-layout":"","theme-transparent-header-meta":"","adv-header-id-meta":"","stick-header-meta":"","header-above-stick-meta":"","header-main-stick-meta":"","header-below-stick-meta":"","astra-migrate-meta-layouts":"set","ast-page-background-enabled":"default","ast-page-background-meta":{"desktop":{"background-color":"var(--ast-global-color-4)","background-image":"","background-repeat":"repeat","background-position":"center center","background-size":"auto","background-attachment":"scroll","background-type":"","background-media":"","overlay-type":"","overlay-color":"","overlay-opacity":"","overlay-gradient":""},"tablet":{"background-color":"","background-image":"","background-repeat":"repeat","background-position":"center center","background-size":"auto","background-attachment":"scroll","background-type":"","background-media":"","overlay-type":"","overlay-color":"","overlay-opacity":"","overlay-gradient":""},"mobile":{"background-color":"","background-image":"","background-repeat":"repeat","background-position":"center center","background-size":"auto","background-attachment":"scroll","background-type":"","background-media":"","overlay-type":"","overlay-color":"","overlay-opacity":"","overlay-gradient":""}},"ast-content-background-meta":{"desktop":{"background-color":"var(--ast-global-color-5)","background-image":"","background-repeat":"repeat","background-position":"center center","background-size":"auto","background-attachment":"scroll","background-type":"","background-media":"","overlay-type":"","overlay-color":"","overlay-opacity":"","overlay-gradient":""},"tablet":{"background-color":"var(--ast-global-color-5)","background-image":"","background-repeat":"repeat","background-position":"center center","background-size":"auto","background-attachment":"scroll","background-type":"","background-media":"","overlay-type":"","overlay-color":"","overlay-opacity":"","overlay-gradient":""},"mobile":{"background-color":"var(--ast-global-color-5)","background-image":"","background-repeat":"repeat","background-position":"center center","background-size":"auto","background-attachment":"scroll","background-type":"","background-media":"","overlay-type":"","overlay-color":"","overlay-opacity":"","overlay-gradient":""}},"footnotes":""},"class_list":["post-9427","page","type-page","status-publish","hentry"],"post_mailing_queue_ids":[],"_links":{"self":[{"href":"https:\/\/agora-eoi.xtec.cat\/eoiigualada\/wp-json\/wp\/v2\/pages\/9427","targetHints":{"allow":["GET"]}}],"collection":[{"href":"https:\/\/agora-eoi.xtec.cat\/eoiigualada\/wp-json\/wp\/v2\/pages"}],"about":[{"href":"https:\/\/agora-eoi.xtec.cat\/eoiigualada\/wp-json\/wp\/v2\/types\/page"}],"author":[{"embeddable":true,"href":"https:\/\/agora-eoi.xtec.cat\/eoiigualada\/wp-json\/wp\/v2\/users\/1"}],"replies":[{"embeddable":true,"href":"https:\/\/agora-eoi.xtec.cat\/eoiigualada\/wp-json\/wp\/v2\/comments?post=9427"}],"version-history":[{"count":6,"href":"https:\/\/agora-eoi.xtec.cat\/eoiigualada\/wp-json\/wp\/v2\/pages\/9427\/revisions"}],"predecessor-version":[{"id":10188,"href":"https:\/\/agora-eoi.xtec.cat\/eoiigualada\/wp-json\/wp\/v2\/pages\/9427\/revisions\/10188"}],"up":[{"embeddable":true,"href":"https:\/\/agora-eoi.xtec.cat\/eoiigualada\/wp-json\/wp\/v2\/pages\/8214"}],"wp:attachment":[{"href":"https:\/\/agora-eoi.xtec.cat\/eoiigualada\/wp-json\/wp\/v2\/media?parent=9427"}],"curies":[{"name":"wp","href":"https:\/\/api.w.org\/{rel}","templated":true}]}}